{"id":101,"date":"2015-11-05T17:59:52","date_gmt":"2015-11-05T17:59:52","guid":{"rendered":"http:\/\/english2016-m.elderplan.org\/?page_id=101"},"modified":"2025-10-07T16:31:03","modified_gmt":"2025-10-07T20:31:03","slug":"make-an-appointment","status":"publish","type":"page","link":"https:\/\/www.elderplan.org\/es\/enroll\/make-an-appointment\/","title":{"rendered":"Programe una cita con un asesor de beneficios de Elderplan"},"content":{"rendered":"<section class=\"wpb-content-wrapper\">\n<div class=\"wp-block-columns padding-interior is-layout-flex wp-container-core-columns-is-layout-9d6595d7 wp-block-columns-is-layout-flex\">\n<div class=\"wp-block-column is-layout-flow wp-block-column-is-layout-flow\" style=\"flex-basis:66.66%\">\n<p>Nuestros planes Medicare\u00a0Advantage est\u00e1n dise\u00f1ados para ayudarlo a recibir beneficios adicionales que Original\u00a0Medicare puede no cubrir, como ciertos servicios dentales, de la vista y de la audici\u00f3n, cobertura para medicamentos con receta y m\u00e1s.<\/p>\n\n\n\n<p>Nuestros experimentados asesores de beneficios est\u00e1n aqu\u00ed para ayudarle a elegir el plan adecuado para sus necesidades. Programe una cita hoy para comenzar su viaje hacia una mejor atenci\u00f3n m\u00e9dica.<\/p>\n\n\n\n<div class=\"wpcf7 no-js\" id=\"wpcf7-f26883-o1\" lang=\"en-US\" dir=\"ltr\" data-wpcf7-id=\"26883\">\n<div class=\"screen-reader-response\"><p role=\"status\" aria-live=\"polite\" aria-atomic=\"true\"><\/p> <ul><\/ul><\/div>\n<form action=\"\/es\/wp-json\/wp\/v2\/pages\/101#wpcf7-f26883-o1\" method=\"post\" class=\"wpcf7-form init cf7mls-no-scroll cf7mls-no-moving-animation wpcf7-acceptance-as-validation\" aria-label=\"Contact form\" novalidate=\"novalidate\" data-status=\"init\">\n<fieldset class=\"hidden-fields-container\"><input type=\"hidden\" name=\"_wpcf7\" value=\"26883\"><input type=\"hidden\" name=\"_wpcf7_version\" value=\"6.1.4\"><input type=\"hidden\" name=\"_wpcf7_locale\" value=\"en_US\"><input type=\"hidden\" name=\"_wpcf7_unit_tag\" value=\"wpcf7-f26883-o1\"><input type=\"hidden\" name=\"_wpcf7_container_post\" value=\"0\"><input type=\"hidden\" name=\"_wpcf7_posted_data_hash\" value=\"\"><input type=\"hidden\" name=\"_wpcf7cf_hidden_group_fields\" value=\"[]\"><input type=\"hidden\" name=\"_wpcf7cf_hidden_groups\" value=\"[]\"><input type=\"hidden\" name=\"_wpcf7cf_visible_groups\" value=\"[]\"><input type=\"hidden\" name=\"_wpcf7cf_repeaters\" value=\"[]\"><input type=\"hidden\" name=\"_wpcf7cf_steps\" value=\"{}\"><input type=\"hidden\" name=\"_wpcf7cf_options\" value='{\"form_id\":26883,\"conditions\":[{\"then_field\":\"group-three\",\"and_rules\":[{\"if_field\":\"date-101\",\"operator\":\"not empty\",\"if_value\":\"\"}]},{\"then_field\":\"group-four\",\"and_rules\":[{\"if_field\":\"appointment-time\",\"operator\":\"not empty\",\"if_value\":\"\"}]}],\"settings\":{\"animation\":\"yes\",\"animation_intime\":200,\"animation_outtime\":200,\"conditions_ui\":\"normal\",\"notice_dismissed\":false,\"notice_dismissed_update-cf7-5.9.8\":true,\"notice_dismissed_update-cf7-6.0\":true,\"notice_dismissed_update-cf7-6.0.1\":true,\"notice_dismissed_update-cf7-6.0.2\":true,\"notice_dismissed_update-cf7-6.0.3\":true,\"notice_dismissed_update-cf7-6.0.6\":true,\"notice_dismissed_update-cf7-6.1.1\":true,\"notice_dismissed_update-cf7-6.1.4\":true,\"notice_dismissed_update-cf7-6.1.5\":true}}'><input type=\"hidden\" name=\"_wpcf7dtx_version\" value=\"5.0.5\"><input type=\"hidden\" name=\"_wpcf7_recaptcha_response\" value=\"\">\n<\/fieldset>\n<div class=\"cf7-landing-page-form\">\n\t<div class=\"screen-reader-response\">\n\t\t<div role=\"status\" aria-live=\"polite\">\n\t\t<\/div>\n\t<\/div>\n\t<div class=\"headline  headline-transform\">\n\t\t<p><strong>Para comenzar,<\/strong> confirme su elegibilidad programando una cita con un asesor de beneficios.\n\t\t<\/p>\n\t<\/div>\n\t<div class=\"landing-page-form__step open\">\n\t\t<div class=\"step-header\">\n\t\t\t<p><span>1<\/span>\n\t\t\t<\/p>\n\t\t\t<p><strong>Seleccione el m\u00e9todo<\/strong> mediante el cual le gustar\u00eda hablar:\n\t\t\t<\/p>\n\t\t<\/div>\n <!-- Telephone, Video Call, and In-Person select options -->\n\t\t<div class=\"appointment-type\">\n\t\t\t<p><span class=\"wpcf7-form-control-wrap\" data-name=\"AppointmentType\"><span class=\"wpcf7-form-control wpcf7-radio appointment-type\"><span class=\"wpcf7-list-item first\"><label><input type=\"radio\" name=\"AppointmentType\" value=\"Tel\u00e9fono\" checked><span class=\"wpcf7-list-item-label\">Tel\u00e9fono<\/span><\/label><\/span><span class=\"wpcf7-list-item\"><label><input type=\"radio\" name=\"AppointmentType\" value=\"Videollamada\"><span class=\"wpcf7-list-item-label\">Videollamada<\/span><\/label><\/span><span class=\"wpcf7-list-item last\"><label><input type=\"radio\" name=\"AppointmentType\" value=\"Personalmente\"><span class=\"wpcf7-list-item-label\">Personalmente<\/span><\/label><\/span><\/span><\/span>\n\t\t\t<\/p>\n\t\t<\/div>\n\t\t<div class=\"language-select custom-dropdown\">\n\t\t\t<p>Nuestros asesores de beneficios hablar\u00e1n con usted acerca de sus necesidades y le recomendar\u00e1n el plan de salud que sea m\u00e1s adecuado para usted.\n\t\t\t<\/p>\n\t\t\t<p><span class=\"wpcf7-form-control-wrap\" data-name=\"preferred-language\"><select class=\"wpcf7-form-control wpcf7-select wpcf7-validates-as-required custom-dropdown__base hidden\" aria-required=\"true\" aria-invalid=\"false\" name=\"preferred-language\"><option value=\"\">\u2014Please choose an option\u2014<\/option><option value=\"English\">English<\/option><option value=\"Spanish\">Spanish<\/option><option value=\"\u4e2d\u6587\">\u4e2d\u6587<\/option><\/select><\/span>\n\t\t\t<\/p>\n\t\t\t<div class=\"custom-dropdown__select\" tabindex=\"0\">\n\t\t\t\t<div class=\"selected-option\">\n\t\t\t\t\t<p>Seleccione su idioma de habla preferido\n\t\t\t\t\t<\/p>\n\t\t\t\t<\/div>\n\t\t\t\t<div class=\"options-list\">\n\t\t\t\t\t<div class=\"option\" data-value=\"English\" tabindex=\"0\">\n\t\t\t\t\t\t<p>English\n\t\t\t\t\t\t<\/p>\n\t\t\t\t\t<\/div>\n\t\t\t\t\t<div class=\"option\" data-value=\"Spanish\" tabindex=\"0\">\n\t\t\t\t\t\t<p>Espa\u00f1ol\n\t\t\t\t\t\t<\/p>\n\t\t\t\t\t<\/div>\n\t\t\t\t\t<div class=\"option\" data-value=\"\u4e2d\u6587\" tabindex=\"0\">\n\t\t\t\t\t\t<p>\u4e2d\u6587\n\t\t\t\t\t\t<\/p>\n\t\t\t\t\t<\/div>\n\t\t\t\t<\/div>\n\t\t\t\t<p><i class=\"fa-solid fa-caret-down\"><\/i>\n\t\t\t\t<\/p>\n\t\t\t<\/div>\n\t\t<\/div>\n\t<\/div>\n\n<!-- STEP&#8239;1&#8239;&frac12; &ndash; Only appears for non&#8209;English languages -->\n\t<div id=\"english-question-step\" class=\"landing-page-form__step\" style=\"display:none;\">\n\t\t<div class=\"step-header\">\n\t\t\t<p><span>1b<\/span>\n\t\t\t<\/p>\n\t\t\t<p><strong>\u00bfHabla ingl\u00e9s?<\/strong>\n\t\t\t<\/p>\n\t\t<\/div>\n\t\t<p><span class=\"wpcf7-form-control-wrap\" data-name=\"speak_english_radio\"><span class=\"wpcf7-form-control wpcf7-radio\" id=\"speak_english_radio\"><span class=\"wpcf7-list-item first\"><label><input type=\"radio\" name=\"speak_english_radio\" value=\"SI\"><span class=\"wpcf7-list-item-label\">SI<\/span><\/label><\/span><span class=\"wpcf7-list-item last\"><label><input type=\"radio\" name=\"speak_english_radio\" value=\"No\"><span class=\"wpcf7-list-item-label\">No<\/span><\/label><\/span><\/span><\/span>\n\t\t<\/p>\n\n <!-- Single authoritative value that is *always* submitted -->\n\t<input class=\"wpcf7-form-control wpcf7-hidden\" id=\"speak_english\" value=\"\" type=\"hidden\" name=\"speak_english\">\n\t<\/div>\n\t<div class=\"landing-page-form__step\" style=\"display:none;\"><!-- STEP&#8239;2 -->\n\t\t<div class=\"step-header\">\n\t\t\t<p><span>2<\/span>\n\t\t\t<\/p>\n\t\t\t<p><strong>Seleccione una fecha<\/strong> para hablar con nuestro asesor de beneficios:\n\t\t\t<\/p>\n\t\t<\/div>\n\t\t<p><span class=\"wpcf7-form-control-wrap\" data-name=\"date-101\"><input class=\"wpcf7-form-control wpcf7-date wpcf7-validates-as-required wpcf7-validates-as-date inline-calendar\" aria-required=\"true\" aria-invalid=\"false\" value=\"\" type=\"date\" name=\"date-101\"><\/span>\n\t\t<\/p>\n\t<\/div>\n\t<div data-id=\"group-three\" data-orig_data_id=\"group-three\" class=\"landing-page-form__step\" data-class=\"wpcf7cf_group\">\n\t\t<div class=\"step-header\">\n\t\t\t<p><span>3<\/span>\n\t\t\t<\/p>\n\t\t\t<p><strong>Ahora, seleccione un horario.<\/strong>\n\t\t\t<\/p>\n\t\t<\/div>\n\t\t<div class=\"times\">\n\t\t\t<p><span class=\"wpcf7-form-control-wrap\" data-name=\"appointment-time\"><span class=\"wpcf7-form-control wpcf7-radio\"><span class=\"wpcf7-list-item first\"><label><input type=\"radio\" name=\"appointment-time\" value=\"9:00 AM - 10:00 AM\"><span class=\"wpcf7-list-item-label\">9:00 AM - 10:00 AM<\/span><\/label><\/span><span class=\"wpcf7-list-item\"><label><input type=\"radio\" name=\"appointment-time\" value=\"10:00 AM - 11:00 AM\"><span class=\"wpcf7-list-item-label\">10:00 AM - 11:00 AM<\/span><\/label><\/span><span class=\"wpcf7-list-item\"><label><input type=\"radio\" name=\"appointment-time\" value=\"11:00 AM - 12:00 PM\"><span class=\"wpcf7-list-item-label\">11:00 AM - 12:00 PM<\/span><\/label><\/span><span class=\"wpcf7-list-item\"><label><input type=\"radio\" name=\"appointment-time\" value=\"12:00 PM - 1:00 PM\"><span class=\"wpcf7-list-item-label\">12:00 PM - 1:00 PM<\/span><\/label><\/span><span class=\"wpcf7-list-item\"><label><input type=\"radio\" name=\"appointment-time\" value=\"1:00 PM - 2:00 PM\"><span class=\"wpcf7-list-item-label\">1:00 PM - 2:00 PM<\/span><\/label><\/span><span class=\"wpcf7-list-item\"><label><input type=\"radio\" name=\"appointment-time\" value=\"2:00 PM - 3:00 PM\"><span class=\"wpcf7-list-item-label\">2:00 PM - 3:00 PM<\/span><\/label><\/span><span class=\"wpcf7-list-item\"><label><input type=\"radio\" name=\"appointment-time\" value=\"3:00 PM - 4:00 PM\"><span class=\"wpcf7-list-item-label\">3:00 PM - 4:00 PM<\/span><\/label><\/span><span class=\"wpcf7-list-item last\"><label><input type=\"radio\" name=\"appointment-time\" value=\"4:00 PM - 5:00 PM\"><span class=\"wpcf7-list-item-label\">4:00 PM - 5:00 PM<\/span><\/label><\/span><\/span><\/span>\n\t\t\t<\/p>\n\t\t<\/div>\n\t<\/div>\n\t<div data-id=\"group-four\" data-orig_data_id=\"group-four\" class=\"landing-page-form__step\" data-class=\"wpcf7cf_group\">\n\t\t<div class=\"step-header\">\n\t\t\t<p><span>4<\/span>\n\t\t\t<\/p>\n\t\t\t<p><strong>Por \u00faltimo, proporcione su informaci\u00f3n de contacto<\/strong>\n\t\t\t<\/p>\n\t\t<\/div>\n\t\t<div class=\"personal-details\">\n\t\t\t<p><label for=\"first-name\">Nombre<\/label><span class=\"wpcf7-form-control-wrap\" data-name=\"first-name\"><input size=\"40\" maxlength=\"400\" class=\"wpcf7-form-control wpcf7-text wpcf7-validates-as-required\" autocomplete=\"off\" aria-required=\"true\" aria-invalid=\"false\" value=\"\" type=\"text\" name=\"first-name\"><\/span><br>\n<label for=\"last-name\">Apellido<\/label><span class=\"wpcf7-form-control-wrap\" data-name=\"last-name\"><input size=\"40\" maxlength=\"400\" class=\"wpcf7-form-control wpcf7-text wpcf7-validates-as-required\" autocomplete=\"off\" aria-required=\"true\" aria-invalid=\"false\" value=\"\" type=\"text\" name=\"last-name\"><\/span><br>\n<label for=\"email\">Correo electr\u00f3nico<\/label><span class=\"wpcf7-form-control-wrap\" data-name=\"email-address\"><input size=\"40\" maxlength=\"400\" class=\"wpcf7-form-control wpcf7-email wpcf7-text wpcf7-validates-as-email\" autocomplete=\"off\" aria-invalid=\"false\" value=\"\" type=\"email\" name=\"email-address\"><\/span><br>\n<label for=\"phone\">N\u00famero de tel\u00e9fono<\/label><span class=\"wpcf7-form-control-wrap\" data-name=\"phone-number\"><input size=\"40\" maxlength=\"400\" class=\"wpcf7-form-control wpcf7-tel wpcf7-validates-as-required wpcf7-text wpcf7-validates-as-tel\" autocomplete=\"off\" aria-required=\"true\" aria-invalid=\"false\" value=\"\" type=\"tel\" name=\"phone-number\"><\/span>\n\t\t\t<\/p>\n\t\t\t<p class=\"small-cf7 input-help\">Este es un n\u00famero de 10 d\u00edgitos\n\t\t\t<\/p>\n\t\t\t<p><label for=\"address-1\">Direcci\u00f3n<\/label><span class=\"wpcf7-form-control-wrap\" data-name=\"address-1\"><input size=\"40\" maxlength=\"400\" class=\"wpcf7-form-control wpcf7-text wpcf7-validates-as-required\" autocomplete=\"off\" aria-required=\"true\" aria-invalid=\"false\" value=\"\" type=\"text\" name=\"address-1\"><\/span><br>\n<label for=\"address-2\">Direcci\u00f3n, segundo rengl\u00f3n (opcional)<\/label><span class=\"wpcf7-form-control-wrap\" data-name=\"address-2\"><input size=\"40\" maxlength=\"400\" class=\"wpcf7-form-control wpcf7-text\" autocomplete=\"off\" aria-invalid=\"false\" value=\"\" type=\"text\" name=\"address-2\"><\/span><br>\n<label for=\"city\">Ciudad<\/label><span class=\"wpcf7-form-control-wrap\" data-name=\"city\"><input size=\"40\" maxlength=\"400\" class=\"wpcf7-form-control wpcf7-text wpcf7-validates-as-required\" autocomplete=\"off\" aria-required=\"true\" aria-invalid=\"false\" value=\"\" type=\"text\" name=\"city\"><\/span><br>\n<label for=\"state\">Estado<\/label><span class=\"wpcf7-form-control-wrap\" data-name=\"state\"><select class=\"wpcf7-form-control wpcf7-select\" aria-invalid=\"false\" name=\"state\"><option value=\"New York\">New York<\/option><\/select><\/span><br>\n<label for=\"zip\">C\u00f3digo postal<\/label><span class=\"wpcf7-form-control-wrap\" data-name=\"zip\"><input size=\"40\" maxlength=\"400\" class=\"wpcf7-form-control wpcf7-text wpcf7-validates-as-required\" autocomplete=\"off\" aria-required=\"true\" aria-invalid=\"false\" value=\"\" type=\"text\" name=\"zip\"><\/span><br>\n\t\t\t<input class=\"wpcf7-form-control wpcf7-hidden\" value=\"\" type=\"hidden\" name=\"tid\"><br>\n\t\t\t<input class=\"wpcf7-form-control wpcf7-hidden\" value=\"\" type=\"hidden\" name=\"gclid\"><br>\n\t\t\t<input class=\"wpcf7-form-control wpcf7-hidden\" value=\"\" type=\"hidden\" name=\"page_url\">\n\t\t\t<\/p>\n\t\t<\/div>\n\t\t<div class=\"term-checkbox\">\n\t\t\t<p><span class=\"wpcf7-form-control-wrap\" data-name=\"disclaimer\"><span class=\"wpcf7-form-control wpcf7-acceptance\"><span class=\"wpcf7-list-item\"><label><input type=\"checkbox\" name=\"disclaimer\" value=\"1\" aria-invalid=\"false\"><span class=\"wpcf7-list-item-label\">Al marcar esta casilla, le brindo a Elderplan permiso para comunicarse conmigo.<\/span><\/label><\/span><\/span><\/span>\n\t\t\t<\/p>\n\t\t<\/div>\n\n <!-- Submit Button -->\n\t\t<p><input class=\"wpcf7-form-control wpcf7-submit has-spinner\" type=\"submit\" value=\"Programar mi cita\">\n\t\t<\/p>\n\t<\/div>\n<\/div><input type=\"hidden\" class=\"wpcf7-pum\" value='{\"closepopup\":false,\"closedelay\":0,\"openpopup\":false,\"openpopup_id\":0}'><div class=\"wpcf7-response-output\" aria-hidden=\"true\"><\/div>\n<\/form>\n<\/div>\n\n<\/div>\n\n\n\n<div class=\"wp-block-column is-layout-flow wp-block-column-is-layout-flow\" style=\"flex-basis:33.33%\">\n<figure class=\"wp-block-image size-large\"><img loading=\"lazy\" decoding=\"async\" width=\"640\" height=\"640\" src=\"https:\/\/elderplan.imgix.net\/MakeAnAppt-2022.jpg?fm=pjpg\" alt=\"Elderplan employee\" class=\"wp-image-16647\" srcset=\"https:\/\/elderplan.imgix.net\/MakeAnAppt-2022.jpg?fm=pjpg 640w, https:\/\/elderplan.imgix.net\/MakeAnAppt-2022.jpg?fit=scale&amp;fm=pjpg&amp;h=960&amp;w=960 960w, https:\/\/elderplan.imgix.net\/MakeAnAppt-2022.jpg?fit=scale&amp;fm=pjpg&amp;h=1280&amp;w=1280 1280w, https:\/\/elderplan.imgix.net\/MakeAnAppt-2022.jpg?fit=scale&amp;fm=pjpg&amp;h=1536&amp;w=1536 1536w, https:\/\/elderplan.imgix.net\/MakeAnAppt-2022.jpg?fit=scale&amp;fm=pjpg&amp;h=2048&amp;w=2048 2048w\" sizes=\"auto, (max-width: 640px) 100vw, 640px\"><\/figure>\n\n\n\n<p class=\"has-text-align-center\">\u00bfTiene preguntas? Llame a Elderplan hoy mismo.<\/p>\n\n\n\n<h4 class=\"wp-block-heading has-text-align-center\" id=\"h-1-866-360-1934\"><a href=\"tel:1-866-360-1934\">1-866-360-1934<\/a><\/h4>\n\n\n\n<hr class=\"wp-block-separator has-alpha-channel-opacity hr vc_separator\">\n\n\n\n<h4 class=\"wp-block-heading has-text-align-center\" id=\"h-tty-711\"><a href=\"tel:711\">[TTY: 711]<\/a><\/h4>\n\n\n\n<p class=\"has-text-align-center\"><strong>Horario de atenci\u00f3n:<\/strong><br>De 8:00 a.m. a 8:00 p.m., los 7 d\u00edas de la semana<\/p>\n\n\n\n<div style=\"height:10px\" aria-hidden=\"true\" class=\"wp-block-spacer\"><\/div>\n\n\n\n<h5 class=\"wp-block-heading has-text-align-center\" id=\"h-elderplan-esta-disponible-en-los-condados-de-bronx-dutchess-kings-monroe-nassau-new-york-orange-putnam-queens-richmond-rockland-suffolk-westchester-ontario-orleans-seneca-yates-y-livingston\">Elderplan est\u00e1 disponible en los condados de Bronx, Dutchess, Kings, Monroe, Nassau, New York, Orange, Putnam, Queens, Richmond, Rockland, Suffolk, Westchester, Ontario, Orleans, Seneca, Yates y Livingston.<\/h5>\n<\/div>\n<\/div>\n\n\n\n<div class=\"wp-block-columns vc_row wpb_row vc_row-fluid lfi-full-row vc_custom_1660068779200 vc_row-has-fill is-layout-flex wp-container-core-columns-is-layout-9d6595d7 wp-block-columns-is-layout-flex\">\n<div class=\"wp-block-column is-layout-flow wp-block-column-is-layout-flow\">\n<h2 class=\"wp-block-heading has-text-align-center\" id=\"h-buscando-information\">\u00bfBuscando informati\u00f3n\uff1f<\/h2>\n\n\n\n<div class=\"wp-block-buttons is-content-justification-center is-nowrap is-layout-flex wp-container-core-buttons-is-layout-1fb9aab6 wp-block-buttons-is-layout-flex\">\n<div class=\"wp-block-button has-custom-width wp-block-button__width-25 is-style-outline is-style-outline--2\"><a class=\"wp-block-button__link wp-element-button\" href=\"https:\/\/elderplan.providerlenz.com\/home\">Encuentre un proveedor<\/a><\/div>\n\n\n\n<div class=\"wp-block-button has-custom-width wp-block-button__width-25 is-style-outline is-style-outline--3\"><a class=\"wp-block-button__link wp-element-button\" href=\"https:\/\/www.medicareplanrx.com\/jccf\/elderplan_medd_es_pharmacy_26.html\">Encuentre una farmacia<\/a><\/div>\n\n\n\n<div class=\"wp-block-button has-custom-width wp-block-button__width-25 is-style-outline is-style-outline--4\"><a class=\"wp-block-button__link wp-element-button\" href=\"https:\/\/www.yourdentalplan.com\/dentistsearch39\" target=\"_blank\" rel=\"noreferrer noopener\">Encuentre un dentista<\/a><\/div>\n<\/div>\n\n\n\n<div class=\"wp-block-buttons is-content-justification-center is-nowrap is-layout-flex wp-container-core-buttons-is-layout-1fb9aab6 wp-block-buttons-is-layout-flex\">\n<div class=\"wp-block-button has-custom-width wp-block-button__width-25 is-style-outline is-style-outline--5\"><a class=\"wp-block-button__link wp-element-button\" href=\"\/es\/member-benefits\/elderplan-benefits\/prescription-drugs\/\">Encuentre un medicamento<\/a><\/div>\n\n\n\n<div class=\"wp-block-button has-custom-width wp-block-button__width-25 is-style-outline is-style-outline--6\"><a class=\"wp-block-button__link wp-element-button\" href=\"\/es\/medicare-advantage-plan-options\/plan-materials\/find-a-form\/\">Encuentre un formulario<\/a><\/div>\n\n\n\n<div class=\"wp-block-button has-custom-width wp-block-button__width-25 is-style-outline is-style-outline--7\"><a class=\"wp-block-button__link wp-element-button\" href=\"\/files\/elderplan-broad-vaccine-network-vaccine-pharmacy-directory_updated_06012022_spa_accessible\/\">Lista de farmacias con vacunas contra la gripe<\/a><\/div>\n<\/div>\n<\/div>\n<\/div>\n<\/section>","protected":false},"excerpt":{"rendered":"<p>Nuestros planes Medicare&nbsp;Advantage est\u00e1n dise\u00f1ados para ayudarlo a recibir beneficios adicionales que Original&nbsp;Medicare puede no cubrir, como ciertos servicios dentales, de la vista y de la audici\u00f3n, cobertura para medicamentos [&hellip;]<\/p>\n","protected":false},"author":1,"featured_media":0,"parent":99,"menu_order":0,"comment_status":"closed","ping_status":"closed","template":"","meta":{"_acf_changed":false,"footnotes":""},"class_list":["post-101","page","type-page","status-publish","hentry"],"translation":{"provider":"WPGlobus","version":"3.0.2","language":"es","enabled_languages":["en","es","zh"],"languages":{"en":{"title":true,"content":true,"excerpt":false},"es":{"title":true,"content":true,"excerpt":false},"zh":{"title":true,"content":true,"excerpt":false}}},"acf":[],"jetpack_sharing_enabled":true,"publishpress_future_action":{"enabled":false,"date":"2026-04-11 18:42:46","action":"change-status","newStatus":"draft","terms":[],"taxonomy":"category","extraData":[]},"publishpress_future_workflow_manual_trigger":{"enabledWorkflows":[]},"_links":{"self":[{"href":"https:\/\/www.elderplan.org\/es\/wp-json\/wp\/v2\/pages\/101","targetHints":{"allow":["GET"]}}],"collection":[{"href":"https:\/\/www.elderplan.org\/es\/wp-json\/wp\/v2\/pages"}],"about":[{"href":"https:\/\/www.elderplan.org\/es\/wp-json\/wp\/v2\/types\/page"}],"author":[{"embeddable":true,"href":"https:\/\/www.elderplan.org\/es\/wp-json\/wp\/v2\/users\/1"}],"replies":[{"embeddable":true,"href":"https:\/\/www.elderplan.org\/es\/wp-json\/wp\/v2\/comments?post=101"}],"version-history":[{"count":0,"href":"https:\/\/www.elderplan.org\/es\/wp-json\/wp\/v2\/pages\/101\/revisions"}],"up":[{"embeddable":true,"href":"https:\/\/www.elderplan.org\/es\/wp-json\/wp\/v2\/pages\/99"}],"wp:attachment":[{"href":"https:\/\/www.elderplan.org\/es\/wp-json\/wp\/v2\/media?parent=101"}],"curies":[{"name":"wp","href":"https:\/\/api.w.org\/{rel}","templated":true}]}}