{"id":10253,"date":"2020-04-17T17:51:22","date_gmt":"2020-04-17T17:51:22","guid":{"rendered":"https:\/\/elderplan.wpengine.com\/?page_id=10253"},"modified":"2026-03-23T10:25:11","modified_gmt":"2026-03-23T14:25:11","slug":"stay-entertained","status":"publish","type":"page","link":"https:\/\/www.elderplan.org\/es\/health-and-wellness\/stay-entertained\/","title":{"rendered":"Permanezca en su casa. Mant\u00e9ngase relajado. Mant\u00e9ngase entretenido."},"content":{"rendered":"\n<div class=\"wp-block-columns is-layout-flex wp-container-core-columns-is-layout-9d6595d7 wp-block-columns-is-layout-flex\">\n<div class=\"wp-block-column padding-interior is-layout-flow wp-block-column-is-layout-flow\">\n<p>Como neoyorquinos, sabemos lo importante que es tomarnos un tiempo para descansar, recargar energ\u00edas y cuidarnos, especialmente cuando pasamos m\u00e1s tiempo en casa. Ya sea que quiera relajarse, mantenerse activo o simplemente disfrutar de una actividad agradable para pasar el tiempo, contar con las actividades adecuadas puede marcar una gran diferencia.<\/p>\n\n\n\n<p>Por eso, Elderplan\/HomeFirst ha reunido una variedad de recursos para ayudarle a mantenerse entretenido, a la vez que apoya su bienestar f\u00edsico y emocional en casa. Desde experiencias virtuales, como recorridos por zool\u00f3gicos, hasta actividades de bienestar y opciones creativas, aqu\u00ed hay algo para todos.<\/p>\n\n\n\n<p>\u00a1Esperamos que encuentre algo que disfrute!<\/p>\n\n\n\n<div style=\"height:25px\" aria-hidden=\"true\" class=\"wp-block-spacer\"><\/div>\n\n\n<div >\n        <div class=\" plethoraplugins-tabs-container plethoraplugins-tabs-container--horizontal plethoraplugins-theme__minimal plethoraplugins-theme__tabby \" \n\t\t\tdata-pds-tabs--layout=\"horizontal\"  \n\t\t\tdata-pds-tabs--theme=\"tabby\"  \n\t\t\tdata-pds-tabs--mobile-breakpoint-forced=\"\"\n\t\t\t data-pds-tabs--responsive=\"accordion\" \n\t\t\t\t\t data-pds-tabs--responsive-accordion-collapsed-initially=\"false\" data-pds-tabs--accordion-icon-type=\"\" data-pds-tabs--accordion-icon=\"true\"  data-pds-tabs--accordion-icon-size=\"\"  data-pds-tabs--accordion-heading-level=\"h3\" data-pds-tabs--accordion-auto-close=\"true\" >\n            <div class=\"plethoraplugins-tabs\"  >\n              <ul><li>\n                        <a \n                                href=\"#entretenimiento\"\n                                class=\" active\" \n                            >\n                            <span>Entretenimiento<\/span>\n                        <\/a>\n                    <\/li><li>\n                        <a \n                                href=\"#las_artes\"\n                                class=\"\" \n                            >\n                            <span>Las artes<\/span>\n                        <\/a>\n                    <\/li><li>\n                        <a \n                                href=\"#zoolgicos_y_acuarios\"\n                                class=\"\" \n                            >\n                            <span>Zool\u00f3gicos y acuarios<\/span>\n                        <\/a>\n                    <\/li><li>\n                        <a \n                                href=\"#acondicionamiento_fsico\"\n                                class=\"\" \n                            >\n                            <span>Acondicionamiento f\u00edsico<\/span>\n                        <\/a>\n                    <\/li><li>\n                        <a \n                                href=\"#educacin\"\n                                class=\"\" \n                            >\n                            <span>Educaci\u00f3n<\/span>\n                        <\/a>\n                    <\/li><li>\n                        <a \n                                href=\"#bienestar_emocional\"\n                                class=\"\" \n                            >\n                            <span>Bienestar emocional<\/span>\n                        <\/a>\n                    <\/li><\/ul>\n            <\/div>\n            <div class=\"plethoraplugins-tabs--content\" >\n                \n<div class=\"\"  data-pds-tabs--accordion-initially-open=\"false\" >\n\n<div class=\"wp-block-columns is-layout-flex wp-container-core-columns-is-layout-9d6595d7 wp-block-columns-is-layout-flex\">\n<div class=\"wp-block-column is-layout-flow wp-block-column-is-layout-flow\" style=\"flex-basis:50%\">\n<p><strong>Broadway directo<\/strong><br><a href=\"https:\/\/broadwaydirect.com\/broadway-online-a-roundup-of-stars-sharing-their-talents-from-home\/\" rel=\"noreferrer noopener\" target=\"_blank\">\u00a1Las estrellas de Broadway comparten su arte con el mundo en l\u00ednea desde sus respectivos hogares para que t\u00fa puedas disfrutar desde el tuyo!<\/a><\/p>\n\n\n\n<p><strong>\u00d3pera Real<\/strong><br><a href=\"https:\/\/www.youtube.com\/user\/royaloperahouse\" rel=\"noreferrer noopener\" target=\"_blank\">Como parte de la serie #OurHouseToYourHouse, podr\u00e1s disfrutar de espect\u00e1culos de ballet y \u00f3pera.<\/a><\/p>\n\n\n\n<p><strong>Teatro Nacional<\/strong><br><a href=\"https:\/\/www.youtube.com\/user\/ntdiscovertheatre\" rel=\"noreferrer noopener\" target=\"_blank\">Disfrute de teatro de primer nivel en casa, incluida la divertida comedia de Shakespeare Noche de Reyes.<\/a><\/p>\n\n\n\n<p><strong>Festival de distanciamiento social<\/strong><br><a href=\"https:\/\/www.socialdistancingfestival.com\/\" rel=\"noreferrer noopener\" target=\"_blank\">\u00a1Divi\u00e9rtete mientras est\u00e1s en casa viendo presentaciones en vivo, exhibiciones de arte y m\u00e1s!<\/a><\/p>\n\n\n\n<p><strong>NASA<\/strong><br><a href=\"https:\/\/www.nasa.gov\/coronavirus\" rel=\"noreferrer noopener\" target=\"_blank\">Descubra la respuesta de la NASA al coronavirus.<\/a><\/p>\n\n\n\n<p><strong>NASA, Centro de Investigaci\u00f3n Glenn<\/strong><br><a href=\"https:\/\/www.nasa.gov\/glennvirtualtours\" rel=\"noreferrer noopener\" target=\"_blank\">Obtenga un recorrido virtual por el Centro de Investigaci\u00f3n Glenn de la NASA.<\/a><\/p>\n\n\n\n<p><strong>El mundo de Walt Disney<\/strong><br><a href=\"https:\/\/disneyparks.disney.go.com\/blog\/2018\/03\/disney-parks-launches-first-ever-360-degree-panoramas-on-google-street-view\/\" rel=\"noreferrer noopener\" target=\"_blank\">Puedes explorar los parques de Disney como nunca antes, \u00a1directamente desde tu casa!<\/a><\/p>\n\n\n\n<p><strong>Centro Kennedy<\/strong><br><a href=\"https:\/\/www.youtube.com\/watch?v=RmzjCPQv3y8\" rel=\"noreferrer noopener\" target=\"_blank\">Expr\u00e9sate uni\u00e9ndote a la residencia de artistas educativos del Kennedy Center. \u00a1\u00danase a nosotros para ALMUERZO DOODLES con Mo Willems!<\/a><\/p>\n<\/div>\n\n\n\n<div class=\"wp-block-column is-layout-flow wp-block-column-is-layout-flow\" style=\"flex-basis:50%\">\n<p><strong>\u00d3pera Metropolitana<\/strong><br><a href=\"https:\/\/www.metopera.org\/\" rel=\"noreferrer noopener\" target=\"_blank\">Vea las transmisiones nocturnas de \u00f3pera que ofrece Metropolitan Opera.<\/a><\/p>\n\n\n\n<p><strong>Andrew Lloyd Webber<\/strong><br><a href=\"https:\/\/www.youtube.com\/channel\/UCdmPjhKMaXNNeCr1FjuMvag\" rel=\"noreferrer noopener\" target=\"_blank\">The Shows Must Go On te ofrece melod\u00edas, acceso detr\u00e1s del escenario y presentaciones completas de algunos de los musicales m\u00e1s queridos de la historia.<\/a><\/p>\n\n\n\n<p><strong>mayores<\/strong><br><a href=\"https:\/\/live.seniorly.com\/curtainup\/\" rel=\"noreferrer noopener\" target=\"_blank\">Cortinas levantadas. Si\u00e9ntese y disfrute de una actuaci\u00f3n en vivo todos los d\u00edas de la semana a la 1:00 p.m.<\/a><\/p>\n\n\n\n<p><strong>Biblioteca p\u00fablica de Nueva York<\/strong><br><a href=\"https:\/\/www.nypl.org\/books-music-movies\/ebookcentral\" rel=\"noreferrer noopener\" target=\"_blank\">Explore m\u00e1s de 300.000 libros electr\u00f3nicos y audiolibros disponibles de forma gratuita.<\/a><\/p>\n\n\n\n<p><strong>NASA, Centro de Investigaci\u00f3n Langley<\/strong><br><a href=\"https:\/\/oh.larc.nasa.gov\/oh\/\" rel=\"noreferrer noopener\" target=\"_blank\">Obtenga un recorrido virtual por el Centro de Investigaci\u00f3n Langley de la NASA.<\/a><\/p>\n\n\n\n<p><strong>NASA, Centro Espacial Houston<\/strong><br><a href=\"https:\/\/spacecenter.org\/app\/\" rel=\"noreferrer noopener\" target=\"_blank\">Este recorrido interactivo gratuito por el Centro Espacial de Houston ofrece una gran experiencia<\/a>.<\/p>\n\n\n\n<p><strong>Mundo Marino Orlando<\/strong><br><a href=\"https:\/\/www.visitorlando.com\/en\/things-to-do\/virtual-tours\/seaworld-orlando\" rel=\"noreferrer noopener\" target=\"_blank\">Experimente SeaWorld Orlando desde su hogar.<\/a><\/p>\n<\/div>\n<\/div>\n\n<\/div>\n\n<div class=\"\"  data-pds-tabs--accordion-initially-open=\"false\" >\n\n<div class=\"wp-block-columns is-layout-flex wp-container-core-columns-is-layout-9d6595d7 wp-block-columns-is-layout-flex\">\n<div class=\"wp-block-column is-layout-flow wp-block-column-is-layout-flow\" style=\"flex-basis:50%\">\n<p><strong>Viajes y Ocio<\/strong><br><a href=\"https:\/\/www.travelandleisure.com\/attractions\/museums-galleries\/museums-with-virtual-tours\" rel=\"noreferrer noopener\" target=\"_blank\">Experimente recorridos virtuales de 12 museos famosos de todo el mundo.<\/a><\/p>\n\n\n\n<p><strong>Museo Salom\u00f3n R. Guggenheim<\/strong><br><a href=\"https:\/\/www.guggenheim.org\/collection-online\" rel=\"noreferrer noopener\" target=\"_blank\">Esta Colecci\u00f3n en l\u00ednea presenta una base de datos con capacidad de b\u00fasqueda de obras de arte seleccionadas de la colecci\u00f3n permanente del Guggenheim.<\/a><\/p>\n\n\n\n<p><strong>Museo Van Gogh<\/strong><br><a href=\"https:\/\/artsandculture.google.com\/streetview\/van-gogh-museum-groundfloor\/2QHwyv_Y6gueAw?hl=en&amp;sv_lng=4.8808198&amp;sv_lat=52.3585336&amp;sv_h=0.6295492410194461&amp;sv_p=-15.05379996668347&amp;sv_pid=T4EwMNbRYOhcEPF8T1I8xw&amp;sv_z=1\" rel=\"noreferrer noopener\" target=\"_blank\">Sum\u00e9rgete en el Museo Van Gogh de \u00c1msterdam viendo exhibiciones virtuales de cada sala.<\/a><\/p>\n\n\n\n<p><strong>Museo Thyssen-Bornemisza<\/strong><br><a href=\"https:\/\/www.museothyssen.org\/en\/thyssenmultimedia\" rel=\"noreferrer noopener\" target=\"_blank\">Vea las obras de Rembrandt y Dal\u00ed y otros artistas en l\u00ednea.<\/a><\/p>\n\n\n\n<p><strong>Museo Nacional de Antropolog\u00eda<\/strong><br><a href=\"https:\/\/artsandculture.google.com\/asset\/the-national-museum-of-anthropology-mexico-city-ziko-van-dijk-wikimedia-commons\/bAGSHRdlzSRcdQ?hl=en\" rel=\"noreferrer noopener\" target=\"_blank\">Vea la historia prehisp\u00e1nica de M\u00e9xico desde el Museo Nacional de Antropolog\u00eda en la Ciudad de M\u00e9xico.<\/a><\/p>\n\n\n\n<p><strong>Museo Metropolitano de Arte<\/strong><br><a href=\"https:\/\/artsandculture.google.com\/streetview\/metropolitan-museum-of-art\/KAFHmsOTE-4Xyw?hl=en&amp;sv_lng=-73.9624786&amp;sv_lat=40.7803959&amp;sv_h=335.43483005975014&amp;sv_p=0.9257888647193226&amp;sv_pid=KeFx8oXHzeuY8L5rfepHaA&amp;sv_z=0.6253222631835352\" rel=\"noreferrer noopener\" target=\"_blank\">Sum\u00e9rgete en 26 exhibiciones en l\u00ednea en el MET.<\/a><\/p>\n\n\n\n<p><strong>Instituto de Artes de Detroit<\/strong><br><a href=\"https:\/\/artsandculture.google.com\/partner\/detroit-institute-of-arts?hl=en\" rel=\"noreferrer noopener\" target=\"_blank\">Visite el Instituto de Artes de Detroit desde su casa con exhibiciones en l\u00ednea, incluida la exposici\u00f3n de Frida Kahlo.<\/a><\/p>\n\n\n\n<p><strong>Rijksmuseum, \u00c1msterdam<\/strong><br><a href=\"https:\/\/artsandculture.google.com\/streetview\/rijksmuseum\/iwH5aYGoPwSf7g?hl=en&amp;sv_lng=4.885283712508563&amp;sv_lat=52.35984312584405&amp;sv_h=311.1699875145569&amp;sv_p=-5.924133903625474&amp;sv_pid=fOVcUXQW2wpRf33iUmxEfg&amp;sv_z=1\" rel=\"noreferrer noopener\" target=\"_blank\">Desde tu sal\u00f3n podr\u00e1s recorrer el Rijksmuseum de \u00c1msterdam para ver la obra de Vermeer, Rembrandt y otros artistas.<\/a><\/p>\n\n\n\n<p><strong>Museo Nacional de la Fuerza A\u00e9rea de los Estados Unidos<\/strong><br><a href=\"https:\/\/www.nationalmuseum.af.mil\/Visit\/Virtual-Tour\/\" rel=\"noreferrer noopener\" target=\"_blank\">Visite virtualmente el Museo de la Fuerza A\u00e9rea de los Estados Unidos para aprender m\u00e1s sobre la historia de la USAF.<\/a><\/p>\n\n\n\n<p><strong>Museo de Bellas Artes<\/strong><br><a href=\"https:\/\/artsandculture.google.com\/partner\/museum-of-fine-arts-boston?hl=en\" rel=\"noreferrer noopener\" target=\"_blank\">Vea el Museo de Bellas Artes de Boston en l\u00ednea, que presenta pinturas de Rembrandt, Van Gogh, Gauguin, Cassatt y Monet.<\/a><\/p>\n<\/div>\n\n\n\n<div class=\"wp-block-column is-layout-flow wp-block-column-is-layout-flow\" style=\"flex-basis:50%\">\n<p><strong>El Louvre<\/strong><br><a href=\"https:\/\/www.louvre.fr\/en\/visites-en-ligne#tabs\" rel=\"noreferrer noopener\" target=\"_blank\">Visite virtualmente el Louvre para experimentar las antig\u00fcedades egipcias y otras exhibiciones.<\/a><\/p>\n\n\n\n<p><strong>Museo Nacional Smithsonian de Historia Natural<\/strong><br><a href=\"https:\/\/naturalhistory2.si.edu\/vt3\/NMNH\/\" rel=\"noreferrer noopener\" target=\"_blank\">Experimente un recorrido de 360 grados, habitaci\u00f3n por habitaci\u00f3n, del Museo Smithsonian de Historia Natural.<\/a><\/p>\n\n\n\n<p><strong>El Museo Vaticano<\/strong><br><a href=\"http:\/\/www.museivaticani.va\/content\/museivaticani\/en\/collezioni\/musei\/tour-virtuali-elenco.html\" rel=\"noreferrer noopener\" target=\"_blank\">Realice un recorrido virtual por el Museo del Vaticano.<\/a><\/p>\n\n\n\n<p><strong>Museo Georgia O&#8217;Keeffe<\/strong><br><a href=\"https:\/\/artsandculture.google.com\/partner\/georgia-o-keeffe-museum?hl=en\" rel=\"noreferrer noopener\" target=\"_blank\">Experimente recorridos virtuales del legado art\u00edstico de Georgia O&#8217;Keeffe y el modernismo.<\/a><\/p>\n\n\n\n<p><strong>Museo Brit\u00e1nico<\/strong><br><a href=\"https:\/\/britishmuseum.withgoogle.com\/\" rel=\"noreferrer noopener\" target=\"_blank\">Recorre virtualmente el Museo Brit\u00e1nico de Londres para ver la Piedra Rosetta y las momias.<\/a><\/p>\n\n\n\n<p><strong>Alto Museo de Arte<\/strong><br><a href=\"https:\/\/artsandculture.google.com\/exhibit\/civil-rights-photography\/9wISPkiyouv-Lw?hl=en\" rel=\"noreferrer noopener\" target=\"_blank\">Vea las obras de arte del High Museum of Art de Atlanta. Vea una exhibici\u00f3n especial de fotograf\u00eda de derechos civiles.<\/a><\/p>\n\n\n\n<p><strong>MoMA&nbsp;(El Museo de Arte Moderno)<\/strong><br><a href=\"https:\/\/artsandculture.google.com\/exhibit\/sophie-taeuber-arp\/swKioHNhYqZoLw?hl=en\" rel=\"noreferrer noopener\" target=\"_blank\">Vaya sala por sala en esta experiencia virtual del MOMA.<\/a><\/p>\n\n\n\n<p><strong>casa Blanca<\/strong><br><a href=\"https:\/\/artsandculture.google.com\/partner\/the-white-house\" rel=\"noreferrer noopener\" target=\"_blank\">\u00bfAlguna vez quisiste visitar la Casa Blanca? Ahora puedes y no tienes que salir de casa.<\/a><\/p>\n<\/div>\n<\/div>\n\n<\/div>\n\n<div class=\"\"  data-pds-tabs--accordion-initially-open=\"false\" >\n\n<div class=\"wp-block-columns is-layout-flex wp-container-core-columns-is-layout-9d6595d7 wp-block-columns-is-layout-flex\">\n<div class=\"wp-block-column is-layout-flow wp-block-column-is-layout-flow\" style=\"flex-basis:50%\">\n<p><strong>El zool\u00f3gico de Cincinnati<\/strong><br><a href=\"https:\/\/www.facebook.com\/cincinnatizoo\/\" rel=\"noreferrer noopener\" target=\"_blank\">Visite el Safari del Zool\u00f3gico de Cincinnati en Facebook Live todos los d\u00edas a las 3 p. m.<\/a><\/p>\n\n\n\n<p><strong>Zool\u00f3gico de Houston<\/strong><br><a href=\"https:\/\/www.houstonzoo.org\/explore\/webcams\/\" rel=\"noreferrer noopener\" target=\"_blank\">\u00a1Sintonice el Zool\u00f3gico de Houston y disfrute de una mirada en vivo a los animales que consideran que el Zool\u00f3gico de Houston es su hogar!<\/a><\/p>\n\n\n\n<p><strong>El acuario Shedd<\/strong><br><a href=\"https:\/\/www.facebook.com\/sheddaquarium\/\" rel=\"noreferrer noopener\" target=\"_blank\">Obtenga im\u00e1genes detr\u00e1s de escena de nuestros amigos acu\u00e1ticos y obtenga informaci\u00f3n interesante sobre otros animales.<\/a><\/p>\n\n\n\n<p><strong>Acuario de la Bah\u00eda de Monterey<\/strong><br><a href=\"https:\/\/www.montereybayaquarium.org\/animals\/live-cams\" rel=\"noreferrer noopener\" target=\"_blank\">Experimenta la maravilla del oc\u00e9ano sin importar d\u00f3nde est\u00e9s.<\/a><\/p>\n<\/div>\n\n\n\n<div class=\"wp-block-column is-layout-flow wp-block-column-is-layout-flow\" style=\"flex-basis:50%\">\n<p><strong>Zool\u00f3gico de Atlanta<\/strong><br><a href=\"https:\/\/zooatlanta.org\/panda-cam\/\" rel=\"noreferrer noopener\" target=\"_blank\">Vea la transmisi\u00f3n en vivo de Panda del Zool\u00f3gico de Atlanta. \u00bfNo son lindos?<\/a><\/p>\n\n\n\n<p><strong>Zool\u00f3gico de San Diego<\/strong><br><a href=\"https:\/\/kids.sandiegozoo.org\/videos\" rel=\"noreferrer noopener\" target=\"_blank\">Vea im\u00e1genes en vivo de los animales del Zool\u00f3gico de San Diego, incluidos koalas, tigres, osos polares y m\u00e1s.<\/a><\/p>\n\n\n\n<p><strong>Acuario de Georgia<\/strong><br><a href=\"https:\/\/www.georgiaaquarium.org\/webcam\/beluga-whale-webcam\/\" rel=\"noreferrer noopener\" target=\"_blank\">Obtenga vistas en vivo de los animales m\u00e1s entretenidos del Acuario de Georgia.<\/a><\/p>\n\n\n\n<p><strong>Acuario Nacional<\/strong><br><a href=\"https:\/\/aqua.org\/media\/virtualtours\/baltimore\/index.html\" rel=\"noreferrer noopener\" target=\"_blank\">Recorra el famoso acuario con sede en Baltimore para experimentar la vida silvestre acu\u00e1tica desde su hogar.<\/a><\/p>\n<\/div>\n<\/div>\n\n<\/div>\n\n<div class=\"\"  data-pds-tabs--accordion-initially-open=\"false\" >\n\n<div class=\"wp-block-columns is-layout-flex wp-container-core-columns-is-layout-9d6595d7 wp-block-columns-is-layout-flex\">\n<div class=\"wp-block-column is-layout-flow wp-block-column-is-layout-flow\" style=\"flex-basis:50%\">\n<p><strong>Ejercicios de youtube<\/strong><br><a href=\"https:\/\/www.youtube.com\/playlist?list=PLmk21KJuZUM4HTrJ7hrJ8yxhToKkJT8a8\" rel=\"noreferrer noopener\" target=\"_blank\">Ejerc\u00edtate en casa gratis con estos ejercicios de Go4Life para adultos mayores.<\/a><\/p>\n\n\n\n<p><strong>Parques de Nueva York<\/strong><br><a href=\"https:\/\/www.nycgovparks.org\/events\/online\" rel=\"noreferrer noopener\" target=\"_blank\">Obtenga recorridos en vivo por parques o asista a clases de meditaci\u00f3n, arte y fitness en l\u00ednea.<\/a><\/p>\n<\/div>\n\n\n\n<div class=\"wp-block-column is-layout-flow wp-block-column-is-layout-flow\" style=\"flex-basis:50%\">\n<p><strong>YMCA<\/strong><br><a href=\"https:\/\/www.ymca.net\/your-y-at-home-for-active-older-adults\" rel=\"noreferrer noopener\" target=\"_blank\">Los Y mantienen conexiones con sus comunidades a distancia en l\u00ednea.<\/a><\/p>\n\n\n\n<p><strong>Plata&amp;Fit\u00ae<\/strong><br><a href=\"https:\/\/www.facebook.com\/SilverandFit\/\" rel=\"noreferrer noopener\" target=\"_blank\">No olvides hacer ejercicio. \u00danase a Silver&amp;Fit\u00ae para disfrutar de un entrenamiento dise\u00f1ado especialmente pensando en usted.<\/a><\/p>\n<\/div>\n<\/div>\n\n<\/div>\n\n<div class=\"\"  data-pds-tabs--accordion-initially-open=\"false\" >\n\n<div class=\"wp-block-columns is-layout-flex wp-container-core-columns-is-layout-9d6595d7 wp-block-columns-is-layout-flex\">\n<div class=\"wp-block-column is-layout-flow wp-block-column-is-layout-flow\" style=\"flex-basis:50%\">\n<p><strong>Duolingo<\/strong><br><a href=\"https:\/\/www.duolingo.com\/\" target=\"_blank\" rel=\"noreferrer noopener\">\u00bfAlguna vez quisiste aprender un nuevo idioma? Ahora es tu oportunidad. Nosotros te desafiamos.<\/a><\/p>\n<\/div>\n\n\n\n<div class=\"wp-block-column is-layout-flow wp-block-column-is-layout-flow\" style=\"flex-basis:50%\"><\/div>\n<\/div>\n\n<\/div>\n\n<div class=\"\"  data-pds-tabs--accordion-initially-open=\"false\" >\n\n<div class=\"wp-block-columns is-layout-flex wp-container-core-columns-is-layout-9d6595d7 wp-block-columns-is-layout-flex\">\n<div class=\"wp-block-column is-layout-flow wp-block-column-is-layout-flow\" style=\"flex-basis:50%\">\n<p><strong>Centros para el Control y la Prevenci\u00f3n de Enfermedades<\/strong><br><a href=\"https:\/\/www.cdc.gov\/mentalhealth\/stress-coping\/cope-with-stress\/index.html\" target=\"_blank\" rel=\"noreferrer noopener\">Consejos sobre c\u00f3mo afrontar el estr\u00e9s durante el coronavirus.<\/a><\/p>\n<\/div>\n\n\n\n<div class=\"wp-block-column is-layout-flow wp-block-column-is-layout-flow\" style=\"flex-basis:50%\"><\/div>\n<\/div>\n\n<\/div>\n\n            <\/div>\n        <\/div>\n        \n    <\/div><\/div>\n<\/div>\n","protected":false},"excerpt":{"rendered":"<p>Como neoyorquinos, sabemos lo importante que es tomarnos un tiempo para descansar, recargar energ\u00edas y cuidarnos, especialmente cuando pasamos m\u00e1s tiempo en casa. Ya sea que quiera relajarse, mantenerse activo [&hellip;]<\/p>\n","protected":false},"author":1,"featured_media":0,"parent":17273,"menu_order":0,"comment_status":"closed","ping_status":"closed","template":"","meta":{"_acf_changed":false,"footnotes":""},"categories":[],"class_list":["post-10253","page","type-page","status-publish","hentry"],"translation":{"provider":"WPGlobus","version":"3.0.2","language":"es","enabled_languages":["en","es","zh"],"languages":{"en":{"title":true,"content":true,"excerpt":false},"es":{"title":true,"content":true,"excerpt":false},"zh":{"title":false,"content":true,"excerpt":false}}},"acf":[],"jetpack_sharing_enabled":true,"publishpress_future_action":{"enabled":false,"date":"2026-04-10 23:41:31","action":"change-status","newStatus":"draft","terms":[],"taxonomy":"category","extraData":[]},"publishpress_future_workflow_manual_trigger":{"enabledWorkflows":[]},"_links":{"self":[{"href":"https:\/\/www.elderplan.org\/es\/wp-json\/wp\/v2\/pages\/10253","targetHints":{"allow":["GET"]}}],"collection":[{"href":"https:\/\/www.elderplan.org\/es\/wp-json\/wp\/v2\/pages"}],"about":[{"href":"https:\/\/www.elderplan.org\/es\/wp-json\/wp\/v2\/types\/page"}],"author":[{"embeddable":true,"href":"https:\/\/www.elderplan.org\/es\/wp-json\/wp\/v2\/users\/1"}],"replies":[{"embeddable":true,"href":"https:\/\/www.elderplan.org\/es\/wp-json\/wp\/v2\/comments?post=10253"}],"version-history":[{"count":2,"href":"https:\/\/www.elderplan.org\/es\/wp-json\/wp\/v2\/pages\/10253\/revisions"}],"predecessor-version":[{"id":47476,"href":"https:\/\/www.elderplan.org\/es\/wp-json\/wp\/v2\/pages\/10253\/revisions\/47476"}],"up":[{"embeddable":true,"href":"https:\/\/www.elderplan.org\/es\/wp-json\/wp\/v2\/pages\/17273"}],"wp:attachment":[{"href":"https:\/\/www.elderplan.org\/es\/wp-json\/wp\/v2\/media?parent=10253"}],"wp:term":[{"taxonomy":"category","embeddable":true,"href":"https:\/\/www.elderplan.org\/es\/wp-json\/wp\/v2\/categories?post=10253"}],"curies":[{"name":"wp","href":"https:\/\/api.w.org\/{rel}","templated":true}]}}