{"id":109,"date":"2015-11-05T18:15:06","date_gmt":"2015-11-05T18:15:06","guid":{"rendered":"http:\/\/english2016-m.elderplan.org\/?page_id=109"},"modified":"2024-11-11T12:50:22","modified_gmt":"2024-11-11T17:50:22","slug":"appoint-a-representative","status":"publish","type":"page","link":"https:\/\/www.elderplan.org\/es\/member-benefits\/elderplan-benefits\/appoint-a-representative\/","title":{"rendered":"C\u00f3mo nombrar a un representante"},"content":{"rendered":"\n<div class=\"wp-block-columns padding-interior is-layout-flex wp-container-core-columns-is-layout-9d6595d7 wp-block-columns-is-layout-flex\">\n<div class=\"wp-block-column is-layout-flow wp-block-column-is-layout-flow\" style=\"flex-basis:66.66%\">\n<p>Tanto usted, el m\u00e9dico que le extendi\u00f3 la receta u otra persona que usted autorice pueden solicitar una determinaci\u00f3n de cobertura o una apelaci\u00f3n. Tambi\u00e9n puede elegir a otra persona para que presente un reclamo en su nombre. La persona que usted nombre ser\u00e1 su <em>representante designado<\/em>. Puede nombrar a un familiar, amigo, abogado, m\u00e9dico o a cualquier otra persona para que act\u00fae en su nombre. Es posible que otras personas ya est\u00e9n autorizadas en virtud de la legislaci\u00f3n estatal para actuar en su nombre. Si quiere que alguien act\u00fae en su nombre, es necesario que usted y esa persona firmen y fechen una <strong><a href=\"\/files\/appointment-of-representative_508-1\/\" target=\"_blank\" rel=\"noreferrer noopener\">Designaci\u00f3n de Representante <\/a><\/strong> o que firmen y fechen una declaraci\u00f3n que otorgue a esa persona el permiso legal para actuar como su representante designado.Env\u00edenos esta declaraci\u00f3n a esta direcci\u00f3n:<\/p>\n\n\n\n<p>Elderplan, Inc.<br>\nGrievances and Appeals Department<br>\n55 Water Street 46th Floor, Suite 202<br>\nNew York, NY 10041<\/p>\n\n\n\n<p>Para obtener m\u00e1s informaci\u00f3n sobre c\u00f3mo nombrar a un representante designado, puede llamarnos al <a class=\"tel\" href=\"tel:1-800-353-3765\" style=\"white-space: nowrap;\">1-800-353-3765<\/a>, de 8:00\u00a0a.m. a 8:00\u00a0p.m., los 7\u00a0d\u00edas de la semana (los usuarios de TTY deben llamar al <a class=\"tel\" href=\"tel:711\" style=\"white-space: nowrap;\">711<\/a>).<\/p>\n\n\n\n<p>Tambi\u00e9n tiene derecho a que un abogado solicite una determinaci\u00f3n de cobertura en su nombre. Puede ponerse en contacto con su propio abogado o buscar a otro profesional del colegio de abogados de su localidad o a trav\u00e9s de otro servicio de referencia. Tambi\u00e9n existen grupos que le brindar\u00e1n servicios legales gratuitos si califica.<\/p>\n\n\n\n<p>Si desea presentar reclamos, apelaciones o excepciones adicionales, comun\u00edquese con nuestro Departamento de Servicios para los Miembros al <a class=\"tel\" href=\"tel:1-800-353-3765\" style=\"white-space: nowrap;\">1-800-353-3765<\/a> (los usuarios de TTY deben llamar al <a class=\"tel\" href=\"tel:711\" style=\"white-space: nowrap;\">711<\/a>), de 8:00\u00a0a.m. a 8:00\u00a0p.m., los 7\u00a0d\u00edas de la semana.<\/p>\n<\/div>\n\n\n\n<div class=\"wp-block-column is-layout-flow wp-block-column-is-layout-flow\" style=\"flex-basis:33.33%\">\n<h2 class=\"wp-block-heading has-text-align-center\" id=\"h-busca-informacion\">\u00bfBusca informaci\u00f3n?<\/h2>\n\n\n\n<div class=\"wp-block-buttons is-vertical is-content-justification-center is-layout-flex wp-container-core-buttons-is-layout-9a7cdcfd wp-block-buttons-is-layout-flex\">\n<div class=\"wp-block-button has-custom-width wp-block-button__width-75 is-style-outline is-style-outline--2\"><a class=\"wp-block-button__link wp-element-button\" href=\"\/find-a-provider\/\">Encuentre un proveedor<\/a><\/div>\n\n\n\n<div class=\"wp-block-button has-custom-width wp-block-button__width-75 is-style-outline is-style-outline--3\"><a class=\"wp-block-button__link wp-element-button\" href=\"\/find-a-pharmacy\/\">Encuentre un proveedor<\/a><\/div>\n\n\n\n<div class=\"wp-block-button has-custom-width wp-block-button__width-75 is-style-outline is-style-outline--4\"><a class=\"wp-block-button__link wp-element-button\" href=\"\/prescription-drugs\/\">Encuentre un medicamento<\/a><\/div>\n\n\n\n<div class=\"wp-block-button has-custom-width wp-block-button__width-75 is-style-outline is-style-outline--5\"><a class=\"wp-block-button__link wp-element-button\" href=\"\/find-a-form\/\">Encuentre un formulario<\/a><\/div>\n\n\n\n<div class=\"wp-block-button has-custom-width wp-block-button__width-75 is-style-outline is-style-outline--6\"><a class=\"wp-block-button__link wp-element-button\" href=\"\/files\/elderplan-broad-vaccine-network-vaccine-pharmacy-directory_updated_06012022_spa_accessible\/\">Encuentre una vacuna contra la gripe <\/a><\/div>\n<\/div>\n\n\n\n<p class=\"has-text-align-center\">\u00bfTiene preguntas? Llame a Elderplan hoy mismo.<\/p>\n\n\n\n<h4 class=\"wp-block-heading has-text-align-center\" id=\"h-1-800-353-3765\"><a href=\"tel:1-866-353-3765\">1-800-353-3765<\/a><\/h4>\n\n\n\n<hr class=\"wp-block-separator has-alpha-channel-opacity hr vc_separator\">\n\n\n\n<h4 class=\"wp-block-heading has-text-align-center\" id=\"h-tty-711\"><a href=\"tel:1-866-353-3765\"><\/a><a href=\"tel:711\">[TTY: 711]<\/a><\/h4>\n\n\n\n<p class=\"has-text-align-center\"><strong>Horario de atenci\u00f3n:<\/strong><br>De 8:00\u00a0a.m. a 8:00\u00a0p.m., los 7\u00a0d\u00edas de la semana<\/p>\n\n\n\n<h5 class=\"wp-block-heading has-text-align-center\" id=\"h-elderplan-esta-disponible-en-los-condados-de-bronx-dutchess-kings-monroe-nassau-new-york-orange-putnam-queens-richmond-rockland-suffolk-westchester-ontario-orleans-seneca-yates-y-livingston\">Elderplan est\u00e1 disponible en los condados de Bronx, Dutchess, Kings, Monroe, Nassau, New York, Orange, Putnam, Queens, Richmond, Rockland, Suffolk, Westchester, Ontario, Orleans, Seneca, Yates y Livingston.<\/h5>\n<\/div>\n<\/div>\n","protected":false},"excerpt":{"rendered":"<p>Tanto usted, el m\u00e9dico que le extendi\u00f3 la receta u otra persona que usted autorice pueden solicitar una determinaci\u00f3n de cobertura o una apelaci\u00f3n. Tambi\u00e9n puede elegir a otra persona [&hellip;]<\/p>\n","protected":false},"author":1,"featured_media":0,"parent":44,"menu_order":13,"comment_status":"closed","ping_status":"closed","template":"","meta":{"_acf_changed":false,"footnotes":""},"categories":[],"class_list":["post-109","page","type-page","status-publish","hentry"],"translation":{"provider":"WPGlobus","version":"3.0.2","language":"es","enabled_languages":["en","es","zh"],"languages":{"en":{"title":true,"content":true,"excerpt":false},"es":{"title":true,"content":true,"excerpt":false},"zh":{"title":true,"content":true,"excerpt":false}}},"acf":[],"jetpack_sharing_enabled":true,"publishpress_future_action":{"enabled":false,"date":"2026-04-21 07:13:22","action":"change-status","newStatus":"draft","terms":[],"taxonomy":"category","extraData":[]},"publishpress_future_workflow_manual_trigger":{"enabledWorkflows":[]},"_links":{"self":[{"href":"https:\/\/www.elderplan.org\/es\/wp-json\/wp\/v2\/pages\/109","targetHints":{"allow":["GET"]}}],"collection":[{"href":"https:\/\/www.elderplan.org\/es\/wp-json\/wp\/v2\/pages"}],"about":[{"href":"https:\/\/www.elderplan.org\/es\/wp-json\/wp\/v2\/types\/page"}],"author":[{"embeddable":true,"href":"https:\/\/www.elderplan.org\/es\/wp-json\/wp\/v2\/users\/1"}],"replies":[{"embeddable":true,"href":"https:\/\/www.elderplan.org\/es\/wp-json\/wp\/v2\/comments?post=109"}],"version-history":[{"count":0,"href":"https:\/\/www.elderplan.org\/es\/wp-json\/wp\/v2\/pages\/109\/revisions"}],"up":[{"embeddable":true,"href":"https:\/\/www.elderplan.org\/es\/wp-json\/wp\/v2\/pages\/44"}],"wp:attachment":[{"href":"https:\/\/www.elderplan.org\/es\/wp-json\/wp\/v2\/media?parent=109"}],"wp:term":[{"taxonomy":"category","embeddable":true,"href":"https:\/\/www.elderplan.org\/es\/wp-json\/wp\/v2\/categories?post=109"}],"curies":[{"name":"wp","href":"https:\/\/api.w.org\/{rel}","templated":true}]}}