{"id":115,"date":"2015-11-05T18:17:11","date_gmt":"2015-11-05T18:17:11","guid":{"rendered":"http:\/\/english2016-m.elderplan.org\/?page_id=115"},"modified":"2024-02-26T14:56:23","modified_gmt":"2024-02-26T19:56:23","slug":"member-update-form","status":"publish","type":"page","link":"https:\/\/www.elderplan.org\/es\/member-benefits\/elderplan-benefits\/member-update-form\/","title":{"rendered":"Formulario de actualizaci\u00f3n para miembros"},"content":{"rendered":"\n<div class=\"wp-block-columns padding-interior is-layout-flex wp-container-core-columns-is-layout-9d6595d7 wp-block-columns-is-layout-flex\">\n<div class=\"wp-block-column is-layout-flow wp-block-column-is-layout-flow\" style=\"flex-basis:66.66%\">\n<p>\u00bfNecesita hacer cambios en su informaci\u00f3n personal?<\/p>\n\n\n\n<p><strong>Elderplan puede ayudarlo a la vez que garantiza su privacidad.<\/strong><\/p>\n\n\n\n<p>Haga cambios o env\u00ede solicitudes por escrito en solo cuatro pasos sencillos:<\/p>\n\n\n\n<ul class=\"wp-block-list\">\n<li>Descargue este documento para actualizar la siguiente informaci\u00f3n:<br>\n<strong>Formulario de actualizaci\u00f3n de informaci\u00f3n para miembros<\/strong> <a href=\"https:\/\/www.elderplan.org\/wp-content\/uploads\/2018\/06\/2017-Information-Update-Form_v2_SPA_508-1.pdf\" rel=\"noopener noreferrer\" target=\"_blank\" title=\"Formulario de actualizaci\u00f3n de informaci\u00f3n para miembros Ingl\u00e9s\">Ingl\u00e9s<\/a> | <a href=\"\/wp-content\/uploads\/2018\/06\/2017-Information-Update-Form_v2_SPA_508-1.pdf\" rel=\"noopener noreferrer\" target=\"_blank\" title=\"Formulario de actualizaci\u00f3n de informaci\u00f3n para miembros Espa\u00f1ol\">Espa\u00f1ol<\/a><br>\n(se necesita <a href=\"http:\/\/www.adobe.com\/products\/reader\/\">Adobe Reader<\/a>. Gratuito en Adobe Systems):\n<ul class=\"wp-block-list\">\n<li>Cambio de direcci\u00f3n<\/li>\n\n\n\n<li>Cambio de m\u00e9dico de atenci\u00f3n primaria (PCP)<\/li>\n<\/ul>\n<\/li>\n\n\n\n<li>Obtenci\u00f3n de una nueva tarjeta de miembro de Elderplan (Recuerde: Aseg\u00farese de tener guardada su tarjeta de Medicare en un lugar seguro cuando NO la use para obtener servicios m\u00e9dicos).<\/li>\n\n\n\n<li>Imprima el formulario.<\/li>\n\n\n\n<li>Complete el formulario en su totalidad, incluido el n\u00famero de identificaci\u00f3n de miembro de Elderplan.<\/li>\n\n\n\n<li>Env\u00ede el formulario por correo a la siguiente direcci\u00f3n:<strong><br>\nElderplan Member Service<\/strong><br>\n55 Water Street 46th Floor, Suite 202<br>\nNew York, NY 10041<br>\nFax: <a href=\"tel:+17186302624\">718-630-2624<\/a><\/li>\n<\/ul>\n\n\n\n<p>Si tiene alguna pregunta sobre los cambios en su informaci\u00f3n personal o sobre las solicitudes por escrito, no dude en comunicarse con el <a href=\"\/es\/about-us\/contact-elderplan\/\">Departamento de Servicios para los miembros<\/a> de Elderplan.<\/p>\n\n\n\n<p><strong>Elderplan Member Service<\/strong><br>\n55 Water Street 46th Floor, Suite 202<br>\nNew York, NY 10041<br>\nFax: <a href=\"tel:+17186302624\">718-630-2624<\/a><\/p>\n\n\n\n<p>Si tiene alguna pregunta sobre los cambios en su informaci\u00f3n personal o sobre las solicitudes por escrito, no dude en comunicarse con el <a href=\"\/es\/about-us\/contact-elderplan\/member-services\/\">Departamento de Servicios para los miembros<\/a> de Elderplan.<\/p>\n<\/div>\n\n\n\n<div class=\"wp-block-column is-layout-flow wp-block-column-is-layout-flow\" style=\"flex-basis:33.33%\">\n<h2 class=\"wp-block-heading has-text-align-center\" id=\"h-busca-informacion\">\u00bfBusca informaci\u00f3n?<\/h2>\n\n\n\n<div class=\"wp-block-buttons is-vertical is-content-justification-center is-layout-flex wp-container-core-buttons-is-layout-9a7cdcfd wp-block-buttons-is-layout-flex\">\n<div class=\"wp-block-button has-custom-width wp-block-button__width-75 is-style-outline is-style-outline--2\"><a class=\"wp-block-button__link wp-element-button\" href=\"\/find-a-provider\/\">Encuentre un proveedor<\/a><\/div>\n\n\n\n<div class=\"wp-block-button has-custom-width wp-block-button__width-75 is-style-outline is-style-outline--3\"><a class=\"wp-block-button__link wp-element-button\" href=\"\/find-a-pharmacy\/\">Encuentre un proveedor<\/a><\/div>\n\n\n\n<div class=\"wp-block-button has-custom-width wp-block-button__width-75 is-style-outline is-style-outline--4\"><a class=\"wp-block-button__link wp-element-button\" href=\"\/prescription-drugs\/\">Encuentre un medicamento<\/a><\/div>\n\n\n\n<div class=\"wp-block-button has-custom-width wp-block-button__width-75 is-style-outline is-style-outline--5\"><a class=\"wp-block-button__link wp-element-button\" href=\"\/find-a-form\/\">Encuentre un formulario<\/a><\/div>\n\n\n\n<div class=\"wp-block-button has-custom-width wp-block-button__width-75 is-style-outline is-style-outline--6\"><a class=\"wp-block-button__link wp-element-button\" href=\"\/files\/elderplan-broad-vaccine-network-vaccine-pharmacy-directory_updated_06012022_spa_accessible\/\">Encuentre una vacuna contra la gripe <\/a><\/div>\n<\/div>\n\n\n\n<p class=\"has-text-align-center\">\u00bfTiene preguntas? Llame a Elderplan hoy mismo.<\/p>\n\n\n\n<h4 class=\"wp-block-heading has-text-align-center\" id=\"h-1-800-353-3765\"><a href=\"tel:1-866-353-3765\">1-800-353-3765<\/a><\/h4>\n\n\n\n<hr class=\"wp-block-separator has-alpha-channel-opacity hr vc_separator\">\n\n\n\n<h4 class=\"wp-block-heading has-text-align-center\" id=\"h-tty-711\"><a href=\"tel:1-866-353-3765\"><\/a><a href=\"tel:711\">[TTY: 711]<\/a><\/h4>\n\n\n\n<p class=\"has-text-align-center\"><strong>Horario de atenci\u00f3n:<\/strong><br>De 8:00\u00a0a.m. a 8:00\u00a0p.m., los 7\u00a0d\u00edas de la semana<\/p>\n\n\n\n<h5 class=\"wp-block-heading has-text-align-center\" id=\"h-elderplan-esta-disponible-en-los-condados-de-bronx-dutchess-kings-monroe-nassau-new-york-orange-putnam-queens-richmond-rockland-suffolk-westchester-ontario-orleans-seneca-yates-y-livingston\">Elderplan est\u00e1 disponible en los condados de Bronx, Dutchess, Kings, Monroe, Nassau, New York, Orange, Putnam, Queens, Richmond, Rockland, Suffolk, Westchester, Ontario, Orleans, Seneca, Yates y Livingston.<\/h5>\n<\/div>\n<\/div>\n","protected":false},"excerpt":{"rendered":"<p>\u00bfNecesita hacer cambios en su informaci\u00f3n personal? Elderplan puede ayudarlo a la vez que garantiza su privacidad. Haga cambios o env\u00ede solicitudes por escrito en solo cuatro pasos sencillos: Si [&hellip;]<\/p>\n","protected":false},"author":1,"featured_media":0,"parent":44,"menu_order":14,"comment_status":"closed","ping_status":"closed","template":"","meta":{"_acf_changed":false,"footnotes":""},"categories":[],"class_list":["post-115","page","type-page","status-publish","hentry"],"translation":{"provider":"WPGlobus","version":"3.0.2","language":"es","enabled_languages":["en","es","zh"],"languages":{"en":{"title":true,"content":true,"excerpt":false},"es":{"title":true,"content":true,"excerpt":false},"zh":{"title":false,"content":false,"excerpt":false}}},"acf":[],"jetpack_sharing_enabled":true,"publishpress_future_action":{"enabled":false,"date":"2026-05-03 20:39:12","action":"change-status","newStatus":"draft","terms":[],"taxonomy":"category","extraData":[]},"publishpress_future_workflow_manual_trigger":{"enabledWorkflows":[]},"_links":{"self":[{"href":"https:\/\/www.elderplan.org\/es\/wp-json\/wp\/v2\/pages\/115","targetHints":{"allow":["GET"]}}],"collection":[{"href":"https:\/\/www.elderplan.org\/es\/wp-json\/wp\/v2\/pages"}],"about":[{"href":"https:\/\/www.elderplan.org\/es\/wp-json\/wp\/v2\/types\/page"}],"author":[{"embeddable":true,"href":"https:\/\/www.elderplan.org\/es\/wp-json\/wp\/v2\/users\/1"}],"replies":[{"embeddable":true,"href":"https:\/\/www.elderplan.org\/es\/wp-json\/wp\/v2\/comments?post=115"}],"version-history":[{"count":0,"href":"https:\/\/www.elderplan.org\/es\/wp-json\/wp\/v2\/pages\/115\/revisions"}],"up":[{"embeddable":true,"href":"https:\/\/www.elderplan.org\/es\/wp-json\/wp\/v2\/pages\/44"}],"wp:attachment":[{"href":"https:\/\/www.elderplan.org\/es\/wp-json\/wp\/v2\/media?parent=115"}],"wp:term":[{"taxonomy":"category","embeddable":true,"href":"https:\/\/www.elderplan.org\/es\/wp-json\/wp\/v2\/categories?post=115"}],"curies":[{"name":"wp","href":"https:\/\/api.w.org\/{rel}","templated":true}]}}