{"id":117,"date":"2015-11-05T18:17:25","date_gmt":"2015-11-05T18:17:25","guid":{"rendered":"http:\/\/english2016-m.elderplan.org\/?page_id=117"},"modified":"2026-02-13T13:26:04","modified_gmt":"2026-02-13T18:26:04","slug":"rights-and-responsibilities","status":"publish","type":"page","link":"https:\/\/www.elderplan.org\/es\/rights-and-responsibilities\/","title":{"rendered":"Derechos y responsabilidades"},"content":{"rendered":"<section class=\"wpb-content-wrapper\">\n<div class=\"wp-block-columns padding-interior is-layout-flex wp-container-core-columns-is-layout-9d6595d7 wp-block-columns-is-layout-flex\">\n<div class=\"wp-block-column is-layout-flow wp-block-column-is-layout-flow\" style=\"flex-basis:66.66%\">\n<p><strong>Elderplan se enorgullece de tenerlo como miembro y espera poder atenderlo durante mucho tiempo en el futuro. Sin embargo, todos los a\u00f1os debemos proporcionarle a nuestros miembros el siguiente aviso de cancelaci\u00f3n de la inscripci\u00f3n. Si est\u00e1 satisfecho con Elderplan y no desea hacer ning\u00fan cambio, no debe hacer nada.<\/strong><\/p>\n\n\n\n<div style=\"height:25px\" aria-hidden=\"true\" class=\"wp-block-spacer\"><\/div>\n\n\n\n<h2 class=\"wp-block-heading\" id=\"h-aviso-anual-de-derechos-de-cancelacion-de-la-inscripcion\"><u>Aviso anual de derechos de cancelaci\u00f3n de la inscripci\u00f3n<\/u><\/h2>\n\n\n\n<p>Si bien valoramos su membres\u00eda, la inscripci\u00f3n en Elderplan es voluntaria. Si usted necesita servicios de atenci\u00f3n a largo plazo y desea abandonar Elderplan, debe elegir otro plan con NY Medicaid Choice para seguir recibiendo los servicios. Para recibir servicios de atenci\u00f3n a largo plazo en su hogar, debe estar inscrito en un plan de atenci\u00f3n administrada a largo plazo. Puede regresar al pago por servicio de Medicaid sin servicios de atenci\u00f3n a largo plazo en su hogar.<\/p>\n\n\n\n<p>Si cree que ya no necesita los servicios de atenci\u00f3n administrada a largo plazo o desea inscribirse en otro plan de atenci\u00f3n administrada a largo plazo, llame a Servicios para los Miembros o al Equipo de administraci\u00f3n de la atenci\u00f3n. Su Administrador de atenci\u00f3n le enviar\u00e1 la confirmaci\u00f3n por escrito de su solicitud para cancelar la inscripci\u00f3n. Elderplan tambi\u00e9n enviar\u00e1 su solicitud de cancelaci\u00f3n de la inscripci\u00f3n al LDSS o a NY Medicaid Choice para que la procesen.<\/p>\n\n\n\n<p>Tambi\u00e9n existen razones, como que ya no est\u00e9 inscrito en Elderplan para la cobertura de Medicare, en las que Elderplan puede cancelar su inscripci\u00f3n de forma involuntaria o pedirle que abandone el plan. Esto podr\u00eda suceder si se inscribe en otro plan de Medicare o si pierde su cobertura de Medicare. Para obtener una lista completa de estas razones y m\u00e1s informaci\u00f3n sobre el proceso de cancelaci\u00f3n involuntaria, consulte su Manual para los miembros.<\/p>\n\n\n\n<p>Si usted elige cancelar la inscripci\u00f3n en Elderplan, la fecha de entrada en vigor de la cancelaci\u00f3n de la inscripci\u00f3n ser\u00e1 el \u00faltimo d\u00eda del mes despu\u00e9s de que el LDSS o NY Medicaid Choice hayan procesado su solicitud. Sin embargo, si la cancelaci\u00f3n de la inscripci\u00f3n se procesa despu\u00e9s del 20<sup>\u00a0<\/sup>del mes, la fecha de entrada en vigor de la cancelaci\u00f3n de la inscripci\u00f3n ser\u00e1 el \u00faltimo d\u00eda del mes siguiente.<\/p>\n\n\n\n<p>Desde la fecha de su solicitud de cancelaci\u00f3n de la inscripci\u00f3n hasta la fecha de entrada en vigor de esta, Elderplan continuar\u00e1 brind\u00e1ndole los beneficios cubiertos. Tambi\u00e9n haremos todas las remisiones necesarias para servicios alternativos, que ya no est\u00e9n cubiertos por Elderplan, despu\u00e9s de la fecha de cancelaci\u00f3n de la inscripci\u00f3n.<\/p>\n\n\n\n<p>Para obtener una lista completa de las razones de cancelaci\u00f3n de la inscripci\u00f3n y m\u00e1s informaci\u00f3n sobre el proceso de cancelaci\u00f3n de la inscripci\u00f3n, consulte su Manual para los miembros o visite <u>www.elderplan.org<\/u>.<\/p>\n\n\n\n<p>Thank you again for choosing Elderplan. If you have any questions or need assistance, please call Member Services at <a href=\"tel:18778916447\" rel=\"noopener\" target=\"_blank\" style=\"white-space: nowrap;\">1-877-891-6447<\/a> (TTY <a href=\"tel:711\" rel=\"noopener\" target=\"_blank\" style=\"white-space: nowrap;\">711<\/a>), 8 a.m. \u2013 8 p.m., 7 days a week.<\/p>\n\n\n\n<div style=\"height:25px\" aria-hidden=\"true\" class=\"wp-block-spacer\"><\/div>\n\n\n\n<h2 class=\"wp-block-heading\" id=\"h-elderplan-inc\"><strong>Elderplan, Inc.<\/strong><\/h2>\n\n\n\n<h3 class=\"wp-block-heading\" id=\"h-aviso-sobre-no-discriminacion-la-discriminacion-es-ilegal\"><strong>Aviso sobre no discriminaci\u00f3n: la discriminaci\u00f3n es ilegal<\/strong><\/h3>\n\n\n\n<p>Elderplan\/HomeFirst cumple con las leyes federales de derechos civiles aplicables y no discrimina por motivos de raza, color, nacionalidad, edad, discapacidad o sexo. Elderplan, Inc. no excluye a las personas ni las trata de manera diferente debido a su raza, color, nacionalidad, edad, discapacidad o sexo.Elderplan\/HomeFirst:<\/p>\n\n\n\n<ul class=\"wp-block-list\">\n<li>Proporciona ayuda y servicios gratuitos a las personas con discapacidades para que se comuniquen de manera efectiva con nosotros, como los siguientes:\n<ul class=\"wp-block-list\">\n<li>Int\u00e9rpretes de lenguaje de se\u00f1as calificados.<\/li>\n\n\n\n<li>Informaci\u00f3n por escrito en otros formatos (letra grande, audio, formatos electr\u00f3nicos accesibles, otros formatos).<\/li>\n<\/ul>\n<\/li>\n\n\n\n<li>Proporciona servicios de idiomas gratuitos a las personas cuyo idioma principal no es el ingl\u00e9s, como los siguientes:<\/li>\n<\/ul>\n\n\n\n<ul class=\"wp-block-list\">\n<li>Int\u00e9rpretes calificados.<\/li>\n\n\n\n<li>Informaci\u00f3n escrita en otros idiomas.<\/li>\n<\/ul>\n\n\n\n<p>Si necesita estos servicios, comun\u00edquese con el coordinador de derechos civiles.\u00a0 Si considera que Elderplan\/HomeFirst no le ha proporcionado estos servicios o lo ha discriminado de otra manera debido a su raza, color, nacionalidad, edad, discapacidad o sexo, puede presentar un reclamo ante el coordinador de derechos civiles:<\/p>\n\n\n\n<p>Civil Rights Coordinator<br>\n55 Water Street 46th Floor, Suite 202<br>\nNew York, NY 10041<\/p>\n\n\n\n<p>Tel\u00e9fono: <a href=\"tel:+18773269978\">1-877-326-9978<\/a>, TTY 711 <br>Fax: <a href=\"tel:+17187593643\">1-718-759-3643<\/a><\/p>\n\n\n\n<p>Puede presentar un reclamo en persona o por correo, tel\u00e9fono o fax. \u00a0Si necesita ayuda para presentar un reclamo, el coordinador de derechos civiles est\u00e1 disponible para ayudarlo.<\/p>\n\n\n\n<p>Tambi\u00e9n puede presentar una queja de derechos civiles ante la \nOficina de Derechos Civiles del Departamento de Salud y Servicios Sociales de los\nEstados\u00a0Unidos, de forma electr\u00f3nica a trav\u00e9s del portal de quejas de la Oficina de Derechos Civiles, disponible en <a href=\"https:\/\/ocrportal.hhs.gov\/ocr\/portal\/lobby.jsf\">https:\/\/ocrportal.hhs.gov\/ocr\/portal\/lobby.jsf<\/a>, o por correo postal o tel\u00e9fono al:<\/p>\n\n\n\n<p>U.S. Department of Health and Human Services<\/p>\n\n\n\n<p>200 Independence Avenue, SW, Room 509F, HHH Building<\/p>\n\n\n\n<p>Washington, D.C. \u00a020201<\/p>\n\n\n\n<p><a href=\"tel:+18003681019\">1-800-368-1019<\/a>, <a href=\"tel:+18005377697\">1-800-537-7697<\/a> (TDD)<\/p>\n\n\n\n<p>Hay formularios de quejas disponibles en <a href=\"http:\/\/www.hhs.gov\/ocr\/office\/file\/index.html\">http:\/\/www.hhs.gov\/ocr\/office\/file\/index.html<\/a>.<\/p>\n\n\n\n<h3 class=\"wp-block-heading\" id=\"h-servicios-de-interpretacion-multilingues\"><strong>Servicios de interpretaci\u00f3n multiling\u00fces<\/strong><\/h3>\n\n\n\n<p>ATTENTION:  If you speak a non-English language or require assistance in ASL, language assistance services, free of charge, are available to you. Llame al <a href=\"tel:+18778916447\">1-877-891-6447<\/a> (TTY: 711).<\/p>\n\n\n\n<p>(Espa\u00f1ol)<\/p>\n\n\n\n<div lang=\"es\">ATENCI\u00d3N: si habla espa\u00f1ol, tiene a su disposici\u00f3n servicios gratuitos de asistencia ling\u00fc\u00edstica. Llame al <a href=\"tel:+18778916447\">1-877-891-6447<\/a> (TTY: 711).<\/div>\n\n\n\n<p>(Chino)<\/p>\n\n\n\n<div lang=\"zh\">\u6ce8\u610f\uff1a\u5982\u679c\u60a8\u4f7f\u7528\u7e41\u9ad4\u4e2d\u6587\uff0c\u60a8\u53ef\u4ee5\u514d\u8cbb\u7372\u5f97\u8a9e\u8a00\u63f4\u52a9\u670d\u52d9\u3002\u8acb\u81f4\u96fb <a href=\"tel:+18778916447\">1-877-891-6447<\/a> (TTY: 711).<\/div>\n\n\n\n<p>(Ruso)<\/p>\n\n\n\n<div lang=\"ru\">\u0412\u041d\u0418\u041c\u0410\u041d\u0418\u0415: \u0415\u0441\u043b\u0438 \u0432\u044b \u0433\u043e\u0432\u043e\u0440\u0438\u0442\u0435 \u043d\u0430 \u0440\u0443\u0441\u0441\u043a\u043e\u043c \u044f\u0437\u044b\u043a\u0435, \u0442\u043e \u0432\u0430\u043c \u0434\u043e\u0441\u0442\u0443\u043f\u043d\u044b \u0431\u0435\u0441\u043f\u043b\u0430\u0442\u043d\u044b\u0435 \u0443\u0441\u043b\u0443\u0433\u0438 \u043f\u0435\u0440\u0435\u0432\u043e\u0434\u0430. \u0417\u0432\u043e\u043d\u0438\u0442\u0435 <a href=\"tel:+18778916447\">1-877-891-6447<\/a> (\u0442\u0435\u043b\u0435\u0442\u0430\u0439\u043f: 711).<\/div>\n\n\n\n<p>(Franc\u00e9s criollo)<\/p>\n\n\n\n<div lang=\"ht\">ATANSYON: Si w pale Krey\u00f2l Ayisyen, gen s\u00e8vis \u00e8d pou lang ki disponib gratis pou ou. Rele <a href=\"tel:+18778916447\">1-877-891-6447<\/a> (TTY: 711).<\/div>\n\n\n\n<p>(Coreano)<\/p>\n\n\n\n<div lang=\"ko\">\uc8fc\uc758: \ud55c\uad6d\uc5b4\ub97c \uc0ac\uc6a9\ud558\uc2dc\ub294 \uacbd\uc6b0, \uc5b8\uc5b4 \uc9c0\uc6d0 \uc11c\ube44\uc2a4\ub97c \ubb34\ub8cc\ub85c \uc774\uc6a9\ud558\uc2e4 \uc218 \uc788\uc2b5\ub2c8\ub2e4. <a href=\"tel:+18778916447\">1-877-891-6447<\/a> (TTY: 711)\ubc88\uc73c\ub85c \uc804\ud654\ud574 \uc8fc\uc2ed\uc2dc\uc624.<\/div>\n\n\n\n<p>(Italiano)<\/p>\n\n\n\n<div lang=\"it\">ATTENZIONE: In caso la lingua parlata sia l\u2019italiano, sono disponibili servizi di assistenza linguistica gratuiti. Chiamare il numero <a href=\"tel:+18778916447\">1-877-891-6447<\/a> (TTY: 711).<\/div>\n\n\n\n<p>(Yidis)<\/p>\n\n\n\n<div lang=\"yi\">\n<p>\u05d0\u05d5\u05d9\u05e4\u05de\u05e2\u05e8\u05e7\u05d6\u05d0\u05dd: \u05d0\u05d5\u05d9\u05d1 \u05d0\u05d9\u05e8 \u05e8\u05e2\u05d3\u05d8 \u05d0\u05d9\u05d3\u05d9\u05e9, \u05d6\u05e2\u05e0\u05e2\u05df \u05e4\u05d0\u05e8\u05d4\u05d0\u05df \u05e4\u05d0\u05e8 \u05d0\u05d9\u05d9\u05da \u05e9\u05e4\u05e8\u05d0\u05da \u05d4\u05d9\u05dc\u05e3 \u05e1\u05e2\u05e8\u05d5\u05d5\u05d9\u05e1\u05e2\u05e1 \u05e4\u05e8\u05d9\u05d9 \u05e4\u05d5\u05df \u05d0\u05e4\u05e6\u05d0\u05dc. \u05e8\u05d5\u05e4\u05d8<\/p>\n<p><a href=\"tel:+18778916447\">1-877-891-6447<\/a> (TTY: 711).<\/p>\n<\/div>\n\n\n\n<p>(Bengal\u00ed)<\/p>\n\n\n\n<div lang=\"bn\">\u09b2\u0995\u09cd\u09b7\u09cd\u09af \u0995\u09b0\u09c1\u09a8\u0983 \u09af\u09a6\u09bf \u0986\u09aa\u09a8\u09bf \u09ac\u09be\u0982\u09b2\u09be, \u0995\u09a5\u09be \u09ac\u09b2\u09a4\u09c7 \u09aa\u09be\u09b0\u09c7\u09a8, \u09a4\u09be\u09b9\u09b2\u09c7 \u09a8\u09bf\u0983\u0996\u09b0\u099a\u09be\u09df \u09ad\u09be\u09b7\u09be \u09b8\u09b9\u09be\u09af\u09bc\u09a4\u09be \u09aa\u09b0\u09bf\u09b7\u09c7\u09ac\u09be \u0989\u09aa\u09b2\u09ac\u09cd\u09a7 \u0986\u099b\u09c7\u0964 \u09ab\u09cb\u09a8 \u0995\u09b0\u09c1\u09a8 <a href=\"tel:+18778916447\">1-877-891-6447<\/a> (TTY: 711)\u0964<\/div>\n\n\n\n<p>(Polaco)<\/p>\n\n\n\n<div lang=\"pl\">UWAGA: Je\u017celi m\u00f3wisz po polsku, mo\u017cesz skorzysta\u0107 z bezp\u0142atnej pomocy j\u0119zykowej. Zadzwo\u0144 pod numer <a href=\"tel:+18778916447\">1-877-891-6447<\/a> (TTY: 711).<\/div>\n\n\n\n<p>(\u00c1rabe)<\/p>\n\n\n\n<div dir=\"rtl\" lang=\"ar\">\u0645\u0644\u062d\u0648\u0638\u0629:\u00a0 \u00a0\u00a0\u0625\u0630\u0627 \u0643\u0646\u062a \u062a\u062a\u062d\u062f\u062b \u0644\u063a\u0629 \u063a\u064a\u0631 \u0627\u0644\u0625\u0646\u062c\u0644\u064a\u0632\u064a\u0629 \u0623\u0648 \u062a\u062d\u062a\u0627\u062c \u0625\u0644\u0649 \u0645\u0633\u0627\u0639\u062f\u0629 \u0641\u064a ASL\u060c \u0641\u0625\u0646 \u062e\u062f\u0645\u0627\u062a \u0627\u0644\u0645\u0633\u0627\u0639\u062f\u0629 \u0627\u0644\u0644\u063a\u0648\u064a\u0629 \u062a\u062a\u0648\u0627\u0641\u0631 \u0644\u0643 \u0645\u062c\u0627\u0646\u0627.\u00a0 \u0627\u062a\u0635\u0644 \u0628\u0631\u0642\u0645 .<a href=\"tel:+18778916447\">1-877-891-6447<\/a> (TTY: 711)<\/div>\n\n\n\n<p>(Franc\u00e9s)<\/p>\n\n\n\n<div lang=\"fr\">ATTENTION: Si vous parlez fran\u00e7ais, des services d\u2019aide linguistique vous sont propos\u00e9s gratuitement. Appelez le <a href=\"tel:+18778916447\">1-877-891-6447<\/a> (ATS: 711).<\/div>\n\n\n\n<p class=\"has-text-align-left\">(Urdu)<\/p>\n\n\n\n<div dir=\"rtl\" lang=\"ur\">\u062e\u0628\u0631\u062f\u0627\u0631: \u0627\u06af\u0631 \u0622\u067e \u0627\u0631\u062f\u0648 \u0628\u0648\u0644\u062a\u06d2 \u06c1\u06cc\u06ba\u060c \u062a\u0648 \u0622\u067e \u06a9\u0648 \u0632\u0628\u0627\u0646 \u06a9\u06cc \u0645\u062f\u062f \u06a9\u06cc \u062e\u062f\u0645\u0627\u062a \u0645\u0641\u062a \u0645\u06cc\u06ba \u062f\u0633\u062a\u06cc\u0627\u0628 \u06c1\u06cc\u06ba \u06d4 \u06a9\u0627\u0644 \u06a9\u0631\u06cc\u06ba (Urdu).<a href=\"tel:+18778916447\">1-877-891-6447<\/a> (TTY: 711)<\/div>\n\n\n\n<p>(Tagalo)<\/p>\n\n\n\n<div lang=\"tl\">PAUNAWA: Kung nagsasalita ka ng Tagalog, maaari kang gumamit ng mga serbisyo ng tulong sa wika nang walang bayad. Tumawag sa <a href=\"tel:+18778916447\">1-877-891-6447<\/a> (TTY: 711).<\/div>\n\n\n\n<p>(Griego)<\/p>\n\n\n\n<div lang=\"el\">\u03a0\u03a1\u039f\u03a3\u039f\u03a7\u0397: \u0391\u03bd \u03bc\u03b9\u03bb\u03ac\u03c4\u03b5 \u03b5\u03bb\u03bb\u03b7\u03bd\u03b9\u03ba\u03ac, \u03c3\u03c4\u03b7 \u03b4\u03b9\u03ac\u03b8\u03b5\u03c3\u03ae \u03c3\u03b1\u03c2 \u03b2\u03c1\u03af\u03c3\u03ba\u03bf\u03bd\u03c4\u03b1\u03b9 \u03c5\u03c0\u03b7\u03c1\u03b5\u03c3\u03af\u03b5\u03c2 \u03b3\u03bb\u03c9\u03c3\u03c3\u03b9\u03ba\u03ae\u03c2 \u03c5\u03c0\u03bf\u03c3\u03c4\u03ae\u03c1\u03b9\u03be\u03b7\u03c2, \u03bf\u03b9 \u03bf\u03c0\u03bf\u03af\u03b5\u03c2 \u03c0\u03b1\u03c1\u03ad\u03c7\u03bf\u03bd\u03c4\u03b1\u03b9 \u03b4\u03c9\u03c1\u03b5\u03ac\u03bd. \u039a\u03b1\u03bb\u03ad\u03c3\u03c4\u03b5 <a href=\"tel:+18778916447\">1-877-891-6447<\/a> (TTY: 711).<\/div>\n\n\n\n<p>(Alban\u00e9s)<\/p>\n\n\n\n<div lang=\"sq\">KUJDES: N\u00ebse flitni shqip, p\u00ebr ju ka n\u00eb dispozicion sh\u00ebrbime t\u00eb asistenc\u00ebs gjuh\u00ebsore, pa pages\u00eb. Telefononi n\u00eb <a href=\"tel:+18778916447\">1-877-891-6447<\/a> (TTY: 711).<\/div>\n<\/div>\n\n\n\n<div class=\"wp-block-column is-layout-flow wp-block-column-is-layout-flow\" style=\"flex-basis:33.33%\">\n<h3 class=\"wp-block-heading\"><strong>Comun\u00edquese con Servicios para los Miembros<\/strong><\/h3>\n\n\n\n<p>Si es un miembro de Elderplan y tiene preguntas o inquietudes, no dude en ponerse en contacto con Servicios para los Miembros de Elderplan al\u00a0<a href=\"http:\/\/1-800-353-3765\/\">1-800-353-3765<\/a>\u00a0[<a href=\"tel:711\" rel=\"noreferrer noopener\" target=\"_blank\">TTY: 711<\/a>], de 8\u00a0a.m. a 8\u00a0p.m., los siete d\u00edas de la semana.<\/p>\n\n\n\n<p>Para obtener m\u00e1s informaci\u00f3n sobre c\u00f3mo puede comunicarse con nosotros, visite nuestra\u00a0<a href=\"\/es\/about-us\/contact-elderplan\/member-services\/\">p\u00e1gina de Servicios para los Miembros.<\/a><\/p>\n\n\n\n<h3 class=\"wp-block-heading\">\u00bfQuiere ser miembro de Elderplan?<\/h3>\n\n\n\n<p>Llame a nuestro Centro de atenci\u00f3n telef\u00f3nica para inscripciones al<br><strong><a href=\"tel:7663601934\">1-866-360-1934<\/a>\u00a0[<a href=\"tel:711\">TTY: 711]<\/a><\/strong><br>de 8:00\u00a0a.m. a 8:00\u00a0p.m., los 7\u00a0d\u00edas de la semana, o\u00a0<a href=\"\/es\/enroll\/\">inscr\u00edbase en l\u00ednea.<\/a><\/p>\n<\/div>\n<\/div>\n\n\n\n<div class=\"wp-block-columns vc_row wpb_row vc_row-fluid lfi-full-row vc_custom_1660068779200 vc_row-has-fill is-layout-flex wp-container-core-columns-is-layout-9d6595d7 wp-block-columns-is-layout-flex\">\n<div class=\"wp-block-column is-layout-flow wp-block-column-is-layout-flow\">\n<h2 class=\"wp-block-heading has-text-align-center\" id=\"h-buscando-information\">\u00bfBuscando informati\u00f3n\uff1f<\/h2>\n\n\n\n<div class=\"wp-block-buttons is-content-justification-center is-nowrap is-layout-flex wp-container-core-buttons-is-layout-1fb9aab6 wp-block-buttons-is-layout-flex\">\n<div class=\"wp-block-button has-custom-width wp-block-button__width-25 is-style-outline is-style-outline--2\"><a class=\"wp-block-button__link wp-element-button\" href=\"https:\/\/elderplan.providerlenz.com\/home\">Encuentre un proveedor<\/a><\/div>\n\n\n\n<div class=\"wp-block-button has-custom-width wp-block-button__width-25 is-style-outline is-style-outline--3\"><a class=\"wp-block-button__link wp-element-button\" href=\"https:\/\/www.medicareplanrx.com\/jccf\/elderplan_medd_es_pharmacy_26.html\">Encuentre una farmacia<\/a><\/div>\n\n\n\n<div class=\"wp-block-button has-custom-width wp-block-button__width-25 is-style-outline is-style-outline--4\"><a class=\"wp-block-button__link wp-element-button\" href=\"https:\/\/www.yourdentalplan.com\/dentistsearch39\" target=\"_blank\" rel=\"noreferrer noopener\">Encuentre un dentista<\/a><\/div>\n<\/div>\n\n\n\n<div class=\"wp-block-buttons is-content-justification-center is-nowrap is-layout-flex wp-container-core-buttons-is-layout-1fb9aab6 wp-block-buttons-is-layout-flex\">\n<div class=\"wp-block-button has-custom-width wp-block-button__width-25 is-style-outline is-style-outline--5\"><a class=\"wp-block-button__link wp-element-button\" href=\"\/es\/member-benefits\/elderplan-benefits\/prescription-drugs\/\">Encuentre un medicamento<\/a><\/div>\n\n\n\n<div class=\"wp-block-button has-custom-width wp-block-button__width-25 is-style-outline is-style-outline--6\"><a class=\"wp-block-button__link wp-element-button\" href=\"\/es\/medicare-advantage-plan-options\/plan-materials\/find-a-form\/\">Encuentre un formulario<\/a><\/div>\n\n\n\n<div class=\"wp-block-button has-custom-width wp-block-button__width-25 is-style-outline is-style-outline--7\"><a class=\"wp-block-button__link wp-element-button\" href=\"\/files\/elderplan-broad-vaccine-network-vaccine-pharmacy-directory_updated_06012022_spa_accessible\/\">Lista de farmacias con vacunas contra la gripe<\/a><\/div>\n<\/div>\n<\/div>\n<\/div>\n<\/section>","protected":false},"excerpt":{"rendered":"<p>Elderplan se enorgullece de tenerlo como miembro y espera poder atenderlo durante mucho tiempo en el futuro. Sin embargo, todos los a\u00f1os debemos proporcionarle a nuestros miembros el siguiente aviso [&hellip;]<\/p>\n","protected":false},"author":1,"featured_media":0,"parent":0,"menu_order":22,"comment_status":"closed","ping_status":"closed","template":"","meta":{"_acf_changed":false,"footnotes":""},"categories":[],"class_list":["post-117","page","type-page","status-publish","hentry"],"translation":{"provider":"WPGlobus","version":"3.0.2","language":"es","enabled_languages":["en","es","zh"],"languages":{"en":{"title":true,"content":true,"excerpt":false},"es":{"title":true,"content":true,"excerpt":false},"zh":{"title":true,"content":false,"excerpt":false}}},"acf":[],"jetpack_sharing_enabled":true,"publishpress_future_action":{"enabled":false,"date":"2026-04-23 03:31:09","action":"change-status","newStatus":"draft","terms":[],"taxonomy":"category","extraData":[]},"publishpress_future_workflow_manual_trigger":{"enabledWorkflows":[]},"_links":{"self":[{"href":"https:\/\/www.elderplan.org\/es\/wp-json\/wp\/v2\/pages\/117","targetHints":{"allow":["GET"]}}],"collection":[{"href":"https:\/\/www.elderplan.org\/es\/wp-json\/wp\/v2\/pages"}],"about":[{"href":"https:\/\/www.elderplan.org\/es\/wp-json\/wp\/v2\/types\/page"}],"author":[{"embeddable":true,"href":"https:\/\/www.elderplan.org\/es\/wp-json\/wp\/v2\/users\/1"}],"replies":[{"embeddable":true,"href":"https:\/\/www.elderplan.org\/es\/wp-json\/wp\/v2\/comments?post=117"}],"version-history":[{"count":0,"href":"https:\/\/www.elderplan.org\/es\/wp-json\/wp\/v2\/pages\/117\/revisions"}],"wp:attachment":[{"href":"https:\/\/www.elderplan.org\/es\/wp-json\/wp\/v2\/media?parent=117"}],"wp:term":[{"taxonomy":"category","embeddable":true,"href":"https:\/\/www.elderplan.org\/es\/wp-json\/wp\/v2\/categories?post=117"}],"curies":[{"name":"wp","href":"https:\/\/api.w.org\/{rel}","templated":true}]}}