{"id":12145,"date":"2021-04-12T17:20:30","date_gmt":"2021-04-12T17:20:30","guid":{"rendered":"https:\/\/www.elderplan.org\/?page_id=12145"},"modified":"2024-11-14T12:12:57","modified_gmt":"2024-11-14T17:12:57","slug":"anytime","status":"publish","type":"page","link":"https:\/\/www.elderplan.org\/es\/member-benefits\/member-to-member-community\/events-activities\/anytime\/","title":{"rendered":"\u00a1Haga ejercicio en cualquier momento!"},"content":{"rendered":"\n<div class=\"wp-block-columns is-layout-flex wp-container-core-columns-is-layout-9d6595d7 wp-block-columns-is-layout-flex\">\n<div class=\"wp-block-column padding-interior is-layout-flow wp-block-column-is-layout-flow\">\n<h3 class=\"wp-block-heading\" id=\"h-explore-nuestra-biblioteca-de-videos-pregrabados\">Explore nuestra biblioteca de videos pregrabados<\/h3>\n\n\n\n<div class=\"wp-block-columns is-layout-flex wp-container-core-columns-is-layout-9d6595d7 wp-block-columns-is-layout-flex\">\n<div class=\"wp-block-column is-layout-flow wp-block-column-is-layout-flow\">\n<h3 class=\"wp-block-heading\">\u00a1Meditaci\u00f3n en cualquier momento!<\/h3>\n\n\n\n<p><a href=\"https:\/\/soundcloud.com\/diane-yeo\/guided-meditation-by-diane-yeo\" rel=\"noreferrer noopener\" target=\"_blank\">Conexi\u00f3n con la calma interior<\/a><\/p>\n\n\n\n<p><a href=\"https:\/\/soundcloud.com\/diane-yeo\/gratitude-diane-yeo-meditation\" rel=\"noreferrer noopener\" target=\"_blank\">Gratitud<\/a><\/p>\n\n\n\n<p><a href=\"https:\/\/soundcloud.com\/diane-yeo\/guided-meditation-power-of-the-breath-10-minute\" rel=\"noreferrer noopener\" target=\"_blank\">El poder de la respiraci\u00f3n<\/a><\/p>\n\n\n\n<p><a href=\"https:\/\/soundcloud.com\/tarabrach\/vipassana-basic-mindfulness?in=tarabrach\/sets\/guided-meditations\" rel=\"noreferrer noopener\" target=\"_blank\">Vipassana (atenci\u00f3n plena b\u00e1sica)<\/a><\/p>\n\n\n\n<p><a href=\"https:\/\/soundcloud.com\/tarabrach\/meditation-letting-life-be-just-as-it-is-tarabrach-2015-04-22?in=tarabrach\/sets\/guided-meditations\" rel=\"noreferrer noopener\" target=\"_blank\">Dejar que la vida fluya<\/a><\/p>\n\n\n\n<p><a href=\"https:\/\/soundcloud.com\/tarabrach\/guided-meditation-letting-in?in=tarabrach\/sets\/guided-meditations\" rel=\"noreferrer noopener\" target=\"_blank\">Dejar entrar al amor en nuestras vidas<\/a><\/p>\n\n\n\n<p><a href=\"https:\/\/soundcloud.com\/tarabrach\/meditation-awake-and-alive?in=tarabrach\/sets\/guided-meditations\" rel=\"noreferrer noopener\" target=\"_blank\">Despiertos y vivos<\/a><\/p>\n\n\n\n<p><a href=\"https:\/\/soundcloud.com\/davidji\/accepting-this-moment-guided-meditation\" rel=\"noreferrer noopener\" target=\"_blank\">Aceptar el momento<\/a><\/p>\n\n\n\n<p><a href=\"https:\/\/soundcloud.com\/davidji\/soothing-healing-love-guided-meditation\" rel=\"noreferrer noopener\" target=\"_blank\">Amor reconfortante y sanador<\/a><\/p>\n<\/div>\n\n\n\n<div class=\"wp-block-column is-layout-flow wp-block-column-is-layout-flow\">\n<h3 class=\"wp-block-heading\">Yoga en cualquier momento<\/h3>\n\n\n\n<p><a href=\"https:\/\/www.youtube.com\/watch?v=pcMKD3RcCkQ\" rel=\"noreferrer noopener\" target=\"_blank\">Yoga para principiantes: parte&nbsp;1<\/a><\/p>\n\n\n\n<p><a href=\"https:\/\/www.youtube.com\/watch?v=udyCS6pLKPA\" rel=\"noreferrer noopener\" target=\"_blank\">Yoga para principiantes: parte&nbsp;2<\/a><\/p>\n\n\n\n<p><a href=\"https:\/\/www.youtube.com\/watch?v=OAqaU_b-T7U\" rel=\"noreferrer noopener\" target=\"_blank\">Yoga suave<\/a><\/p>\n\n\n\n<p><a href=\"https:\/\/www.youtube.com\/watch?v=eD81LoQqLs4\" rel=\"noreferrer noopener\" target=\"_blank\">Yoga en silla<\/a><\/p>\n\n\n\n<p><a href=\"https:\/\/www.youtube.com\/watch?v=3faVOVNf284\" rel=\"noreferrer noopener\" target=\"_blank\">Yoga para un envejecimiento din\u00e1mico<\/a><\/p>\n\n\n\n<p><a href=\"https:\/\/www.youtube.com\/watch?v=Cv6VJUB-9j4\" rel=\"noreferrer noopener\" target=\"_blank\">Yoga para combatir la ansiedad: principiantes<\/a><\/p>\n\n\n\n<p><a href=\"https:\/\/www.youtube.com\/watch?v=ZFne43AHpsI\" rel=\"noreferrer noopener\" target=\"_blank\">Yoga para combatir la ansiedad: episodio&nbsp;1<\/a><\/p>\n\n\n\n<p><a href=\"https:\/\/www.youtube.com\/watch?v=V0X5qUsC2H4\" rel=\"noreferrer noopener\" target=\"_blank\">Yoga para combatir la ansiedad: episodio&nbsp;2<\/a><\/p>\n\n\n\n<p><a href=\"https:\/\/www.youtube.com\/watch?v=wMI_WJFZYuI\" rel=\"noreferrer noopener\" target=\"_blank\">Yoga para combatir la ansiedad: episodio&nbsp;3<\/a><\/p>\n\n\n\n<p><a href=\"https:\/\/www.youtube.com\/watch?v=xir84rvstQg\" rel=\"noreferrer noopener\" target=\"_blank\">Yoga para combatir la ansiedad: episodio&nbsp;4<\/a><\/p>\n\n\n\n<p><a href=\"https:\/\/www.youtube.com\/watch?v=TniFATJGcNQ\" rel=\"noreferrer noopener\" target=\"_blank\">Yoga para combatir la ansiedad: episodio&nbsp;5<\/a><\/p>\n\n\n\n<p><a href=\"https:\/\/www.youtube.com\/watch?v=HlMxSEJ7Mc0\" rel=\"noreferrer noopener\" target=\"_blank\">Yoga para combatir la ansiedad: episodio&nbsp;6<\/a><\/p>\n\n\n\n<p><a href=\"https:\/\/www.youtube.com\/watch?v=symsBU2-0Oc\" rel=\"noreferrer noopener\" target=\"_blank\">Yoga para una mayor fuerza y flexibilidad<\/a><\/p>\n<\/div>\n\n\n\n<div class=\"wp-block-column is-layout-flow wp-block-column-is-layout-flow\">\n<h3 class=\"wp-block-heading\">Baila en cualquier momento<\/h3>\n\n\n\n<p><a href=\"https:\/\/www.youtube.com\/watch?v=m00izUQGAlA\" rel=\"noreferrer noopener\" target=\"_blank\">Ballet<\/a><\/p>\n\n\n\n<p><a href=\"https:\/\/www.youtube.com\/watch?v=-2I4CvLvGkE\" rel=\"noreferrer noopener\" target=\"_blank\">Tap<\/a><\/p>\n\n\n\n<p><a href=\"https:\/\/www.youtube.com\/watch?v=8Qd_K4CNA-M\" rel=\"noreferrer noopener\" target=\"_blank\">Jazz<\/a><\/p>\n\n\n\n<p><a href=\"https:\/\/www.youtube.com\/watch?v=rfQuWCsmprQ\" rel=\"noreferrer noopener\" target=\"_blank\">Baile nivel intermedio<\/a><\/p>\n\n\n\n<p><a href=\"https:\/\/www.youtube.com\/watch?v=0BH2ec1w-9Q\" rel=\"noreferrer noopener\" target=\"_blank\">JustDance tranquilo<\/a><\/p>\n\n\n\n<p><a href=\"https:\/\/www.youtube.com\/watch?v=rn1r39YHfrE\" rel=\"noreferrer noopener\" target=\"_blank\">Ejercicios aer\u00f3bicos Gold de acondicionamiento f\u00edsico con baile para adultos mayores<\/a><\/p>\n\n\n\n<p><a href=\"https:\/\/www.youtube.com\/watch?v=u6t3uu_0Y0I\" rel=\"noreferrer noopener\" target=\"_blank\">Acondicionamiento f\u00edsico con baile de bajo impacto y con m\u00fasica de los a\u00f1os&nbsp;70<\/a><\/p>\n\n\n\n<p><a href=\"https:\/\/www.youtube.com\/watch?v=u2cEehRvh8w\" rel=\"noreferrer noopener\" target=\"_blank\">Ejercicios aer\u00f3bicos de bajo impacto con baile y acondicionamiento f\u00edsico<\/a><\/p>\n\n\n\n<p><a href=\"https:\/\/www.youtube.com\/watch?v=rtYF_kw8ZJo\" rel=\"noreferrer noopener\" target=\"_blank\">Acondicionamiento f\u00edsico de bajo impacto con baile de m\u00fasica pop<\/a><\/p>\n\n\n\n<p><a href=\"https:\/\/www.youtube.com\/watch?v=LpC4FIzuapk\" rel=\"noreferrer noopener\" target=\"_blank\">Acondicionamiento f\u00edsico de bajo impacto con baile de m\u00fasica country<\/a><\/p>\n\n\n\n<p><a href=\"https:\/\/www.youtube.com\/watch?v=B8XyYqC0CQo\" rel=\"noreferrer noopener\" target=\"_blank\">Acondicionamiento f\u00edsico con baile latino: parte&nbsp;1<\/a><\/p>\n\n\n\n<p><a href=\"https:\/\/www.youtube.com\/watch?v=5flcXDbqvf0\" rel=\"noreferrer noopener\" target=\"_blank\">Acondicionamiento f\u00edsico con baile latino: parte&nbsp;2<\/a><\/p>\n\n\n\n<p><a href=\"https:\/\/www.youtube.com\/watch?v=Esu3vstQqDU\" rel=\"noreferrer noopener\" target=\"_blank\">Fiesta de ejercicio Gold con baile en silla para adultos mayores<\/a><\/p>\n\n\n\n<p><a href=\"https:\/\/www.youtube.com\/watch?v=uZXQuqPnp8g\" rel=\"noreferrer noopener\" target=\"_blank\">Baile en l\u00ednea para adultos mayores y principiantes<\/a><\/p>\n\n\n\n<p><a href=\"https:\/\/www.youtube.com\/watch?v=pm2KuAaRza8\" rel=\"noreferrer noopener\" target=\"_blank\">Caminata con ritmo para adultos mayores<\/a><\/p>\n<\/div>\n<\/div>\n\n\n\n<div class=\"wp-block-columns is-layout-flex wp-container-core-columns-is-layout-9d6595d7 wp-block-columns-is-layout-flex\">\n<div class=\"wp-block-column is-layout-flow wp-block-column-is-layout-flow\">\n<h3 class=\"wp-block-heading\">\u00a1Acondicionamiento f\u00edsico en cualquier momento!<\/h3>\n\n\n\n<p><a href=\"https:\/\/www.youtube.com\/watch?v=symsBU2-0Oc\" rel=\"noreferrer noopener\" target=\"_blank\">Fuerza y flexibilidad<\/a><\/p>\n\n\n\n<p><a href=\"https:\/\/www.youtube.com\/watch?v=_cpfjslcTjs\" rel=\"noreferrer noopener\" target=\"_blank\">Taich\u00ed nivel intermedio (Samuel)<\/a><\/p>\n\n\n\n<p><a href=\"https:\/\/www.youtube.com\/watch?v=W4bVMrX-oSY\" rel=\"noreferrer noopener\" target=\"_blank\">Cardio para principiantes (Beth)<\/a><\/p>\n\n\n\n<p><a href=\"https:\/\/www.youtube.com\/watch?v=cuJdjramtro\" rel=\"noreferrer noopener\" target=\"_blank\">Flexibilidad y equilibrio para principiantes (June)<\/a><\/p>\n\n\n\n<p><a href=\"https:\/\/www.youtube.com\/watch?v=UkgzM3OnA_o\" rel=\"noreferrer noopener\" target=\"_blank\">Taich\u00ed nivel intermedio (Carl)<\/a><\/p>\n\n\n\n<p><a href=\"https:\/\/www.youtube.com\/watch?v=ecfN0pMnz1g\" rel=\"noreferrer noopener\" target=\"_blank\">Flexibilidad y equilibrio para principiantes (DeDe)<\/a><\/p>\n\n\n\n<p><a href=\"https:\/\/www.youtube.com\/watch?v=IG_36ThgQc0\" rel=\"noreferrer noopener\" target=\"_blank\">Cardio nivel intermedio<\/a><\/p>\n\n\n\n<p><a href=\"https:\/\/www.youtube.com\/watch?v=BGoLJSDqwH8\" rel=\"noreferrer noopener\" target=\"_blank\">Formato mixto para principiantes<\/a><\/p>\n<\/div>\n\n\n\n<div class=\"wp-block-column is-layout-flow wp-block-column-is-layout-flow\">\n<h3 class=\"wp-block-heading\">\u00a1Ejercicios aer\u00f3bicos en cualquier momento!<\/h3>\n\n\n\n<p><a href=\"https:\/\/www.youtube.com\/watch?v=ESv4ihdy2t8&amp;list=PLtsI75sX49xo9biFLmogk5GoSHv05JVfS\" rel=\"noreferrer noopener\" target=\"_blank\">Calentamiento con zumba (4&nbsp;min.)<\/a><\/p>\n\n\n\n<p><a href=\"https:\/\/www.youtube.com\/watch?v=WYdJHpQL8-k\" rel=\"noreferrer noopener\" target=\"_blank\">Cardio con zumba (30&nbsp;min.)<\/a><\/p>\n\n\n\n<p><a href=\"https:\/\/www.youtube.com\/watch?v=REi7Uy0ddrU&amp;list=PLtsI75sX49xo9biFLmogk5GoSHv05JVfS\" rel=\"noreferrer noopener\" target=\"_blank\">Ejercicios para tonificar con zumba (30&nbsp;min.)<\/a><\/p>\n\n\n\n<p><a href=\"https:\/\/www.youtube.com\/watch?v=wfOB8fXqVZI&amp;list=PLtsI75sX49xo9biFLmogk5GoSHv05JVfS\" rel=\"noreferrer noopener\" target=\"_blank\">Zumba con pesas (40&nbsp;min.)<\/a><\/p>\n\n\n\n<p><a href=\"https:\/\/www.youtube.com\/watch?v=CXVR88faefw\" rel=\"noreferrer noopener\" target=\"_blank\">Zumba para moverse y estimular el sistema inmunitario<\/a><\/p>\n\n\n\n<p><a href=\"https:\/\/www.youtube.com\/watch?v=PAGQfOXq7Dg\" rel=\"noreferrer noopener\" target=\"_blank\">Cardio aer\u00f3bico de bajo impacto<\/a><\/p>\n\n\n\n<p><a href=\"https:\/\/www.youtube.com\/watch?v=6bmF3a_-Dso\" rel=\"noreferrer noopener\" target=\"_blank\">Clase de zumba para adultos mayores (45&nbsp;min.)<\/a><\/p>\n\n\n\n<p><a href=\"https:\/\/www.youtube.com\/watch?v=ZEbt2JrUJpM\" rel=\"noreferrer noopener\" target=\"_blank\">Ejercicios aer\u00f3bicos en silla<\/a><\/p>\n\n\n\n<p><a href=\"https:\/\/www.youtube.com\/watch?v=u35SwITpax0\" rel=\"noreferrer noopener\" target=\"_blank\">Entrenamiento con ejercicios aer\u00f3bicos de bajo impacto para quemar grasas<\/a><\/p>\n<\/div>\n\n\n\n<div class=\"wp-block-column is-layout-flow wp-block-column-is-layout-flow\"><\/div>\n<\/div>\n\n\n\n<hr class=\"wp-block-separator has-alpha-channel-opacity vc_separator\"\/>\n\n\n\n<div class=\"wp-block-buttons is-layout-flex wp-block-buttons-is-layout-flex\">\n<div class=\"wp-block-button\"><a class=\"wp-block-button__link wp-element-button\" href=\"\/es\/member-benefits\/member-to-member-community\/events-activities\/\">Volver a los eventos en vivo<\/a><\/div>\n<\/div>\n<\/div>\n<\/div>\n","protected":false},"excerpt":{"rendered":"<p>Explore nuestra biblioteca de videos pregrabados \u00a1Meditaci\u00f3n en cualquier momento! Conexi\u00f3n con la calma interior Gratitud El poder de la respiraci\u00f3n Vipassana (atenci\u00f3n plena b\u00e1sica) Dejar que la vida fluya [&hellip;]<\/p>\n","protected":false},"author":1,"featured_media":0,"parent":12141,"menu_order":0,"comment_status":"closed","ping_status":"closed","template":"","meta":{"_acf_changed":false,"footnotes":""},"categories":[],"class_list":["post-12145","page","type-page","status-publish","hentry"],"translation":{"provider":"WPGlobus","version":"3.0.2","language":"es","enabled_languages":["en","es","zh"],"languages":{"en":{"title":true,"content":true,"excerpt":false},"es":{"title":true,"content":true,"excerpt":false},"zh":{"title":false,"content":false,"excerpt":false}}},"acf":[],"jetpack_sharing_enabled":true,"publishpress_future_action":{"enabled":false,"date":"2026-04-11 03:22:29","action":"change-status","newStatus":"draft","terms":[],"taxonomy":"category","extraData":[]},"publishpress_future_workflow_manual_trigger":{"enabledWorkflows":[]},"_links":{"self":[{"href":"https:\/\/www.elderplan.org\/es\/wp-json\/wp\/v2\/pages\/12145","targetHints":{"allow":["GET"]}}],"collection":[{"href":"https:\/\/www.elderplan.org\/es\/wp-json\/wp\/v2\/pages"}],"about":[{"href":"https:\/\/www.elderplan.org\/es\/wp-json\/wp\/v2\/types\/page"}],"author":[{"embeddable":true,"href":"https:\/\/www.elderplan.org\/es\/wp-json\/wp\/v2\/users\/1"}],"replies":[{"embeddable":true,"href":"https:\/\/www.elderplan.org\/es\/wp-json\/wp\/v2\/comments?post=12145"}],"version-history":[{"count":0,"href":"https:\/\/www.elderplan.org\/es\/wp-json\/wp\/v2\/pages\/12145\/revisions"}],"up":[{"embeddable":true,"href":"https:\/\/www.elderplan.org\/es\/wp-json\/wp\/v2\/pages\/12141"}],"wp:attachment":[{"href":"https:\/\/www.elderplan.org\/es\/wp-json\/wp\/v2\/media?parent=12145"}],"wp:term":[{"taxonomy":"category","embeddable":true,"href":"https:\/\/www.elderplan.org\/es\/wp-json\/wp\/v2\/categories?post=12145"}],"curies":[{"name":"wp","href":"https:\/\/api.w.org\/{rel}","templated":true}]}}