{"id":12150,"date":"2021-04-12T17:21:56","date_gmt":"2021-04-12T17:21:56","guid":{"rendered":"https:\/\/www.elderplan.org\/?page_id=12150"},"modified":"2024-11-14T12:10:50","modified_gmt":"2024-11-14T17:10:50","slug":"community-guidelines","status":"publish","type":"page","link":"https:\/\/www.elderplan.org\/es\/member-benefits\/member-to-member-community\/community-guidelines\/","title":{"rendered":"Pautas de la Comunidad Member-to-Member"},"content":{"rendered":"\n<div class=\"wp-block-columns padding-interior is-layout-flex wp-container-core-columns-is-layout-9d6595d7 wp-block-columns-is-layout-flex\">\n<div class=\"wp-block-column is-layout-flow wp-block-column-is-layout-flow\" style=\"flex-basis:66.66%\">\n<h2 class=\"wp-block-heading\" id=\"h-nuestro-objetivo-es-conectarlo-con-otros-miembros-y-garantizar-que-todos-se-sientan-seguros-valorados-y-apoyados\">Nuestro objetivo es conectarlo con otros miembros y garantizar que todos se sientan seguros, valorados y apoyados.<\/h2>\n\n\n\n<p>Por eso, tenemos algunas pautas para que siga mientras interact\u00fae con otros miembros de nuestra comunidad.<\/p>\n\n\n\n<hr class=\"wp-block-separator has-alpha-channel-opacity vc_separator\">\n\n\n\n<h3 class=\"wp-block-heading\" id=\"h-sea-amable\">Sea amable.<\/h3>\n\n\n\n<p>Todas las comunicaciones entre los miembros se deben realizar con amabilidad y respeto. Las diferencias de opini\u00f3n son aceptables; los ataques personales, no. No se tolerar\u00e1n comentarios que sean violentos, amenazadores, abusivos, sexualmente expl\u00edcitos, obscenos, ofensivos, hirientes, despectivos ni que sean inadmisibles en t\u00e9rminos raciales, \u00e9tnicos o por otro motivo.<\/p>\n\n\n\n<hr class=\"wp-block-separator has-alpha-channel-opacity vc_separator\">\n\n\n\n<h3 class=\"wp-block-heading\" id=\"h-sea-respetuoso\">Sea respetuoso.<\/h3>\n\n\n\n<p>La informaci\u00f3n que elija compartir depende de usted, pero no est\u00e1 protegida por la HIPAA. Si otro miembro le conf\u00eda su informaci\u00f3n personal, no la comparta en foros p\u00fablicos ni con otros miembros. En pocas palabras, recuerde respetar la privacidad de todos.<\/p>\n\n\n\n<hr class=\"wp-block-separator has-alpha-channel-opacity vc_separator\">\n\n\n\n<h3 class=\"wp-block-heading\" id=\"h-participe-activamente\">Participe activamente.<\/h3>\n\n\n\n<p>Esperamos que aproveche al m\u00e1ximo el programa participando en actividades grupales y en conversaciones individuales. En alg\u00fan momento, es posible que se le realice una encuesta telef\u00f3nica en la que se le solicite que brinde sus comentarios. Tambi\u00e9n queremos animarlo a que nos llame y nos brinde sus comentarios y sugerencias sobre cualquiera de los programas ofrecidos o sobre alguno que desee que ofrezcamos. Utilizaremos esta informaci\u00f3n a modo de ayuda para realizar mejoras en nuestro programa.<\/p>\n\n\n\n<hr class=\"wp-block-separator has-alpha-channel-opacity vc_separator\">\n\n\n\n<h3 class=\"wp-block-heading\" id=\"h-tenga-en-cuenta-lo-siguiente\">Tenga en cuenta lo siguiente.<\/h3>\n\n\n\n<p>No se permitir\u00e1 ning\u00fan tipo de petici\u00f3n.<\/p>\n\n\n\n<hr class=\"wp-block-separator has-alpha-channel-opacity vc_separator\">\n\n\n\n<p><em>Si infringe estas pautas, se pondr\u00e1 fin a su participaci\u00f3n en el programa Member-to-Member.<\/em><\/p>\n<\/div>\n\n\n\n<div class=\"wp-block-column is-layout-flow wp-block-column-is-layout-flow\" style=\"flex-basis:33.33%\">\n<figure class=\"wp-block-image size-large\"><img loading=\"lazy\" decoding=\"async\" width=\"600\" height=\"400\" src=\"https:\/\/elderplan.imgix.net\/2021\/04\/iStock-1180524506_RF.jpg?fm=pjpg\" alt=\"Woman watching live event on phone\" class=\"wp-image-12151\" srcset=\"https:\/\/elderplan.imgix.net\/2021\/04\/iStock-1180524506_RF.jpg?fit=scale&amp;fm=pjpg&amp;h=853&amp;w=1280 1280w, https:\/\/elderplan.imgix.net\/2021\/04\/iStock-1180524506_RF.jpg?fit=scale&amp;fm=pjpg&amp;h=1024&amp;w=1536 1536w, https:\/\/elderplan.imgix.net\/2021\/04\/iStock-1180524506_RF.jpg?fit=scale&amp;fm=pjpg&amp;h=1365&amp;w=2048 2048w, https:\/\/elderplan.imgix.net\/2021\/04\/iStock-1180524506_RF.jpg?fm=pjpg 600w\" sizes=\"auto, (max-width: 600px) 100vw, 600px\"><\/figure>\n\n\n\n<h3 class=\"wp-block-heading\"><strong>\u00bfEst\u00e1 listo para unirse a nuestra comunidad?<\/strong><\/h3>\n\n\n\n<p>Complete la solicitud del programa Member-to-Member<br><a href=\"\/es\/member-benefits\/member-to-member-community\/join\/\">en l\u00ednea<\/a>\u00a0ahora.<\/p>\n\n\n\n<hr class=\"wp-block-separator has-alpha-channel-opacity vc_separator\">\n\n\n\n<p>\u00bfA\u00fan no es miembro de Elderplan\/HomeFirst?<br><a href=\"\/es\/enroll\/\" target=\"_blank\" rel=\"noreferrer noopener\">Obtenga informaci\u00f3n sobre c\u00f3mo convertirse en miembro.<\/a><\/p>\n<\/div>\n<\/div>\n","protected":false},"excerpt":{"rendered":"<p>Nuestro objetivo es conectarlo con otros miembros y garantizar que todos se sientan seguros, valorados y apoyados. Por eso, tenemos algunas pautas para que siga mientras interact\u00fae con otros miembros [&hellip;]<\/p>\n","protected":false},"author":1,"featured_media":0,"parent":12136,"menu_order":2,"comment_status":"closed","ping_status":"closed","template":"","meta":{"_acf_changed":false,"footnotes":""},"categories":[],"class_list":["post-12150","page","type-page","status-publish","hentry"],"translation":{"provider":"WPGlobus","version":"3.0.2","language":"es","enabled_languages":["en","es","zh"],"languages":{"en":{"title":true,"content":true,"excerpt":false},"es":{"title":true,"content":true,"excerpt":false},"zh":{"title":true,"content":true,"excerpt":false}}},"acf":[],"jetpack_sharing_enabled":true,"publishpress_future_action":{"enabled":false,"date":"2026-05-23 02:01:42","action":"change-status","newStatus":"draft","terms":[],"taxonomy":"category","extraData":[]},"publishpress_future_workflow_manual_trigger":{"enabledWorkflows":[]},"_links":{"self":[{"href":"https:\/\/www.elderplan.org\/es\/wp-json\/wp\/v2\/pages\/12150","targetHints":{"allow":["GET"]}}],"collection":[{"href":"https:\/\/www.elderplan.org\/es\/wp-json\/wp\/v2\/pages"}],"about":[{"href":"https:\/\/www.elderplan.org\/es\/wp-json\/wp\/v2\/types\/page"}],"author":[{"embeddable":true,"href":"https:\/\/www.elderplan.org\/es\/wp-json\/wp\/v2\/users\/1"}],"replies":[{"embeddable":true,"href":"https:\/\/www.elderplan.org\/es\/wp-json\/wp\/v2\/comments?post=12150"}],"version-history":[{"count":0,"href":"https:\/\/www.elderplan.org\/es\/wp-json\/wp\/v2\/pages\/12150\/revisions"}],"up":[{"embeddable":true,"href":"https:\/\/www.elderplan.org\/es\/wp-json\/wp\/v2\/pages\/12136"}],"wp:attachment":[{"href":"https:\/\/www.elderplan.org\/es\/wp-json\/wp\/v2\/media?parent=12150"}],"wp:term":[{"taxonomy":"category","embeddable":true,"href":"https:\/\/www.elderplan.org\/es\/wp-json\/wp\/v2\/categories?post=12150"}],"curies":[{"name":"wp","href":"https:\/\/api.w.org\/{rel}","templated":true}]}}