{"id":14968,"date":"2022-04-18T09:53:33","date_gmt":"2022-04-18T13:53:33","guid":{"rendered":"https:\/\/www.elderplan.org\/?page_id=14968"},"modified":"2025-10-10T11:35:09","modified_gmt":"2025-10-10T15:35:09","slug":"when-to-enroll-in-original-medicare","status":"publish","type":"page","link":"https:\/\/www.elderplan.org\/es\/enroll\/when-to-enroll-in-original-medicare\/","title":{"rendered":"\u00bfCu\u00e1ndo hay que inscribirse en Original Medicare? Aspectos b\u00e1sicos de los periodos de inscripci\u00f3n."},"content":{"rendered":"\n<div class=\"wp-block-columns padding-interior is-layout-flex wp-container-core-columns-is-layout-9d6595d7 wp-block-columns-is-layout-flex\">\n<div class=\"wp-block-column is-layout-flow wp-block-column-is-layout-flow\">\n<p><strong>A menos que est\u00e9 recibiendo actualmente beneficios de la Seguridad Social o de la Junta de jubilaci\u00f3n para ferroviarios, o que siga trabajando y tenga cobertura cuando cumpla los 65&nbsp;a\u00f1os, tendr\u00e1 que inscribirse usted mismo en Original Medicare.<\/strong><\/p>\n\n\n\n<p>El plazo para inscribirse en Original Medicare se denomina periodo de inscripci\u00f3n.&nbsp; Para la mayor\u00eda de las personas, hay dos per\u00edodos de inscripci\u00f3n de Medicare durante cada a\u00f1o calendario.<\/p>\n\n\n\n<div style=\"height:25px\" aria-hidden=\"true\" class=\"wp-block-spacer\"><\/div>\n\n\n\n<h2 class=\"wp-block-heading\" id=\"h-periodo-de-inscripcion-inicial-iep\">Per\u00edodo de inscripci\u00f3n inicial (IEP)<\/h2>\n\n\n\n<p>\u00a1Feliz cumplea\u00f1os n\u00famero 65! El periodo de inscripci\u00f3n inicial es para aquellos que van a cumplir 65 a\u00f1os y es el primer a\u00f1o que tiene derecho a recibir los beneficios de Original Medicare. El IEP comienza <strong>tres meses antes de cumplir los 65&nbsp;a\u00f1os, <\/strong>contin\u00faa durante el mes de su nacimiento y termina tres meses despu\u00e9s de cumplirlos, lo que crea un margen de inscripci\u00f3n de 7&nbsp;meses. Es importante inscribirse durante este periodo para evitar los cargos por inscripci\u00f3n tard\u00eda y la interrupci\u00f3n de la cobertura m\u00e9dica.<\/p>\n\n\n\n<p>Si se inscribe en Original Medicare en los 3&nbsp;meses anteriores a su mes de nacimiento, sus beneficios entrar\u00e1n en vigencia el primer d\u00eda de su mes de nacimiento. Si se inscribe durante el mes de su nacimiento o los tres meses siguientes, comenzar\u00e1 a recibir sus beneficios el d\u00eda 1 del mes siguiente. Por ejemplo, si su cumplea\u00f1os es del 15 de julio, puede inscribirse desde abril hasta junio, y comenzar\u00e1 a recibir los beneficios el 1 de julio. Si se inscribe en el mes de julio, sus beneficios entrar\u00e1n en vigencia el 1 de agosto.<\/p>\n\n\n\n<p>Durante el per\u00edodo de inscripci\u00f3n inicial, usted es elegible para inscribirse en:<\/p>\n\n\n\n<ul class=\"wp-block-list\">\n<li>Seguro hospitalario de Medicare (Parte\u00a0A)<\/li>\n\n\n\n<li>Seguro m\u00e9dico de Medicare (Parte\u00a0B)<\/li>\n\n\n\n<li>Medicare Advantage (Parte\u00a0C)<\/li>\n\n\n\n<li>Plan de medicamentos de Medicare (Parte\u00a0D)<\/li>\n<\/ul>\n\n\n\n<hr class=\"wp-block-separator has-alpha-channel-opacity hr vc_separator\"\/>\n\n\n\n<h2 class=\"wp-block-heading\" id=\"h-periodo-de-inscripcion-general-gep\">Per\u00edodo de inscripci\u00f3n general (GEP)<\/h2>\n\n\n\n<p>Si se le pas\u00f3 el per\u00edodo de inscripci\u00f3n inicial, a\u00fan puede inscribirse en Original Medicare durante el per\u00edodo de inscripci\u00f3n general. El GEP transcurre entre el 1&nbsp;de enero y el 31&nbsp;de marzo. Debido a que el GEP es solo para los que cumplen 65&nbsp;a\u00f1os y se les pas\u00f3 el IEP, se incurrir\u00e1 en una tasa de penalizaci\u00f3n por inscripci\u00f3n tard\u00eda. Si se inscribe durante este tiempo, tambi\u00e9n se producir\u00e1 un lapso en la cobertura m\u00e9dica, ya que los beneficios no estar\u00e1n disponibles hasta el 1&nbsp;de julio.<\/p>\n\n\n\n<p>Durante el per\u00edodo de inscripci\u00f3n general, usted es elegible para inscribirse en:<\/p>\n\n\n\n<ul class=\"wp-block-list\">\n<li>Seguro hospitalario de Medicare (Parte\u00a0A)<\/li>\n\n\n\n<li>Seguro de Medicare (Parte B)<\/li>\n<\/ul>\n\n\n\n<p>Usted es elegible para obtener una cobertura adicional de Medicare Advantage (Parte C) y un plan de medicamentos de Medicare (Parte D) entre el 1&nbsp;de abril y el 30&nbsp;de junio del mismo a\u00f1o calendario.<\/p>\n\n\n\n<p>Hay ciertas situaciones que le permiten inscribirse en Original Medicare fuera del GEP sin pagar una multa por inscripci\u00f3n tard\u00eda. Para obtener m\u00e1s informaci\u00f3n, visite <a href=\"https:\/\/www.medicare.gov\/sign-up-change-plans\/when-can-i-join-a-health-or-drug-plan\/special-circumstances-special-enrollment-periods\" rel=\"noreferrer noopener\" target=\"_blank\">https:\/\/www.medicare.gov<\/a>.<\/p>\n\n\n\n<hr class=\"wp-block-separator has-alpha-channel-opacity hr vc_separator\"\/>\n\n\n\n<p><a href=\"\/es\/enroll\/when-to-enroll-in-a-medicare-advantage-plan\/\">Obtenga m\u00e1s informaci\u00f3n sobre cu\u00e1ndo inscribirse en un plan Medicare Advantage.<\/a><\/p>\n<\/div>\n<\/div>\n","protected":false},"excerpt":{"rendered":"<p>A menos que est\u00e9 recibiendo actualmente beneficios de la Seguridad Social o de la Junta de jubilaci\u00f3n para ferroviarios, o que siga trabajando y tenga cobertura cuando cumpla los 65&nbsp;a\u00f1os, [&hellip;]<\/p>\n","protected":false},"author":1,"featured_media":0,"parent":99,"menu_order":1,"comment_status":"closed","ping_status":"closed","template":"","meta":{"_acf_changed":false,"footnotes":""},"categories":[],"class_list":["post-14968","page","type-page","status-publish","hentry"],"translation":{"provider":"WPGlobus","version":"3.0.2","language":"es","enabled_languages":["en","es","zh"],"languages":{"en":{"title":true,"content":true,"excerpt":false},"es":{"title":true,"content":true,"excerpt":false},"zh":{"title":true,"content":true,"excerpt":false}}},"acf":[],"jetpack_sharing_enabled":true,"publishpress_future_action":{"enabled":false,"date":"2026-05-15 12:34:00","action":"change-status","newStatus":"draft","terms":[],"taxonomy":"category","extraData":[]},"publishpress_future_workflow_manual_trigger":{"enabledWorkflows":[]},"_links":{"self":[{"href":"https:\/\/www.elderplan.org\/es\/wp-json\/wp\/v2\/pages\/14968","targetHints":{"allow":["GET"]}}],"collection":[{"href":"https:\/\/www.elderplan.org\/es\/wp-json\/wp\/v2\/pages"}],"about":[{"href":"https:\/\/www.elderplan.org\/es\/wp-json\/wp\/v2\/types\/page"}],"author":[{"embeddable":true,"href":"https:\/\/www.elderplan.org\/es\/wp-json\/wp\/v2\/users\/1"}],"replies":[{"embeddable":true,"href":"https:\/\/www.elderplan.org\/es\/wp-json\/wp\/v2\/comments?post=14968"}],"version-history":[{"count":0,"href":"https:\/\/www.elderplan.org\/es\/wp-json\/wp\/v2\/pages\/14968\/revisions"}],"up":[{"embeddable":true,"href":"https:\/\/www.elderplan.org\/es\/wp-json\/wp\/v2\/pages\/99"}],"wp:attachment":[{"href":"https:\/\/www.elderplan.org\/es\/wp-json\/wp\/v2\/media?parent=14968"}],"wp:term":[{"taxonomy":"category","embeddable":true,"href":"https:\/\/www.elderplan.org\/es\/wp-json\/wp\/v2\/categories?post=14968"}],"curies":[{"name":"wp","href":"https:\/\/api.w.org\/{rel}","templated":true}]}}