{"id":15245,"date":"2022-06-14T16:08:34","date_gmt":"2022-06-14T20:08:34","guid":{"rendered":"https:\/\/www.elderplan.org\/?page_id=15245"},"modified":"2024-11-11T13:48:20","modified_gmt":"2024-11-11T18:48:20","slug":"flex-benefit","status":"publish","type":"page","link":"https:\/\/www.elderplan.org\/es\/member-benefits\/elderplan-benefits\/flex-benefit\/","title":{"rendered":"Beneficio flexible"},"content":{"rendered":"\n<div class=\"wp-block-columns padding-interior is-layout-flex wp-container-core-columns-is-layout-9d6595d7 wp-block-columns-is-layout-flex\">\n<div class=\"wp-block-column is-layout-flow wp-block-column-is-layout-flow\" style=\"flex-basis:66.66%\">\n<h2 class=\"wp-block-heading\" id=\"h-\"><\/h2>\n\n\n\n<p>Adem\u00e1s de sus beneficios regulares de Elderplan, es posible que reciba una asignaci\u00f3n adicional para su Beneficio Flexible. Su Beneficio Flexible proporciona fondos adicionales para ayudar a cubrir gastos de su bolsillo relacionados con necesidades de audici\u00f3n, visi\u00f3n, dentales y de acondicionamiento f\u00edsico. Dependiendo de su plan espec\u00edfico, tambi\u00e9n puede tener la opci\u00f3n de aplicar la asignaci\u00f3n de su Beneficio Flexible para cubrir copagos de ciertos servicios.<\/p>\n\n\n\n<p>Estos fondos adicionales se suman a sus beneficios actuales de Elderplan y le ofrecen mayor flexibilidad para gestionar sus gastos relacionados con la salud.<\/p>\n\n\n\n<hr class=\"wp-block-separator has-alpha-channel-opacity\"\/>\n\n\n\n<div style=\"height:0px\" aria-hidden=\"true\" class=\"wp-block-spacer\"><\/div>\n\n\n\n<h2 class=\"wp-block-heading\">C\u00f3mo usar su beneficio flexible<\/h2>\n\n\n\n<p><br>Puede utilizar su<a href=\"https:\/\/www.elderplan.org\/es\/member-benefits\/elderplan-benefits\/flex-spending-card\/\"> tarjeta OTC+Flex<\/a> en cualquier proveedor que acepte Visa, lo que facilita el acceso y uso de sus beneficios donde los necesite. Para maximizar sus beneficios y ahorros, primero debe utilizar los beneficios de su plan y luego su tarjeta OTC+Flex para cubrir cualquier gasto adicional de su bolsillo que pueda surgir:<\/p>\n\n\n\n<ul class=\"wp-block-list\">\n<li><strong>Dental<\/strong>: Despu\u00e9s de haber utilizado su beneficio dental, puede usar su Beneficio Flexible para cubrir los costos restantes de su bolsillo tanto con proveedores dentro como fuera de la red. Apl\u00edquelo a procedimientos dentales como implantes, dentaduras, reparaciones, realineamientos, extracciones, tratamientos de conducto, puentes, coronas, trabajos periodontales y m\u00e1s.<\/li>\n\n\n\n<li><strong>Visi\u00f3n<\/strong>: Aproveche al m\u00e1ximo su beneficio anual de visi\u00f3n de Elderplan eligiendo un proveedor dentro de la red. Use su Beneficio Flexible para pagar cualquier saldo restante. Puede aplicarlo a art\u00edculos como lentes de contacto, gafas, lentes progresivos y de transici\u00f3n, gafas de sol con receta y m\u00e1s.<\/li>\n\n\n\n<li><strong>Servicios de audici\u00f3n<\/strong>: Optimice su beneficio de aud\u00edfonos de Elderplan con un proveedor dentro de la red, y luego use esta tarjeta para cubrir cualquier saldo pendiente. Puede aplicarlo a aud\u00edfonos, bater\u00edas, reparaciones y m\u00e1s.<\/li>\n\n\n\n<li><strong>Acondicionamiento f\u00edsico<\/strong>: Dependiendo de su plan, es posible que ya tenga una membres\u00eda gratuita en cualquier gimnasio de la red Silver&amp;Fit. Pero si desea explorar un gimnasio en su vecindario o programar una sesi\u00f3n de entrenamiento privado, tambi\u00e9n puede usar su Beneficio Flexible para cubrir el costo adicional.<\/li>\n<\/ul>\n\n\n\n<hr class=\"wp-block-separator has-alpha-channel-opacity\"\/>\n\n\n\n<p><\/p>\n<\/div>\n\n\n\n<div class=\"wp-block-column is-layout-flow wp-block-column-is-layout-flow\" style=\"flex-basis:33.33%\">\n<div class=\"wp-block-cover is-light mcloud-attachment-20294\"><span aria-hidden=\"true\" class=\"wp-block-cover__background has-background-dim mcloud-attachment-20294\"><\/span><img loading=\"lazy\" decoding=\"async\" width=\"1280\" height=\"854\" class=\"wp-block-cover__image-background wp-image-20294 mcloud-attachment-20294\" alt=\"Mom and daughter using the Flex Card\" src=\"https:\/\/elderplan.imgix.net\/Flex-Image-1.jpg?fit=scale&amp;fm=pjpg&amp;h=854&amp;w=1280\" data-object-fit=\"cover\" srcset=\"https:\/\/elderplan.imgix.net\/Flex-Image-1.jpg?fit=scale&amp;fm=pjpg&amp;h=641&amp;w=960 960w, https:\/\/elderplan.imgix.net\/Flex-Image-1.jpg?fm=pjpg 1280w, https:\/\/elderplan.imgix.net\/Flex-Image-1.jpg?fit=scale&amp;fm=pjpg&amp;h=427&amp;w=640 640w, https:\/\/elderplan.imgix.net\/Flex-Image-1.jpg?fit=scale&amp;fm=pjpg&amp;h=512&amp;w=768 768w, https:\/\/elderplan.imgix.net\/Flex-Image-1.jpg?fit=scale&amp;fm=pjpg&amp;h=1025&amp;w=1536 1536w, https:\/\/elderplan.imgix.net\/Flex-Image-1.jpg?fit=scale&amp;fm=pjpg&amp;h=1366&amp;w=2048 2048w\" sizes=\"auto, (max-width: 1280px) 100vw, 1280px\" \/><div class=\"wp-block-cover__inner-container is-layout-flow wp-block-cover-is-layout-flow mcloud-attachment-20294\">\n<p class=\"has-text-align-center has-large-font-size\"><\/p>\n<\/div><\/div>\n<\/div>\n<\/div>\n","protected":false},"excerpt":{"rendered":"<p>Adem\u00e1s de sus beneficios regulares de Elderplan, es posible que reciba una asignaci\u00f3n adicional para su Beneficio Flexible. Su Beneficio Flexible proporciona fondos adicionales para ayudar a cubrir gastos de [&hellip;]<\/p>\n","protected":false},"author":3,"featured_media":0,"parent":44,"menu_order":2,"comment_status":"closed","ping_status":"closed","template":"","meta":{"_acf_changed":false,"footnotes":""},"categories":[],"class_list":["post-15245","page","type-page","status-publish","hentry"],"translation":{"provider":"WPGlobus","version":"3.0.2","language":"es","enabled_languages":["en","es","zh"],"languages":{"en":{"title":true,"content":true,"excerpt":false},"es":{"title":true,"content":true,"excerpt":false},"zh":{"title":false,"content":false,"excerpt":false}}},"acf":[],"jetpack_sharing_enabled":true,"publishpress_future_action":{"enabled":false,"date":"2026-05-16 00:28:34","action":"change-status","newStatus":"draft","terms":[],"taxonomy":"category","extraData":[]},"publishpress_future_workflow_manual_trigger":{"enabledWorkflows":[]},"_links":{"self":[{"href":"https:\/\/www.elderplan.org\/es\/wp-json\/wp\/v2\/pages\/15245","targetHints":{"allow":["GET"]}}],"collection":[{"href":"https:\/\/www.elderplan.org\/es\/wp-json\/wp\/v2\/pages"}],"about":[{"href":"https:\/\/www.elderplan.org\/es\/wp-json\/wp\/v2\/types\/page"}],"author":[{"embeddable":true,"href":"https:\/\/www.elderplan.org\/es\/wp-json\/wp\/v2\/users\/3"}],"replies":[{"embeddable":true,"href":"https:\/\/www.elderplan.org\/es\/wp-json\/wp\/v2\/comments?post=15245"}],"version-history":[{"count":0,"href":"https:\/\/www.elderplan.org\/es\/wp-json\/wp\/v2\/pages\/15245\/revisions"}],"up":[{"embeddable":true,"href":"https:\/\/www.elderplan.org\/es\/wp-json\/wp\/v2\/pages\/44"}],"wp:attachment":[{"href":"https:\/\/www.elderplan.org\/es\/wp-json\/wp\/v2\/media?parent=15245"}],"wp:term":[{"taxonomy":"category","embeddable":true,"href":"https:\/\/www.elderplan.org\/es\/wp-json\/wp\/v2\/categories?post=15245"}],"curies":[{"name":"wp","href":"https:\/\/api.w.org\/{rel}","templated":true}]}}