{"id":15249,"date":"2024-09-09T14:15:40","date_gmt":"2024-09-09T18:15:40","guid":{"rendered":"https:\/\/www.elderplan.org\/?page_id=15249"},"modified":"2025-08-01T13:14:09","modified_gmt":"2025-08-01T17:14:09","slug":"using-your-otc-benefits","status":"publish","type":"page","link":"https:\/\/www.elderplan.org\/es\/member-benefits\/elderplan-benefits\/otc-benefits\/using-your-otc-benefits\/","title":{"rendered":"Uso del beneficio de OTC"},"content":{"rendered":"\n<div class=\"wp-block-columns padding-interior is-layout-flex wp-container-core-columns-is-layout-9d6595d7 wp-block-columns-is-layout-flex\">\n<div class=\"wp-block-column is-layout-flow wp-block-column-is-layout-flow\" style=\"flex-basis:66.66%\">\n<div style=\"height:20px\" aria-hidden=\"true\" class=\"wp-block-spacer\"><\/div>\n\n\n\n<p><strong>Lo primero que debe hacer es establecer una cuenta en el Portal de miembros de OTC+Flex ubicado en <a href=\"http:\/\/www.mybenefitscenter.com\">MyBenefitsCenter.com<\/a>. En este portal, puede hacer un seguimiento de sus beneficios f\u00e1cilmente y ver cu\u00e1nto us\u00f3.<\/strong><\/p>\n\n\n\n<p>Ya sea que tenga beneficios de OTC tradicional o ampliados, recibir\u00e1 una <a href=\"https:\/\/es-us-zpkfe13p-p.proxy.cqfluency.com\/member-benefits\/elderplan-benefits\/flex-spending-card\/\">tarj<\/a><a href=\"\/es\/member-benefits\/elderplan-benefits\/flex-spending-card\/\">eta emitida por VISA <\/a>que es f\u00e1cil de usar y viene cargada con su asignaci\u00f3n de OTC. Esta tarjeta estar\u00e1 preparada para usar tan pronto como llegue, lo que le permitir\u00e1 realizar compras elegibles con facilidad. A continuaci\u00f3n, encontrar\u00e1 algunas maneras de utilizar la asignaci\u00f3n de beneficios de OTC:<\/p>\n\n\n\n<div style=\"height:36px\" aria-hidden=\"true\" class=\"wp-block-spacer\"><\/div>\n\n\n\n<h2 class=\"wp-block-heading\" id=\"h-compras-relacionadas-con-la-salud\">Compras relacionadas con la salud<\/h2>\n\n\n\n<p>Usar su tarjeta de OTC para compras relacionadas con la salud, como medicamentos sin receta, bienestar y art\u00edculos de primeros auxilios, es parte del beneficio de OTC tradicional. Usted puede realizar estas compras en persona, en l\u00ednea o por tel\u00e9fono. Primero, <a href=\"https:\/\/es-us-zpkfe13p-p.proxy.cqfluency.com\/files\/24_ih_elderplan_medicare-hm8-catalog_h3347_ep17669_c_12-29-23_accessible\/\">verifiq<\/a><a href=\"\/files\/24_ih_elderplan_medicare-hm8-catalog_h3347_ep17669_c_12-29-23_accessible\/\">ue los art\u00edculos elegibles<\/a> y confirme la participaci\u00f3n de su comercio minorista al iniciar sesi\u00f3n en su Portal de miembros de OTC +Flex.<\/p>\n\n\n\n<ul class=\"wp-block-list\">\n<li><strong>Para comprar en persona,<\/strong> seleccione art\u00edculos elegibles y elija la opci\u00f3n de tarjeta de OTC en la caja. \u00a0El monto de compra se descuenta autom\u00e1ticamente de su saldo. El saldo restante requiere una forma alternativa de pago.<\/li>\n\n\n\n<li><strong>Para compras en l\u00ednea,<\/strong> visite el sitio web del comercio minorista participante. Puede elegir art\u00edculos elegibles en la caja y su tarjeta de OTC cubrir\u00e1 las compras hasta el saldo aprobado. El saldo restante necesita una forma alternativa de pago.<\/li>\n<\/ul>\n\n\n\n<div style=\"height:36px\" aria-hidden=\"true\" class=\"wp-block-spacer\"><\/div>\n\n\n\n<h2 class=\"wp-block-heading\" id=\"h-nuevo-acciones-de-viaje-comunitario-la-elegibilidad-se-determina-en-funcion-de-si-usted-tiene-una-afeccion-cronica-asociada-con-el-beneficio-suplementario-especial-para-personas-con-enfermedades-cronicas-ssbci-otc-ampliado-los-ejemplos-de-afecciones-ssbci-incluyen-entre-otros-trastornos-cardiovasculares-diabetes-artritis-trastornos-pulmonares-cronicos-y-cancer-existen-otras-condiciones-elegibles-que-no-se-enumeran-los-estandares-pueden-variar-para-este-beneficio\">\u00a1NUEVO! Acciones de viaje comunitario<sup><a href=\"#footnote_1_15249\" id=\"identifier_1_15249\" class=\"footnote-link footnote-identifier-link\" title=\"La elegibilidad se determina en funci&oacute;n de si usted tiene una afecci&oacute;n cr&oacute;nica asociada con el beneficio suplementario especial para personas con enfermedades cr&oacute;nicas (SSBCI) (OTC ampliado). Los ejemplos de afecciones SSBCI incluyen, entre otros, trastornos cardiovasculares, diabetes, artritis, trastornos pulmonares cr&oacute;nicos y c&aacute;ncer. Existen otras condiciones elegibles que no se enumeran. Los est&aacute;ndares pueden variar para este beneficio.\">1<\/a><\/sup><\/h2>\n\n\n\n<p>Use su asignaci\u00f3n de OTC para coordinar el transporte no relacionado con su atenci\u00f3n m\u00e9dica, incluidas las consultas a amigos y familiares, las farmacias, las farmacias, las tiendas de alimentos, su lugar de culto, los centros de acondicionamiento f\u00edsico e incluso a su centro para personas mayores favorito. Puede usarlo para aplicaciones de uso compartido en coche como Uber o Lyft, transporte p\u00fablico, como autobuses o trenes, y otros modos de transporte que respaldan sus actividades diarias. Tambi\u00e9n se puede aplicar a los peajes, aparcamiento y compras de combustible en el surtidor.<\/p>\n\n\n\n<div style=\"height:36px\" aria-hidden=\"true\" class=\"wp-block-spacer\"><\/div>\n\n\n\n<h2 class=\"wp-block-heading\" id=\"h-alquiler-asistencia-de-hipoteca-la-elegibilidad-se-determina-en-funcion-de-si-usted-tiene-una-afeccion-cronica-asociada-con-el-beneficio-suplementario-especial-para-personas-con-enfermedades-cronicas-ssbci-otc-ampliado-los-ejemplos-de-afecciones-ssbci-incluyen-entre-otros-trastornos-cardiovasculares-diabetes-artritis-trastornos-pulmonares-cronicos-y-cancer-existen-otras-condiciones-elegibles-que-no-se-enumeran-los-estandares-pueden-variar-para-este-beneficio\">Alquiler\/asistencia de hipoteca<sup><a href=\"#footnote_1_15249\" id=\"identifier_2_15249\" class=\"footnote-link footnote-identifier-link\" title=\"La elegibilidad se determina en funci&oacute;n de si usted tiene una afecci&oacute;n cr&oacute;nica asociada con el beneficio suplementario especial para personas con enfermedades cr&oacute;nicas (SSBCI) (OTC ampliado). Los ejemplos de afecciones SSBCI incluyen, entre otros, trastornos cardiovasculares, diabetes, artritis, trastornos pulmonares cr&oacute;nicos y c&aacute;ncer. Existen otras condiciones elegibles que no se enumeran. Los est&aacute;ndares pueden variar para este beneficio.\">1<\/a><\/sup><\/h2>\n\n\n\n<p>Algunos planes permiten a los miembros que son elegibles para recibir OTC ampliados que usen su asignaci\u00f3n de OTC para alquilar, para la hipoteca y para pagar cuotas de la Asociaci\u00f3n de propietarios (HOA), pero no para otra persona. Para realizar un pago, consulte con su arrendador o compa\u00f1\u00eda de hipoteca primero para asegurarse de que acepten Visa y proporci\u00f3nele la informaci\u00f3n de su tarjeta de OTC. Los fondos se descuentan de su cuenta de OTC.<\/p>\n\n\n\n<div style=\"height:36px\" aria-hidden=\"true\" class=\"wp-block-spacer\"><\/div>\n\n\n\n<h2 class=\"wp-block-heading\" id=\"h-pago-de-inalambrico-internet-y-de-factura-de-servicios-la-elegibilidad-se-determina-en-funcion-de-si-usted-tiene-una-afeccion-cronica-asociada-con-el-beneficio-suplementario-especial-para-personas-con-enfermedades-cronicas-ssbci-otc-ampliado-los-ejemplos-de-afecciones-ssbci-incluyen-entre-otros-trastornos-cardiovasculares-diabetes-artritis-trastornos-pulmonares-cronicos-y-cancer-existen-otras-condiciones-elegibles-que-no-se-enumeran-los-estandares-pueden-variar-para-este-beneficio\">Pago de inal\u00e1mbrico, Internet y de factura de servicios<sup><a href=\"#footnote_1_15249\" id=\"identifier_3_15249\" class=\"footnote-link footnote-identifier-link\" title=\"La elegibilidad se determina en funci&oacute;n de si usted tiene una afecci&oacute;n cr&oacute;nica asociada con el beneficio suplementario especial para personas con enfermedades cr&oacute;nicas (SSBCI) (OTC ampliado). Los ejemplos de afecciones SSBCI incluyen, entre otros, trastornos cardiovasculares, diabetes, artritis, trastornos pulmonares cr&oacute;nicos y c&aacute;ncer. Existen otras condiciones elegibles que no se enumeran. Los est&aacute;ndares pueden variar para este beneficio.\">1<\/a><\/sup><sup><a href=\"https:\/\/es-us-zpkfe13p-p.proxy.cqfluency.com\/member-benefits\/elderplan-benefits\/otc-benefits\/using-your-otc-benefits\/#footnote_0_15249\"><\/a><\/sup><\/h2>\n\n\n\n<p>Algunos planes permiten a los miembros que son elegibles para poder acceder a OTC ampliados que usen su asignaci\u00f3n de OTC para pagar internet, inal\u00e1mbricos y facturas de servicios. Solo debe llamar a su proveedor de servicios con el n\u00famero de tel\u00e9fono de su declaraci\u00f3n de facturaci\u00f3n y darles el n\u00famero de tarjeta de OTC+Flex o ir al portal de pago online de su proveedor de servicios y cuando se le solicita el pago, ingresar su n\u00famero de tarjeta de OTC+Flex. Tambi\u00e9n puede utilizar el portal de miembros de OTC+Flex.<\/p>\n\n\n\n<div style=\"height:36px\" aria-hidden=\"true\" class=\"wp-block-spacer\"><\/div>\n\n\n\n<h2 class=\"wp-block-heading\" id=\"h-comidas-a-domicilio-la-elegibilidad-se-determina-en-funcion-de-si-usted-tiene-una-afeccion-cronica-asociada-con-el-beneficio-suplementario-especial-para-personas-con-enfermedades-cronicas-ssbci-otc-ampliado-los-ejemplos-de-afecciones-ssbci-incluyen-entre-otros-trastornos-cardiovasculares-diabetes-artritis-trastornos-pulmonares-cronicos-y-cancer-existen-otras-condiciones-elegibles-que-no-se-enumeran-los-estandares-pueden-variar-para-este-beneficio\">Comidas a domicilio<sup><a href=\"https:\/\/es-us-zpkfe13p-p.proxy.cqfluency.com\/member-benefits\/elderplan-benefits\/otc-benefits\/using-your-otc-benefits\/#footnote_0_15249\"><\/a><\/sup><sup><a href=\"#footnote_1_15249\" id=\"identifier_4_15249\" class=\"footnote-link footnote-identifier-link\" title=\"La elegibilidad se determina en funci&oacute;n de si usted tiene una afecci&oacute;n cr&oacute;nica asociada con el beneficio suplementario especial para personas con enfermedades cr&oacute;nicas (SSBCI) (OTC ampliado). Los ejemplos de afecciones SSBCI incluyen, entre otros, trastornos cardiovasculares, diabetes, artritis, trastornos pulmonares cr&oacute;nicos y c&aacute;ncer. Existen otras condiciones elegibles que no se enumeran. Los est&aacute;ndares pueden variar para este beneficio.\">1<\/a><\/sup><\/h2>\n\n\n\n<p>Ahora puede dejarnos la cocina a nosotros. Visite el Portal de miembros de OTC+ Flex para encontrar los comercios minoristas participantes en nuestro programa. Las comidas se pueden personalizar para cada miembro seg\u00fan su afecci\u00f3n m\u00e9dica, como diabetes, problemas renales, c\u00e1ncer y enfermedades card\u00edacas.<\/p>\n\n\n\n<div style=\"height:36px\" aria-hidden=\"true\" class=\"wp-block-spacer\"><\/div>\n\n\n\n<h2 class=\"wp-block-heading\" id=\"h-alimentos-saludables-y-productos-frescos-la-elegibilidad-se-determina-en-funcion-de-si-usted-tiene-una-afeccion-cronica-asociada-con-el-beneficio-suplementario-especial-para-personas-con-enfermedades-cronicas-ssbci-otc-ampliado-los-ejemplos-de-afecciones-ssbci-incluyen-entre-otros-trastornos-cardiovasculares-diabetes-artritis-trastornos-pulmonares-cronicos-y-cancer-existen-otras-condiciones-elegibles-que-no-se-enumeran-los-estandares-pueden-variar-para-este-beneficio\">Alimentos saludables y productos frescos<sup><a href=\"https:\/\/es-us-zpkfe13p-p.proxy.cqfluency.com\/member-benefits\/elderplan-benefits\/otc-benefits\/using-your-otc-benefits\/#footnote_0_15249\"><\/a><\/sup><sup><a href=\"#footnote_1_15249\" id=\"identifier_5_15249\" class=\"footnote-link footnote-identifier-link\" title=\"La elegibilidad se determina en funci&oacute;n de si usted tiene una afecci&oacute;n cr&oacute;nica asociada con el beneficio suplementario especial para personas con enfermedades cr&oacute;nicas (SSBCI) (OTC ampliado). Los ejemplos de afecciones SSBCI incluyen, entre otros, trastornos cardiovasculares, diabetes, artritis, trastornos pulmonares cr&oacute;nicos y c&aacute;ncer. Existen otras condiciones elegibles que no se enumeran. Los est&aacute;ndares pueden variar para este beneficio.\">1<\/a><\/sup><\/h2>\n\n\n\n<p>Puede comprar alimentos saludables y productos frescos en persona o en l\u00ednea. Para <a href=\"https:\/\/es-us-zpkfe13p-p.proxy.cqfluency.com\/files\/24_ih_elderplan_medgrohealthhm8-catalog_h3347_ep17668_c_12-29-23_accessible\/\">encontrar art\u00edculos&nbsp;elegibles<\/a> y comercios minoristas participantes, visite su Portal de miembros de OTC+Flex.<\/p>\n\n\n\n<p>Si bien la mayor\u00eda de los planes brindan beneficios de OTC tradicionales y ampliados, el monto var\u00eda por el plan. Consulte la p\u00e1gina del <a href=\"\/es\/member-benefits\/elderplan-benefits\/otc-benefits\/otc-by-plan\/\">plan de beneficios de OTC<\/a> para obtener m\u00e1s detalles.<\/p>\n<\/div>\n\n\n\n<div class=\"wp-block-column is-layout-flow wp-block-column-is-layout-flow\" style=\"flex-basis:33.33%\">\n<div style=\"height:67px\" aria-hidden=\"true\" class=\"wp-block-spacer\"><\/div>\n\n\n\n<figure class=\"wp-block-image size-large is-resized\"><img loading=\"lazy\" decoding=\"async\" width=\"2000\" height=\"900\" src=\"https:\/\/elderplan.imgix.net\/Enroll_header.jpg?fm=pjpg\" alt=\"Man sitting on couch with laptop \" class=\"wp-image-20741\" style=\"aspect-ratio:0.6666666666666666;object-fit:cover;width:332px;height:auto\" srcset=\"https:\/\/elderplan.imgix.net\/Enroll_header.jpg?fit=scale&amp;fm=pjpg&amp;h=432&amp;w=960 960w, https:\/\/elderplan.imgix.net\/Enroll_header.jpg?fit=scale&amp;fm=pjpg&amp;h=576&amp;w=1280 1280w, https:\/\/elderplan.imgix.net\/Enroll_header.jpg?fit=scale&amp;fm=pjpg&amp;h=288&amp;w=640 640w, https:\/\/elderplan.imgix.net\/Enroll_header.jpg?fit=scale&amp;fm=pjpg&amp;h=346&amp;w=768 768w, https:\/\/elderplan.imgix.net\/Enroll_header.jpg?fit=scale&amp;fm=pjpg&amp;h=691&amp;w=1536 1536w, https:\/\/elderplan.imgix.net\/Enroll_header.jpg?fit=scale&amp;fm=pjpg&amp;h=922&amp;w=2048 2048w, https:\/\/elderplan.imgix.net\/Enroll_header.jpg?fm=pjpg 2000w\" sizes=\"auto, (max-width: 2000px) 100vw, 2000px\" \/><\/figure>\n<\/div>\n<\/div>\n\n\n\n<p class=\"padding-interior\"><\/p>\n<ol class=\"footnotes\"><li id=\"footnote_1_15249\" class=\"footnote\">La elegibilidad se determina en funci\u00f3n de si usted tiene una afecci\u00f3n cr\u00f3nica asociada con el beneficio suplementario especial para personas con enfermedades cr\u00f3nicas (SSBCI) (OTC ampliado). Los ejemplos de afecciones SSBCI incluyen, entre otros, trastornos cardiovasculares, diabetes, artritis, trastornos pulmonares cr\u00f3nicos y c\u00e1ncer. Existen otras condiciones elegibles que no se enumeran. Los est\u00e1ndares pueden variar para este beneficio.<span class=\"footnote-back-link-wrapper\">[<a href=\"#identifier_1_15249\" class=\"footnote-link footnote-back-link\">&#8617;<\/a>]<\/span><span class=\"footnote-back-link-wrapper\">[<a href=\"#identifier_2_15249\" class=\"footnote-link footnote-back-link\">&#8617;<\/a>]<\/span><span class=\"footnote-back-link-wrapper\">[<a href=\"#identifier_3_15249\" class=\"footnote-link footnote-back-link\">&#8617;<\/a>]<\/span><span class=\"footnote-back-link-wrapper\">[<a href=\"#identifier_4_15249\" class=\"footnote-link footnote-back-link\">&#8617;<\/a>]<\/span><span class=\"footnote-back-link-wrapper\">[<a href=\"#identifier_5_15249\" class=\"footnote-link footnote-back-link\">&#8617;<\/a>]<\/span><\/li><\/ol>","protected":false},"excerpt":{"rendered":"<p>Lo primero que debe hacer es establecer una cuenta en el Portal de miembros de OTC+Flex ubicado en MyBenefitsCenter.com. En este portal, puede hacer un seguimiento de sus beneficios f\u00e1cilmente [&hellip;]<\/p>\n","protected":false},"author":3,"featured_media":0,"parent":23559,"menu_order":0,"comment_status":"closed","ping_status":"closed","template":"","meta":{"_acf_changed":false,"footnotes":""},"categories":[],"class_list":["post-15249","page","type-page","status-publish","hentry"],"translation":{"provider":"WPGlobus","version":"3.0.2","language":"es","enabled_languages":["en","es","zh"],"languages":{"en":{"title":true,"content":true,"excerpt":false},"es":{"title":true,"content":true,"excerpt":false},"zh":{"title":true,"content":true,"excerpt":false}}},"acf":[],"jetpack_sharing_enabled":true,"publishpress_future_action":{"enabled":false,"date":"2026-04-11 07:27:04","action":"change-status","newStatus":"draft","terms":[],"taxonomy":"category","extraData":[]},"publishpress_future_workflow_manual_trigger":{"enabledWorkflows":[]},"_links":{"self":[{"href":"https:\/\/www.elderplan.org\/es\/wp-json\/wp\/v2\/pages\/15249","targetHints":{"allow":["GET"]}}],"collection":[{"href":"https:\/\/www.elderplan.org\/es\/wp-json\/wp\/v2\/pages"}],"about":[{"href":"https:\/\/www.elderplan.org\/es\/wp-json\/wp\/v2\/types\/page"}],"author":[{"embeddable":true,"href":"https:\/\/www.elderplan.org\/es\/wp-json\/wp\/v2\/users\/3"}],"replies":[{"embeddable":true,"href":"https:\/\/www.elderplan.org\/es\/wp-json\/wp\/v2\/comments?post=15249"}],"version-history":[{"count":0,"href":"https:\/\/www.elderplan.org\/es\/wp-json\/wp\/v2\/pages\/15249\/revisions"}],"up":[{"embeddable":true,"href":"https:\/\/www.elderplan.org\/es\/wp-json\/wp\/v2\/pages\/23559"}],"wp:attachment":[{"href":"https:\/\/www.elderplan.org\/es\/wp-json\/wp\/v2\/media?parent=15249"}],"wp:term":[{"taxonomy":"category","embeddable":true,"href":"https:\/\/www.elderplan.org\/es\/wp-json\/wp\/v2\/categories?post=15249"}],"curies":[{"name":"wp","href":"https:\/\/api.w.org\/{rel}","templated":true}]}}