{"id":17345,"date":"2023-05-10T11:56:49","date_gmt":"2023-05-10T15:56:49","guid":{"rendered":"https:\/\/www.elderplan.org\/?page_id=17345"},"modified":"2025-10-09T16:01:53","modified_gmt":"2025-10-09T20:01:53","slug":"elderplan-wellness-incentive-program","status":"publish","type":"page","link":"https:\/\/www.elderplan.org\/es\/health-and-wellness\/wellness-incentive-program\/elderplan-wellness-incentive-program\/","title":{"rendered":"Programa de incentivos para el bienestar de Elderplan"},"content":{"rendered":"<section class=\"wpb-content-wrapper\">\n<div class=\"wp-block-columns padding-interior is-layout-flex wp-container-core-columns-is-layout-9d6595d7 wp-block-columns-is-layout-flex\">\n<div class=\"wp-block-column is-layout-flow wp-block-column-is-layout-flow\" style=\"flex-basis:66.66%\">\n<h2 class=\"wp-block-heading\" id=\"h-elderplan-se-complace-en-otorgar-a-nuestros-miembros-una-recompensa-en-la-tarjeta-flex-cada-vez-que-completan-una-prueba-de-deteccion-un-examen-vacunas-o-consultas-medicas\"><strong>Elderplan se complace en otorgar a nuestros miembros una recompensa en la<\/strong> <a href=\"https:\/\/www.elderplan.org\/es\/member-benefits\/elderplan-benefits\/flex-spending-card\/\">tarjeta Flex<\/a> <strong>cada vez que completan una prueba de detecci\u00f3n, un examen, vacunas o consultas m\u00e9dicas.<\/strong><\/h2>\n\n\n\n<p>Su equipo de Elderplan sabe lo importante que es la atenci\u00f3n preventiva para su salud y bienestar. Por eso le recompensamos con <strong>$25 por cada actividad elegible relacionada con la salud<\/strong> y <strong>$35 por su vacuna antigripal anual<\/strong>.<\/p>\n\n\n\n<div style=\"height:25px\" aria-hidden=\"true\" class=\"wp-block-spacer\"><\/div>\n\n\n\n<h2 class=\"wp-block-heading\" id=\"h-pruebas-de-deteccion-elegibles\">Pruebas de detecci\u00f3n elegibles<\/h2>\n\n\n\n<ul class=\"wp-block-list\">\n<li><strong>Visita anual al m\u00e9dico de atenci\u00f3n primaria (PCP):<\/strong> Las consultas con su PCP en el consultorio, en el hogar o a distancia cuentan como consultas anuales.<\/li>\n\n\n\n<li><strong>Vacuna antigripal: <\/strong>Reciba una recompensa de $35 por vacunarse anualmente contra la gripe<\/li>\n\n\n\n<li><strong>Mamograf\u00eda:<\/strong> Si se realiz\u00f3 una prueba de detecci\u00f3n de c\u00e1ncer de mama entre el 1\u00a0de octubre de 2023 y el 31\u00a0de diciembre de 2025, esta puede contar para el programa de incentivos de 2025.<\/li>\n\n\n\n<li><strong>Prueba de detecci\u00f3n de c\u00e1ncer colorrectal:<\/strong> Si se ha realizado una prueba de detecci\u00f3n de c\u00e1ncer colorrectal en los \u00faltimos 9\u00a0a\u00f1os, esta puede contar para el programa de incentivos.<\/li>\n\n\n\n<li><strong>La prueba de sangre oculta en la materia fecal (FOBT),<\/strong> que Elderplan ofrece realizar en el hogar, tambi\u00e9n cuenta para el programa de incentivos.<\/li>\n\n\n\n<li><strong>Examen de retina:<\/strong> Elderplan ofrece realizar los ex\u00e1menes de detecci\u00f3n de la retina en el consultorio del m\u00e9dico o en el hogar. Si desea que un proveedor visite su hogar, llame al Equipo de Bienestar al <a href=\"tel:7187594413\"><strong>(718) 759\u20114413<\/strong><\/a> para programar una cita.<\/li>\n<\/ul>\n\n\n\n<div style=\"height:25px\" aria-hidden=\"true\" class=\"wp-block-spacer\"><\/div>\n\n\n\n<h2 class=\"wp-block-heading\" id=\"h-como-obtener-recompensas\">C\u00f3mo obtener recompensas:<\/h2>\n\n\n\n<ol class=\"wp-block-list\">\n<li>Lleve el <a href=\"\/files\/h3347_ep17714_c_ep-incentive-form_v16-eng_06-07-24_accessible\/\" target=\"_blank\" rel=\"noreferrer noopener\">formulario de incentivo para el bienestar<\/a>\u00a0a la pr\u00f3xima consulta con su proveedor o comun\u00edquese con el equipo de bienestar para programar una cita en el hogar (solo para pruebas de detecci\u00f3n de c\u00e1ncer colorrectal y ex\u00e1menes de retina). El equipo de bienestar tambi\u00e9n puede ayudarle a encontrar un proveedor de telesalud.<\/li>\n\n\n\n<li>Analice y realice la consulta de bienestar con su PCP, las pruebas de detecci\u00f3n, los ex\u00e1menes o la vacunaci\u00f3n requeridos.<\/li>\n\n\n\n<li>Cuando lo haya realizado, p\u00eddale a su PCP que firme y coloque su sello en la tarjeta de bienestar.<\/li>\n<\/ol>\n\n\n\n<p><strong>Env\u00ede su tarjeta en cuanto est\u00e9 completa, antes del 31\u00a0de diciembre de 2025.<\/strong><\/p>\n\n\n\n<ul class=\"wp-block-list\">\n<li><strong>Enviar por correo a:<\/strong> Elderplan, Attn: Wellness Team, 55 Water Street, 46th Floor, New York, NY 10041<\/li>\n\n\n\n<li><strong>Env\u00ede un correo electr\u00f3nico a<\/strong>: <a href=\"mailto:wellness@elderplan.org\" target=\"_blank\" rel=\"noreferrer noopener\">wellness@elderplan.org<\/a> o<\/li>\n\n\n\n<li><strong><a href=\"https:\/\/elderplanmemberrewards.commandprinting.com\/\">Puede subirlo<\/a> a<\/strong> nuestro sitio web seguro.<\/li>\n<\/ul>\n\n\n\n<p><em>Nota: El procesamiento puede tardar hasta 14 semanas.<\/em><em>rse.<\/em><\/p>\n<\/div>\n\n\n\n<div class=\"wp-block-column is-layout-flow wp-block-column-is-layout-flow\" style=\"flex-basis:33.33%\">\n<figure class=\"wp-block-image size-large\"><img loading=\"lazy\" decoding=\"async\" width=\"640\" height=\"483\" src=\"https:\/\/elderplan.imgix.net\/2021\/10\/member_services_640x483.jpg?fit=scale&fm=pjpg&h=580&w=768\" alt=\"Member Services\" class=\"wp-image-14499\" srcset=\"https:\/\/elderplan.imgix.net\/2021\/10\/member_services_640x483.jpg?fm=pjpg 640w, https:\/\/elderplan.imgix.net\/2021\/10\/member_services_640x483.jpg?fit=scale&amp;fm=pjpg&amp;h=966&amp;w=1280 1280w, https:\/\/elderplan.imgix.net\/2021\/10\/member_services_640x483.jpg?fit=scale&amp;fm=pjpg&amp;h=1159&amp;w=1536 1536w, https:\/\/elderplan.imgix.net\/2021\/10\/member_services_640x483.jpg?fit=scale&amp;fm=pjpg&amp;h=1546&amp;w=2048 2048w\" sizes=\"auto, (max-width: 640px) 100vw, 640px\"><\/figure>\n\n\n\n<div style=\"height:15px\" aria-hidden=\"true\" class=\"wp-block-spacer\"><\/div>\n<\/div>\n<\/div>\n\n\n\n<div class=\"wp-block-columns vc_row wpb_row vc_row-fluid lfi-full-row vc_custom_1660068779200 vc_row-has-fill is-layout-flex wp-container-core-columns-is-layout-9d6595d7 wp-block-columns-is-layout-flex\">\n<div class=\"wp-block-column is-layout-flow wp-block-column-is-layout-flow\">\n<h2 class=\"wp-block-heading has-text-align-center\" id=\"h-buscando-information\">\u00bfBuscando informati\u00f3n\uff1f<\/h2>\n\n\n\n<div class=\"wp-block-buttons is-content-justification-center is-nowrap is-layout-flex wp-container-core-buttons-is-layout-1fb9aab6 wp-block-buttons-is-layout-flex\">\n<div class=\"wp-block-button has-custom-width wp-block-button__width-25 is-style-outline is-style-outline--2\"><a class=\"wp-block-button__link wp-element-button\" href=\"https:\/\/elderplan.providerlenz.com\/home\">Encuentre un proveedor<\/a><\/div>\n\n\n\n<div class=\"wp-block-button has-custom-width wp-block-button__width-25 is-style-outline is-style-outline--3\"><a class=\"wp-block-button__link wp-element-button\" href=\"https:\/\/www.medicareplanrx.com\/jccf\/elderplan_medd_es_pharmacy_26.html\">Encuentre una farmacia<\/a><\/div>\n\n\n\n<div class=\"wp-block-button has-custom-width wp-block-button__width-25 is-style-outline is-style-outline--4\"><a class=\"wp-block-button__link wp-element-button\" href=\"https:\/\/www.yourdentalplan.com\/dentistsearch39\" target=\"_blank\" rel=\"noreferrer noopener\">Encuentre un dentista<\/a><\/div>\n<\/div>\n\n\n\n<div class=\"wp-block-buttons is-content-justification-center is-nowrap is-layout-flex wp-container-core-buttons-is-layout-1fb9aab6 wp-block-buttons-is-layout-flex\">\n<div class=\"wp-block-button has-custom-width wp-block-button__width-25 is-style-outline is-style-outline--5\"><a class=\"wp-block-button__link wp-element-button\" href=\"\/es\/member-benefits\/elderplan-benefits\/prescription-drugs\/\">Encuentre un medicamento<\/a><\/div>\n\n\n\n<div class=\"wp-block-button has-custom-width wp-block-button__width-25 is-style-outline is-style-outline--6\"><a class=\"wp-block-button__link wp-element-button\" href=\"\/es\/medicare-advantage-plan-options\/plan-materials\/find-a-form\/\">Encuentre un formulario<\/a><\/div>\n\n\n\n<div class=\"wp-block-button has-custom-width wp-block-button__width-25 is-style-outline is-style-outline--7\"><a class=\"wp-block-button__link wp-element-button\" href=\"\/files\/elderplan-broad-vaccine-network-vaccine-pharmacy-directory_updated_06012022_spa_accessible\/\">Lista de farmacias con vacunas contra la gripe<\/a><\/div>\n<\/div>\n<\/div>\n<\/div>\n<\/section>","protected":false},"excerpt":{"rendered":"<p>Elderplan se complace en otorgar a nuestros miembros una recompensa en la tarjeta Flex cada vez que completan una prueba de detecci\u00f3n, un examen, vacunas o consultas m\u00e9dicas. Su equipo [&hellip;]<\/p>\n","protected":false},"author":20,"featured_media":0,"parent":18985,"menu_order":0,"comment_status":"closed","ping_status":"closed","template":"","meta":{"_acf_changed":false,"footnotes":""},"categories":[],"class_list":["post-17345","page","type-page","status-publish","hentry"],"translation":{"provider":"WPGlobus","version":"3.0.2","language":"es","enabled_languages":["en","es","zh"],"languages":{"en":{"title":true,"content":true,"excerpt":false},"es":{"title":true,"content":true,"excerpt":false},"zh":{"title":true,"content":true,"excerpt":false}}},"acf":[],"jetpack_sharing_enabled":true,"publishpress_future_action":{"enabled":false,"date":"2026-05-06 09:24:46","action":"change-status","newStatus":"draft","terms":[],"taxonomy":"category","extraData":[]},"publishpress_future_workflow_manual_trigger":{"enabledWorkflows":[]},"_links":{"self":[{"href":"https:\/\/www.elderplan.org\/es\/wp-json\/wp\/v2\/pages\/17345","targetHints":{"allow":["GET"]}}],"collection":[{"href":"https:\/\/www.elderplan.org\/es\/wp-json\/wp\/v2\/pages"}],"about":[{"href":"https:\/\/www.elderplan.org\/es\/wp-json\/wp\/v2\/types\/page"}],"author":[{"embeddable":true,"href":"https:\/\/www.elderplan.org\/es\/wp-json\/wp\/v2\/users\/20"}],"replies":[{"embeddable":true,"href":"https:\/\/www.elderplan.org\/es\/wp-json\/wp\/v2\/comments?post=17345"}],"version-history":[{"count":0,"href":"https:\/\/www.elderplan.org\/es\/wp-json\/wp\/v2\/pages\/17345\/revisions"}],"up":[{"embeddable":true,"href":"https:\/\/www.elderplan.org\/es\/wp-json\/wp\/v2\/pages\/18985"}],"wp:attachment":[{"href":"https:\/\/www.elderplan.org\/es\/wp-json\/wp\/v2\/media?parent=17345"}],"wp:term":[{"taxonomy":"category","embeddable":true,"href":"https:\/\/www.elderplan.org\/es\/wp-json\/wp\/v2\/categories?post=17345"}],"curies":[{"name":"wp","href":"https:\/\/api.w.org\/{rel}","templated":true}]}}