{"id":17431,"date":"2023-05-17T13:36:20","date_gmt":"2023-05-17T17:36:20","guid":{"rendered":"https:\/\/www.elderplan.org\/?page_id=17431"},"modified":"2024-11-07T12:52:04","modified_gmt":"2024-11-07T17:52:04","slug":"medicaid-spend-down-101","status":"publish","type":"page","link":"https:\/\/www.elderplan.org\/es\/medicare-advantage-plan-options\/dual-eligible\/medicaid-spend-down-101\/","title":{"rendered":"Gasto reducido de Medicaid 101"},"content":{"rendered":"\n<div class=\"wp-block-columns padding-interior is-layout-flex wp-container-core-columns-is-layout-9d6595d7 wp-block-columns-is-layout-flex\">\n<div class=\"wp-block-column is-layout-flow wp-block-column-is-layout-flow\" style=\"flex-basis:66.66%\">\n<p>En EE. UU. tenemos varios programas para ayudar con los costos de atenci\u00f3n m\u00e9dica: Medicare Original (su tarjeta roja, blanca y azul), un programa financiado con fondos federales para personas elegibles mayores de 65 a\u00f1os y adultos mayores de 18 a\u00f1os con discapacidades cr\u00f3nicas o pacientes en di\u00e1lisis; y Medicaid, un programa de asistencia federal y estatal conjunta para personas con ingresos y recursos limitados.<\/p>\n\n\n\n<p><strong>No todas las personas son elegibles para inscribirse en Medicaid.<\/strong><\/p>\n\n\n\n<p>Debido a que est\u00e1 dise\u00f1ado para las familias de bajos ingresos, no se aplican l\u00edmites relativos a los ingresos. El gobierno federal establece los l\u00edmites de ingresos como un porcentaje del <a href=\"https:\/\/www.healthcare.gov\/glossary\/federal-poverty-level-fpl\/\">nivel federal de pobreza (Federal Poverty Level, FPL).<\/a> Pero los estados pueden establecer sus propios l\u00edmites y decidir si cubren otros servicios. El tama\u00f1o de la familia, los recursos y los servicios recibidos tambi\u00e9n influyen en la f\u00f3rmula.<\/p>\n\n\n\n<div style=\"height:25px\" aria-hidden=\"true\" class=\"wp-block-spacer\"><\/div>\n\n\n\n<h2 class=\"wp-block-heading\" id=\"h-medicaid-spend-down\">Gasto reducido de Medicaid<\/h2>\n\n\n\n<p>Algunas personas tienen ingresos m\u00e1s elevados de lo que se requiere para Medicaid. Ese monto de ingresos adicional se llama excedente de ingresos. Para poder calificar, estas personas pueden gastar el monto equivalente al excedente de ingresos en facturas m\u00e9dicas (\u201cgasto reducido\u201d). Por ejemplo, supongamos que a Clara se le niega Medicaid porque su ingreso mensual supera el l\u00edmite de elegibilidad para Medicaid por $100. En ese caso, puede obtener cobertura de Medicaid si gasta el excedente de $100 en facturas m\u00e9dicas. El \u201cgasto reducido\u201d, para Clara, son los $100 en facturas m\u00e9dicas en las que incurre.<\/p>\n\n\n\n<div style=\"height:25px\" aria-hidden=\"true\" class=\"wp-block-spacer\"><\/div>\n\n\n\n<h2 class=\"wp-block-heading\" id=\"h-new-york-state-updates-medically-needy-income-level-mnil\">El estado de New York actualiza el Nivel de Ingresos para Personas con Necesidades M\u00e9dicas (MNIL)<\/h2>\n\n\n\n<p>A partir del 1 de enero de 2023, el Departamento de Salud del Estado de New York aument\u00f3 el Nivel de Ingresos para Personas con Necesidades M\u00e9dicas (MNIL) al 138% del nivel federal de pobreza (FPL). Eso significa que si su ingreso es de hasta $1,563 para un individuo y $2,106 para una pareja, ahora califica para Medicaid. Y si actualmente est\u00e1 gastando menos para obtener Medicaid, podr\u00eda reducir o incluso eliminar por completo su excedente\/gasto reducido.<\/p>\n\n\n\n<p>Si tiene un excedente\/gasto por excedente de Medicaid, deber\u00eda haber recibido una carta de la <a href=\"https:\/\/www.nyc.gov\/site\/hra\/about\/about-hra.page\">Recursos Humanos (Human Resource Administration, HRA)<\/a>\u00a0de NUEVA YORK o\u00a0<a href=\"https:\/\/ocfs.ny.gov\/directories\/localdss.php\">del Departamento local de servicios sociales (LDSS)<\/a>\u00a0sobre este cambio. La carta le habr\u00eda sugerido que solicitara una revisi\u00f3n de ingresos\/presupuesto.<\/p>\n\n\n\n<p>Esta revisi\u00f3n no es obligatoria y se realizar\u00e1 autom\u00e1ticamente en el momento de su pr\u00f3xima renovaci\u00f3n de Medicaid. Sin embargo, si es elegible ahora, puede comenzar a ahorrar dinero de inmediato.<strong> As\u00ed que no espere para solicitar una revisi\u00f3n de sus ingresos\/presupuesto a la Administraci\u00f3n de Recursos Humanos (HRA) o al Departamento Local de Servicios Sociales (LDSS).<\/strong><\/p>\n\n\n\n<p>Elderplan cree que todas las personas deber\u00edan tener acceso a atenci\u00f3n m\u00e9dica de alta calidad, independientemente de su nivel de ingresos, y estamos comprometidos a trabajar con nuestros miembros y la HRA o el LDSS para garantizar que tengan acceso a la atenci\u00f3n que necesitan, cuando la necesitan.<\/p>\n<\/div>\n\n\n\n<div class=\"wp-block-column is-layout-flow wp-block-column-is-layout-flow\" style=\"flex-basis:33.33%\"><\/div>\n<\/div>\n","protected":false},"excerpt":{"rendered":"<p>En EE. UU. tenemos varios programas para ayudar con los costos de atenci\u00f3n m\u00e9dica: Medicare Original (su tarjeta roja, blanca y azul), un programa financiado con fondos federales para personas [&hellip;]<\/p>\n","protected":false},"author":3,"featured_media":0,"parent":3284,"menu_order":0,"comment_status":"closed","ping_status":"closed","template":"","meta":{"_acf_changed":false,"footnotes":""},"categories":[],"class_list":["post-17431","page","type-page","status-publish","hentry"],"translation":{"provider":"WPGlobus","version":"3.0.2","language":"es","enabled_languages":["en","es","zh"],"languages":{"en":{"title":true,"content":true,"excerpt":false},"es":{"title":true,"content":true,"excerpt":false},"zh":{"title":true,"content":false,"excerpt":false}}},"acf":[],"jetpack_sharing_enabled":true,"publishpress_future_action":{"enabled":false,"date":"2026-05-02 22:52:20","action":"change-status","newStatus":"draft","terms":[],"taxonomy":"category","extraData":[]},"publishpress_future_workflow_manual_trigger":{"enabledWorkflows":[]},"_links":{"self":[{"href":"https:\/\/www.elderplan.org\/es\/wp-json\/wp\/v2\/pages\/17431","targetHints":{"allow":["GET"]}}],"collection":[{"href":"https:\/\/www.elderplan.org\/es\/wp-json\/wp\/v2\/pages"}],"about":[{"href":"https:\/\/www.elderplan.org\/es\/wp-json\/wp\/v2\/types\/page"}],"author":[{"embeddable":true,"href":"https:\/\/www.elderplan.org\/es\/wp-json\/wp\/v2\/users\/3"}],"replies":[{"embeddable":true,"href":"https:\/\/www.elderplan.org\/es\/wp-json\/wp\/v2\/comments?post=17431"}],"version-history":[{"count":0,"href":"https:\/\/www.elderplan.org\/es\/wp-json\/wp\/v2\/pages\/17431\/revisions"}],"up":[{"embeddable":true,"href":"https:\/\/www.elderplan.org\/es\/wp-json\/wp\/v2\/pages\/3284"}],"wp:attachment":[{"href":"https:\/\/www.elderplan.org\/es\/wp-json\/wp\/v2\/media?parent=17431"}],"wp:term":[{"taxonomy":"category","embeddable":true,"href":"https:\/\/www.elderplan.org\/es\/wp-json\/wp\/v2\/categories?post=17431"}],"curies":[{"name":"wp","href":"https:\/\/api.w.org\/{rel}","templated":true}]}}