{"id":20023,"date":"2023-09-15T18:15:52","date_gmt":"2023-09-15T22:15:52","guid":{"rendered":"https:\/\/www.elderplan.org\/?page_id=20023"},"modified":"2025-12-17T11:08:27","modified_gmt":"2025-12-17T16:08:27","slug":"flex-spending-card","status":"publish","type":"page","link":"https:\/\/www.elderplan.org\/es\/member-benefits\/elderplan-benefits\/flex-spending-card\/","title":{"rendered":"Una tarjeta. Muchos beneficios."},"content":{"rendered":"\n<div class=\"wp-block-columns padding-interior is-layout-flex wp-container-core-columns-is-layout-9d6595d7 wp-block-columns-is-layout-flex\">\n<div class=\"wp-block-column is-layout-flow wp-block-column-is-layout-flow\" style=\"flex-basis:66.66%\">\n<p><strong><strong>Elderplan se enorgullece de ofrecerle una tarjeta simple y conveniente que combina su asignaci\u00f3n para OTC, el beneficio de gastos Flex y las recompensas de Incentivos para el Bienestar, todo en un solo lugar. Use esta tarjeta para una amplia gama de compras, ya sea en la tienda o en l\u00ednea, y para ayudar a cubrir los gastos no cubiertos elegibles.<\/strong><\/strong><\/p>\n\n\n\n<h2 class=\"wp-block-heading\" id=\"h-para-que-puede-usar-su-tarjeta\">Para qu\u00e9 puede usar su tarjeta:<\/h2>\n\n\n\n<ul class=\"wp-block-list\">\n<li><strong>Beneficio de OTC:<\/strong>&nbsp;Compre art\u00edculos relacionados con la salud, como medicamentos y suministros de venta libre. Para los miembros<sup data-fn=\"4de141d9-e271-454b-be86-699b0338caf1\" class=\"fn\"><a id=\"4de141d9-e271-454b-be86-699b0338caf1-link\" href=\"#4de141d9-e271-454b-be86-699b0338caf1\">1<\/a><\/sup>&nbsp;elegibles, este beneficio tambi\u00e9n puede cubrir asistencia para el alquiler o la hipoteca, pagos de facturas, comestibles, paseos sociales y comidas.<\/li>\n\n\n\n<li><strong>Flex Benefit:<\/strong>&nbsp;Pague los gastos no cubiertos adicionales relacionados con los servicios dentales, la vista, la audici\u00f3n, el estado f\u00edsico y, dependiendo de su plan, ciertos copagos.<\/li>\n\n\n\n<li><strong>Recompensas de Incentivos para el Bienestar:<\/strong>&nbsp;Gane recompensas cuando se realice ex\u00e1menes de detecci\u00f3n y controles de bienestar y participando en encuestas de Elderplan. Disfrute de la flexibilidad de usar sus cr\u00e9ditos en compras elegibles.<\/li>\n<\/ul>\n\n\n\n<h2 class=\"wp-block-heading\" id=\"h-administrar-sus-beneficios-facilmente-en-linea\">Administrar sus beneficios f\u00e1cilmente en l\u00ednea<\/h2>\n\n\n\n<p>Visite el Portal para miembros de OTC+Flex en&nbsp;<a href=\"https:\/\/mybenefitscenter.com\/\">mybenefitscenter.com<\/a>&nbsp;para administrar todos sus beneficios en un solo lugar. Desde el portal, puede hacer lo siguiente:<\/p>\n\n\n\n<ul class=\"wp-block-list\">\n<li>Revise sus saldos de OTC, Flex e Incentivos para el Bienestar.<\/li>\n\n\n\n<li>Consulte su historial de compra.<\/li>\n\n\n\n<li>Busque tiendas participantes cercanas o en l\u00ednea.<\/li>\n\n\n\n<li>Pida productos de venta libre, alimentos saludables y comidas a domicilio (si es elegible).<\/li>\n<\/ul>\n\n\n\n<p>Su salud y sus beneficios, simplificados.<\/p>\n<\/div>\n\n\n\n<div class=\"wp-block-column is-layout-flow wp-block-column-is-layout-flow\" style=\"flex-basis:33.33%\"><div class=\"wp-block-image\">\n<figure class=\"aligncenter size-large\"><img loading=\"lazy\" decoding=\"async\" width=\"1050\" height=\"675\" src=\"https:\/\/elderplan.imgix.net\/2026_OTCFlex_VISA_card_notag.png?fm=png\" alt=\"Image of an OTC+ Flex VISA card with example information\" class=\"wp-image-45694\" srcset=\"https:\/\/elderplan.imgix.net\/2026_OTCFlex_VISA_card_notag.png?fit=scale&amp;fm=png&amp;h=617&amp;w=960 960w, https:\/\/elderplan.imgix.net\/2026_OTCFlex_VISA_card_notag.png?fm=png 1280w, https:\/\/elderplan.imgix.net\/2026_OTCFlex_VISA_card_notag.png?fit=scale&amp;fm=png&amp;h=411&amp;w=640 640w, https:\/\/elderplan.imgix.net\/2026_OTCFlex_VISA_card_notag.png?fit=scale&amp;fm=png&amp;h=494&amp;w=768 768w, https:\/\/elderplan.imgix.net\/2026_OTCFlex_VISA_card_notag.png?fit=scale&amp;fm=png&amp;h=987&amp;w=1536 1536w, https:\/\/elderplan.imgix.net\/2026_OTCFlex_VISA_card_notag.png?fit=scale&amp;fm=png&amp;h=1317&amp;w=2048 2048w, https:\/\/elderplan.imgix.net\/2026_OTCFlex_VISA_card_notag.png?fm=png 1050w\" sizes=\"auto, (max-width: 1050px) 100vw, 1050px\" \/><\/figure>\n<\/div><\/div>\n<\/div>\n\n\n\n<div class=\"wp-block-columns is-layout-flex wp-container-core-columns-is-layout-9d6595d7 wp-block-columns-is-layout-flex\">\n<div class=\"wp-block-column is-layout-flow wp-block-column-is-layout-flow\">\n<hr class=\"wp-block-separator has-alpha-channel-opacity\"\/>\n\n\n<\/div>\n<\/div>\n","protected":false},"excerpt":{"rendered":"<p>Elderplan se enorgullece de ofrecerle una tarjeta simple y conveniente que combina su asignaci\u00f3n para OTC, el beneficio de gastos Flex y las recompensas de Incentivos para el Bienestar, todo [&hellip;]<\/p>\n","protected":false},"author":21,"featured_media":0,"parent":44,"menu_order":4,"comment_status":"closed","ping_status":"closed","template":"","meta":{"_acf_changed":false,"footnotes":"[]"},"categories":[],"class_list":["post-20023","page","type-page","status-publish","hentry"],"translation":{"provider":"WPGlobus","version":"3.0.2","language":"es","enabled_languages":["en","es","zh"],"languages":{"en":{"title":true,"content":true,"excerpt":false},"es":{"title":true,"content":true,"excerpt":false},"zh":{"title":true,"content":true,"excerpt":false}}},"acf":[],"jetpack_sharing_enabled":true,"publishpress_future_action":{"enabled":false,"date":"2026-04-21 17:48:40","action":"change-status","newStatus":"draft","terms":[],"taxonomy":"category","extraData":[]},"publishpress_future_workflow_manual_trigger":{"enabledWorkflows":[]},"_links":{"self":[{"href":"https:\/\/www.elderplan.org\/es\/wp-json\/wp\/v2\/pages\/20023","targetHints":{"allow":["GET"]}}],"collection":[{"href":"https:\/\/www.elderplan.org\/es\/wp-json\/wp\/v2\/pages"}],"about":[{"href":"https:\/\/www.elderplan.org\/es\/wp-json\/wp\/v2\/types\/page"}],"author":[{"embeddable":true,"href":"https:\/\/www.elderplan.org\/es\/wp-json\/wp\/v2\/users\/21"}],"replies":[{"embeddable":true,"href":"https:\/\/www.elderplan.org\/es\/wp-json\/wp\/v2\/comments?post=20023"}],"version-history":[{"count":0,"href":"https:\/\/www.elderplan.org\/es\/wp-json\/wp\/v2\/pages\/20023\/revisions"}],"up":[{"embeddable":true,"href":"https:\/\/www.elderplan.org\/es\/wp-json\/wp\/v2\/pages\/44"}],"wp:attachment":[{"href":"https:\/\/www.elderplan.org\/es\/wp-json\/wp\/v2\/media?parent=20023"}],"wp:term":[{"taxonomy":"category","embeddable":true,"href":"https:\/\/www.elderplan.org\/es\/wp-json\/wp\/v2\/categories?post=20023"}],"curies":[{"name":"wp","href":"https:\/\/api.w.org\/{rel}","templated":true}]}}