{"id":22,"date":"2015-11-05T16:52:56","date_gmt":"2015-11-05T21:52:56","guid":{"rendered":"http:\/\/english2016-m.elderplan.org\/?page_id=22"},"modified":"2025-12-22T11:08:56","modified_gmt":"2025-12-22T16:08:56","slug":"faqs","status":"publish","type":"page","link":"https:\/\/www.elderplan.org\/es\/about-us\/about-elderplan\/faqs\/","title":{"rendered":"Preguntas frecuentes sobre Elderplan"},"content":{"rendered":"<section class=\"wpb-content-wrapper\">\n<div class=\"wp-block-columns padding-interior is-layout-flex wp-container-core-columns-is-layout-9d6595d7 wp-block-columns-is-layout-flex\">\n<div class=\"wp-block-column is-layout-flow wp-block-column-is-layout-flow\" style=\"flex-basis:66.66%\">\n<h2 class=\"wp-block-heading\" id=\"h-obtenga-respuestas-a-las-preguntas-frecuentes-faq-sobre-elderplan-descubra-lo-que-hace-que-nuestra-cobertura-sea-diferente-cuando-puede-inscribirse-y-mucho-mas\">Obtenga respuestas a las preguntas frecuentes (FAQ) sobre Elderplan. Descubra lo que hace que nuestra cobertura sea diferente, cu\u00e1ndo puede inscribirse y mucho m\u00e1s.<\/h2>\n\n\n<div >\n                    <div class=\" plethoraplugins-accordion plethoraplugins-theme__minimal plethoraplugins-theme__basic \"   >\n                        <div>\n                            \n<div id=\"qu_es_elderplan\" class=\"pds-accordion__item pds-js-accordion-item pds-no-js\" data-pds-tabs--initially-open=\"false\" data-pds-tabs--click-to-close=\"true\" data-pds-tabs--auto-close=\"true\" data-pds-tabs--scroll=\"false\" data-pds-tabs--scroll-offset=\"0\"  data-pds-tabs--icon-type=\"\" data-pds-tabs--icon=\"true\"  data-pds-tabs--icon-size=\"\" >\n                    <div id=\"at-qu_es_elderplan\" class=\"pds-accordion__title pds-js-accordion-controller\" ><span class=\"pds-accordion__heading\" role=\"heading\" aria-level=\"3\">\u00bfQu\u00e9 es Elderplan?<\/span><span class=\"pds-accordion__icon\" role=\"presentation\" aria-hidden=\"true\"><svg xmlns=\"http:\/\/www.w3.org\/2000\/svg\" viewBox=\"0 0 12 7.4099998\" width=\".75rem\" height=\".75rem\"><path d=\"M12 1.41 10.59 0 6 4.58 1.41 0 0 1.41l6 6z\" fill=\"currentColor\"\/><\/svg><\/span><\/div>\n                    <div id=\"ac-qu_es_elderplan\" class=\"pds-accordion__content\">\n                        \n\n<p>Elderplan brinda planes de salud para los miembros en riesgo de New York. Nuestros planes Medicare Advantage le brindan los beneficios que cubre Original Medicare, adem\u00e1s de beneficios adicionales como medicamentos con receta, servicios dentales, de la vista y de audici\u00f3n, entre otros. Obtenga m\u00e1s informaci\u00f3n sobre nuestras&nbsp;<a href=\"\/es\/medicare-advantage-plan-options\/\">opciones de planes de salud<\/a>.<\/p>\n\n\n                    <\/div>\n                <\/div>\n\n<div id=\"es_elderplan_un_plan_nuevo\" class=\"pds-accordion__item pds-js-accordion-item pds-no-js\" data-pds-tabs--initially-open=\"false\" data-pds-tabs--click-to-close=\"true\" data-pds-tabs--auto-close=\"true\" data-pds-tabs--scroll=\"false\" data-pds-tabs--scroll-offset=\"0\"  data-pds-tabs--icon-type=\"\" data-pds-tabs--icon=\"true\"  data-pds-tabs--icon-size=\"\" >\n                    <div id=\"at-es_elderplan_un_plan_nuevo\" class=\"pds-accordion__title pds-js-accordion-controller\" ><span class=\"pds-accordion__heading\" role=\"heading\" aria-level=\"3\">\u00bfEs Elderplan un plan nuevo?<\/span><span class=\"pds-accordion__icon\" role=\"presentation\" aria-hidden=\"true\"><svg xmlns=\"http:\/\/www.w3.org\/2000\/svg\" viewBox=\"0 0 12 7.4099998\" width=\".75rem\" height=\".75rem\"><path d=\"M12 1.41 10.59 0 6 4.58 1.41 0 0 1.41l6 6z\" fill=\"currentColor\"\/><\/svg><\/span><\/div>\n                    <div id=\"ac-es_elderplan_un_plan_nuevo\" class=\"pds-accordion__content\">\n                        \n\n<div class=\"wp-block-columns is-layout-flex wp-container-core-columns-is-layout-9d6595d7 wp-block-columns-is-layout-flex\">\n<div class=\"wp-block-column is-layout-flow wp-block-column-is-layout-flow\" style=\"flex-basis:66.66%\">\n<p>No, Elderplan ha estado brindando atenci\u00f3n a los neoyorquinos durante m\u00e1s de 40 a\u00f1os. Es un plan de salud sin fines de lucro que ofrece planes de Medicare Advantage y planes de atenci\u00f3n administrada a largo plazo (MLTCP) para los beneficiarios de Medicare, Medicaid y Dual Medicare y Medicaid en el \u00e1rea metropolitana de New York.<\/p>\n<\/div>\n\n\n\n<div class=\"wp-block-column is-layout-flow wp-block-column-is-layout-flow\" style=\"flex-basis:33.33%\">\n<figure class=\"wp-block-image size-large\"><img loading=\"lazy\" decoding=\"async\" width=\"359\" height=\"356\" src=\"https:\/\/elderplan.imgix.net\/EP_HF_40th-Anniversary_seal_SPA.png?fm=png\" alt=\"\" class=\"wp-image-27294\" srcset=\"https:\/\/elderplan.imgix.net\/EP_HF_40th-Anniversary_seal_SPA.png?fit=scale&amp;fm=png&amp;h=952&amp;w=960 960w, https:\/\/elderplan.imgix.net\/EP_HF_40th-Anniversary_seal_SPA.png?fit=scale&amp;fm=png&amp;h=1269&amp;w=1280 1280w, https:\/\/elderplan.imgix.net\/EP_HF_40th-Anniversary_seal_SPA.png?fit=scale&amp;fm=png&amp;h=635&amp;w=640 640w, https:\/\/elderplan.imgix.net\/EP_HF_40th-Anniversary_seal_SPA.png?fit=scale&amp;fm=png&amp;h=1523&amp;w=1536 1536w, https:\/\/elderplan.imgix.net\/EP_HF_40th-Anniversary_seal_SPA.png?fit=scale&amp;fm=png&amp;h=2031&amp;w=2048 2048w, https:\/\/elderplan.imgix.net\/EP_HF_40th-Anniversary_seal_SPA.png?fm=png 359w\" sizes=\"auto, (max-width: 359px) 100vw, 359px\" \/><\/figure>\n<\/div>\n<\/div>\n\n\n                    <\/div>\n                <\/div>\n\n<div id=\"qu_hace_que_elderplan_sea_diferente\" class=\"pds-accordion__item pds-js-accordion-item pds-no-js\" data-pds-tabs--initially-open=\"false\" data-pds-tabs--click-to-close=\"true\" data-pds-tabs--auto-close=\"true\" data-pds-tabs--scroll=\"false\" data-pds-tabs--scroll-offset=\"0\"  data-pds-tabs--icon-type=\"\" data-pds-tabs--icon=\"true\"  data-pds-tabs--icon-size=\"\" >\n                    <div id=\"at-qu_hace_que_elderplan_sea_diferente\" class=\"pds-accordion__title pds-js-accordion-controller\" ><span class=\"pds-accordion__heading\" role=\"heading\" aria-level=\"3\">\u00bfQu\u00e9 hace que Elderplan sea diferente?<\/span><span class=\"pds-accordion__icon\" role=\"presentation\" aria-hidden=\"true\"><svg xmlns=\"http:\/\/www.w3.org\/2000\/svg\" viewBox=\"0 0 12 7.4099998\" width=\".75rem\" height=\".75rem\"><path d=\"M12 1.41 10.59 0 6 4.58 1.41 0 0 1.41l6 6z\" fill=\"currentColor\"\/><\/svg><\/span><\/div>\n                    <div id=\"ac-qu_hace_que_elderplan_sea_diferente\" class=\"pds-accordion__content\">\n                        \n\n<p>Elderplan es un plan de salud sin fines de lucro. Eso significa que reinvertimos nuestras ganancias en proporcionar m\u00e1s beneficios y servicios a nuestros valiosos miembros con poco o ning\u00fan costo adicional.<\/p>\n\n\n                    <\/div>\n                <\/div>\n\n<div id=\"dnde_se_ofrece_elderplan\" class=\"pds-accordion__item pds-js-accordion-item pds-no-js\" data-pds-tabs--initially-open=\"false\" data-pds-tabs--click-to-close=\"true\" data-pds-tabs--auto-close=\"true\" data-pds-tabs--scroll=\"false\" data-pds-tabs--scroll-offset=\"0\"  data-pds-tabs--icon-type=\"\" data-pds-tabs--icon=\"true\"  data-pds-tabs--icon-size=\"\" >\n                    <div id=\"at-dnde_se_ofrece_elderplan\" class=\"pds-accordion__title pds-js-accordion-controller\" ><span class=\"pds-accordion__heading\" role=\"heading\" aria-level=\"3\">\u00bfD\u00f3nde se ofrece Elderplan?<\/span><span class=\"pds-accordion__icon\" role=\"presentation\" aria-hidden=\"true\"><svg xmlns=\"http:\/\/www.w3.org\/2000\/svg\" viewBox=\"0 0 12 7.4099998\" width=\".75rem\" height=\".75rem\"><path d=\"M12 1.41 10.59 0 6 4.58 1.41 0 0 1.41l6 6z\" fill=\"currentColor\"\/><\/svg><\/span><\/div>\n                    <div id=\"ac-dnde_se_ofrece_elderplan\" class=\"pds-accordion__content\">\n                        \n\n<p>Dependiendo de su plan de salud, podemos proporcionarle cobertura si vive en los condados de Bronx, Dutchess, Kings, Monroe, Nassau, New York, Orange, Putnam, Queens, Richmond, Rockland, Suffolk, Westchester, Ontario, Orleans, Seneca, Yates, y Livingston.<\/p>\n\n\n\n<p>Analice nuestras&nbsp;<a href=\"https:\/\/es-us-zpkfe13p-p.proxy.cqfluency.com\/medicare-advantage-plan-options\/\">opcio<\/a><a href=\"\/es\/medicare-advantage-plan-options\/\">nes de planes de salud<\/a>&nbsp;para garantizar que el plan que le interesa est\u00e9 cubierto en su \u00e1rea.<\/p>\n\n\n                    <\/div>\n                <\/div>\n\n<div id=\"por_qu_debera_inscribirme_en_elderplan_si_ya_tengo_medicare\" class=\"pds-accordion__item pds-js-accordion-item pds-no-js\" data-pds-tabs--initially-open=\"false\" data-pds-tabs--click-to-close=\"true\" data-pds-tabs--auto-close=\"true\" data-pds-tabs--scroll=\"false\" data-pds-tabs--scroll-offset=\"0\"  data-pds-tabs--icon-type=\"\" data-pds-tabs--icon=\"true\"  data-pds-tabs--icon-size=\"\" >\n                    <div id=\"at-por_qu_debera_inscribirme_en_elderplan_si_ya_tengo_medicare\" class=\"pds-accordion__title pds-js-accordion-controller\" ><span class=\"pds-accordion__heading\" role=\"heading\" aria-level=\"3\">\u00bfPor qu\u00e9 deber\u00eda inscribirme en Elderplan si ya tengo Medicare?<\/span><span class=\"pds-accordion__icon\" role=\"presentation\" aria-hidden=\"true\"><svg xmlns=\"http:\/\/www.w3.org\/2000\/svg\" viewBox=\"0 0 12 7.4099998\" width=\".75rem\" height=\".75rem\"><path d=\"M12 1.41 10.59 0 6 4.58 1.41 0 0 1.41l6 6z\" fill=\"currentColor\"\/><\/svg><\/span><\/div>\n                    <div id=\"ac-por_qu_debera_inscribirme_en_elderplan_si_ya_tengo_medicare\" class=\"pds-accordion__content\">\n                        \n\n<p>Medicare Original cubre muchas necesidades m\u00e9dicas importantes, como el seguro hospitalario, la atenci\u00f3n hospitalaria y el cuidado de hospicio a trav\u00e9s de la Parte A y la atenci\u00f3n m\u00e9dica (Parte B). Sin embargo, no ofrece cobertura para otros beneficios esenciales como dental integral, visi\u00f3n, audici\u00f3n, membres\u00eda en gimnasio y cobertura de medicamentos de venta libre (OTC) y recetados. Al inscribirse en un plan de Medicare Advantage como Elderplan, podr\u00e1 acceder a algunos de estos beneficios adicionales y ayudar a reducir los costos de su bolsillo, como los deducibles y el 20% de copago que podr\u00eda ser responsable bajo Medicare Original tradicional.<\/p>\n\n\n                    <\/div>\n                <\/div>\n\n<div id=\"elderplan_por_lo_general_cuesta_menos_que_original_medicare\" class=\"pds-accordion__item pds-js-accordion-item pds-no-js\" data-pds-tabs--initially-open=\"false\" data-pds-tabs--click-to-close=\"true\" data-pds-tabs--auto-close=\"true\" data-pds-tabs--scroll=\"false\" data-pds-tabs--scroll-offset=\"0\"  data-pds-tabs--icon-type=\"\" data-pds-tabs--icon=\"true\"  data-pds-tabs--icon-size=\"\" >\n                    <div id=\"at-elderplan_por_lo_general_cuesta_menos_que_original_medicare\" class=\"pds-accordion__title pds-js-accordion-controller\" ><span class=\"pds-accordion__heading\" role=\"heading\" aria-level=\"3\">\u00bfElderplan, por lo general, cuesta menos que Original Medicare?<\/span><span class=\"pds-accordion__icon\" role=\"presentation\" aria-hidden=\"true\"><svg xmlns=\"http:\/\/www.w3.org\/2000\/svg\" viewBox=\"0 0 12 7.4099998\" width=\".75rem\" height=\".75rem\"><path d=\"M12 1.41 10.59 0 6 4.58 1.41 0 0 1.41l6 6z\" fill=\"currentColor\"\/><\/svg><\/span><\/div>\n                    <div id=\"ac-elderplan_por_lo_general_cuesta_menos_que_original_medicare\" class=\"pds-accordion__content\">\n                        \n\n<p>S\u00ed. En la mayor\u00eda de los casos, Elderplan puede ayudarlo a ahorrar dinero en su cobertura de Medicare. Elderplan reduce los gastos que paga de su bolsillo, como los deducibles y el 20 % del costo compartido que debe pagar con Original Medicare tradicional; La mayor\u00eda de nuestros planes no tienen prima (usted contin\u00faa pagando la prima de la Parte B de Medicare), pero incluyen beneficios y cobertura adicionales que no puede obtener solo con Original Medicare. Para obtener informaci\u00f3n detallada sobre los costos, consulte el Resumen de Beneficios de cada plan.<\/p>\n\n\n                    <\/div>\n                <\/div>\n\n<div id=\"debo_abandonar_original_medicare_si_me_inscribo_en_elderplan\" class=\"pds-accordion__item pds-js-accordion-item pds-no-js\" data-pds-tabs--initially-open=\"false\" data-pds-tabs--click-to-close=\"true\" data-pds-tabs--auto-close=\"true\" data-pds-tabs--scroll=\"false\" data-pds-tabs--scroll-offset=\"0\"  data-pds-tabs--icon-type=\"\" data-pds-tabs--icon=\"true\"  data-pds-tabs--icon-size=\"\" >\n                    <div id=\"at-debo_abandonar_original_medicare_si_me_inscribo_en_elderplan\" class=\"pds-accordion__title pds-js-accordion-controller\" ><span class=\"pds-accordion__heading\" role=\"heading\" aria-level=\"3\">\u00bfDebo abandonar Original Medicare si me inscribo en Elderplan?<\/span><span class=\"pds-accordion__icon\" role=\"presentation\" aria-hidden=\"true\"><svg xmlns=\"http:\/\/www.w3.org\/2000\/svg\" viewBox=\"0 0 12 7.4099998\" width=\".75rem\" height=\".75rem\"><path d=\"M12 1.41 10.59 0 6 4.58 1.41 0 0 1.41l6 6z\" fill=\"currentColor\"\/><\/svg><\/span><\/div>\n                    <div id=\"ac-debo_abandonar_original_medicare_si_me_inscribo_en_elderplan\" class=\"pds-accordion__content\">\n                        \n\n<p>No. Cuando comienza a ser miembro de Elderplan, simplemente le informa a Medicare que prefiere que Elderplan se encargue de sus necesidades m\u00e9dicas, y que prefiere nuestra extensa red de m\u00e9dicos, hospitales y farmacias. Siempre que contin\u00fae pagando las primas de la Parte B y de la Parte A de Medicare, si corresponde, tendr\u00e1 derecho a la cobertura de Medicare.<\/p>\n\n\n                    <\/div>\n                <\/div>\n\n<div id=\"puedo_conservar_mi_mdico\" class=\"pds-accordion__item pds-js-accordion-item pds-no-js\" data-pds-tabs--initially-open=\"false\" data-pds-tabs--click-to-close=\"true\" data-pds-tabs--auto-close=\"true\" data-pds-tabs--scroll=\"false\" data-pds-tabs--scroll-offset=\"0\"  data-pds-tabs--icon-type=\"\" data-pds-tabs--icon=\"true\"  data-pds-tabs--icon-size=\"\" >\n                    <div id=\"at-puedo_conservar_mi_mdico\" class=\"pds-accordion__title pds-js-accordion-controller\" ><span class=\"pds-accordion__heading\" role=\"heading\" aria-level=\"3\">\u00bfPuedo conservar mi m\u00e9dico?<\/span><span class=\"pds-accordion__icon\" role=\"presentation\" aria-hidden=\"true\"><svg xmlns=\"http:\/\/www.w3.org\/2000\/svg\" viewBox=\"0 0 12 7.4099998\" width=\".75rem\" height=\".75rem\"><path d=\"M12 1.41 10.59 0 6 4.58 1.41 0 0 1.41l6 6z\" fill=\"currentColor\"\/><\/svg><\/span><\/div>\n                    <div id=\"ac-puedo_conservar_mi_mdico\" class=\"pds-accordion__content\">\n                        \n\n<p>Debes elegir un m\u00e9dico de atenci\u00f3n primaria (PCP) que forme parte de <a href=\"https:\/\/elderplan.providerlenz.com\/home\">la red de proveedores de Elderplan<\/a><\/p>\n\n\n                    <\/div>\n                <\/div>\n\n<div id=\"debo_obtener_una_remisin_para_ver_especialista\" class=\"pds-accordion__item pds-js-accordion-item pds-no-js\" data-pds-tabs--initially-open=\"false\" data-pds-tabs--click-to-close=\"true\" data-pds-tabs--auto-close=\"true\" data-pds-tabs--scroll=\"false\" data-pds-tabs--scroll-offset=\"0\"  data-pds-tabs--icon-type=\"\" data-pds-tabs--icon=\"true\"  data-pds-tabs--icon-size=\"\" >\n                    <div id=\"at-debo_obtener_una_remisin_para_ver_especialista\" class=\"pds-accordion__title pds-js-accordion-controller\" ><span class=\"pds-accordion__heading\" role=\"heading\" aria-level=\"3\">\u00bfDebo obtener una remisi\u00f3n para ver especialista?<\/span><span class=\"pds-accordion__icon\" role=\"presentation\" aria-hidden=\"true\"><svg xmlns=\"http:\/\/www.w3.org\/2000\/svg\" viewBox=\"0 0 12 7.4099998\" width=\".75rem\" height=\".75rem\"><path d=\"M12 1.41 10.59 0 6 4.58 1.41 0 0 1.41l6 6z\" fill=\"currentColor\"\/><\/svg><\/span><\/div>\n                    <div id=\"ac-debo_obtener_una_remisin_para_ver_especialista\" class=\"pds-accordion__content\">\n                        \n\n<p>No, no necesitas una remisi\u00f3n para ver a especialistas, como cardi\u00f3logos, ginec\u00f3logos, dentistas u optometristas. Sin embargo, se aplican reglas de autorizaci\u00f3n para algunos servicios especializados. Llama a Servicios para Miembros para obtener m\u00e1s detalles. Para obtener m\u00e1s detalles, llame a&nbsp;<a href=\"\/es\/about-us\/contact-elderplan\/member-services\/\">Servicios para los miembros<\/a>.<\/p>\n\n\n                    <\/div>\n                <\/div>\n\n<div id=\"cules_son_los_requisitos_de_elegibilidad_de_elderplan\" class=\"pds-accordion__item pds-js-accordion-item pds-no-js\" data-pds-tabs--initially-open=\"false\" data-pds-tabs--click-to-close=\"true\" data-pds-tabs--auto-close=\"true\" data-pds-tabs--scroll=\"false\" data-pds-tabs--scroll-offset=\"0\"  data-pds-tabs--icon-type=\"\" data-pds-tabs--icon=\"true\"  data-pds-tabs--icon-size=\"\" >\n                    <div id=\"at-cules_son_los_requisitos_de_elegibilidad_de_elderplan\" class=\"pds-accordion__title pds-js-accordion-controller\" ><span class=\"pds-accordion__heading\" role=\"heading\" aria-level=\"3\">\u00bfCu\u00e1les son los requisitos de elegibilidad de Elderplan?<\/span><span class=\"pds-accordion__icon\" role=\"presentation\" aria-hidden=\"true\"><svg xmlns=\"http:\/\/www.w3.org\/2000\/svg\" viewBox=\"0 0 12 7.4099998\" width=\".75rem\" height=\".75rem\"><path d=\"M12 1.41 10.59 0 6 4.58 1.41 0 0 1.41l6 6z\" fill=\"currentColor\"\/><\/svg><\/span><\/div>\n                    <div id=\"ac-cules_son_los_requisitos_de_elegibilidad_de_elderplan\" class=\"pds-accordion__content\">\n                        \n\n<ul class=\"wp-block-list\">\n<li>Debe tener las Partes A y B de Medicare<\/li>\n\n\n\n<li>Debe vivir en el&nbsp;<a href=\"\/es\/medicare-advantage-plan-options\/\">\u00e1rea de servicio<\/a>&nbsp;de su plan. Encuentre el&nbsp;\u00e1rea de servicio del plan&nbsp;que se adapte mejor a sus necesidades.<\/li>\n\n\n\n<li>Debe estar dentro de uno de los tres periodos de inscripci\u00f3n a Medicare Advantage. Obtenga m\u00e1s informaci\u00f3n sobre los&nbsp;<a href=\"\/es\/enroll\/when-to-enroll-in-a-medicare-advantage-plan\/\">per\u00edodos de inscripci\u00f3n de Medicare Advantage<\/a>.<\/li>\n\n\n\n<li>Como nuestros planes est\u00e1n dise\u00f1ados para satisfacer sus necesidades espec\u00edficas, para determinados planes, es posible que se soliciten&nbsp;<a href=\"\/es\/about-us\/about-elderplan\/eligibility\/\">requisitos de elegibilidad<\/a>&nbsp;adicionales.<\/li>\n<\/ul>\n\n\n                    <\/div>\n                <\/div>\n\n<div id=\"cundo_puedo_inscribirme_en_elderplan\" class=\"pds-accordion__item pds-js-accordion-item pds-no-js\" data-pds-tabs--initially-open=\"false\" data-pds-tabs--click-to-close=\"true\" data-pds-tabs--auto-close=\"true\" data-pds-tabs--scroll=\"false\" data-pds-tabs--scroll-offset=\"0\"  data-pds-tabs--icon-type=\"\" data-pds-tabs--icon=\"true\"  data-pds-tabs--icon-size=\"\" >\n                    <div id=\"at-cundo_puedo_inscribirme_en_elderplan\" class=\"pds-accordion__title pds-js-accordion-controller\" ><span class=\"pds-accordion__heading\" role=\"heading\" aria-level=\"3\">\u00bfCu\u00e1ndo puedo inscribirme en Elderplan?<\/span><span class=\"pds-accordion__icon\" role=\"presentation\" aria-hidden=\"true\"><svg xmlns=\"http:\/\/www.w3.org\/2000\/svg\" viewBox=\"0 0 12 7.4099998\" width=\".75rem\" height=\".75rem\"><path d=\"M12 1.41 10.59 0 6 4.58 1.41 0 0 1.41l6 6z\" fill=\"currentColor\"\/><\/svg><\/span><\/div>\n                    <div id=\"ac-cundo_puedo_inscribirme_en_elderplan\" class=\"pds-accordion__content\">\n                        \n\n<p>El per\u00edodo para inscribirse en alguno de los planes Medicare Advantage se denomina&nbsp;<strong>per\u00edodo de inscripci\u00f3n.&nbsp;<\/strong>Tiene tres per\u00edodos de inscripci\u00f3n durante los cuales puede elegir o cambiar de plan cada a\u00f1o calendario. La mayor\u00eda de las personas son elegibles para un plan Medicare Advantage tres meses antes de cumplir 65&nbsp;a\u00f1os. Obtenga m\u00e1s informaci\u00f3n sobre los&nbsp;<a href=\"\/es\/enroll\/when-to-enroll-in-a-medicare-advantage-plan\/\" target=\"_blank\" rel=\"noreferrer noopener\">per\u00edodos de inscripci\u00f3n de Medicare Advantage.<\/a><\/p>\n\n\n                    <\/div>\n                <\/div>\n\n                        <\/div>\n                    <\/div>\n                    \n            <\/div>\n\n\n<hr class=\"wp-block-separator has-alpha-channel-opacity\"\/>\n\n\n\n<p>Elderplan MAP es el \u00fanico plan de 5 estrellas en el estado de Nueva York. Esta es la calificaci\u00f3n m\u00e1s alta que un plan puede alcanzar.* El Departamento de Salud del Estado de Nueva York eval\u00faa y premia a los planes MAP seg\u00fan su desempe\u00f1o en medidas de calidad relacionadas con la seguridad del paciente, ex\u00e1menes preventivos, calidad de vida, satisfacci\u00f3n y estado de salud general.<\/p>\n\n\n\n<p>*Basado en los resultados m\u00e1s recientes de la Gu\u00eda del Consumidor del DOH publicada en octubre de 2023.<\/p>\n<\/div>\n\n\n\n<div class=\"wp-block-column is-layout-flow wp-block-column-is-layout-flow\" style=\"flex-basis:33.33%\">\n<h4 class=\"wp-block-heading\" id=\"h-\"><\/h4>\n<\/div>\n<\/div>\n\n\n\n<div class=\"wp-block-columns vc_row wpb_row vc_row-fluid lfi-full-row vc_custom_1660068779200 vc_row-has-fill is-layout-flex wp-container-core-columns-is-layout-9d6595d7 wp-block-columns-is-layout-flex\">\n<div class=\"wp-block-column is-layout-flow wp-block-column-is-layout-flow\">\n<h2 class=\"wp-block-heading has-text-align-center\" id=\"h-buscando-information\">\u00bfBuscando informati\u00f3n\uff1f<\/h2>\n\n\n\n<div class=\"wp-block-buttons is-content-justification-center is-nowrap is-layout-flex wp-container-core-buttons-is-layout-1fb9aab6 wp-block-buttons-is-layout-flex\">\n<div class=\"wp-block-button has-custom-width wp-block-button__width-25 is-style-outline is-style-outline--2\"><a class=\"wp-block-button__link wp-element-button\" href=\"https:\/\/elderplan.providerlenz.com\/home\">Encuentre un proveedor<\/a><\/div>\n\n\n\n<div class=\"wp-block-button has-custom-width wp-block-button__width-25 is-style-outline is-style-outline--3\"><a class=\"wp-block-button__link wp-element-button\" href=\"https:\/\/www.medicareplanrx.com\/jccf\/elderplan_medd_es_pharmacy_26.html\">Encuentre una farmacia<\/a><\/div>\n\n\n\n<div class=\"wp-block-button has-custom-width wp-block-button__width-25 is-style-outline is-style-outline--4\"><a class=\"wp-block-button__link wp-element-button\" href=\"https:\/\/www.yourdentalplan.com\/dentistsearch39\" target=\"_blank\" rel=\"noreferrer noopener\">Encuentre un dentista<\/a><\/div>\n<\/div>\n\n\n\n<div class=\"wp-block-buttons is-content-justification-center is-nowrap is-layout-flex wp-container-core-buttons-is-layout-1fb9aab6 wp-block-buttons-is-layout-flex\">\n<div class=\"wp-block-button has-custom-width wp-block-button__width-25 is-style-outline is-style-outline--5\"><a class=\"wp-block-button__link wp-element-button\" href=\"\/es\/member-benefits\/elderplan-benefits\/prescription-drugs\/\">Encuentre un medicamento<\/a><\/div>\n\n\n\n<div class=\"wp-block-button has-custom-width wp-block-button__width-25 is-style-outline is-style-outline--6\"><a class=\"wp-block-button__link wp-element-button\" href=\"\/es\/medicare-advantage-plan-options\/plan-materials\/find-a-form\/\">Encuentre un formulario<\/a><\/div>\n\n\n\n<div class=\"wp-block-button has-custom-width wp-block-button__width-25 is-style-outline is-style-outline--7\"><a class=\"wp-block-button__link wp-element-button\" href=\"\/files\/elderplan-broad-vaccine-network-vaccine-pharmacy-directory_updated_06012022_spa_accessible\/\">Lista de farmacias con vacunas contra la gripe<\/a><\/div>\n<\/div>\n<\/div>\n<\/div>\n<\/section>","protected":false},"excerpt":{"rendered":"<p>Obtenga respuestas a las preguntas frecuentes (FAQ) sobre Elderplan. Descubra lo que hace que nuestra cobertura sea diferente, cu\u00e1ndo puede inscribirse y mucho m\u00e1s. Elderplan MAP es el \u00fanico plan [&hellip;]<\/p>\n","protected":false},"author":1,"featured_media":0,"parent":20,"menu_order":0,"comment_status":"closed","ping_status":"closed","template":"","meta":{"_acf_changed":false,"footnotes":""},"categories":[],"class_list":["post-22","page","type-page","status-publish","hentry"],"translation":{"provider":"WPGlobus","version":"3.0.2","language":"es","enabled_languages":["en","es","zh"],"languages":{"en":{"title":true,"content":true,"excerpt":false},"es":{"title":true,"content":true,"excerpt":false},"zh":{"title":true,"content":true,"excerpt":false}}},"acf":[],"jetpack_sharing_enabled":true,"publishpress_future_action":{"enabled":false,"date":"2026-04-11 00:23:18","action":"change-status","newStatus":"draft","terms":[],"taxonomy":"category","extraData":[]},"publishpress_future_workflow_manual_trigger":{"enabledWorkflows":[]},"_links":{"self":[{"href":"https:\/\/www.elderplan.org\/es\/wp-json\/wp\/v2\/pages\/22","targetHints":{"allow":["GET"]}}],"collection":[{"href":"https:\/\/www.elderplan.org\/es\/wp-json\/wp\/v2\/pages"}],"about":[{"href":"https:\/\/www.elderplan.org\/es\/wp-json\/wp\/v2\/types\/page"}],"author":[{"embeddable":true,"href":"https:\/\/www.elderplan.org\/es\/wp-json\/wp\/v2\/users\/1"}],"replies":[{"embeddable":true,"href":"https:\/\/www.elderplan.org\/es\/wp-json\/wp\/v2\/comments?post=22"}],"version-history":[{"count":0,"href":"https:\/\/www.elderplan.org\/es\/wp-json\/wp\/v2\/pages\/22\/revisions"}],"up":[{"embeddable":true,"href":"https:\/\/www.elderplan.org\/es\/wp-json\/wp\/v2\/pages\/20"}],"wp:attachment":[{"href":"https:\/\/www.elderplan.org\/es\/wp-json\/wp\/v2\/media?parent=22"}],"wp:term":[{"taxonomy":"category","embeddable":true,"href":"https:\/\/www.elderplan.org\/es\/wp-json\/wp\/v2\/categories?post=22"}],"curies":[{"name":"wp","href":"https:\/\/api.w.org\/{rel}","templated":true}]}}