{"id":25104,"date":"2024-08-07T17:15:41","date_gmt":"2024-08-07T21:15:41","guid":{"rendered":"https:\/\/www.elderplan.org\/?page_id=25104"},"modified":"2026-02-27T13:16:02","modified_gmt":"2026-02-27T18:16:02","slug":"understanding-medicare-advantage-part-d-costs","status":"publish","type":"page","link":"https:\/\/www.elderplan.org\/es\/understanding-medicare-advantage-part-d-costs\/","title":{"rendered":"Comprenda sus gastos\u00a0 en medicamentos recetados no cubiertos"},"content":{"rendered":"\n<div class=\"wp-block-columns padding-interior is-layout-flex wp-container-core-columns-is-layout-9d6595d7 wp-block-columns-is-layout-flex\">\n<div class=\"wp-block-column is-layout-flow wp-block-column-is-layout-flow\" style=\"flex-basis:66.66%\">\n<p><strong>Medicare Advantage (MA) plans offer an alternative to Original Med<\/strong><strong>Los planes Medicare&nbsp;Advantage (MA) ofrecen una alternativa a Original Medicare. Estos planes incluyen la cobertura para medicamentos con receta de la Parte D. Sin embargo, comprender los costos involucrados puede ser confuso. A continuaci\u00f3n, se muestra un desglose de los t\u00e9rminos clave y de c\u00f3mo reducir posiblemente sus gastos.<\/strong><\/p>\n\n\n\n<div style=\"height:36px\" aria-hidden=\"true\" class=\"wp-block-spacer\"><\/div>\n\n\n\n<h2 class=\"wp-block-heading\" id=\"h-terminos-clave\"><strong>T\u00e9rminos clave<\/strong><\/h2>\n\n\n\n<ul class=\"wp-block-list\">\n<li><strong>Deducible:<\/strong> el monto que paga por la atenci\u00f3n cada a\u00f1o antes de que su plan comience a pagar y entre en vigencia el coseguro.<\/li>\n\n\n\n<li><strong>Coseguro:<\/strong> es el porcentaje de un servicio de atenci\u00f3n m\u00e9dica cubierto que paga un paciente despu\u00e9s de alcanzar su deducible.&nbsp;Generalmente, se expresa como un porcentaje, como 25%<\/li>\n\n\n\n<li><strong>Copago:<\/strong> Una tarifa plana que puede pagar por cada medicamento con receta o servicio<\/li>\n\n\n\n<li><strong>Costo compartido:<\/strong> el monto total de dinero que un paciente paga por los servicios de atenci\u00f3n m\u00e9dica, incluidos los deducibles, los copagos y los coseguros.<\/li>\n\n\n\n<li><strong>M\u00e1ximo que paga de su bolsillo:<\/strong> lo m\u00e1ximo que pagar\u00e1 por los servicios cubiertos por a\u00f1o.<\/li>\n<\/ul>\n\n\n\n<div style=\"height:36px\" aria-hidden=\"true\" class=\"wp-block-spacer\"><\/div>\n\n\n\n<h2 class=\"wp-block-heading\" id=\"h-costos-de-la-parte-d-de-medicare-nbsp-advantage\"><strong>Costos de la Parte D de Medicare&nbsp;Advantage<\/strong><\/h2>\n\n\n\n<p>Los costos espec\u00edficos de su plan de la Parte D de Medicare&nbsp;Advantage variar\u00e1n seg\u00fan varios factores, que incluyen:<\/p>\n\n\n\n<ul class=\"wp-block-list\">\n<li><strong>El plan que elija:<\/strong> los diferentes planes tienen diferentes coberturas y estructuras de costos.<\/li>\n\n\n\n<li><strong>Los medicamentos que necesita:<\/strong> El <a href=\"\/es\/member-benefits\/elderplan-benefits\/prescription-drugs\/understand-and-using-the-formulary\/\">nivel de un medicamento<\/a> (gen\u00e9rico, de marca preferida, de marca no preferida) afecta su costo.<\/li>\n\n\n\n<li><strong>Sus ingresos:<\/strong> las personas de bajos ingresos pueden calificar para recibir <a href=\"\/es\/extra-help-for-medicare-part-d\/\">Ayuda adicional<\/a> con los costos de los medicamentos con receta.<\/li>\n<\/ul>\n\n\n\n<div style=\"height:36px\" aria-hidden=\"true\" class=\"wp-block-spacer\"><\/div>\n\n\n\n<h2 class=\"wp-block-heading\" id=\"h-como-funciona-el-coseguro-en-la-parte-d-de-medicare-nbsp-advantage\"><strong>C\u00f3mo funciona el coseguro en la Parte D de Medicare&nbsp;Advantage<\/strong><\/h2>\n\n\n\n<p>Puede ingresar a la fase de coseguro <strong>una vez que alcance el deducible de su plan.<\/strong> Esto significa que <strong>pagar\u00e1 un porcentaje del costo del medicamento (coseguro)<\/strong>, mientras que el plan cubre el costo restante.&nbsp;<\/p>\n\n\n\n<p>A continuaci\u00f3n, se muestra un ejemplo de c\u00f3mo funcionan los costos del coseguro:<\/p>\n\n\n\n<p>John tiene un plan de salud con un coseguro de 75\/25. Esto significa que despu\u00e9s de que John haya alcanzado su deducible, su plan paga el 75% de los costos cubiertos y John paga el 25% restante.<\/p>\n\n\n\n<p><strong>Situaci\u00f3n:<\/strong><\/p>\n\n\n\n<ul class=\"wp-block-list\">\n<li>Su plan de la Parte&nbsp;D tiene <strong>$400 de deducible<\/strong> y un <strong>25% de coseguro<\/strong><\/li>\n\n\n\n<li>Usted gasta $400 en medicamentos con receta, por lo que alcanza su deducible&nbsp;<\/li>\n\n\n\n<li>Su pr\u00f3ximo medicamento con receta es de $100<\/li>\n\n\n\n<li>Paga el 25% de $100, que son $25 de su parte del costo<\/li>\n\n\n\n<li>El plan paga el 75% de $100, que son $75 de la parte del costo del plan<\/li>\n<\/ul>\n\n\n\n<div style=\"height:36px\" aria-hidden=\"true\" class=\"wp-block-spacer\"><\/div>\n\n\n\n<h2 class=\"wp-block-heading\"><strong>Reducir sus costos<\/strong><\/h2>\n\n\n\n<p>Varias estrategias pueden ayudarlo a reducir los costos de la Parte D de Medicare&nbsp;Advantage:<\/p>\n\n\n\n<ol class=\"wp-block-list\">\n<li><strong>Inscr\u00edbase en la Ayuda adicional:<\/strong> Si sus ingresos son lo suficientemente bajos, puede calificar para la <a href=\"\/es\/extra-help-for-medicare-part-d\/\">Ayuda adicional<\/a><a href=\"https:\/\/docs.google.com\/document\/u\/0\/d\/1lr9JrfQ3r4TaDCN5u6ARsTWdsI1m-3USUp3SR3tSMQs\/edit\"> <\/a>de Medicare. Este programa puede reducir considerablemente los costos de los medicamentos con receta, lo que cierra la brecha de cobertura.<\/li>\n\n\n\n<li><strong>Compare planes anualmente:<\/strong> los costos del plan y los formularios cambian cada a\u00f1o. Compare planes durante el per\u00edodo de inscripci\u00f3n anual (del 15 de octubre al 7 de diciembre) para encontrar la mejor opci\u00f3n.<\/li>\n\n\n\n<li><strong>Use medicamentos gen\u00e9ricos:<\/strong> los medicamentos gen\u00e9ricos suelen ser menos costosos que los de marca.<\/li>\n\n\n\n<li><strong>Aproveche las opciones de farmacia de pedidos por correo:<\/strong> muchos planes ofrecen costos m\u00e1s bajos para medicamentos con receta enviados por correo.<\/li>\n\n\n\n<li><strong>Descubra los cupones de fabricantes y los programas de asistencia para pacientes:<\/strong> algunos fabricantes de medicamentos ofrecen cupones o programas de asistencia para pacientes con el fin de ayudar a reducir costos.<\/li>\n<\/ol>\n\n\n\n<div style=\"height:36px\" aria-hidden=\"true\" class=\"wp-block-spacer\"><\/div>\n\n\n\n<h2 class=\"wp-block-heading\"><strong>Otra posible asistencia<\/strong><\/h2>\n\n\n\n<p>Puede ser elegible para programas de asistencia adicionales seg\u00fan su estado y sus circunstancias. Estos programas pueden ayudar con los costos de los medicamentos con receta y otros gastos de atenci\u00f3n m\u00e9dica.<\/p>\n\n\n\n<ul class=\"wp-block-list\">\n<li><strong>Programas estatales de Medicaid:<\/strong> algunos estados ofrecen programas de Medicaid que pueden ayudar a personas de bajos ingresos con los costos de los medicamentos con receta. Visite la p\u00e1gina de <a href=\"https:\/\/www.medicaid.gov\/state-overviews\/stateprofile.html?state=new-york\">Medicaid y New York<\/a> para obtener la informaci\u00f3n y los programas m\u00e1s recientes.<\/li>\n\n\n\n<li><strong>Programas estatales de asistencia farmac\u00e9utica (PAP):<\/strong> muchos estados tienen programas para ayudar a las personas mayores con los costos de los medicamentos con receta. <a href=\"https:\/\/www.ncsl.org\/health\/state-pharmaceutical-assistance-programs\">Programas Estatales de Asistencia Farmac\u00e9utica<\/a><\/li>\n\n\n\n<li><strong>Programas de asistencia local:<\/strong> algunas comunidades ofrecen asistencia con los costos de los medicamentos con receta.<\/li>\n<\/ul>\n\n\n\n<p><strong>Nota importante:<\/strong> Es fundamental revisar los documentos espec\u00edficos de su plan de la Parte D de Medicare&nbsp;Advantage y consultar con un profesional de atenci\u00f3n m\u00e9dica o un asesor de Medicare para comprender completamente su cobertura y sus costos.<\/p>\n<\/div>\n\n\n\n<div class=\"wp-block-column is-layout-flow wp-block-column-is-layout-flow\" style=\"flex-basis:33.33%\"><\/div>\n<\/div>\n","protected":false},"excerpt":{"rendered":"<p>Medicare Advantage (MA) plans offer an alternative to Original MedLos planes Medicare&nbsp;Advantage (MA) ofrecen una alternativa a Original Medicare. Estos planes incluyen la cobertura para medicamentos con receta de la [&hellip;]<\/p>\n","protected":false},"author":21,"featured_media":0,"parent":0,"menu_order":7,"comment_status":"closed","ping_status":"closed","template":"","meta":{"_acf_changed":false,"footnotes":""},"categories":[],"class_list":["post-25104","page","type-page","status-publish","hentry"],"translation":{"provider":"WPGlobus","version":"3.0.2","language":"es","enabled_languages":["en","es","zh"],"languages":{"en":{"title":true,"content":true,"excerpt":false},"es":{"title":true,"content":true,"excerpt":false},"zh":{"title":true,"content":true,"excerpt":false}}},"acf":[],"jetpack_sharing_enabled":true,"publishpress_future_action":{"enabled":false,"date":"2026-05-07 18:22:04","action":"change-status","newStatus":"draft","terms":[],"taxonomy":"category","extraData":[]},"publishpress_future_workflow_manual_trigger":{"enabledWorkflows":[]},"_links":{"self":[{"href":"https:\/\/www.elderplan.org\/es\/wp-json\/wp\/v2\/pages\/25104","targetHints":{"allow":["GET"]}}],"collection":[{"href":"https:\/\/www.elderplan.org\/es\/wp-json\/wp\/v2\/pages"}],"about":[{"href":"https:\/\/www.elderplan.org\/es\/wp-json\/wp\/v2\/types\/page"}],"author":[{"embeddable":true,"href":"https:\/\/www.elderplan.org\/es\/wp-json\/wp\/v2\/users\/21"}],"replies":[{"embeddable":true,"href":"https:\/\/www.elderplan.org\/es\/wp-json\/wp\/v2\/comments?post=25104"}],"version-history":[{"count":0,"href":"https:\/\/www.elderplan.org\/es\/wp-json\/wp\/v2\/pages\/25104\/revisions"}],"wp:attachment":[{"href":"https:\/\/www.elderplan.org\/es\/wp-json\/wp\/v2\/media?parent=25104"}],"wp:term":[{"taxonomy":"category","embeddable":true,"href":"https:\/\/www.elderplan.org\/es\/wp-json\/wp\/v2\/categories?post=25104"}],"curies":[{"name":"wp","href":"https:\/\/api.w.org\/{rel}","templated":true}]}}