{"id":25180,"date":"2024-08-08T16:06:14","date_gmt":"2024-08-08T20:06:14","guid":{"rendered":"https:\/\/www.elderplan.org\/?page_id=25180&#038;preview_id=25180"},"modified":"2024-11-14T10:45:53","modified_gmt":"2024-11-14T15:45:53","slug":"prescription-drug-exclusions","status":"publish","type":"page","link":"https:\/\/www.elderplan.org\/es\/member-benefits\/elderplan-benefits\/prescription-drugs\/prescription-drug-exclusions\/","title":{"rendered":"Exclusiones de medicamentos con receta"},"content":{"rendered":"<section class=\"wpb-content-wrapper\">\n<div class=\"wp-block-columns padding-interior is-layout-flex wp-container-core-columns-is-layout-9d6595d7 wp-block-columns-is-layout-flex\">\n<div class=\"wp-block-column is-layout-flow wp-block-column-is-layout-flow\" style=\"flex-basis:66.66%\">\n<h2 class=\"wp-block-heading\" id=\"h-que-es-una-exclusion\">\u00bfQu\u00e9 es una exclusi\u00f3n?<\/h2>\n\n\n\n<p>Por ley, ciertos tipos o categor\u00edas de medicamentos no est\u00e1n cubiertos por los planes de medicamentos con receta de Medicare. Estos medicamentos no se consideran de la Parte\u00a0D y pueden denominarse \u201cexclusiones\u201d o \u201cmedicamentos que no son de la Parte\u00a0D\u201d.\u00a0<\/p>\n\n\n\n<h3 class=\"wp-block-heading\" id=\"h-estos-medicamentos-incluyen-lo-siguiente\">Estos medicamentos incluyen lo siguiente:<\/h3>\n\n\n\n<ul class=\"wp-block-list\">\n<li>Medicamentos sin receta.<\/li>\n\n\n\n<li>Medicamentos que se utilizan para la anorexia, la p\u00e9rdida o el aumento de peso.<\/li>\n\n\n\n<li>Medicamentos que se utilizan para estimular la fertilidad.<\/li>\n\n\n\n<li>Medicamentos que se utilizan para fines est\u00e9ticos o para el crecimiento del cabello.<\/li>\n\n\n\n<li>Medicamentos que se utilizan para el alivio sintom\u00e1tico de la tos o del resfr\u00edo.<\/li>\n\n\n\n<li>Vitaminas y productos minerales con receta, excepto las vitaminas prenatales y las preparaciones de fl\u00faor.<\/li>\n\n\n\n<li>Medicamentos para pacientes externos cuyo fabricante pretenda exigir como condici\u00f3n de venta que los ex\u00e1menes asociados o servicios de supervisi\u00f3n se compren exclusivamente al fabricante.<\/li>\n\n\n\n<li>Medicamentos que se utilizan para el tratamiento de la disfunci\u00f3n sexual o er\u00e9ctil.<\/li>\n<\/ul>\n\n\n\n<p>Adem\u00e1s, el plan de medicamentos con receta de Medicare no puede cubrir un medicamento que estar\u00eda cubierto por la Parte A o la Parte B de Medicare.<\/p>\n\n\n\n<h3 class=\"wp-block-heading\" id=\"h-uso-para-una-indicacion-no-autorizada\">Uso para una indicaci\u00f3n no autorizada<\/h3>\n\n\n\n<p>Si bien un plan de medicamentos con receta de Medicare puede cubrir usos para una indicaci\u00f3n no\u00a0autorizada de un medicamento con receta, nosotros cubrimos \u00fanicamente estos usos en los casos en que est\u00e9n respaldados por ciertas citas en libros de referencia. El Congreso ha enumerado espec\u00edficamente los libros de referencia que indican si el uso para una indicaci\u00f3n no autorizada estar\u00eda permitido. Estos son:<\/p>\n\n\n\n<ol class=\"wp-block-list\">\n<li><a href=\"https:\/\/ahfsdruginformation.com\/\">American Hospital Formulary Service Drug Information.<\/a><\/li>\n\n\n\n<li><a href=\"https:\/\/www.usp.org\/\">United States Pharmacopoeia-Drug Information.<\/a><\/li>\n\n\n\n<li><a href=\"https:\/\/www.pharmaceuticalonline.com\/doc\/drugdex-system-0001\">The DRUGDEX Information System.<\/a><\/li>\n\n\n\n<li><a href=\"https:\/\/www.medscape.com\/\">Medscape<\/a><\/li>\n<\/ol>\n\n\n\n<p>Si ninguno de estos libros de referencia (denominados compendios) respalda el uso, el medicamento ser\u00e1 considerado como un medicamento que no es de la Parte D, y Elderplan no lo cubrir\u00e1.<\/p>\n\n\n\n<p>Conozca m\u00e1s sobre el <a href=\"\/es\/member-benefits\/elderplan-benefits\/prescription-drugs\/\">plan de medicamentos con receta de<\/a> Elderplan.<\/p>\n<\/div>\n\n\n\n<div class=\"wp-block-column is-layout-flow wp-block-column-is-layout-flow\" style=\"flex-basis:33.33%\"><\/div>\n<\/div>\n\n\n\n<div class=\"wp-block-columns vc_row wpb_row vc_row-fluid lfi-full-row vc_custom_1660068779200 vc_row-has-fill is-layout-flex wp-container-core-columns-is-layout-9d6595d7 wp-block-columns-is-layout-flex\">\n<div class=\"wp-block-column is-layout-flow wp-block-column-is-layout-flow\">\n<h2 class=\"wp-block-heading has-text-align-center\" id=\"h-buscando-information\">\u00bfBuscando informati\u00f3n\uff1f<\/h2>\n\n\n\n<div class=\"wp-block-buttons is-content-justification-center is-nowrap is-layout-flex wp-container-core-buttons-is-layout-1fb9aab6 wp-block-buttons-is-layout-flex\">\n<div class=\"wp-block-button has-custom-width wp-block-button__width-25 is-style-outline is-style-outline--2\"><a class=\"wp-block-button__link wp-element-button\" href=\"https:\/\/elderplan.providerlenz.com\/home\">Encuentre un proveedor<\/a><\/div>\n\n\n\n<div class=\"wp-block-button has-custom-width wp-block-button__width-25 is-style-outline is-style-outline--3\"><a class=\"wp-block-button__link wp-element-button\" href=\"https:\/\/www.medicareplanrx.com\/jccf\/elderplan_medd_es_pharmacy_26.html\">Encuentre una farmacia<\/a><\/div>\n\n\n\n<div class=\"wp-block-button has-custom-width wp-block-button__width-25 is-style-outline is-style-outline--4\"><a class=\"wp-block-button__link wp-element-button\" href=\"https:\/\/www.yourdentalplan.com\/dentistsearch39\" target=\"_blank\" rel=\"noreferrer noopener\">Encuentre un dentista<\/a><\/div>\n<\/div>\n\n\n\n<div class=\"wp-block-buttons is-content-justification-center is-nowrap is-layout-flex wp-container-core-buttons-is-layout-1fb9aab6 wp-block-buttons-is-layout-flex\">\n<div class=\"wp-block-button has-custom-width wp-block-button__width-25 is-style-outline is-style-outline--5\"><a class=\"wp-block-button__link wp-element-button\" href=\"\/es\/member-benefits\/elderplan-benefits\/prescription-drugs\/\">Encuentre un medicamento<\/a><\/div>\n\n\n\n<div class=\"wp-block-button has-custom-width wp-block-button__width-25 is-style-outline is-style-outline--6\"><a class=\"wp-block-button__link wp-element-button\" href=\"\/es\/medicare-advantage-plan-options\/plan-materials\/find-a-form\/\">Encuentre un formulario<\/a><\/div>\n\n\n\n<div class=\"wp-block-button has-custom-width wp-block-button__width-25 is-style-outline is-style-outline--7\"><a class=\"wp-block-button__link wp-element-button\" href=\"\/files\/elderplan-broad-vaccine-network-vaccine-pharmacy-directory_updated_06012022_spa_accessible\/\">Lista de farmacias con vacunas contra la gripe<\/a><\/div>\n<\/div>\n<\/div>\n<\/div>\n<\/section>","protected":false},"excerpt":{"rendered":"<p>\u00bfQu\u00e9 es una exclusi\u00f3n? Por ley, ciertos tipos o categor\u00edas de medicamentos no est\u00e1n cubiertos por los planes de medicamentos con receta de Medicare. Estos medicamentos no se consideran de [&hellip;]<\/p>\n","protected":false},"author":21,"featured_media":0,"parent":48,"menu_order":2,"comment_status":"closed","ping_status":"closed","template":"","meta":{"_acf_changed":false,"footnotes":""},"categories":[],"class_list":["post-25180","page","type-page","status-publish","hentry"],"translation":{"provider":"WPGlobus","version":"3.0.2","language":"es","enabled_languages":["en","es","zh"],"languages":{"en":{"title":true,"content":true,"excerpt":false},"es":{"title":true,"content":true,"excerpt":false},"zh":{"title":true,"content":true,"excerpt":false}}},"acf":[],"jetpack_sharing_enabled":true,"publishpress_future_action":{"enabled":false,"date":"2026-04-19 05:14:20","action":"change-status","newStatus":"draft","terms":[],"taxonomy":"category","extraData":[]},"publishpress_future_workflow_manual_trigger":{"enabledWorkflows":[]},"_links":{"self":[{"href":"https:\/\/www.elderplan.org\/es\/wp-json\/wp\/v2\/pages\/25180","targetHints":{"allow":["GET"]}}],"collection":[{"href":"https:\/\/www.elderplan.org\/es\/wp-json\/wp\/v2\/pages"}],"about":[{"href":"https:\/\/www.elderplan.org\/es\/wp-json\/wp\/v2\/types\/page"}],"author":[{"embeddable":true,"href":"https:\/\/www.elderplan.org\/es\/wp-json\/wp\/v2\/users\/21"}],"replies":[{"embeddable":true,"href":"https:\/\/www.elderplan.org\/es\/wp-json\/wp\/v2\/comments?post=25180"}],"version-history":[{"count":0,"href":"https:\/\/www.elderplan.org\/es\/wp-json\/wp\/v2\/pages\/25180\/revisions"}],"up":[{"embeddable":true,"href":"https:\/\/www.elderplan.org\/es\/wp-json\/wp\/v2\/pages\/48"}],"wp:attachment":[{"href":"https:\/\/www.elderplan.org\/es\/wp-json\/wp\/v2\/media?parent=25180"}],"wp:term":[{"taxonomy":"category","embeddable":true,"href":"https:\/\/www.elderplan.org\/es\/wp-json\/wp\/v2\/categories?post=25180"}],"curies":[{"name":"wp","href":"https:\/\/api.w.org\/{rel}","templated":true}]}}