{"id":25766,"date":"2024-10-15T08:30:00","date_gmt":"2024-10-15T12:30:00","guid":{"rendered":"https:\/\/www.elderplan.org\/?page_id=25766&#038;preview_id=25766"},"modified":"2026-04-03T10:53:12","modified_gmt":"2026-04-03T14:53:12","slug":"prescription-payment-plan","status":"publish","type":"page","link":"https:\/\/www.elderplan.org\/es\/member-benefits\/elderplan-benefits\/prescription-drugs\/prescription-payment-plan\/","title":{"rendered":"Plan de pago de medicamentos con receta de Medicare"},"content":{"rendered":"\n<div class=\"wp-block-columns padding-interior is-layout-flex wp-container-core-columns-is-layout-9d6595d7 wp-block-columns-is-layout-flex\">\n<div class=\"wp-block-column is-layout-flow wp-block-column-is-layout-flow\" style=\"flex-basis:66.66%\">\n<p>El Plan de Pago de Medicamentos Recetados de Medicare le ofrece otra manera de administrar sus costos de bolsillo por medicamentos recetados.<\/p>\n\n\n\n<p>En lugar de pagar en la farmacia el costo total de sus medicamentos cubiertos por la Parte D, usted puede distribuir sus pagos a lo largo del a\u00f1o mediante facturas mensuales. Esto puede facilitar la planificaci\u00f3n de su presupuesto, especialmente si tiene costos elevados de medicamentos.<\/p>\n<\/div>\n\n\n\n<div class=\"wp-block-column is-layout-flow wp-block-column-is-layout-flow\" style=\"flex-basis:33.33%\"><\/div>\n<\/div>\n\n\n\n<div class=\"wp-block-columns padding-interior is-layout-flex wp-container-core-columns-is-layout-9d6595d7 wp-block-columns-is-layout-flex\">\n<div class=\"wp-block-column is-layout-flow wp-block-column-is-layout-flow\" style=\"flex-basis:66.66%\">\n<h2 class=\"wp-block-heading\" id=\"h-como-funciona-el-plan-de-pago\"><strong>\u00bfC\u00f3mo funciona el plan de pago?<\/strong><\/h2>\n\n\n\n<p>Si decide participar en este programa, pagar\u00e1 $0 en la farmacia por los medicamentos cubiertos de la Parte\u00a0D. En cambio, Elderplan le facturar\u00e1 mensualmente cualquier monto de costo compartido que adeude. Elderplan se encargar\u00e1 de los pagos a las farmacias, lo que asegura que todo funcione sin problemas y de manera eficiente.<\/p>\n\n\n\n<h3 class=\"wp-block-heading\" id=\"h-quien-se-beneficiara-de-este-plan\"><strong>\u00bfQui\u00e9n se beneficiar\u00e1 de este plan?<\/strong><\/h3>\n\n\n\n<p>Este plan est\u00e1 disponible para miembros de Elderplan con cobertura de medicamentos, pero es especialmente \u00fatil si enfrenta altos gastos no cubiertos al principio del a\u00f1o del plan. Al distribuir estos gastos a lo largo de varios meses, el programa hace que los medicamentos con receta sean m\u00e1s accesibles.<\/p>\n\n\n\n<p>Sin embargo, es importante recordar que, si bien este plan ayuda a administrar su flujo de efectivo,\u00a0<strong>no reduce los gastos no cubiertos totales que pagar\u00e1 durante el a\u00f1o.<\/strong><\/p>\n\n\n\n<h3 class=\"wp-block-heading\" id=\"h-como-se-calcula-su-factura-mensual\"><strong>\u00bfC\u00f3mo se calcula su factura mensual?<\/strong><\/h3>\n\n\n\n<p>Su factura mensual se basar\u00e1 en lo que hubiera pagado por cualquier medicamento con receta que obtenga, su prima m\u00e1xima de bolsillo m\u00e1s cualquier saldo del mes anterior, dividido por la cantidad de meses restantes en el a\u00f1o.<\/p>\n\n\n\n<p>Sus pagos pueden cambiar cada mes, por lo que es posible que no sepa exactamente cu\u00e1l ser\u00e1 su factura con anticipaci\u00f3n. Si surte una nueva receta o resurte una existente, sus pagos futuros podr\u00edan aumentar porque quedan menos meses en el a\u00f1o para distribuir los costos restantes.<\/p>\n\n\n\n<p><strong><em><a href=\"\/es\/member-benefits\/elderplan-benefits\/prescription-drugs\/prescription-payment-plan\/payment-overview\/\">Vea un breve resumen de c\u00f3mo se calculan las facturas mensuales.<\/a><\/em><\/strong><\/p>\n\n\n\n<h3 class=\"wp-block-heading\" id=\"h-como-puede-inscribirse\"><strong>\u00bfC\u00f3mo puede inscribirse?<\/strong><\/h3>\n\n\n\n<p>A partir del a\u00f1o del plan 2025, puede optar por inscribirse en el plan de pago de medicamentos con receta de Medicare a trav\u00e9s del\u00a0<strong><em>Portal para miembros de M3P<\/em><\/strong>. Puede inscribirse antes de que comience el a\u00f1o del plan o en cualquier momento durante el a\u00f1o.<\/p>\n\n\n\n<h3 class=\"wp-block-heading\" id=\"h-como-pagar-facturas\"><strong>\u00bfC\u00f3mo pagar facturas?<\/strong><\/h3>\n\n\n\n<p>Puede pagar con<\/p>\n\n\n\n<ol class=\"wp-block-list\">\n<li><strong>Llame a CVS\u00a0Caremark al\u00a0<\/strong><a href=\"tel:+18664902102\">1-866-490-2102<\/a> (TTY: 711), o<\/li>\n\n\n\n<li><strong>env\u00ede su pago a:<\/strong><\/li>\n<\/ol>\n\n\n\n<p><strong><\/strong><br>Plan de pago de medicamentos con receta de Medicare de Elderplan<br>P.O. Box 7<br>Pittsburgh, PA 15230<\/p>\n\n\n\n<p>3.\u00a0<strong>O visite el portal para miembros en l\u00ednea<\/strong>\u00a0en\u00a0<a href=\"https:\/\/www.caremark.com\/digital-fast\/caremark-login-web\/#\/login?targetUrl=https:%2F%2Fwww.caremark.com%2Fmemberportal%2Fupdate-profile%2Fm3p\">Caremark.com\/mppp<\/a><\/p>\n<\/div>\n\n\n\n<div class=\"wp-block-column is-layout-flow wp-block-column-is-layout-flow\" style=\"flex-basis:33.33%\">\n<iframe loading=\"lazy\" width=\"400\" height=\"225\" src=\"https:\/\/www.youtube.com\/embed\/wCKHicrjZXg?si=QsukaKxwyJMFjszG\" title=\"YouTube video player\" frameborder=\"0\" allow=\"accelerometer; autoplay; clipboard-write; encrypted-media; gyroscope; picture-in-picture; web-share\" referrerpolicy=\"strict-origin-when-cross-origin\" allowfullscreen><\/iframe>\n<\/div>\n<\/div>\n\n\n\n<hr class=\"wp-block-separator has-alpha-channel-opacity\">\n\n\n\n<p><strong><em>Para obtener m\u00e1s informaci\u00f3n, tambi\u00e9n puede leer la\u00a0<a href=\"https:\/\/www.elderplan.org\/member-benefits\/elderplan-benefits\/prescription-drugs\/prescription-payment-plan\/\" target=\"_blank\" rel=\"noreferrer noopener\">hoja de datos de Medicare.<\/a><\/em><\/strong><\/p>\n","protected":false},"excerpt":{"rendered":"<p>El Plan de Pago de Medicamentos Recetados de Medicare le ofrece otra manera de administrar sus costos de bolsillo por medicamentos recetados. En lugar de pagar en la farmacia el [&hellip;]<\/p>\n","protected":false},"author":3,"featured_media":0,"parent":48,"menu_order":6,"comment_status":"closed","ping_status":"closed","template":"","meta":{"_acf_changed":false,"footnotes":""},"categories":[1],"class_list":["post-25766","page","type-page","status-publish","hentry","category-uncategorized"],"translation":{"provider":"WPGlobus","version":"3.0.2","language":"es","enabled_languages":["en","es","zh"],"languages":{"en":{"title":true,"content":true,"excerpt":false},"es":{"title":true,"content":true,"excerpt":false},"zh":{"title":true,"content":true,"excerpt":false}}},"acf":[],"jetpack_sharing_enabled":true,"publishpress_future_action":{"enabled":false,"date":"2026-04-12 06:55:24","action":"change-status","newStatus":"draft","terms":[],"taxonomy":"category","extraData":[]},"publishpress_future_workflow_manual_trigger":{"enabledWorkflows":[]},"_links":{"self":[{"href":"https:\/\/www.elderplan.org\/es\/wp-json\/wp\/v2\/pages\/25766","targetHints":{"allow":["GET"]}}],"collection":[{"href":"https:\/\/www.elderplan.org\/es\/wp-json\/wp\/v2\/pages"}],"about":[{"href":"https:\/\/www.elderplan.org\/es\/wp-json\/wp\/v2\/types\/page"}],"author":[{"embeddable":true,"href":"https:\/\/www.elderplan.org\/es\/wp-json\/wp\/v2\/users\/3"}],"replies":[{"embeddable":true,"href":"https:\/\/www.elderplan.org\/es\/wp-json\/wp\/v2\/comments?post=25766"}],"version-history":[{"count":3,"href":"https:\/\/www.elderplan.org\/es\/wp-json\/wp\/v2\/pages\/25766\/revisions"}],"predecessor-version":[{"id":47811,"href":"https:\/\/www.elderplan.org\/es\/wp-json\/wp\/v2\/pages\/25766\/revisions\/47811"}],"up":[{"embeddable":true,"href":"https:\/\/www.elderplan.org\/es\/wp-json\/wp\/v2\/pages\/48"}],"wp:attachment":[{"href":"https:\/\/www.elderplan.org\/es\/wp-json\/wp\/v2\/media?parent=25766"}],"wp:term":[{"taxonomy":"category","embeddable":true,"href":"https:\/\/www.elderplan.org\/es\/wp-json\/wp\/v2\/categories?post=25766"}],"curies":[{"name":"wp","href":"https:\/\/api.w.org\/{rel}","templated":true}]}}