{"id":25772,"date":"2024-10-15T08:30:00","date_gmt":"2024-10-15T12:30:00","guid":{"rendered":"https:\/\/www.elderplan.org\/?page_id=25772&#038;preview_id=25772"},"modified":"2024-11-14T10:48:21","modified_gmt":"2024-11-14T15:48:21","slug":"payment-overview","status":"publish","type":"page","link":"https:\/\/www.elderplan.org\/es\/member-benefits\/elderplan-benefits\/prescription-drugs\/prescription-payment-plan\/payment-overview\/","title":{"rendered":"C\u00e1lculo de la factura del plan de pago de medicamentos con receta de Medicare (M3P): Breve resumen"},"content":{"rendered":"\n<div class=\"wp-block-columns padding-interior is-layout-flex wp-container-core-columns-is-layout-9d6595d7 wp-block-columns-is-layout-flex\">\n<div class=\"wp-block-column is-layout-flow wp-block-column-is-layout-flow\" style=\"flex-basis:66.66%\">\n<h2 class=\"wp-block-heading\" id=\"h-el-plan-de-pago-de-medicamentos-con-receta-de-medicare-m3p-ofrece-una-forma-nueva-y-conveniente-de-administrar-los-costos-de-sus-medicamentos-con-receta\"><strong>El plan de pago de medicamentos con receta de Medicare (M3P) ofrece una <br>forma nueva y conveniente de administrar los costos de sus medicamentos <br>con receta.<\/strong><\/h2>\n\n\n\n<p>Con esta opci\u00f3n, ahora puede realizar pagos mensuales manejables durante todo el a\u00f1o. A continuaci\u00f3n, se muestran algunos ejemplos de c\u00f3mo calcular un nuevo pago.<\/p>\n\n\n\n<p>Primero, necesita saber el m\u00e1ximo que paga de su bolsillo (MOOP) para el plan de salud en el que est\u00e1 inscrito. El MOOP se refiere al monto m\u00e1ximo que usted tendr\u00e1 que pagar por medicamentos con receta cubiertos en un a\u00f1o determinado.<\/p>\n<\/div>\n\n\n\n<div class=\"wp-block-column is-layout-flow wp-block-column-is-layout-flow\" style=\"flex-basis:33.33%\"><\/div>\n<\/div>\n\n\n\n<div class=\"wp-block-columns padding-interior is-layout-flex wp-container-core-columns-is-layout-9d6595d7 wp-block-columns-is-layout-flex\">\n<div class=\"wp-block-column is-layout-flow wp-block-column-is-layout-flow\" style=\"flex-basis:66.66%\">\n<h3 class=\"wp-block-heading\" id=\"h-ejemplo-1-costos-de-medicamentos-elevados-al-comienzo-del-ano\"><strong>Ejemplo\u00a01: costos de medicamentos elevados al comienzo del a\u00f1o<\/strong><\/h3>\n\n\n\n<p><strong>Situaci\u00f3n:<\/strong> usted toma varios medicamentos de alto costo que cuestan $500 cada mes y tiene un m\u00e1ximo de bolsillo de $2,000 por a\u00f1o.<\/p>\n\n\n\n<p>En esta situaci\u00f3n, el m\u00e1ximo que paga de su bolsillo de $2,000 se convierte en un m\u00e1ximo que paga de su bolsillo mensual dividi\u00e9ndolo en 12 (meses del a\u00f1o) para obtener <strong>$166,67.<\/strong><\/p>\n\n\n\n<ul class=\"wp-block-list\">\n<li><strong>Enero<\/strong>: su primer pago se basa en el monto menor entre su <strong>gasto no cubierto m\u00e1ximo mensual<\/strong>, calculado anteriormente como $166.67, y <strong>el costo de sus medicamentos con receta<\/strong> de $500. En este caso, son $166.67. El <strong>saldo restante de $333.33 se transfiere<\/strong> hasta el pr\u00f3ximo mes.<\/li>\n\n\n\n<li><strong>Febrero<\/strong>: su factura para el resto del a\u00f1o se calcula sumando cualquier saldo restante de los meses anteriores. En esta situaci\u00f3n, para enero, ten\u00eda un <strong>saldo de $333.33<\/strong> e incurrir\u00e1 en otros <strong>$500 por sus medicamentos con receta este mes<\/strong>. As\u00ed que se suman 833,33 $ y se dividen por 11 (meses que quedan en el a\u00f1o), lo que hace que el pago de febrero sea de $75.76.<\/li>\n\n\n\n<li><strong>Marzo:<\/strong> Luego de pagar $75.76, tendr\u00e1 $757.57 para transferir. Adem\u00e1s, un nuevo costo de $500 por $1,257.57, con diez meses restantes en el a\u00f1o, har\u00e1 que su pago de marzo sea de $125.76<\/li>\n\n\n\n<li><strong>Abril:<\/strong> alcanzar\u00e1 su m\u00e1ximo que paga de su bolsillo (MOOP) de $2,000 en abril, por lo que tendr\u00e1 el mismo monto para los meses restantes.<\/li>\n<\/ul>\n\n\n\n<p>Calcular su saldo: para marzo, su saldo ser\u00eda $1,131.81 dividido por 9 (meses restantes del a\u00f1o). Usted pagar\u00e1 $181,31 por los meses restantes.<\/p>\n\n\n\n<hr class=\"wp-block-separator has-alpha-channel-opacity\"\/>\n<\/div>\n\n\n\n<div class=\"wp-block-column is-layout-flow wp-block-column-is-layout-flow\" style=\"flex-basis:33.33%\">\n<figure class=\"wp-block-image size-large\"><img loading=\"lazy\" decoding=\"async\" width=\"672\" height=\"678\" src=\"https:\/\/elderplan.imgix.net\/M3P-Example-1.png?fm=png\" alt=\"\" class=\"wp-image-25773\"\/><\/figure>\n<\/div>\n<\/div>\n\n\n\n<div class=\"wp-block-columns padding-interior is-layout-flex wp-container-core-columns-is-layout-9d6595d7 wp-block-columns-is-layout-flex\">\n<div class=\"wp-block-column is-layout-flow wp-block-column-is-layout-flow\" style=\"flex-basis:66.66%\">\n<h2 class=\"wp-block-heading\" id=\"h-ejemplo-2-bajos-costos-de-medicamentos-al-comienzo-del-ano\"><strong>Ejemplo\u00a02: bajos costos de medicamentos al comienzo del a\u00f1o<\/strong><\/h2>\n\n\n\n<p><strong>Situaci\u00f3n:<\/strong> usted toma varios medicamentos que cuestan $80 cada mes y tiene un m\u00e1ximo de bolsillo de $2,000 por a\u00f1o.<\/p>\n\n\n\n<ul class=\"wp-block-list\">\n<li><strong>Enero:<\/strong> su primer pago se basa en el monto menor entre sus gastos no cubiertos m\u00e1ximos mensuales, calculado arriba de $166.67, y el costo de su medicamento con receta de $80. Si el costo de su medicamento es menor que el m\u00e1ximo que paga de su bolsillo mensual, pagar\u00e1 $0. Entonces, el saldo restante es $0.<\/li>\n\n\n\n<li><strong>Febrero<\/strong>: su pago se calcula nuevamente agregando cualquier saldo restante ($0 en este caso) a sus nuevos costos mensuales ($80). Luego, este total se divide por 11 (el n\u00famero de meses), lo que da como resultado un pago de $7.27.<\/li>\n\n\n\n<li><strong>Marzo y en adelante<\/strong>: al igual que en febrero, sus pagos variar\u00e1n dependiendo del saldo y los nuevos costos. Para marzo, su pago ser\u00e1 de $15.27.<\/li>\n<\/ul>\n\n\n\n<h4 class=\"wp-block-heading\" id=\"h-puntos-clave\"><strong>Puntos clave<\/strong>:<\/h4>\n\n\n\n<ul class=\"wp-block-list\">\n<li>Su pago mensual puede cambiar, pero solo pagar\u00e1 el total de sus gastos no cubiertos anuales.<\/li>\n\n\n\n<li>Este plan de pago solo cubre los costos de sus medicamentos; a\u00fan deber\u00e1 pagar las primas del plan de salud o de medicamentos por separado.<\/li>\n<\/ul>\n<\/div>\n\n\n\n<div class=\"wp-block-column is-layout-flow wp-block-column-is-layout-flow\" style=\"flex-basis:33.33%\">\n<figure class=\"wp-block-image size-large\"><img loading=\"lazy\" decoding=\"async\" width=\"675\" height=\"663\" src=\"https:\/\/elderplan.imgix.net\/M3P-Example-2.png?fm=png\" alt=\"\" class=\"wp-image-25774\" srcset=\"https:\/\/elderplan.imgix.net\/M3P-Example-2.png?fit=scale&amp;fm=png&amp;h=943&amp;w=960 960w, https:\/\/elderplan.imgix.net\/M3P-Example-2.png?fit=scale&amp;fm=png&amp;h=1257&amp;w=1280 1280w, https:\/\/elderplan.imgix.net\/M3P-Example-2.png?fit=scale&amp;fm=png&amp;h=629&amp;w=640 640w, https:\/\/elderplan.imgix.net\/M3P-Example-2.png?fit=scale&amp;fm=png&amp;h=1509&amp;w=1536 1536w, https:\/\/elderplan.imgix.net\/M3P-Example-2.png?fit=scale&amp;fm=png&amp;h=2012&amp;w=2048 2048w, https:\/\/elderplan.imgix.net\/M3P-Example-2.png?fm=png 675w\" sizes=\"auto, (max-width: 675px) 100vw, 675px\" \/><\/figure>\n<\/div>\n<\/div>\n","protected":false},"excerpt":{"rendered":"<p>El plan de pago de medicamentos con receta de Medicare (M3P) ofrece una forma nueva y conveniente de administrar los costos de sus medicamentos con receta. Con esta opci\u00f3n, ahora [&hellip;]<\/p>\n","protected":false},"author":3,"featured_media":0,"parent":25766,"menu_order":0,"comment_status":"closed","ping_status":"closed","template":"","meta":{"_acf_changed":false,"footnotes":""},"categories":[1],"class_list":["post-25772","page","type-page","status-publish","hentry","category-uncategorized"],"translation":{"provider":"WPGlobus","version":"3.0.2","language":"es","enabled_languages":["en","es","zh"],"languages":{"en":{"title":true,"content":true,"excerpt":false},"es":{"title":true,"content":true,"excerpt":false},"zh":{"title":true,"content":true,"excerpt":false}}},"acf":[],"jetpack_sharing_enabled":true,"publishpress_future_action":{"enabled":false,"date":"2026-05-20 13:10:15","action":"change-status","newStatus":"draft","terms":[],"taxonomy":"category","extraData":[]},"publishpress_future_workflow_manual_trigger":{"enabledWorkflows":[]},"_links":{"self":[{"href":"https:\/\/www.elderplan.org\/es\/wp-json\/wp\/v2\/pages\/25772","targetHints":{"allow":["GET"]}}],"collection":[{"href":"https:\/\/www.elderplan.org\/es\/wp-json\/wp\/v2\/pages"}],"about":[{"href":"https:\/\/www.elderplan.org\/es\/wp-json\/wp\/v2\/types\/page"}],"author":[{"embeddable":true,"href":"https:\/\/www.elderplan.org\/es\/wp-json\/wp\/v2\/users\/3"}],"replies":[{"embeddable":true,"href":"https:\/\/www.elderplan.org\/es\/wp-json\/wp\/v2\/comments?post=25772"}],"version-history":[{"count":0,"href":"https:\/\/www.elderplan.org\/es\/wp-json\/wp\/v2\/pages\/25772\/revisions"}],"up":[{"embeddable":true,"href":"https:\/\/www.elderplan.org\/es\/wp-json\/wp\/v2\/pages\/25766"}],"wp:attachment":[{"href":"https:\/\/www.elderplan.org\/es\/wp-json\/wp\/v2\/media?parent=25772"}],"wp:term":[{"taxonomy":"category","embeddable":true,"href":"https:\/\/www.elderplan.org\/es\/wp-json\/wp\/v2\/categories?post=25772"}],"curies":[{"name":"wp","href":"https:\/\/api.w.org\/{rel}","templated":true}]}}