{"id":26,"date":"2015-11-05T16:53:31","date_gmt":"2015-11-05T21:53:31","guid":{"rendered":"http:\/\/english2016-m.elderplan.org\/?page_id=26"},"modified":"2025-08-14T15:47:28","modified_gmt":"2025-08-14T19:47:28","slug":"contact-elderplan","status":"publish","type":"page","link":"https:\/\/www.elderplan.org\/es\/about-us\/contact-elderplan\/","title":{"rendered":"Comun\u00edquese con Elderplan"},"content":{"rendered":"\n<div class=\"wp-block-columns padding-interior is-layout-flex wp-container-core-columns-is-layout-9d6595d7 wp-block-columns-is-layout-flex\">\n<div class=\"wp-block-column is-layout-flow wp-block-column-is-layout-flow\" style=\"flex-basis:66.66%\">\n<p><strong>Direcci\u00f3n postal:<\/strong><br> Elderplan Member Services<br> 55 Water Street 46th Floor<br> New York, NY 10041<\/p>\n\n\n\n<p><strong>Si necesita ponerse en contacto con Elderplan, consulte la siguiente lista:<\/strong><\/p>\n\n\n<div>\n                    <div class=\" plethoraplugins-accordion plethoraplugins-theme__minimal plethoraplugins-theme__basic \">\n                        <div>\n                            \n<div id=\"desea_inscribirse\" class=\"pds-accordion__item pds-js-accordion-item pds-no-js\" data-pds-tabs--initially-open=\"false\" data-pds-tabs--click-to-close=\"true\" data-pds-tabs--auto-close=\"true\" data-pds-tabs--scroll=\"false\" data-pds-tabs--scroll-offset=\"0\" data-pds-tabs--icon-type=\"\" data-pds-tabs--icon=\"true\" data-pds-tabs--icon-size=\"\">\n                    <div id=\"at-desea_inscribirse\" class=\"pds-accordion__title pds-js-accordion-controller\"><span class=\"pds-accordion__heading\" role=\"heading\" aria-level=\"3\">\u00bfDesea inscribirse?<\/span><span class=\"pds-accordion__icon\" role=\"presentation\" aria-hidden=\"true\"><svg xmlns=\"http:\/\/www.w3.org\/2000\/svg\" viewbox=\"0 0 12 7.4099998\" width=\".75rem\" height=\".75rem\"><path d=\"M12 1.41 10.59 0 6 4.58 1.41 0 0 1.41l6 6z\" fill=\"currentColor\"><\/path><\/svg><\/span><\/div>\n                    <div id=\"ac-desea_inscribirse\" class=\"pds-accordion__content\">\n                        \n\n<p><strong>Inscribirse en Elderplan es f\u00e1cil.<\/strong><\/p>\n\n\n\n<p><a href=\"https:\/\/spanish.elderplan.org\/enroll\/\">Haga clic aqu\u00ed para comenzar.<\/a><\/p>\n\n\n                    <\/div>\n                <\/div>\n\n<div id=\"miembros_actuales_de_elderplanhomefirst\" class=\"pds-accordion__item pds-js-accordion-item pds-no-js\" data-pds-tabs--initially-open=\"false\" data-pds-tabs--click-to-close=\"true\" data-pds-tabs--auto-close=\"true\" data-pds-tabs--scroll=\"false\" data-pds-tabs--scroll-offset=\"0\" data-pds-tabs--icon-type=\"\" data-pds-tabs--icon=\"true\" data-pds-tabs--icon-size=\"\">\n                    <div id=\"at-miembros_actuales_de_elderplanhomefirst\" class=\"pds-accordion__title pds-js-accordion-controller\"><span class=\"pds-accordion__heading\" role=\"heading\" aria-level=\"3\">Miembros actuales de Elderplan\/HomeFirst<\/span><span class=\"pds-accordion__icon\" role=\"presentation\" aria-hidden=\"true\"><svg xmlns=\"http:\/\/www.w3.org\/2000\/svg\" viewbox=\"0 0 12 7.4099998\" width=\".75rem\" height=\".75rem\"><path d=\"M12 1.41 10.59 0 6 4.58 1.41 0 0 1.41l6 6z\" fill=\"currentColor\"><\/path><\/svg><\/span><\/div>\n                    <div id=\"ac-miembros_actuales_de_elderplanhomefirst\" class=\"pds-accordion__content\">\n                        \n\n<p><strong>Servicios para los miembros:<\/strong><\/p>\n\n\n\n<p>Si tiene preguntas sobre sus beneficios, el pago de sus facturas, los m\u00e9dicos o cualquier otra consulta. Los representantes est\u00e1n disponibles de 8:00\u00a0a.m. a 8:00\u00a0p.m., los 7\u00a0d\u00edas de la semana.<\/p>\n\n\n\n<p>Correo electr\u00f3nico:\u00a0<a href=\"mailto:memberservices@elderplan.org\">memberservices@elderplan.org<\/a><br>Tel\u00e9fono:\u00a0<a href=\"tel:1-800-353-3765\">1-800-353-3765<\/a><br><a href=\"tel:711\">TTY: 711<\/a><\/p>\n\n\n\n<p><strong>Miembros de Elderplan Plus Long-Term Care (HMO SNP): \u00a0<\/strong><br><a href=\"tel:1-877-891-6447\">1-877-891-6447<\/a>, de 8:00\u00a0a.\u00a0m. a 8:00\u00a0p.\u00a0m., los 7\u00a0d\u00edas de la semana.<br><a href=\"tel:711\">TTY: 711<\/a><\/p>\n\n\n\n<p><strong>Miembros del plan de atenci\u00f3n administrada a largo plazo (MLTC) HomeFirst:<\/strong><br><a href=\"tel:1-877-771-1119\">1-877-771-1119<\/a>\u00a0de lunes a viernes, de 8:30\u00a0a.\u00a0m. a 5:00\u00a0p.\u00a0m.<br><a href=\"tel:711\">TTY: 711<\/a><\/p>\n\n\n\n<p><strong>Servicio al cliente para medicamentos con receta:<\/strong><br><a href=\"tel:1-866-490-2102\">1-866-490-2102<\/a>, durante las 24\u00a0horas del d\u00eda, los 7\u00a0d\u00edas de la semana.<br><a href=\"tel:711\">TTY: 711<\/a><\/p>\n\n\n\n<p><strong>Servicio de salud y bienestar:<\/strong><br><a href=\"tel:718-759-4413\">718-759-4413<\/a>, de lunes a viernes, de 9:00\u00a0a.\u00a0m. a 5:00\u00a0p.\u00a0m<br><a href=\"tel:711\">TTY: 711<\/a><\/p>\n\n\n\n<p><strong>Administraci\u00f3n de la atenci\u00f3n:<\/strong><br>Si tiene preguntas sobre su atenci\u00f3n o sobre c\u00f3mo ponerse en contacto con un administrador de atenci\u00f3n.<br><a href=\"tel:718-921-7979\">718-921-7979<\/a>, de 8:00\u00a0a.\u00a0m. a 8:00\u00a0p.\u00a0m., los 7\u00a0d\u00edas de la semana<br><a href=\"tel:711\">TTY: 711<\/a><\/p>\n\n\n\n<p><strong>Determinaciones de cobertura sobre los medicamentos con receta de la Parte\u00a0D:<\/strong><br><a href=\"tel:1-866-490-2102\">1-866-490-2102<\/a>, durante las 24\u00a0horas del d\u00eda, los 7\u00a0d\u00edas de la semana<br><a href=\"tel:711\">TTY: 711<\/a><\/p>\n\n\n\n<p><strong>Apelaciones sobre los medicamentos con receta de la Parte\u00a0D:<\/strong><br><a href=\"tel:1-866-490-2102\">1-866-490-2102<\/a>, durante las 24\u00a0horas del d\u00eda, los 7\u00a0d\u00edas de la semana<br><a href=\"tel:711\">TTY: 711<\/a><\/p>\n\n\n\n<p><strong>Quejas sobre medicamentos con receta de la Parte\u00a0D:<\/strong><br><a href=\"tel:1-866-490-2102\">1-866-490-2102<\/a>, durante las 24\u00a0horas del d\u00eda, los 7\u00a0d\u00edas de la semana<br><a href=\"tel:711\">TTY: 711<\/a><\/p>\n\n\n\n<p><strong>Determinaciones de cobertura sobre atenci\u00f3n m\u00e9dica:<\/strong><br><a href=\"tel:1-800-353-3765\">1-800-353-3765<\/a>, de 8:00\u00a0a.\u00a0m. a 8:00\u00a0p.\u00a0m., los 7\u00a0d\u00edas de la semana.<br><a href=\"tel:711\">TTY: 711<\/a><\/p>\n\n\n\n<p><strong>Apelaciones sobre atenci\u00f3n m\u00e9dica:<\/strong><br><a href=\"tel:1-800-353-3765\">1-800-353-3765<\/a>, de 8:00\u00a0a.\u00a0m. a 8:00\u00a0p.\u00a0m., los 7\u00a0d\u00edas de la semana<br><a href=\"tel:711\">TTY: 711<\/a><\/p>\n\n\n\n<p><strong>Quejas sobre atenci\u00f3n m\u00e9dica:<\/strong><br><a href=\"tel:1-800-353-3765\">1-800-353-3765<\/a>, de 8:00\u00a0a.\u00a0m. a 8:00\u00a0p.\u00a0m., los 7\u00a0d\u00edas de la semana<br><a href=\"tel:711\">TTY: 711<\/a><\/p>\n\n\n                    <\/div>\n                <\/div>\n\n<div id=\"medicamentos_con_receta_de_pedido_por_correo\" class=\"pds-accordion__item pds-js-accordion-item pds-no-js\" data-pds-tabs--initially-open=\"false\" data-pds-tabs--click-to-close=\"true\" data-pds-tabs--auto-close=\"true\" data-pds-tabs--scroll=\"false\" data-pds-tabs--scroll-offset=\"0\" data-pds-tabs--icon-type=\"\" data-pds-tabs--icon=\"true\" data-pds-tabs--icon-size=\"\">\n                    <div id=\"at-medicamentos_con_receta_de_pedido_por_correo\" class=\"pds-accordion__title pds-js-accordion-controller\"><span class=\"pds-accordion__heading\" role=\"heading\" aria-level=\"3\">Medicamentos con receta de pedido por correo<\/span><span class=\"pds-accordion__icon\" role=\"presentation\" aria-hidden=\"true\"><svg xmlns=\"http:\/\/www.w3.org\/2000\/svg\" viewbox=\"0 0 12 7.4099998\" width=\".75rem\" height=\".75rem\"><path d=\"M12 1.41 10.59 0 6 4.58 1.41 0 0 1.41l6 6z\" fill=\"currentColor\"><\/path><\/svg><\/span><\/div>\n                    <div id=\"ac-medicamentos_con_receta_de_pedido_por_correo\" class=\"pds-accordion__content\">\n                        \n\n<p><strong>Servicio de entrega a domicilio de CVS\/caremark:<\/strong><\/p>\n\n\n\n<p>Obtener informaci\u00f3n sobre las farmacias de pedido por correo de Elderplan o incluso hacer un pedido es tan f\u00e1cil como llamar al n\u00famero de tel\u00e9fono gratuito que aparece a continuaci\u00f3n.<\/p>\n\n\n\n<p>Tel\u00e9fono:\u00a0<a href=\"tel:1-866-490-2102\">1-866-490-2102<\/a>, TTY:\u00a0<a href=\"tel:711\">711<\/a><br>Durante las 24\u00a0horas del d\u00eda, los 7\u00a0d\u00edas de la semana<br>Sitio web:\u00a0<a href=\"https:\/\/www.caremark.com\/wps\/portal\" rel=\"noreferrer noopener\" target=\"_blank\">Ingl\u00e9s<\/a>\u00a0|\u00a0<a href=\"https:\/\/espanol.caremark.com\/wps\/portal\" rel=\"noreferrer noopener\" target=\"_blank\">Espa\u00f1ol<\/a><\/p>\n\n\n                    <\/div>\n                <\/div>\n\n<div id=\"relaciones_con_los_proveedores\" class=\"pds-accordion__item pds-js-accordion-item pds-no-js\" data-pds-tabs--initially-open=\"false\" data-pds-tabs--click-to-close=\"true\" data-pds-tabs--auto-close=\"true\" data-pds-tabs--scroll=\"false\" data-pds-tabs--scroll-offset=\"0\" data-pds-tabs--icon-type=\"\" data-pds-tabs--icon=\"true\" data-pds-tabs--icon-size=\"\">\n                    <div id=\"at-relaciones_con_los_proveedores\" class=\"pds-accordion__title pds-js-accordion-controller\"><span class=\"pds-accordion__heading\" role=\"heading\" aria-level=\"3\">Relaciones con los proveedores<\/span><span class=\"pds-accordion__icon\" role=\"presentation\" aria-hidden=\"true\"><svg xmlns=\"http:\/\/www.w3.org\/2000\/svg\" viewbox=\"0 0 12 7.4099998\" width=\".75rem\" height=\".75rem\"><path d=\"M12 1.41 10.59 0 6 4.58 1.41 0 0 1.41l6 6z\" fill=\"currentColor\"><\/path><\/svg><\/span><\/div>\n                    <div id=\"ac-relaciones_con_los_proveedores\" class=\"pds-accordion__content\">\n                        \n\n<p><strong>Departamento de Relaciones con los proveedores:<\/strong><\/p>\n\n\n\n<p>Para inscribirse como un m\u00e9dico de la red de Elderplan o si tiene preguntas sobre una reclamaci\u00f3n, una autorizaci\u00f3n previa u otro tema.<\/p>\n\n\n\n<p>Tel\u00e9fono:\u00a0<a href=\"tel:718-921-8418\">718-921-8418<\/a>, de lunes a viernes, de 9:00\u00a0a.m. a 5:00\u00a0p.m.<br>Correo electr\u00f3nico:\u00a0<a href=\"mailto:providerservices@elderplan.org\">epproviderservices@mjhs.org<\/a><\/p>\n\n\n                    <\/div>\n                <\/div>\n\n<div id=\"empleadores\" class=\"pds-accordion__item pds-js-accordion-item pds-no-js\" data-pds-tabs--initially-open=\"false\" data-pds-tabs--click-to-close=\"true\" data-pds-tabs--auto-close=\"true\" data-pds-tabs--scroll=\"false\" data-pds-tabs--scroll-offset=\"0\" data-pds-tabs--icon-type=\"\" data-pds-tabs--icon=\"true\" data-pds-tabs--icon-size=\"\">\n                    <div id=\"at-empleadores\" class=\"pds-accordion__title pds-js-accordion-controller\"><span class=\"pds-accordion__heading\" role=\"heading\" aria-level=\"3\">Empleadores<\/span><span class=\"pds-accordion__icon\" role=\"presentation\" aria-hidden=\"true\"><svg xmlns=\"http:\/\/www.w3.org\/2000\/svg\" viewbox=\"0 0 12 7.4099998\" width=\".75rem\" height=\".75rem\"><path d=\"M12 1.41 10.59 0 6 4.58 1.41 0 0 1.41l6 6z\" fill=\"currentColor\"><\/path><\/svg><\/span><\/div>\n                    <div id=\"ac-empleadores\" class=\"pds-accordion__content\">\n                        \n\n<p>Los representantes est\u00e1n disponibles de 8:00\u00a0a.m. a 8:00\u00a0p.m., los 7\u00a0d\u00edas de la semana.<\/p>\n\n\n\n<p><strong>Departamento de Administraci\u00f3n de ventas:<\/strong><br>Para agregar Elderplan a las opciones de jubilaci\u00f3n de su empresa.<\/p>\n\n\n\n<p>Tel\u00e9fono:\u00a0<a href=\"tel:1-800-353-3765\">1-800-353-3765<\/a>\u00a0(<a href=\"tel:711\">TTY: 711<\/a>)<br>Correo electr\u00f3nico:\u00a0<a href=\"mailto:info@elderplan.org\">info@elderplan.org<\/a><\/p>\n\n\n                    <\/div>\n                <\/div>\n\n<div id=\"fraude_uso_indebido_y_abuso\" class=\"pds-accordion__item pds-js-accordion-item pds-no-js\" data-pds-tabs--initially-open=\"false\" data-pds-tabs--click-to-close=\"true\" data-pds-tabs--auto-close=\"true\" data-pds-tabs--scroll=\"false\" data-pds-tabs--scroll-offset=\"0\" data-pds-tabs--icon-type=\"\" data-pds-tabs--icon=\"true\" data-pds-tabs--icon-size=\"\">\n                    <div id=\"at-fraude_uso_indebido_y_abuso\" class=\"pds-accordion__title pds-js-accordion-controller\"><span class=\"pds-accordion__heading\" role=\"heading\" aria-level=\"3\">Fraude, uso indebido y abuso<\/span><span class=\"pds-accordion__icon\" role=\"presentation\" aria-hidden=\"true\"><svg xmlns=\"http:\/\/www.w3.org\/2000\/svg\" viewbox=\"0 0 12 7.4099998\" width=\".75rem\" height=\".75rem\"><path d=\"M12 1.41 10.59 0 6 4.58 1.41 0 0 1.41l6 6z\" fill=\"currentColor\"><\/path><\/svg><\/span><\/div>\n                    <div id=\"ac-fraude_uso_indebido_y_abuso\" class=\"pds-accordion__content\">\n                        \n\n<p>Elderplan se compromete a cumplir con las leyes y regulaciones federales y estatales para ayudar a\u00a0luchar contra el problema en aumento del fraude, uso indebido y abuso de Medicare y Medicaid. Denuncie cualquier actividad sospechosa. Puede llamar an\u00f3nimamente al n\u00famero gratuito o ponerse en contacto con Elderplan por escrito a la siguiente direcci\u00f3n:<\/p>\n\n\n\n<p>Llamar al:\u00a0<a href=\"tel:1-855-395-9169\">1-855-395-9169<\/a><br>Direcci\u00f3n postal:<br>Elderplan Special Investigation Unit (SIU)<br>55 Water Street 46th Floor<br>New York, NY 10041<\/p>\n\n\n                    <\/div>\n                <\/div>\n\n                        <\/div>\n                    <\/div>\n                    \n            <\/div><\/div>\n\n\n\n<div class=\"wp-block-column is-layout-flow wp-block-column-is-layout-flow\" style=\"flex-basis:33.33%\">\n<h4 class=\"wp-block-heading\" id=\"h-como-hacerse-miembro-de-elderplan\">C\u00f3mo hacerse miembro de Elderplan<\/h4>\n\n\n\n<p>Llame a nuestro Centro de atenci\u00f3n telef\u00f3nica para inscripciones al<br><strong><a href=\"tel:7663601934\">1-866-360-1934<\/a>\u00a0[<a href=\"tel:711\">TTY: 711]<\/a><\/strong><br>de 8:00\u00a0a.\u00a0m. a 8:00\u00a0p.\u00a0m., los 7\u00a0d\u00edas de la semana, o\u00a0<a href=\"https:\/\/spanish.elderplan.org\/enroll\/\">inscr\u00edbase en l\u00ednea.<\/a><\/p>\n<\/div>\n<\/div>\n","protected":false},"excerpt":{"rendered":"<p>Direcci\u00f3n postal: Elderplan Member Services 55 Water Street 46th Floor New York, NY 10041 Si necesita ponerse en contacto con Elderplan, consulte la siguiente lista: C\u00f3mo hacerse miembro de Elderplan [&hellip;]<\/p>\n","protected":false},"author":1,"featured_media":0,"parent":17626,"menu_order":1,"comment_status":"closed","ping_status":"closed","template":"","meta":{"_acf_changed":false,"footnotes":""},"categories":[],"class_list":["post-26","page","type-page","status-publish","hentry"],"translation":{"provider":"WPGlobus","version":"3.0.2","language":"es","enabled_languages":["en","es","zh"],"languages":{"en":{"title":true,"content":true,"excerpt":false},"es":{"title":true,"content":true,"excerpt":false},"zh":{"title":true,"content":true,"excerpt":false}}},"acf":[],"jetpack_sharing_enabled":true,"publishpress_future_action":{"enabled":false,"date":"2026-05-08 07:11:47","action":"change-status","newStatus":"draft","terms":[],"taxonomy":"category","extraData":[]},"publishpress_future_workflow_manual_trigger":{"enabledWorkflows":[]},"_links":{"self":[{"href":"https:\/\/www.elderplan.org\/es\/wp-json\/wp\/v2\/pages\/26","targetHints":{"allow":["GET"]}}],"collection":[{"href":"https:\/\/www.elderplan.org\/es\/wp-json\/wp\/v2\/pages"}],"about":[{"href":"https:\/\/www.elderplan.org\/es\/wp-json\/wp\/v2\/types\/page"}],"author":[{"embeddable":true,"href":"https:\/\/www.elderplan.org\/es\/wp-json\/wp\/v2\/users\/1"}],"replies":[{"embeddable":true,"href":"https:\/\/www.elderplan.org\/es\/wp-json\/wp\/v2\/comments?post=26"}],"version-history":[{"count":0,"href":"https:\/\/www.elderplan.org\/es\/wp-json\/wp\/v2\/pages\/26\/revisions"}],"up":[{"embeddable":true,"href":"https:\/\/www.elderplan.org\/es\/wp-json\/wp\/v2\/pages\/17626"}],"wp:attachment":[{"href":"https:\/\/www.elderplan.org\/es\/wp-json\/wp\/v2\/media?parent=26"}],"wp:term":[{"taxonomy":"category","embeddable":true,"href":"https:\/\/www.elderplan.org\/es\/wp-json\/wp\/v2\/categories?post=26"}],"curies":[{"name":"wp","href":"https:\/\/api.w.org\/{rel}","templated":true}]}}