{"id":3397,"date":"2016-12-07T18:26:16","date_gmt":"2016-12-07T23:26:16","guid":{"rendered":"http:\/\/english2017-b.elderplan.org\/?page_id=3397"},"modified":"2023-12-12T22:42:18","modified_gmt":"2023-12-13T03:42:18","slug":"provider-directory-map","status":"publish","type":"page","link":"https:\/\/www.elderplan.org\/es\/member-benefits\/elderplan-benefits\/provider-directory-map\/","title":{"rendered":"Directorios de proveedores y farmacias"},"content":{"rendered":"\n<div class=\"wp-block-columns padding-interior is-layout-flex wp-container-core-columns-is-layout-9d6595d7 wp-block-columns-is-layout-flex\">\n<div class=\"wp-block-column is-layout-flow wp-block-column-is-layout-flow\" style=\"flex-basis:66.66%\">\n<h3 class=\"wp-block-heading\" id=\"h-directorio-de-proveedores\">Directorio de proveedores<\/h3>\n\n\n<div>\n                    <div class=\" plethoraplugins-accordion plethoraplugins-theme__minimal plethoraplugins-theme__basic \">\n                        <div>\n                            \n<div id=\"introduccin\" class=\"pds-accordion__item pds-js-accordion-item pds-no-js\" data-pds-tabs--initially-open=\"false\" data-pds-tabs--click-to-close=\"true\" data-pds-tabs--auto-close=\"true\" data-pds-tabs--scroll=\"false\" data-pds-tabs--scroll-offset=\"0\" data-pds-tabs--icon-type=\"\" data-pds-tabs--icon=\"true\" data-pds-tabs--icon-size=\"\">\n                    <div id=\"at-introduccin\" class=\"pds-accordion__title pds-js-accordion-controller\"><span class=\"pds-accordion__heading\" role=\"heading\" aria-level=\"3\">Introducci\u00f3n<\/span><span class=\"pds-accordion__icon\" role=\"presentation\" aria-hidden=\"true\"><svg xmlns=\"http:\/\/www.w3.org\/2000\/svg\" viewbox=\"0 0 12 7.4099998\" width=\".75rem\" height=\".75rem\"><path d=\"M12 1.41 10.59 0 6 4.58 1.41 0 0 1.41l6 6z\" fill=\"currentColor\"><\/path><\/svg><\/span><\/div>\n                    <div id=\"ac-introduccin\" class=\"pds-accordion__content\">\n                        \n\n<p>Este directorio ofrece una lista de los proveedores de la red de Elderplan. Para obtener informaci\u00f3n detallada sobre su cobertura de atenci\u00f3n m\u00e9dica, consulte su Evidencia de cobertura.<\/p>\n\n\n\n<p>Tendr\u00e1 que elegir uno de los proveedores de la red que figuran en el listado de este directorio como su m\u00e9dico de atenci\u00f3n primaria (PCP). En todo este directorio, se emplear\u00e1 el t\u00e9rmino \u201cPCP\u201d. Por lo general, debe obtener los servicios de atenci\u00f3n m\u00e9dica de su PCP.<\/p>\n\n\n\n<p>Los \u201cproveedores de la red\u201d que figuran en este directorio han acordado brindarle servicios de atenci\u00f3n m\u00e9dica, beneficios de atenci\u00f3n a largo plazo y servicios oftalmol\u00f3gicos y odontol\u00f3gicos. Usted puede recurrir a cualquiera de los proveedores de la red que figuran en el listado de este directorio; sin embargo, para algunos servicios es posible que necesite una remisi\u00f3n. Si ha estado consultando a un proveedor de la red, no es obligatorio que contin\u00fae acudiendo al mismo proveedor. En algunos casos, puede obtener los servicios cubiertos de proveedores que no pertenezcan a la red.<\/p>\n\n\n\n<p>Si un proveedor fuera de la red le env\u00eda una factura directamente a usted, no debe pagarla, sino enviarla al plan a la direcci\u00f3n que se indica abajo, para su procesamiento y la determinaci\u00f3n de la responsabilidad del inscrito, si correspondiera.<\/p>\n\n\n\n<p><strong>Reclamaciones m\u00e9dicas:<\/strong><\/p>\n\n\n\n<p><em>Elderplan<br>Attn: Member Services<br>55 Water Street, 46th Floor, Suite 202<br>New York, NY 10041<\/em><\/p>\n\n\n                    <\/div>\n                <\/div>\n\n<div id=\"lista_de_proveedores_de_la_red\" class=\"pds-accordion__item pds-js-accordion-item pds-no-js\" data-pds-tabs--initially-open=\"false\" data-pds-tabs--click-to-close=\"true\" data-pds-tabs--auto-close=\"true\" data-pds-tabs--scroll=\"false\" data-pds-tabs--scroll-offset=\"0\" data-pds-tabs--icon-type=\"\" data-pds-tabs--icon=\"true\" data-pds-tabs--icon-size=\"\">\n                    <div id=\"at-lista_de_proveedores_de_la_red\" class=\"pds-accordion__title pds-js-accordion-controller\"><span class=\"pds-accordion__heading\" role=\"heading\" aria-level=\"3\">Lista de proveedores de la red<\/span><span class=\"pds-accordion__icon\" role=\"presentation\" aria-hidden=\"true\"><svg xmlns=\"http:\/\/www.w3.org\/2000\/svg\" viewbox=\"0 0 12 7.4099998\" width=\".75rem\" height=\".75rem\"><path d=\"M12 1.41 10.59 0 6 4.58 1.41 0 0 1.41l6 6z\" fill=\"currentColor\"><\/path><\/svg><\/span><\/div>\n                    <div id=\"ac-lista_de_proveedores_de_la_red\" class=\"pds-accordion__content\">\n                        \n\n<p>El directorio de proveedores de Elderplan contiene lo siguiente:<\/p>\n\n\n\n<ul class=\"wp-block-list\">\n<li>699\u00a0proveedores complementarios<\/li>\n\n\n\n<li>73\u00a0hospitales<\/li>\n\n\n\n<li>479\u00a0servicios a largo plazo<\/li>\n\n\n\n<li>5,340\u00a0m\u00e9dicos de atenci\u00f3n primaria<\/li>\n\n\n\n<li>138\u00a0centros de atenci\u00f3n de enfermer\u00eda especializada<\/li>\n\n\n\n<li>25,932\u00a0especialistas<\/li>\n\n\n\n<li>2,513\u00a0dentistas<\/li>\n\n\n\n<li>4,843\u00a0farmacias<\/li>\n<\/ul>\n\n\n                    <\/div>\n                <\/div>\n\n<div id=\"en_caso_de_emergencia_mdica\" class=\"pds-accordion__item pds-js-accordion-item pds-no-js\" data-pds-tabs--initially-open=\"false\" data-pds-tabs--click-to-close=\"true\" data-pds-tabs--auto-close=\"true\" data-pds-tabs--scroll=\"false\" data-pds-tabs--scroll-offset=\"0\" data-pds-tabs--icon-type=\"\" data-pds-tabs--icon=\"true\" data-pds-tabs--icon-size=\"\">\n                    <div id=\"at-en_caso_de_emergencia_mdica\" class=\"pds-accordion__title pds-js-accordion-controller\"><span class=\"pds-accordion__heading\" role=\"heading\" aria-level=\"3\">En caso de emergencia m\u00e9dica<\/span><span class=\"pds-accordion__icon\" role=\"presentation\" aria-hidden=\"true\"><svg xmlns=\"http:\/\/www.w3.org\/2000\/svg\" viewbox=\"0 0 12 7.4099998\" width=\".75rem\" height=\".75rem\"><path d=\"M12 1.41 10.59 0 6 4.58 1.41 0 0 1.41l6 6z\" fill=\"currentColor\"><\/path><\/svg><\/span><\/div>\n                    <div id=\"ac-en_caso_de_emergencia_mdica\" class=\"pds-accordion__content\">\n                        \n\n<p>Busque asistencia m\u00e9dica lo m\u00e1s r\u00e1pido posible. Marque 911 para recibir ayuda o acuda directamente a la sala de emergencias m\u00e1s cercana. En caso de una emergencia de cualquier naturaleza, no es necesario que se ponga en contacto con un proveedor del plan, incluso su propio PCP, para obtener permiso (\u201cautorizaci\u00f3n\u201d) o una remisi\u00f3n.<\/p>\n\n\n\n<p>Sin embargo, en cuanto sea posible, usted o alguna otra persona deber\u00e1 ponerse en contacto con su PCP o con Elderplan en relaci\u00f3n con la emergencia. Su PCP o Elderplan deber\u00e1 intervenir en el seguimiento de su atenci\u00f3n de emergencia. El n\u00famero de tel\u00e9fono de su PCP aparece en su tarjeta de membres\u00eda de Elderplan. Para comunicarse con Elderplan, llame a Servicios a Miembros al\u00a0<a href=\"tel:18778916447\">1\u2010877\u2010891\u20106447<\/a>, de 8:00\u00a0a.m. a 8:00\u00a0p.m., los 7\u00a0d\u00edas de la semana. Los usuarios de TTY deben llamar al\u00a0<a href=\"tel:711\">711<\/a>.<\/p>\n\n\n\n<p>Puede obtener atenci\u00f3n m\u00e9dica de emergencia cubierta en cualquier momento que la necesite y en cualquier parte del mundo.<\/p>\n\n\n\n<p>El proveedor m\u00e1s cercano disponible siempre puede prestar atenci\u00f3n de emergencia dentro o fuera del \u00e1rea de servicio. Cuando se encuentre dentro del \u00e1rea de servicio, debe consultar a los proveedores del plan para recibir atenci\u00f3n de urgencia.<\/p>\n\n\n\n<p>Debe utilizar los proveedores del plan, salvo en situaciones de emergencia o urgencia o para servicios de di\u00e1lisis renal fuera del \u00e1rea. Si recibe atenci\u00f3n de rutina de parte de proveedores fuera de la red, ni Medicare ni Elderplan se har\u00e1n responsables de los costos.<\/p>\n\n\n                    <\/div>\n                <\/div>\n\n<div id=\"cul_es_el_rea_de_servicio_de_elderplan\" class=\"pds-accordion__item pds-js-accordion-item pds-no-js\" data-pds-tabs--initially-open=\"false\" data-pds-tabs--click-to-close=\"true\" data-pds-tabs--auto-close=\"true\" data-pds-tabs--scroll=\"false\" data-pds-tabs--scroll-offset=\"0\" data-pds-tabs--icon-type=\"\" data-pds-tabs--icon=\"true\" data-pds-tabs--icon-size=\"\">\n                    <div id=\"at-cul_es_el_rea_de_servicio_de_elderplan\" class=\"pds-accordion__title pds-js-accordion-controller\"><span class=\"pds-accordion__heading\" role=\"heading\" aria-level=\"3\">\u00bfCu\u00e1l es el \u00e1rea de servicio de Elderplan?<\/span><span class=\"pds-accordion__icon\" role=\"presentation\" aria-hidden=\"true\"><svg xmlns=\"http:\/\/www.w3.org\/2000\/svg\" viewbox=\"0 0 12 7.4099998\" width=\".75rem\" height=\".75rem\"><path d=\"M12 1.41 10.59 0 6 4.58 1.41 0 0 1.41l6 6z\" fill=\"currentColor\"><\/path><\/svg><\/span><\/div>\n                    <div id=\"ac-cul_es_el_rea_de_servicio_de_elderplan\" class=\"pds-accordion__content\">\n                        \n\n<p>A continuaci\u00f3n, se enumeran los condados que cubre nuestra \u00e1rea de servicio.<\/p>\n\n\n\n<p>El Bronx, Kings, Nassau, New York, Queens, Richmond y Westchester.<\/p>\n\n\n\n<p>Si tiene alguna pregunta sobre Elderplan o si necesita ayuda para seleccionar un PCP, llame a Servicios a Miembros al\u00a0<a href=\"tel:18778916447\">1\u2010877\u2010891\u20106447<\/a>, de 8:00\u00a0a.m. a 8:00\u00a0p.m., los 7\u00a0d\u00edas de la semana. Los usuarios de TTY deben llamar al\u00a0<a href=\"tel:711\">711<\/a>.<\/p>\n\n\n                    <\/div>\n                <\/div>\n\n                        <\/div>\n                    <\/div>\n                    \n            <\/div>\n\n\n<div class=\"wp-block-buttons is-layout-flex wp-block-buttons-is-layout-flex\">\n<div class=\"wp-block-button\"><a class=\"wp-block-button__link wp-element-button\" href=\"https:\/\/elderplan.providerlenz.com\/home\"><i class=\"fas fa-magnifying-glass\"><\/i> Encuentre un proveedor cerca de usted<\/a><\/div>\n<\/div>\n\n\n\n<div style=\"height:25px\" aria-hidden=\"true\" class=\"wp-block-spacer\"><\/div>\n\n\n\n<h3 class=\"wp-block-heading\" id=\"h-directorio-de-farmacias\">Directorio de farmacias<\/h3>\n\n\n<div>\n                    <div class=\" plethoraplugins-accordion plethoraplugins-theme__minimal plethoraplugins-theme__basic \">\n                        <div>\n                            \n<div id=\"farmacias_introduccin\" class=\"pds-accordion__item pds-js-accordion-item pds-no-js\" data-pds-tabs--initially-open=\"false\" data-pds-tabs--click-to-close=\"true\" data-pds-tabs--auto-close=\"true\" data-pds-tabs--scroll=\"false\" data-pds-tabs--scroll-offset=\"0\" data-pds-tabs--icon-type=\"\" data-pds-tabs--icon=\"true\" data-pds-tabs--icon-size=\"\">\n                    <div id=\"at-farmacias_introduccin\" class=\"pds-accordion__title pds-js-accordion-controller\"><span class=\"pds-accordion__heading\" role=\"heading\" aria-level=\"3\">Introducci\u00f3n<\/span><span class=\"pds-accordion__icon\" role=\"presentation\" aria-hidden=\"true\"><svg xmlns=\"http:\/\/www.w3.org\/2000\/svg\" viewbox=\"0 0 12 7.4099998\" width=\".75rem\" height=\".75rem\"><path d=\"M12 1.41 10.59 0 6 4.58 1.41 0 0 1.41l6 6z\" fill=\"currentColor\"><\/path><\/svg><\/span><\/div>\n                    <div id=\"ac-farmacias_introduccin\" class=\"pds-accordion__content\">\n                        \n\n<p>Este folleto ofrece un listado de las farmacias de la red de Elderplan. Si desea una descripci\u00f3n detallada sobre su cobertura para medicamentos con receta y c\u00f3mo obtenerlos, consulte la Evidencia de cobertura y el formulario de Elderplan.<\/p>\n\n\n\n<p>Las farmacias que figuran en esta lista son las \u201cfarmacias de la red\u201d, ya que hemos acordado con ellas el suministro de medicamentos con receta para los miembros del plan. En la mayor\u00eda de los casos, sus medicamentos con receta est\u00e1n cubiertos por Elderplan \u00fanicamente si los obtiene en una farmacia de la red o a trav\u00e9s de nuestro servicio de farmacias de pedidos por correo. Una vez que acuda a una farmacia, no es necesario que contin\u00fae acudiendo a la misma farmacia para obtener su medicamento con receta, sino que puede cambiar a cualquiera de nuestras farmacias de la red. Puede obtener sus medicamentos con receta en farmacias fuera de la red solo en ciertas circunstancias contempladas en su Evidencia de cobertura.<\/p>\n\n\n\n<p>Puede pedir que le env\u00eden los medicamentos con receta a su hogar a trav\u00e9s de nuestro servicio de entrega de pedidos por correo de nuestra red, denominado\u00a0farmacia de pedidos por correo de CVS\/caremark. Para obtener m\u00e1s informaci\u00f3n, p\u00f3ngase en contacto con nosotros o consulte la secci\u00f3n de pedidos por correo de este directorio de farmacias.<\/p>\n\n\n                    <\/div>\n                <\/div>\n\n<div id=\"farmacia_de_pedidos_por_correo\" class=\"pds-accordion__item pds-js-accordion-item pds-no-js\" data-pds-tabs--initially-open=\"false\" data-pds-tabs--click-to-close=\"true\" data-pds-tabs--auto-close=\"true\" data-pds-tabs--scroll=\"false\" data-pds-tabs--scroll-offset=\"0\" data-pds-tabs--icon-type=\"\" data-pds-tabs--icon=\"true\" data-pds-tabs--icon-size=\"\">\n                    <div id=\"at-farmacia_de_pedidos_por_correo\" class=\"pds-accordion__title pds-js-accordion-controller\"><span class=\"pds-accordion__heading\" role=\"heading\" aria-level=\"3\">Farmacia de pedidos por correo<\/span><span class=\"pds-accordion__icon\" role=\"presentation\" aria-hidden=\"true\"><svg xmlns=\"http:\/\/www.w3.org\/2000\/svg\" viewbox=\"0 0 12 7.4099998\" width=\".75rem\" height=\".75rem\"><path d=\"M12 1.41 10.59 0 6 4.58 1.41 0 0 1.41l6 6z\" fill=\"currentColor\"><\/path><\/svg><\/span><\/div>\n                    <div id=\"ac-farmacia_de_pedidos_por_correo\" class=\"pds-accordion__content\">\n                        \n\n<p>Puede pedir que le env\u00eden los medicamentos con receta a su hogar a trav\u00e9s de nuestro servicio de entrega de pedidos por correo de nuestra red, denominado\u00a0farmacia de pedidos por correo de CVS\/caremark.<\/p>\n\n\n\n<p>Para resurtir sus medicamentos con receta mediante el servicio de pedidos por correo, usted tiene la opci\u00f3n de inscribirse en un programa de resurtido autom\u00e1tico llamado ReadyFill. En este programa, comenzaremos a procesar su siguiente resurtido autom\u00e1ticamente cuando nuestros registros muestren que se est\u00e1 por quedar sin el medicamento. Nos pondremos en contacto con usted antes de enviarle cada resurtido para asegurarnos de que necesite m\u00e1s medicamentos.<\/p>\n\n\n\n<p>Puede cancelar los resurtidos programados si tiene una cantidad suficiente de su medicamento o si su medicamento ha cambiado. Si decide no usar el programa de resurtido autom\u00e1tico, cont\u00e1ctese con nosotros 29\u00a0d\u00edas antes de la fecha estimada en que se quedar\u00e1 sin medicamentos a fin de asegurarse de que su pr\u00f3ximo pedido se le env\u00ede a tiempo. Para cancelar la inscripci\u00f3n al programa de resurtido autom\u00e1tico, p\u00f3ngase en contacto con CVS\/Caremark al\u00a0<a href=\"tel:1-866-490-2102\">1\u2010866\u2010490\u20102102<\/a>, durante las 24\u00a0horas del d\u00eda, los 7\u00a0d\u00edas de la semana. Los usuarios de TTY deben llamar al\u00a0<a href=\"tel:711\">711<\/a>.<\/p>\n\n\n\n<p>Para resurtidos de sus medicamentos con receta pedidos por correo, comun\u00edquese con nosotros con 10\u00a0d\u00edas de anticipaci\u00f3n cuando considere que los medicamentos que tiene disponibles se le acabar\u00e1n, para asegurarse de que el pr\u00f3ximo pedido se le env\u00ede a tiempo.<\/p>\n\n\n\n<p>Por lo general, debe recibir sus medicamentos con receta entre 5 y 7\u00a0d\u00edas despu\u00e9s de que la farmacia de pedidos por correo reciba el pedido. Si no recibe sus medicamentos con receta dentro de ese plazo, comun\u00edquese con CVS\/caremark al\u00a0<a href=\"tel:18664902102\">1-866-490-2102<\/a>, durante las 24\u00a0horas del d\u00eda, los 7\u00a0d\u00edas de la semana. Los usuarios de TTY deben llamar al\u00a0<a href=\"tel:711\">711<\/a>.<\/p>\n\n\n                    <\/div>\n                <\/div>\n\n<div id=\"farmacias_de_aplicacin_de_infusiones_en_el_hogar\" class=\"pds-accordion__item pds-js-accordion-item pds-no-js\" data-pds-tabs--initially-open=\"false\" data-pds-tabs--click-to-close=\"true\" data-pds-tabs--auto-close=\"true\" data-pds-tabs--scroll=\"false\" data-pds-tabs--scroll-offset=\"0\" data-pds-tabs--icon-type=\"\" data-pds-tabs--icon=\"true\" data-pds-tabs--icon-size=\"\">\n                    <div id=\"at-farmacias_de_aplicacin_de_infusiones_en_el_hogar\" class=\"pds-accordion__title pds-js-accordion-controller\"><span class=\"pds-accordion__heading\" role=\"heading\" aria-level=\"3\">Farmacias de aplicaci\u00f3n de infusiones en el hogar<\/span><span class=\"pds-accordion__icon\" role=\"presentation\" aria-hidden=\"true\"><svg xmlns=\"http:\/\/www.w3.org\/2000\/svg\" viewbox=\"0 0 12 7.4099998\" width=\".75rem\" height=\".75rem\"><path d=\"M12 1.41 10.59 0 6 4.58 1.41 0 0 1.41l6 6z\" fill=\"currentColor\"><\/path><\/svg><\/span><\/div>\n                    <div id=\"ac-farmacias_de_aplicacin_de_infusiones_en_el_hogar\" class=\"pds-accordion__content\">\n                        \n\n<p>Las farmacias de infusiones en el hogar se especializan en brindar tratamientos de infusi\u00f3n para pacientes en sus hogares o en otros lugares alternativos. Para obtener m\u00e1s informaci\u00f3n sobre las farmacias de infusiones en el hogar, llame a nuestro Departamento de Servicios para los miembros al\u00a0<a href=\"tel:18778916447\">1\u2010877\u2010891\u20106447<\/a>, de 8:00\u00a0a.m. a 8:00\u00a0p.m., los 7\u00a0d\u00edas de la semana. Los usuarios de TTY deben llamar al\u00a0<a href=\"tel:711\">711<\/a>.<\/p>\n\n\n                    <\/div>\n                <\/div>\n\n<div id=\"farmacias_de_atencin_a_largo_plazo\" class=\"pds-accordion__item pds-js-accordion-item pds-no-js\" data-pds-tabs--initially-open=\"false\" data-pds-tabs--click-to-close=\"true\" data-pds-tabs--auto-close=\"true\" data-pds-tabs--scroll=\"false\" data-pds-tabs--scroll-offset=\"0\" data-pds-tabs--icon-type=\"\" data-pds-tabs--icon=\"true\" data-pds-tabs--icon-size=\"\">\n                    <div id=\"at-farmacias_de_atencin_a_largo_plazo\" class=\"pds-accordion__title pds-js-accordion-controller\"><span class=\"pds-accordion__heading\" role=\"heading\" aria-level=\"3\">Farmacias de atenci\u00f3n a largo plazo<\/span><span class=\"pds-accordion__icon\" role=\"presentation\" aria-hidden=\"true\"><svg xmlns=\"http:\/\/www.w3.org\/2000\/svg\" viewbox=\"0 0 12 7.4099998\" width=\".75rem\" height=\".75rem\"><path d=\"M12 1.41 10.59 0 6 4.58 1.41 0 0 1.41l6 6z\" fill=\"currentColor\"><\/path><\/svg><\/span><\/div>\n                    <div id=\"ac-farmacias_de_atencin_a_largo_plazo\" class=\"pds-accordion__content\">\n                        \n\n<p>Los residentes de un centro de atenci\u00f3n a largo plazo pueden obtener medicamentos con receta cubiertos por Elderplan a trav\u00e9s de la farmacia de atenci\u00f3n a largo plazo del centro u otra farmacia de la red para atenci\u00f3n a largo plazo.<\/p>\n\n\n\n<p>Las farmacias de atenci\u00f3n a largo plazo suministran las preparaciones medicinales que se entregan a los pacientes que residen en un centro de enfermer\u00eda intermedia o especializada, incluidos los centros de atenci\u00f3n intermedia para personas con retraso mental, los hospicios, las residencias de vivienda asistida, los hogares grupales y otros tipos de alojamiento grupal. Para obtener m\u00e1s informaci\u00f3n sobre las farmacias de atenci\u00f3n a largo plazo, llame a nuestro Departamento de Servicios para los Miembros al\u00a0<a href=\"tel:1-877-891-6447\">1-877-891-6447<\/a>, de 8:00\u00a0a.m. a 8:00\u00a0p.m., los 7\u00a0d\u00edas de la semana. Los usuarios de TTY deben llamar al\u00a0<a href=\"tel:711\">711<\/a>.<\/p>\n\n\n\n<p><strong>Farmacias para el Programa de salud para la poblaci\u00f3n india estadounidense urbana o tribal (I\/T\/U) del Servicio de Salud para la Poblaci\u00f3n India Estadounidense<\/strong><\/p>\n\n\n\n<p>Solo los nativos americanos y nativos de Alaska tienen acceso a Farmacias del Programa de salud para la poblaci\u00f3n india estadounidense urbana o tribal (I\/T\/U) del Servicio de Salud para la Poblaci\u00f3n India Estadounidense a trav\u00e9s de la red de farmacias de Elderplan. Quienes no sean nativos americanos y nativos de Alaska pueden tener acceso a estas farmacias en circunstancias limitadas (por ejemplo, una emergencia).<\/p>\n\n\n\n<p>Una farmacia del Programa de salud para la poblaci\u00f3n india estadounidense urbana o tribal (I\/T\/U) del Servicio de Salud para la Poblaci\u00f3n India Estadounidense se refiere a una farmacia operada por el Servicio de salud para la poblaci\u00f3n india estadounidense, una tribu u organizaci\u00f3n tribal india estadounidense, o una organizaci\u00f3n urbana india estadounidense, que se definen en la Secci\u00f3n\u00a04\u00a0de la Ley para la Mejora de la Atenci\u00f3n de la Salud de la Poblaci\u00f3n India, T\u00edtulo\u00a025 del C\u00f3digo de los Estados Unidos (USC). 1603. Para obtener m\u00e1s informaci\u00f3n sobre las farmacias para el Programa de salud para la poblaci\u00f3n india estadounidense urbana o tribal (I\/T\/U) del Servicio de Salud para la Poblaci\u00f3n India Estadounidense, llame a nuestro Departamento de Servicios para los Miembros al\u00a0<a href=\"tel:1-877-891-6447\">1-877-891-6447<\/a>, de 8:00\u00a0a.m. a 8:00\u00a0p.m., los 7\u00a0d\u00edas de la semana. Los usuarios de TTY deben llamar al\u00a0<a href=\"tel:711\">711<\/a>.<\/p>\n\n\n                    <\/div>\n                <\/div>\n\n                        <\/div>\n                    <\/div>\n                    \n            <\/div>\n\n\n<div class=\"wp-block-buttons is-nowrap is-layout-flex wp-container-core-buttons-is-layout-ad2f72ca wp-block-buttons-is-layout-flex\">\n<div class=\"wp-block-button has-custom-width wp-block-button__width-50\"><a class=\"wp-block-button__link wp-element-button\" href=\"https:\/\/www.medicareplanrx.com\/jccf\/elderplan_medd_pharmacy_22.html\"><i class=\"fas fa-magnifying-glass\"><\/i> 2022: Encuentre una farmacia cerca de usted (Ingl\u00e9s)<\/a><\/div>\n\n\n\n<div class=\"wp-block-button has-custom-width wp-block-button__width-50\"><a class=\"wp-block-button__link wp-element-button\" href=\"https:\/\/www.medicareplanrx.com\/jccf\/elderplan_medd_es_pharmacy_22.html\"><i class=\"fas fa-magnifying-glass\"><\/i> 2022: Encuentre una farmacia cerca de usted (Espa\u00f1ol)<\/a><\/div>\n<\/div>\n<\/div>\n\n\n\n<div class=\"wp-block-column is-layout-flow wp-block-column-is-layout-flow\" style=\"flex-basis:33.33%\">\n<h2 class=\"wp-block-heading has-text-align-center\" id=\"h-busca-informacion\">\u00bfBusca informaci\u00f3n?<\/h2>\n\n\n\n<div class=\"wp-block-buttons is-vertical is-content-justification-center is-layout-flex wp-container-core-buttons-is-layout-9a7cdcfd wp-block-buttons-is-layout-flex\">\n<div class=\"wp-block-button has-custom-width wp-block-button__width-75 is-style-outline is-style-outline--2\"><a class=\"wp-block-button__link wp-element-button\" href=\"\/find-a-provider\/\">Encuentre un proveedor<\/a><\/div>\n\n\n\n<div class=\"wp-block-button has-custom-width wp-block-button__width-75 is-style-outline is-style-outline--3\"><a class=\"wp-block-button__link wp-element-button\" href=\"\/find-a-pharmacy\/\">Encuentre un proveedor<\/a><\/div>\n\n\n\n<div class=\"wp-block-button has-custom-width wp-block-button__width-75 is-style-outline is-style-outline--4\"><a class=\"wp-block-button__link wp-element-button\" href=\"\/prescription-drugs\/\">Encuentre un medicamento<\/a><\/div>\n\n\n\n<div class=\"wp-block-button has-custom-width wp-block-button__width-75 is-style-outline is-style-outline--5\"><a class=\"wp-block-button__link wp-element-button\" href=\"\/find-a-form\/\">Encuentre un formulario<\/a><\/div>\n\n\n\n<div class=\"wp-block-button has-custom-width wp-block-button__width-75 is-style-outline is-style-outline--6\"><a class=\"wp-block-button__link wp-element-button\" href=\"\/files\/elderplan-broad-vaccine-network-vaccine-pharmacy-directory_updated_06012022_spa_accessible\/\">Encuentre una vacuna contra la gripe <\/a><\/div>\n<\/div>\n\n\n\n<p class=\"has-text-align-center\">\u00bfTiene preguntas? Llame a Elderplan hoy mismo.<\/p>\n\n\n\n<h4 class=\"wp-block-heading has-text-align-center\" id=\"h-1-800-353-3765\"><a href=\"tel:1-866-353-3765\">1-800-353-3765<\/a><\/h4>\n\n\n\n<hr class=\"wp-block-separator has-alpha-channel-opacity hr vc_separator\">\n\n\n\n<h4 class=\"wp-block-heading has-text-align-center\" id=\"h-tty-711\"><a href=\"tel:1-866-353-3765\"><\/a><a href=\"tel:711\">[TTY: 711]<\/a><\/h4>\n\n\n\n<p class=\"has-text-align-center\"><strong>Horario de atenci\u00f3n:<\/strong><br>De 8:00\u00a0a.m. a 8:00\u00a0p.m., los 7\u00a0d\u00edas de la semana<\/p>\n\n\n\n<h5 class=\"wp-block-heading has-text-align-center\" id=\"h-elderplan-esta-disponible-en-los-condados-de-bronx-dutchess-kings-monroe-nassau-new-york-orange-putnam-queens-richmond-rockland-suffolk-westchester-ontario-orleans-seneca-yates-y-livingston\">Elderplan est\u00e1 disponible en los condados de Bronx, Dutchess, Kings, Monroe, Nassau, New York, Orange, Putnam, Queens, Richmond, Rockland, Suffolk, Westchester, Ontario, Orleans, Seneca, Yates y Livingston.<\/h5>\n<\/div>\n<\/div>\n","protected":false},"excerpt":{"rendered":"<p>Directorio de proveedores Directorio de farmacias<\/p>\n","protected":false},"author":1,"featured_media":0,"parent":44,"menu_order":10,"comment_status":"closed","ping_status":"closed","template":"","meta":{"_acf_changed":false,"footnotes":""},"categories":[],"class_list":["post-3397","page","type-page","status-publish","hentry"],"translation":{"provider":"WPGlobus","version":"3.0.2","language":"es","enabled_languages":["en","es","zh"],"languages":{"en":{"title":true,"content":true,"excerpt":false},"es":{"title":true,"content":true,"excerpt":false},"zh":{"title":false,"content":true,"excerpt":false}}},"acf":[],"jetpack_sharing_enabled":true,"publishpress_future_action":{"enabled":false,"date":"2026-04-15 05:46:36","action":"change-status","newStatus":"draft","terms":[],"taxonomy":"category","extraData":[]},"publishpress_future_workflow_manual_trigger":{"enabledWorkflows":[]},"_links":{"self":[{"href":"https:\/\/www.elderplan.org\/es\/wp-json\/wp\/v2\/pages\/3397","targetHints":{"allow":["GET"]}}],"collection":[{"href":"https:\/\/www.elderplan.org\/es\/wp-json\/wp\/v2\/pages"}],"about":[{"href":"https:\/\/www.elderplan.org\/es\/wp-json\/wp\/v2\/types\/page"}],"author":[{"embeddable":true,"href":"https:\/\/www.elderplan.org\/es\/wp-json\/wp\/v2\/users\/1"}],"replies":[{"embeddable":true,"href":"https:\/\/www.elderplan.org\/es\/wp-json\/wp\/v2\/comments?post=3397"}],"version-history":[{"count":0,"href":"https:\/\/www.elderplan.org\/es\/wp-json\/wp\/v2\/pages\/3397\/revisions"}],"up":[{"embeddable":true,"href":"https:\/\/www.elderplan.org\/es\/wp-json\/wp\/v2\/pages\/44"}],"wp:attachment":[{"href":"https:\/\/www.elderplan.org\/es\/wp-json\/wp\/v2\/media?parent=3397"}],"wp:term":[{"taxonomy":"category","embeddable":true,"href":"https:\/\/www.elderplan.org\/es\/wp-json\/wp\/v2\/categories?post=3397"}],"curies":[{"name":"wp","href":"https:\/\/api.w.org\/{rel}","templated":true}]}}