{"id":34,"date":"2015-11-05T16:55:31","date_gmt":"2015-11-05T21:55:31","guid":{"rendered":"http:\/\/english2016-m.elderplan.org\/?page_id=34"},"modified":"2024-10-13T16:43:38","modified_gmt":"2024-10-13T20:43:38","slug":"careers","status":"publish","type":"page","link":"https:\/\/www.elderplan.org\/es\/about-us\/about-elderplan\/careers\/","title":{"rendered":"Marque la diferencia trabajando en Elderplan"},"content":{"rendered":"<section class=\"wpb-content-wrapper\">\n<div class=\"wp-block-columns is-layout-flex wp-container-core-columns-is-layout-9d6595d7 wp-block-columns-is-layout-flex\">\n<div class=\"wp-block-column padding-interior is-layout-flow wp-block-column-is-layout-flow\" style=\"flex-basis:66.66%\">\n<p>\u00bfLe gustar\u00eda terminar su jornada laboral todos los d\u00edas sabiendo que ha marcado una diferencia en la vida de una persona?<\/p>\n\n\n\n<p>Si su respuesta es s\u00ed, comun\u00edquese con Elderplan hoy mismo!<\/p>\n\n\n\n<p>Somos una compa\u00f1\u00eda de atenci\u00f3n m\u00e9dica din\u00e1mica y que est\u00e1 en crecimiento y, por eso, necesitamos incorporar a nuestro equipo m\u00e1s personas entusiastas y talentosas.<\/p>\n\n\n\n<p>Para obtener una lista de los empleos disponibles, visite el <a href=\"https:\/\/mjhs.jobs\/\" rel=\"noopener noreferrer\" target=\"_blank\">sitio web de MJHS<\/a>.<\/p>\n<\/div>\n\n\n\n<div class=\"wp-block-column is-layout-flow wp-block-column-is-layout-flow\" style=\"flex-basis:33.33%\">\n<p class=\"has-text-align-center\">\u00bfTiene preguntas? Llame a Elderplan hoy mismo.<\/p>\n\n\n\n<h4 class=\"wp-block-heading has-text-align-center\" id=\"h-1-866-360-1934\"><a href=\"tel:1-866-360-1934\">1-866-360-1934<\/a><\/h4>\n\n\n\n<hr class=\"wp-block-separator has-alpha-channel-opacity hr vc_separator\">\n\n\n\n<h4 class=\"wp-block-heading has-text-align-center\" id=\"h-tty-711\"><a href=\"tel:711\">[TTY: 711]<\/a><\/h4>\n\n\n\n<p class=\"has-text-align-center\"><strong>Horario de atenci\u00f3n:<\/strong><br>De 8:00 a.m. a 8:00 p.m., los 7 d\u00edas de la semana<\/p>\n\n\n\n<div style=\"height:10px\" aria-hidden=\"true\" class=\"wp-block-spacer\"><\/div>\n\n\n\n<h5 class=\"wp-block-heading has-text-align-center\" id=\"h-elderplan-esta-disponible-en-los-condados-de-bronx-dutchess-kings-monroe-nassau-new-york-orange-putnam-queens-richmond-rockland-suffolk-westchester-ontario-orleans-seneca-yates-y-livingston\">Elderplan est\u00e1 disponible en los condados de Bronx, Dutchess, Kings, Monroe, Nassau, New York, Orange, Putnam, Queens, Richmond, Rockland, Suffolk, Westchester, Ontario, Orleans, Seneca, Yates y Livingston.<\/h5>\n\n\n\n<figure class=\"wp-block-image size-large\"><img loading=\"lazy\" decoding=\"async\" width=\"1920\" height=\"1280\" src=\"https:\/\/elderplan.imgix.net\/iStock-1471886613_careerwoman.jpg?fm=pjpg\" alt=\"\" class=\"wp-image-27737\" srcset=\"https:\/\/elderplan.imgix.net\/iStock-1471886613_careerwoman.jpg?fit=scale&amp;fm=pjpg&amp;h=640&amp;w=960 960w, https:\/\/elderplan.imgix.net\/iStock-1471886613_careerwoman.jpg?fit=scale&amp;fm=pjpg&amp;h=853&amp;w=1280 1280w, https:\/\/elderplan.imgix.net\/iStock-1471886613_careerwoman.jpg?fit=scale&amp;fm=pjpg&amp;h=427&amp;w=640 640w, https:\/\/elderplan.imgix.net\/iStock-1471886613_careerwoman.jpg?fit=scale&amp;fm=pjpg&amp;h=512&amp;w=768 768w, https:\/\/elderplan.imgix.net\/iStock-1471886613_careerwoman.jpg?fit=scale&amp;fm=pjpg&amp;h=1024&amp;w=1536 1536w, https:\/\/elderplan.imgix.net\/iStock-1471886613_careerwoman.jpg?fit=scale&amp;fm=pjpg&amp;h=1365&amp;w=2048 2048w, https:\/\/elderplan.imgix.net\/iStock-1471886613_careerwoman.jpg?fm=pjpg 1920w\" sizes=\"auto, (max-width: 1920px) 100vw, 1920px\"><\/figure>\n<\/div>\n<\/div>\n\n\n\n<div class=\"wp-block-columns vc_row wpb_row vc_row-fluid lfi-full-row vc_custom_1660068779200 vc_row-has-fill is-layout-flex wp-container-core-columns-is-layout-9d6595d7 wp-block-columns-is-layout-flex\">\n<div class=\"wp-block-column is-layout-flow wp-block-column-is-layout-flow\">\n<h2 class=\"wp-block-heading has-text-align-center\" id=\"h-buscando-information\">\u00bfBuscando informati\u00f3n\uff1f<\/h2>\n\n\n\n<div class=\"wp-block-buttons is-content-justification-center is-nowrap is-layout-flex wp-container-core-buttons-is-layout-1fb9aab6 wp-block-buttons-is-layout-flex\">\n<div class=\"wp-block-button has-custom-width wp-block-button__width-25 is-style-outline is-style-outline--2\"><a class=\"wp-block-button__link wp-element-button\" href=\"https:\/\/elderplan.providerlenz.com\/home\">Encuentre un proveedor<\/a><\/div>\n\n\n\n<div class=\"wp-block-button has-custom-width wp-block-button__width-25 is-style-outline is-style-outline--3\"><a class=\"wp-block-button__link wp-element-button\" href=\"https:\/\/www.medicareplanrx.com\/jccf\/elderplan_medd_es_pharmacy_26.html\">Encuentre una farmacia<\/a><\/div>\n\n\n\n<div class=\"wp-block-button has-custom-width wp-block-button__width-25 is-style-outline is-style-outline--4\"><a class=\"wp-block-button__link wp-element-button\" href=\"https:\/\/www.yourdentalplan.com\/dentistsearch39\" target=\"_blank\" rel=\"noreferrer noopener\">Encuentre un dentista<\/a><\/div>\n<\/div>\n\n\n\n<div class=\"wp-block-buttons is-content-justification-center is-nowrap is-layout-flex wp-container-core-buttons-is-layout-1fb9aab6 wp-block-buttons-is-layout-flex\">\n<div class=\"wp-block-button has-custom-width wp-block-button__width-25 is-style-outline is-style-outline--5\"><a class=\"wp-block-button__link wp-element-button\" href=\"\/es\/member-benefits\/elderplan-benefits\/prescription-drugs\/\">Encuentre un medicamento<\/a><\/div>\n\n\n\n<div class=\"wp-block-button has-custom-width wp-block-button__width-25 is-style-outline is-style-outline--6\"><a class=\"wp-block-button__link wp-element-button\" href=\"\/es\/medicare-advantage-plan-options\/plan-materials\/find-a-form\/\">Encuentre un formulario<\/a><\/div>\n\n\n\n<div class=\"wp-block-button has-custom-width wp-block-button__width-25 is-style-outline is-style-outline--7\"><a class=\"wp-block-button__link wp-element-button\" href=\"\/files\/elderplan-broad-vaccine-network-vaccine-pharmacy-directory_updated_06012022_spa_accessible\/\">Lista de farmacias con vacunas contra la gripe<\/a><\/div>\n<\/div>\n<\/div>\n<\/div>\n<\/section>","protected":false},"excerpt":{"rendered":"<p>\u00bfLe gustar\u00eda terminar su jornada laboral todos los d\u00edas sabiendo que ha marcado una diferencia en la vida de una persona? Si su respuesta es s\u00ed, comun\u00edquese con Elderplan hoy [&hellip;]<\/p>\n","protected":false},"author":1,"featured_media":0,"parent":20,"menu_order":1,"comment_status":"closed","ping_status":"closed","template":"","meta":{"_acf_changed":false,"footnotes":""},"categories":[],"class_list":["post-34","page","type-page","status-publish","hentry"],"translation":{"provider":"WPGlobus","version":"3.0.2","language":"es","enabled_languages":["en","es","zh"],"languages":{"en":{"title":true,"content":true,"excerpt":false},"es":{"title":true,"content":true,"excerpt":false},"zh":{"title":false,"content":true,"excerpt":false}}},"acf":[],"jetpack_sharing_enabled":true,"publishpress_future_action":{"enabled":false,"date":"2026-04-12 17:51:39","action":"change-status","newStatus":"draft","terms":[],"taxonomy":"category","extraData":[]},"publishpress_future_workflow_manual_trigger":{"enabledWorkflows":[]},"_links":{"self":[{"href":"https:\/\/www.elderplan.org\/es\/wp-json\/wp\/v2\/pages\/34","targetHints":{"allow":["GET"]}}],"collection":[{"href":"https:\/\/www.elderplan.org\/es\/wp-json\/wp\/v2\/pages"}],"about":[{"href":"https:\/\/www.elderplan.org\/es\/wp-json\/wp\/v2\/types\/page"}],"author":[{"embeddable":true,"href":"https:\/\/www.elderplan.org\/es\/wp-json\/wp\/v2\/users\/1"}],"replies":[{"embeddable":true,"href":"https:\/\/www.elderplan.org\/es\/wp-json\/wp\/v2\/comments?post=34"}],"version-history":[{"count":0,"href":"https:\/\/www.elderplan.org\/es\/wp-json\/wp\/v2\/pages\/34\/revisions"}],"up":[{"embeddable":true,"href":"https:\/\/www.elderplan.org\/es\/wp-json\/wp\/v2\/pages\/20"}],"wp:attachment":[{"href":"https:\/\/www.elderplan.org\/es\/wp-json\/wp\/v2\/media?parent=34"}],"wp:term":[{"taxonomy":"category","embeddable":true,"href":"https:\/\/www.elderplan.org\/es\/wp-json\/wp\/v2\/categories?post=34"}],"curies":[{"name":"wp","href":"https:\/\/api.w.org\/{rel}","templated":true}]}}