{"id":36765,"date":"2025-07-31T20:20:34","date_gmt":"2025-08-01T00:20:34","guid":{"rendered":"https:\/\/www.elderplan.org\/?page_id=36765"},"modified":"2026-02-17T11:16:24","modified_gmt":"2026-02-17T16:16:24","slug":"2026-elderplan-select","status":"publish","type":"page","link":"https:\/\/www.elderplan.org\/es\/medicare-advantage-plan-options\/2026-options\/2026-elderplan-select\/","title":{"rendered":"Elderplan Selecto (HMO-POS I-SNP\/IE-SNP) 2026"},"content":{"rendered":"\n<div class=\"wp-block-media-text alignwide has-media-on-the-right is-stacked-on-mobile is-vertically-aligned-top\"><div class=\"wp-block-media-text__content\">\n<h2 class=\"wp-block-heading\" id=\"h-obtenga-un-nivel-adicional-de-ayuda-sin-importar-donde-viva\">Obtenga un nivel adicional de ayuda sin importar d\u00f3nde viva.<\/h2>\n\n\n\n<ul class=\"wp-block-list\">\n<li>Para los beneficiarios de Medicare que viven en una de las comunidades de vivienda asistida, hogares de personas mayores o entornos de atenci\u00f3n institucionales contratados por Elderplan.<\/li>\n\n\n\n<li>Proporciona un nivel de atenci\u00f3n adicional por parte de una enfermera practicante (NP) o auxiliar m\u00e9dico (PA) calificado junto con un enfermero registrado (RN) dedicado.<\/li>\n\n\n\n<li>Disponible en los condados de Bronx, Manhattan, Brooklyn, Queens y Richmond, as\u00ed como los condados de Nassau, Suffolk, Dutchess, Monroe, Orange, Putnam, Rockland, Westchester, Ontario, Orleans, Seneca, Yates y Livingston.<\/li>\n<\/ul>\n<\/div><figure class=\"wp-block-media-text__media\"><img loading=\"lazy\" decoding=\"async\" width=\"8192\" height=\"5464\" src=\"https:\/\/elderplan.imgix.net\/Select2024.jpg?fm=pjpg\" alt=\"A doctor in a lab coat speaks with an older woman\" class=\"wp-image-19988 size-full\" srcset=\"https:\/\/elderplan.imgix.net\/Select2024.jpg?fit=scale&amp;fm=pjpg&amp;h=640&amp;w=960 960w, https:\/\/elderplan.imgix.net\/Select2024.jpg?fm=pjpg 1280w, https:\/\/elderplan.imgix.net\/Select2024.jpg?fit=scale&amp;fm=pjpg&amp;h=427&amp;w=640 640w, https:\/\/elderplan.imgix.net\/Select2024.jpg?fit=scale&amp;fm=pjpg&amp;h=512&amp;w=768 768w, https:\/\/elderplan.imgix.net\/Select2024.jpg?fit=scale&amp;fm=pjpg&amp;h=1025&amp;w=1536 1536w, https:\/\/elderplan.imgix.net\/Select2024.jpg?fit=scale&amp;fm=pjpg&amp;h=1366&amp;w=2048 2048w\" sizes=\"auto, (max-width: 8192px) 100vw, 8192px\"><\/figure><\/div>\n\n\n\n<section class=\"wp-block-group glance\"><div class=\"wp-block-group__inner-container is-layout-flow wp-block-group-is-layout-flow\">\n<h2 class=\"wp-block-heading\" id=\"h-descripcion-breve-de-sus-beneficios\">Descripci\u00f3n breve de sus beneficios<\/h2>\n\n\n\n<ul class=\"wp-block-list\">\n<li><img loading=\"lazy\" decoding=\"async\" width=\"350\" height=\"350\" class=\"wp-image-16853\" style=\"\" src=\"https:\/\/elderplan.imgix.net\/icon_premium.png?fm=png\" alt=\"Premium\" srcset=\"https:\/\/elderplan.imgix.net\/icon_premium.png?fit=scale&amp;fm=png&amp;h=640&amp;w=640 640w, https:\/\/elderplan.imgix.net\/icon_premium.png?fit=scale&amp;fm=png&amp;h=960&amp;w=960 960w, https:\/\/elderplan.imgix.net\/icon_premium.png?fit=scale&amp;fm=png&amp;h=1280&amp;w=1280 1280w, https:\/\/elderplan.imgix.net\/icon_premium.png?fit=scale&amp;fm=png&amp;h=1536&amp;w=1536 1536w, https:\/\/elderplan.imgix.net\/icon_premium.png?fit=scale&amp;fm=png&amp;h=2048&amp;w=2048 2048w, https:\/\/elderplan.imgix.net\/icon_premium.png?fm=png 350w\" sizes=\"auto, (max-width: 350px) 100vw, 350px\"><strong>Prima<\/strong>: prima mensual del plan sin costo<\/li>\n\n\n\n<li><img loading=\"lazy\" decoding=\"async\" width=\"350\" height=\"350\" class=\"wp-image-15674\" style=\"\" src=\"https:\/\/elderplan.imgix.net\/2022\/08\/icon_app.png?fm=png\" alt=\"App icon\" srcset=\"https:\/\/elderplan.imgix.net\/2022\/08\/icon_app.png?fit=scale&amp;fm=png&amp;h=1280&amp;w=1280 1280w, https:\/\/elderplan.imgix.net\/2022\/08\/icon_app.png?fit=scale&amp;fm=png&amp;h=1536&amp;w=1536 1536w, https:\/\/elderplan.imgix.net\/2022\/08\/icon_app.png?fit=scale&amp;fm=png&amp;h=2048&amp;w=2048 2048w, https:\/\/elderplan.imgix.net\/2022\/08\/icon_app.png?fm=png 350w\" sizes=\"auto, (max-width: 350px) 100vw, 350px\"><strong>Atenci\u00f3n primaria:<\/strong>\u00a0copago sin costo para atenci\u00f3n primaria<\/li>\n\n\n\n<li><img loading=\"lazy\" decoding=\"async\" width=\"350\" height=\"350\" class=\"wp-image-15679\" style=\"\" src=\"https:\/\/elderplan.imgix.net\/2022\/08\/icon_drugs.png?fm=png\" alt=\"Drug icon\" srcset=\"https:\/\/elderplan.imgix.net\/2022\/08\/icon_drugs.png?fit=scale&amp;fm=png&amp;h=640&amp;w=640 640w, https:\/\/elderplan.imgix.net\/2022\/08\/icon_drugs.png?fit=scale&amp;fm=png&amp;h=960&amp;w=960 960w, https:\/\/elderplan.imgix.net\/2022\/08\/icon_drugs.png?fit=scale&amp;fm=png&amp;h=1280&amp;w=1280 1280w, https:\/\/elderplan.imgix.net\/2022\/08\/icon_drugs.png?fit=scale&amp;fm=png&amp;h=1536&amp;w=1536 1536w, https:\/\/elderplan.imgix.net\/2022\/08\/icon_drugs.png?fit=scale&amp;fm=png&amp;h=2048&amp;w=2048 2048w, https:\/\/elderplan.imgix.net\/2022\/08\/icon_drugs.png?fm=png 350w\" sizes=\"auto, (max-width: 350px) 100vw, 350px\"><strong>OTC:<\/strong> $175<sup><a href=\"#footnote_1_36765\" id=\"identifier_1_36765\" class=\"footnote-link footnote-identifier-link\" title=\"Los miembros de este plan reciben un monto m\u00e1ximo mensual de $175 para comprar productos de venta libre (OTC) elegibles en tiendas minoristas autorizadas. El saldo de su tarjeta de producto de venta libre (OTC) no se puede transferir al mes siguiente. La tarjeta de OTC no es una tarjeta de d\u00e9bito ni cr\u00e9dito, y no se puede canjear por efectivo.\">1<\/a><\/sup> mensuales para OTC tradicionales. Los miembros<sup><a href=\"#footnote_2_36765\" id=\"identifier_2_36765\" class=\"footnote-link footnote-identifier-link\" title=\"La elegibilidad se determina en funci\u00f3n de si usted tiene una afecci\u00f3n cr\u00f3nica asociada con el beneficio suplementario especial para personas con enfermedades cr\u00f3nicas (SSBCI) (OTC ampliado). Los ejemplos de afecciones SSBCI incluyen, entre otros, trastornos cardiovasculares, diabetes, artritis, trastornos pulmonares cr\u00f3nicos y enfermedad renal cr\u00f3nica. Existen otras condiciones elegibles que no se enumeran. Los est\u00e1ndares pueden variar para este beneficio.\">2<\/a><\/sup> elegibles tambi\u00e9n pueden usar la asignaci\u00f3n para ampliar los beneficios OTC, como el pago de facturas de tel\u00e9fono celular y cable y productos de cuidado personal, como cuidado de la piel y cortes de cabello.<\/li>\n\n\n\n<li><img loading=\"lazy\" decoding=\"async\" width=\"350\" height=\"350\" class=\"wp-image-16559\" style=\"width: px;\" src=\"https:\/\/elderplan.imgix.net\/icon_heart.png?fm=png\" alt=\"Heart EKG\" srcset=\"https:\/\/elderplan.imgix.net\/icon_heart.png?fit=scale&amp;fm=png&amp;h=640&amp;w=640 640w, https:\/\/elderplan.imgix.net\/icon_heart.png?fit=scale&amp;fm=png&amp;h=960&amp;w=960 960w, https:\/\/elderplan.imgix.net\/icon_heart.png?fit=scale&amp;fm=png&amp;h=1280&amp;w=1280 1280w, https:\/\/elderplan.imgix.net\/icon_heart.png?fit=scale&amp;fm=png&amp;h=1536&amp;w=1536 1536w, https:\/\/elderplan.imgix.net\/icon_heart.png?fit=scale&amp;fm=png&amp;h=2048&amp;w=2048 2048w, https:\/\/elderplan.imgix.net\/icon_heart.png?fm=png 350w\" sizes=\"auto, (max-width: 350px) 100vw, 350px\"><strong>Libertad para elegir<\/strong>\u00a0a cualquier m\u00e9dico de atenci\u00f3n primaria (PCP) o especialista<sup><a href=\"#footnote_3_36765\" id=\"identifier_3_36765\" class=\"footnote-link footnote-identifier-link\" title=\"Los proveedores fuera de la red o no contratados no tienen obligaci\u00f3n alguna de tratar a miembros del plan, salvo en situaciones de emergencia. Comun\u00edquese con nuestro n\u00famero de Servicios para los Miembros o consulte su Evidencia de cobertura para obtener m\u00e1s informaci\u00f3n, incluido el costo compartido que se aplica a los servicios fuera de la red.\">3<\/a><\/sup><\/li>\n\n\n\n<li><img loading=\"lazy\" decoding=\"async\" width=\"350\" height=\"350\" class=\"wp-image-37235\" style=\"width: px;\" src=\"https:\/\/elderplan.imgix.net\/GetAttachmentThumbnail-1.png?fm=png\" alt=\"Acupuncture\" srcset=\"https:\/\/elderplan.imgix.net\/GetAttachmentThumbnail-1.png?fit=scale&amp;fm=png&amp;h=960&amp;w=960 960w, https:\/\/elderplan.imgix.net\/GetAttachmentThumbnail-1.png?fit=scale&amp;fm=png&amp;h=1280&amp;w=1280 1280w, https:\/\/elderplan.imgix.net\/GetAttachmentThumbnail-1.png?fit=scale&amp;fm=png&amp;h=640&amp;w=640 640w, https:\/\/elderplan.imgix.net\/GetAttachmentThumbnail-1.png?fit=scale&amp;fm=png&amp;h=1536&amp;w=1536 1536w, https:\/\/elderplan.imgix.net\/GetAttachmentThumbnail-1.png?fit=scale&amp;fm=png&amp;h=2048&amp;w=2048 2048w, https:\/\/elderplan.imgix.net\/GetAttachmentThumbnail-1.png?fm=png 350w\" sizes=\"auto, (max-width: 350px) 100vw, 350px\"><strong>Acupuntura\/acupresi\u00f3n:\u00a0<\/strong>Copago sin costo en consultas de acupuntura y acupresi\u00f3n: hasta 20 consultas combinadas por a\u00f1o<\/li>\n\n\n\n<li><img loading=\"lazy\" decoding=\"async\" width=\"120\" height=\"120\" class=\"wp-image-26521\" style=\"width: px;\" src=\"https:\/\/elderplan.imgix.net\/therapeutic_leave-blue.png?fm=png\" alt=\"\" srcset=\"https:\/\/elderplan.imgix.net\/therapeutic_leave-blue.png?fit=scale&amp;fm=png&amp;h=960&amp;w=960 960w, https:\/\/elderplan.imgix.net\/therapeutic_leave-blue.png?fit=scale&amp;fm=png&amp;h=1280&amp;w=1280 1280w, https:\/\/elderplan.imgix.net\/therapeutic_leave-blue.png?fit=scale&amp;fm=png&amp;h=640&amp;w=640 640w, https:\/\/elderplan.imgix.net\/therapeutic_leave-blue.png?fit=scale&amp;fm=png&amp;h=1536&amp;w=1536 1536w, https:\/\/elderplan.imgix.net\/therapeutic_leave-blue.png?fit=scale&amp;fm=png&amp;h=2048&amp;w=2048 2048w, https:\/\/elderplan.imgix.net\/therapeutic_leave-blue.png?fm=png 120w\" sizes=\"auto, (max-width: 120px) 100vw, 120px\"><strong>Licencia terap\u00e9utica:<\/strong>\u00a0los miembros del plan tienen hasta 5\u00a0d\u00edas cubiertos<\/li>\n\n\n\n<li><img loading=\"lazy\" decoding=\"async\" width=\"350\" height=\"350\" class=\"wp-image-15683\" style=\"\" src=\"https:\/\/elderplan.imgix.net\/2022\/08\/icon_hearing.png?fm=png\" alt=\"Hearing icon\" srcset=\"https:\/\/elderplan.imgix.net\/2022\/08\/icon_hearing.png?fit=scale&amp;fm=png&amp;h=1280&amp;w=1280 1280w, https:\/\/elderplan.imgix.net\/2022\/08\/icon_hearing.png?fit=scale&amp;fm=png&amp;h=1536&amp;w=1536 1536w, https:\/\/elderplan.imgix.net\/2022\/08\/icon_hearing.png?fit=scale&amp;fm=png&amp;h=2048&amp;w=2048 2048w, https:\/\/elderplan.imgix.net\/2022\/08\/icon_hearing.png?fm=png 350w\" sizes=\"auto, (max-width: 350px) 100vw, 350px\"> <strong><em>\u00a1NUEVO!<\/em>\u00a0Audici\u00f3n:<\/strong>\u00a0<em>Incluido en su beneficio Flex<\/em> $1,000 para aud\u00edfonos, ca<\/li>\n\n\n\n<li>da tres a\u00f1os<\/li>\n\n\n\n<li><img decoding=\"async\" src=\"\/wp-content\/uploads\/2022\/08\/icon_brain.png\" alt=\"Brain icon\"><strong>BrainHQ<\/strong>: Mejore la funci\u00f3n cerebral mediante un programa de acondicionamiento de la memoria con juegos, rompecabezas y otros ejercicios divertidos.<br><a href=\"https:\/\/elderplan.brainhq.com\/?v4=true&amp;fr=y\"><strong>Inscr\u00edbase en BrainHQ<\/strong><\/a><\/li>\n\n\n\n<li><img loading=\"lazy\" decoding=\"async\" width=\"350\" height=\"350\" class=\"wp-image-15689\" style=\"\" src=\"https:\/\/elderplan.imgix.net\/2022\/08\/icon_vision.png?fm=png\" alt=\"Vision icon\" srcset=\"https:\/\/elderplan.imgix.net\/2022\/08\/icon_vision.png?fit=scale&amp;fm=png&amp;h=1280&amp;w=1280 1280w, https:\/\/elderplan.imgix.net\/2022\/08\/icon_vision.png?fit=scale&amp;fm=png&amp;h=1536&amp;w=1536 1536w, https:\/\/elderplan.imgix.net\/2022\/08\/icon_vision.png?fit=scale&amp;fm=png&amp;h=2048&amp;w=2048 2048w, https:\/\/elderplan.imgix.net\/2022\/08\/icon_vision.png?fm=png 350w\" sizes=\"auto, (max-width: 350px) 100vw, 350px\"><strong><em>\u00a1NUEVO!<\/em>\u00a0Visi\u00f3n:\u00a0<\/strong><em>Incluido en su beneficio Flex<\/em> $150 para lentes, como lentes de contacto o anteojos, incluidos los cristales, cada dos a\u00f1os<\/li>\n\n\n\n<li><img loading=\"lazy\" decoding=\"async\" width=\"350\" height=\"350\" class=\"wp-image-15683\" style=\"\" src=\"https:\/\/elderplan.imgix.net\/2022\/08\/icon_hearing.png?fm=png\" alt=\"Hearing icon\" srcset=\"https:\/\/elderplan.imgix.net\/2022\/08\/icon_hearing.png?fit=scale&amp;fm=png&amp;h=1280&amp;w=1280 1280w, https:\/\/elderplan.imgix.net\/2022\/08\/icon_hearing.png?fit=scale&amp;fm=png&amp;h=1536&amp;w=1536 1536w, https:\/\/elderplan.imgix.net\/2022\/08\/icon_hearing.png?fit=scale&amp;fm=png&amp;h=2048&amp;w=2048 2048w, https:\/\/elderplan.imgix.net\/2022\/08\/icon_hearing.png?fm=png 350w\" sizes=\"auto, (max-width: 350px) 100vw, 350px\"> <strong><em>\u00a1NUEVO!<\/em>\u00a0Audici\u00f3n:<\/strong>\u00a0<em>Incluido en su beneficio Flex<\/em>, $1,000 para aud\u00edfonos, cada tres a\u00f1os<\/li>\n\n\n\n<li><img loading=\"lazy\" decoding=\"async\" width=\"350\" height=\"350\" class=\"wp-image-15677\" style=\"\" src=\"https:\/\/elderplan.imgix.net\/2022\/08\/icon_car.png?fm=png\" alt=\"Car icon\" srcset=\"https:\/\/elderplan.imgix.net\/2022\/08\/icon_car.png?fit=scale&amp;fm=png&amp;h=1280&amp;w=1280 1280w, https:\/\/elderplan.imgix.net\/2022\/08\/icon_car.png?fit=scale&amp;fm=png&amp;h=1536&amp;w=1536 1536w, https:\/\/elderplan.imgix.net\/2022\/08\/icon_car.png?fit=scale&amp;fm=png&amp;h=2048&amp;w=2048 2048w, https:\/\/elderplan.imgix.net\/2022\/08\/icon_car.png?fm=png 350w\" sizes=\"auto, (max-width: 350px) 100vw, 350px\"><strong>Transporte:\u00a0<\/strong><em>Incluido en su beneficio Flex<\/em>, $1,000 cada 3 meses para transporte<\/li>\n\n\n\n<li><img loading=\"lazy\" decoding=\"async\" width=\"350\" height=\"350\" class=\"wp-image-15678\" style=\"\" src=\"https:\/\/elderplan.imgix.net\/2022\/08\/icon_dental.png?fm=png\" alt=\"Dental icon\" srcset=\"https:\/\/elderplan.imgix.net\/2022\/08\/icon_dental.png?fit=scale&amp;fm=png&amp;h=640&amp;w=640 640w, https:\/\/elderplan.imgix.net\/2022\/08\/icon_dental.png?fit=scale&amp;fm=png&amp;h=960&amp;w=960 960w, https:\/\/elderplan.imgix.net\/2022\/08\/icon_dental.png?fit=scale&amp;fm=png&amp;h=1280&amp;w=1280 1280w, https:\/\/elderplan.imgix.net\/2022\/08\/icon_dental.png?fit=scale&amp;fm=png&amp;h=1536&amp;w=1536 1536w, https:\/\/elderplan.imgix.net\/2022\/08\/icon_dental.png?fit=scale&amp;fm=png&amp;h=2048&amp;w=2048 2048w, https:\/\/elderplan.imgix.net\/2022\/08\/icon_dental.png?fm=png 350w\" sizes=\"auto, (max-width: 350px) 100vw, 350px\"><strong>Atenci\u00f3n dental:\u00a0<\/strong><em>Incluido en su beneficio Flex<\/em>, $1,500 para atenci\u00f3n preventiva e integral, cada a\u00f1o<\/li>\n<\/ul>\n\n\n\n<p>Todo costo compartido se basa en su nivel de elegibilidad de Medicaid.<\/p>\n<\/div><\/section>\n\n\n\n<div class=\"wp-block-group glance explore\"><div class=\"wp-block-group__inner-container is-layout-constrained wp-block-group-is-layout-constrained\">\n<h2 class=\"wp-block-heading\" id=\"h-descubra-nuestra-red\">Descubra nuestra red<\/h2>\n\n\n\n<div class=\"wp-block-columns interested is-layout-flex wp-container-core-columns-is-layout-9d6595d7 wp-block-columns-is-layout-flex\">\n<div class=\"wp-block-column is-layout-flow wp-block-column-is-layout-flow\">\n<div class=\"wp-block-columns is-layout-flex wp-container-core-columns-is-layout-9d6595d7 wp-block-columns-is-layout-flex\">\n<div class=\"wp-block-column is-layout-flow wp-block-column-is-layout-flow\" style=\"flex-basis:33.33%\">\n<p>\u00a1Nuestra red incluye m\u00e1s de <strong>40,000<\/strong> especialistas, m\u00e9dicos de atenci\u00f3n primaria, farmacias y dentistas!<\/p>\n<\/div>\n\n\n\n<div class=\"wp-block-column is-layout-flow wp-block-column-is-layout-flow\" style=\"flex-basis:66.66%\">\n<div class=\"wp-block-buttons is-nowrap is-layout-flex wp-container-core-buttons-is-layout-ad2f72ca wp-block-buttons-is-layout-flex\">\n<div class=\"wp-block-button has-custom-width wp-block-button__width-50 is-style-outline is-style-outline--2\"><a class=\"wp-block-button__link wp-element-button\" href=\"https:\/\/elderplan.providerlenz.com\/home?lang=es\" target=\"_blank\" rel=\"noreferrer noopener\">Buscar un m\u00e9dico<\/a><\/div>\n\n\n\n<div class=\"wp-block-button has-custom-width wp-block-button__width-50 is-style-outline is-style-outline--3\"><a class=\"wp-block-button__link wp-element-button\" href=\"\/es\/member-benefits\/elderplan-benefits\/pharmacies\/\">Buscar su farmacia<\/a><\/div>\n<\/div>\n\n\n\n<div class=\"wp-block-buttons is-nowrap is-layout-flex wp-container-core-buttons-is-layout-ad2f72ca wp-block-buttons-is-layout-flex\">\n<div class=\"wp-block-button has-custom-width wp-block-button__width-50 is-style-outline is-style-outline--4\"><a class=\"wp-block-button__link wp-element-button\" href=\"https:\/\/www.dentaquest.com\/es\/find-a-dentist\/search-results#state=New+York&amp;planType=medicare&amp;plan=NY-ELDCARE&amp;distance=25&amp;lat=40.7127753&amp;lon=-74.0059728&amp;locDesc=New%3Dyork%2C+New+York%2C+100410&amp;currentView=provider&amp;sort=distance&amp;page=1&amp;isSearchEnabled=true&amp;city=New+York\" target=\"_blank\" rel=\"noreferrer noopener\">Encuentre un dentista<\/a><\/div>\n\n\n\n<div class=\"wp-block-button has-custom-width wp-block-button__width-50 is-style-outline is-style-outline--5\"><a class=\"wp-block-button__link wp-element-button\" href=\"\/es\/member-benefits\/elderplan-benefits\/prescription-drugs\/\">Buscar su medicamento<\/a><\/div>\n<\/div>\n<\/div>\n<\/div>\n<\/div>\n<\/div>\n<\/div><\/div>\n\n\n\n<section class=\"wp-block-group glance blue-glance\"><div class=\"wp-block-group__inner-container is-layout-flow wp-block-group-is-layout-flow\">\n<h2 class=\"wp-block-heading\" id=\"h-le-interesa-inscribirse-en-este-plan\">\u00bfLe interesa inscribirse en este plan?<\/h2>\n\n\n\n<div class=\"wp-block-group interested has-background\" style=\"background:linear-gradient(135deg,rgb(255,255,255) 0%,rgb(255,255,255) 100%)\"><div class=\"wp-block-group__inner-container is-layout-constrained wp-block-group-is-layout-constrained\">\n<div class=\"wp-block-columns has-background is-layout-flex wp-container-core-columns-is-layout-9d6595d7 wp-block-columns-is-layout-flex\" style=\"background:linear-gradient(135deg,rgb(255,255,255) 0%,rgb(255,255,255) 100%)\">\n<div class=\"wp-block-column is-layout-flow wp-block-column-is-layout-flow\" style=\"flex-basis:66.66%\">\n<p><b>A fin de cumplir con los requisitos de este plan, debe someterse a una evaluaci\u00f3n de atenci\u00f3n m\u00e9dica por parte del personal de enfermer\u00eda.<\/b><\/p>\n\n\n\n<p>Para comenzar, llame a nuestro centro de inscripci\u00f3n al\u00a0<a href=\"tel:18446424115\" target=\"_blank\" rel=\"noreferrer noopener\">1-844-642-4115<\/a>\u00a0(TTY:\u00a0<a href=\"tel:711\" target=\"_blank\" rel=\"noreferrer noopener\">711<\/a>).<\/p>\n\n\n\n<p><br>Nuestros representantes est\u00e1n disponibles para ayudarlo de 8:00\u00a0a.m. a 8:00\u00a0p.m., los siete d\u00edas de la semana.<\/p>\n<\/div>\n\n\n\n<div class=\"wp-block-column is-layout-flow wp-block-column-is-layout-flow\" style=\"flex-basis:33.33%\">\n<p><strong><strong>Descargar detalles del plan (PDF)<\/strong><\/strong><\/p>\n\n\n\n<div class=\"wp-block-buttons is-layout-flex wp-block-buttons-is-layout-flex\">\n<div class=\"wp-block-button\"><a class=\"wp-block-button__link wp-element-button\" href=\"\/files\/part-c-and-d-mapd-2026-spa-2026\/\">Calificaciones de estrellas de las Partes\u00a0C\u00a0y\u00a0D<\/a><\/div>\n\n\n\n<div class=\"wp-block-button\"><a class=\"wp-block-button__link wp-element-button\" href=\"\/files\/summary-of-benefits-elderplan-select-spa-2026\/\">Resumen de beneficios<\/a><\/div>\n<\/div>\n<\/div>\n<\/div>\n<\/div><\/div>\n<\/div><\/section>\n<ol class=\"footnotes\"><li id=\"footnote_1_36765\" class=\"footnote\">Los miembros de este plan reciben un monto m\u00e1ximo mensual de $175 para comprar productos de venta libre (OTC) elegibles en tiendas minoristas autorizadas. El saldo de su tarjeta de producto de venta libre (OTC) no se puede transferir al mes siguiente. La tarjeta de OTC no es una tarjeta de d\u00e9bito ni cr\u00e9dito, y no se puede canjear por efectivo.<span class=\"footnote-back-link-wrapper\">[<a href=\"#identifier_1_36765\" class=\"footnote-link footnote-back-link\">\u21a9<\/a>]<\/span><\/li><li id=\"footnote_2_36765\" class=\"footnote\">La elegibilidad se determina en funci\u00f3n de si usted tiene una afecci\u00f3n cr\u00f3nica asociada con el beneficio suplementario especial para personas con enfermedades cr\u00f3nicas (SSBCI) (OTC ampliado). Los ejemplos de afecciones SSBCI incluyen, entre otros, trastornos cardiovasculares, diabetes, artritis, trastornos pulmonares cr\u00f3nicos y enfermedad renal cr\u00f3nica. Existen otras condiciones elegibles que no se enumeran. Los est\u00e1ndares pueden variar para este beneficio.<span class=\"footnote-back-link-wrapper\">[<a href=\"#identifier_2_36765\" class=\"footnote-link footnote-back-link\">\u21a9<\/a>]<\/span><\/li><li id=\"footnote_3_36765\" class=\"footnote\">Los proveedores fuera de la red o no contratados no tienen obligaci\u00f3n alguna de tratar a miembros del plan, salvo en situaciones de emergencia. Comun\u00edquese con nuestro n\u00famero de Servicios para los Miembros o consulte su Evidencia de cobertura para obtener m\u00e1s informaci\u00f3n, incluido el costo compartido que se aplica a los servicios fuera de la red.<span class=\"footnote-back-link-wrapper\">[<a href=\"#identifier_3_36765\" class=\"footnote-link footnote-back-link\">\u21a9<\/a>]<\/span><\/li><\/ol>","protected":false},"excerpt":{"rendered":"<p>Descripci\u00f3n breve de sus beneficios Todo costo compartido se basa en su nivel de elegibilidad de Medicaid. \u00bfLe interesa inscribirse en este plan? A fin de cumplir con los requisitos [&hellip;]<\/p>\n","protected":false},"author":21,"featured_media":0,"parent":36759,"menu_order":4,"comment_status":"closed","ping_status":"closed","template":"","meta":{"_acf_changed":false,"footnotes":""},"categories":[],"class_list":["post-36765","page","type-page","status-publish","hentry"],"translation":{"provider":"WPGlobus","version":"3.0.2","language":"es","enabled_languages":["en","es","zh"],"languages":{"en":{"title":true,"content":true,"excerpt":false},"es":{"title":true,"content":true,"excerpt":false},"zh":{"title":true,"content":true,"excerpt":false}}},"acf":[],"jetpack_sharing_enabled":true,"publishpress_future_action":{"enabled":false,"date":"2026-05-15 12:35:10","action":"change-status","newStatus":"draft","terms":[],"taxonomy":"category","extraData":[]},"publishpress_future_workflow_manual_trigger":{"enabledWorkflows":[]},"_links":{"self":[{"href":"https:\/\/www.elderplan.org\/es\/wp-json\/wp\/v2\/pages\/36765","targetHints":{"allow":["GET"]}}],"collection":[{"href":"https:\/\/www.elderplan.org\/es\/wp-json\/wp\/v2\/pages"}],"about":[{"href":"https:\/\/www.elderplan.org\/es\/wp-json\/wp\/v2\/types\/page"}],"author":[{"embeddable":true,"href":"https:\/\/www.elderplan.org\/es\/wp-json\/wp\/v2\/users\/21"}],"replies":[{"embeddable":true,"href":"https:\/\/www.elderplan.org\/es\/wp-json\/wp\/v2\/comments?post=36765"}],"version-history":[{"count":0,"href":"https:\/\/www.elderplan.org\/es\/wp-json\/wp\/v2\/pages\/36765\/revisions"}],"up":[{"embeddable":true,"href":"https:\/\/www.elderplan.org\/es\/wp-json\/wp\/v2\/pages\/36759"}],"wp:attachment":[{"href":"https:\/\/www.elderplan.org\/es\/wp-json\/wp\/v2\/media?parent=36765"}],"wp:term":[{"taxonomy":"category","embeddable":true,"href":"https:\/\/www.elderplan.org\/es\/wp-json\/wp\/v2\/categories?post=36765"}],"curies":[{"name":"wp","href":"https:\/\/api.w.org\/{rel}","templated":true}]}}