{"id":37176,"date":"2025-08-11T14:26:13","date_gmt":"2025-08-11T18:26:13","guid":{"rendered":"https:\/\/www.elderplan.org\/?page_id=37176"},"modified":"2025-10-23T18:36:10","modified_gmt":"2025-10-23T22:36:10","slug":"join","status":"publish","type":"page","link":"https:\/\/www.elderplan.org\/es\/member-benefits\/member-to-member-community\/join\/","title":{"rendered":"\u00a1\u00danase a nuestra comunidad!"},"content":{"rendered":"\n<div class=\"wp-block-columns padding-interior is-layout-flex wp-container-core-columns-is-layout-9d6595d7 wp-block-columns-is-layout-flex\">\n<div class=\"wp-block-column is-layout-flow wp-block-column-is-layout-flow\">\n<h2 class=\"wp-block-heading\" id=\"h-como-me-uno-a-la-comunidad-member-to-member\">\u00bfC\u00f3mo me uno a la Comunidad Member-to-Member?<\/h2>\n\n\n\n<p>Puede elegir la opci\u00f3n que m\u00e1s le convenga:<\/p>\n\n\n\n<ul class=\"wp-block-list\">\n<li><strong>En l\u00ednea:<\/strong> Complete nuestra solicitud segura y sencilla. Comience con su n.\u00b0 de identificaci\u00f3n de miembro de Elderplan o HomeFirst. Es el n\u00famero que <strong>aparece junto al n.\u00b0 de identificaci\u00f3n de miembro en su tarjeta de beneficios de Elderplan<\/strong>. Luego le haremos preguntas sobre usted y sus intereses.<\/li>\n<\/ul>\n\n\n\n<div class=\"wpcf7 no-js\" id=\"wpcf7-f37167-o1\" lang=\"en-US\" dir=\"ltr\" data-wpcf7-id=\"37167\">\n<div class=\"screen-reader-response\"><p role=\"status\" aria-live=\"polite\" aria-atomic=\"true\"><\/p> <ul><\/ul><\/div>\n<form action=\"\/es\/wp-json\/wp\/v2\/pages\/37176#wpcf7-f37167-o1\" method=\"post\" class=\"wpcf7-form init cf7mls-no-scroll cf7mls-auto-return-first-step cf7mls-no-moving-animation wpcf7-acceptance-as-validation\" aria-label=\"Contact form\" novalidate=\"novalidate\" data-status=\"init\">\n<fieldset class=\"hidden-fields-container\"><input type=\"hidden\" name=\"_wpcf7\" value=\"37167\" \/><input type=\"hidden\" name=\"_wpcf7_version\" value=\"6.1.5\" \/><input type=\"hidden\" name=\"_wpcf7_locale\" value=\"en_US\" \/><input type=\"hidden\" name=\"_wpcf7_unit_tag\" value=\"wpcf7-f37167-o1\" \/><input type=\"hidden\" name=\"_wpcf7_container_post\" value=\"0\" \/><input type=\"hidden\" name=\"_wpcf7_posted_data_hash\" value=\"\" \/><input type=\"hidden\" name=\"_wpcf7cf_hidden_group_fields\" value=\"[]\" \/><input type=\"hidden\" name=\"_wpcf7cf_hidden_groups\" value=\"[]\" \/><input type=\"hidden\" name=\"_wpcf7cf_visible_groups\" value=\"[]\" \/><input type=\"hidden\" name=\"_wpcf7cf_repeaters\" value=\"[]\" \/><input type=\"hidden\" name=\"_wpcf7cf_steps\" value=\"{}\" \/><input type=\"hidden\" name=\"_wpcf7cf_options\" value=\"{&quot;form_id&quot;:37167,&quot;conditions&quot;:[],&quot;settings&quot;:{&quot;animation&quot;:&quot;yes&quot;,&quot;animation_intime&quot;:200,&quot;animation_outtime&quot;:200,&quot;conditions_ui&quot;:&quot;normal&quot;,&quot;notice_dismissed&quot;:false,&quot;repeater_remove_button&quot;:&quot;bottom&quot;,&quot;notice_dismissed_update-cf7-5.9.8&quot;:true,&quot;notice_dismissed_update-cf7-6.0&quot;:true,&quot;notice_dismissed_update-cf7-6.0.1&quot;:true,&quot;notice_dismissed_update-cf7-6.0.2&quot;:true,&quot;notice_dismissed_update-cf7-6.0.3&quot;:true,&quot;notice_dismissed_update-cf7-6.0.6&quot;:true,&quot;notice_dismissed_update-cf7-6.1.1&quot;:true,&quot;notice_dismissed_update-cf7-6.1.4&quot;:true,&quot;notice_dismissed_update-cf7-6.1.5&quot;:true}}\" \/><input type=\"hidden\" name=\"_wpcf7dtx_version\" value=\"5.0.5\" \/><input type=\"hidden\" name=\"_wpcf7_recaptcha_response\" value=\"\" \/>\n<\/fieldset>\n<div class=\"wpcf7-response-output\" aria-hidden=\"true\"><\/div>\n<div class=\"m2m-join\">\n\t<div class=\"screen-reader-response\">\n\t\t<div role=\"status\" aria-live=\"polite\">\n\t\t<\/div>\n\t<\/div>\n\t<h4>Please enter your Elderplan Member ID.\n\t<\/h4>\n\t<p><span class=\"wpcf7-form-control-wrap\" data-name=\"elderplan-member-id\"><input size=\"40\" maxlength=\"400\" class=\"wpcf7-form-control wpcf7-text\" aria-invalid=\"false\" placeholder=\"Elderplan Member ID\" value=\"\" type=\"text\" name=\"elderplan-member-id\" \/><\/span><br \/>\n<input class=\"wpcf7-form-control wpcf7-submit has-spinner\" type=\"submit\" value=\"Send\" \/>\n\t<\/p>\n<\/div>\n<\/form>\n<\/div>\n\n\n\n\n<ul class=\"wp-block-list\">\n<li><strong>Por correo electr\u00f3nico:<\/strong> Descargue el <a href=\"\/files\/2025-m2m-application-form_1_spa_09-22-25_accessible\/\">formulario de solicitud<\/a> para completarlo y luego enviarlo por correo electr\u00f3nico a: <a href=\"mailto:m2m@mjhs.org\">m2m@mjhs.org<\/a>.<\/li>\n\n\n\n<li><strong>Por tel\u00e9fono: <\/strong>Llame a nuestra l\u00ednea directa de Member-to-Member al 1\u2011347\u2011254\u20117700 (TTY: 711), de lunes a viernes, de 9:00 a.m. a 5:00 p.m.<\/li>\n\n\n\n<li><strong>Por correo:<\/strong> Descargue el <a href=\"\/files\/2025-m2m-application-form_1_spa_09-22-25_accessible\/\">formulario de solicitud<\/a> para completarlo y luego enviarlo a:<\/li>\n<\/ul>\n\n\n\n<p>MJHS Member-to-Member Program<br>55 Water Street, 46th Floor<br>New York, NY 10041<\/p>\n\n\n\n<p>Lea las <a href=\"\/es\/member-benefits\/member-to-member-community\/join\/#FAQs\">Preguntas frecuentes<\/a> para obtener m\u00e1s informaci\u00f3n sobre c\u00f3mo enviar la solicitud.<\/p>\n<\/div>\n\n\n\n<div class=\"wp-block-column is-layout-flow wp-block-column-is-layout-flow\">\n<figure class=\"wp-block-image size-large\"><img loading=\"lazy\" decoding=\"async\" width=\"600\" height=\"400\" src=\"https:\/\/elderplan.imgix.net\/2021\/04\/iStock-874791754_RF.jpg?fm=pjpg\" alt=\"Man on laptop\" class=\"wp-image-12148\" srcset=\"https:\/\/elderplan.imgix.net\/2021\/04\/iStock-874791754_RF.jpg?fit=scale&amp;fm=pjpg&amp;h=853&amp;w=1280 1280w, https:\/\/elderplan.imgix.net\/2021\/04\/iStock-874791754_RF.jpg?fit=scale&amp;fm=pjpg&amp;h=1024&amp;w=1536 1536w, https:\/\/elderplan.imgix.net\/2021\/04\/iStock-874791754_RF.jpg?fit=scale&amp;fm=pjpg&amp;h=1365&amp;w=2048 2048w, https:\/\/elderplan.imgix.net\/2021\/04\/iStock-874791754_RF.jpg?fm=pjpg 600w\" sizes=\"auto, (max-width: 600px) 100vw, 600px\" \/><\/figure>\n\n\n\n<div style=\"height:40px\" aria-hidden=\"true\" class=\"wp-block-spacer\"><\/div>\n\n\n<div class=\"wp-block-image\">\n<figure class=\"aligncenter is-resized\"><img loading=\"lazy\" decoding=\"async\" width=\"890\" height=\"557\" src=\"https:\/\/elderplan.imgix.net\/2022\/06\/Ep_Card.png?fm=png\" alt=\"Image of the Elderplan benefits card with sample ID numbers and participant name\" class=\"wp-image-15380\" style=\"width:350px\" srcset=\"https:\/\/elderplan.imgix.net\/2022\/06\/Ep_Card.png?fit=scale&amp;fm=png&amp;h=481&amp;w=768 768w, https:\/\/elderplan.imgix.net\/2022\/06\/Ep_Card.png?fit=scale&amp;fm=png&amp;h=801&amp;w=1280 1280w, https:\/\/elderplan.imgix.net\/2022\/06\/Ep_Card.png?fit=scale&amp;fm=png&amp;h=961&amp;w=1536 1536w, https:\/\/elderplan.imgix.net\/2022\/06\/Ep_Card.png?fit=scale&amp;fm=png&amp;h=1282&amp;w=2048 2048w, https:\/\/elderplan.imgix.net\/2022\/06\/Ep_Card.png?fm=png 890w\" sizes=\"auto, (max-width: 890px) 100vw, 890px\" \/><\/figure>\n<\/div>\n\n\n<h3 class=\"wp-block-heading\" id=\"h-\"><\/h3>\n<\/div>\n<\/div>\n","protected":false},"excerpt":{"rendered":"<p>\u00bfC\u00f3mo me uno a la Comunidad Member-to-Member? Puede elegir la opci\u00f3n que m\u00e1s le convenga: MJHS Member-to-Member Program55 Water Street, 46th FloorNew York, NY 10041 Lea las Preguntas frecuentes para [&hellip;]<\/p>\n","protected":false},"author":21,"featured_media":0,"parent":12136,"menu_order":0,"comment_status":"closed","ping_status":"closed","template":"","meta":{"_acf_changed":false,"footnotes":""},"class_list":["post-37176","page","type-page","status-publish","hentry"],"translation":{"provider":"WPGlobus","version":"3.0.2","language":"es","enabled_languages":["en","es","zh"],"languages":{"en":{"title":true,"content":true,"excerpt":false},"es":{"title":true,"content":true,"excerpt":false},"zh":{"title":true,"content":true,"excerpt":false}}},"acf":[],"jetpack_sharing_enabled":true,"publishpress_future_action":{"enabled":false,"date":"2026-05-18 18:04:36","action":"change-status","newStatus":"draft","terms":[],"taxonomy":"category","extraData":[]},"publishpress_future_workflow_manual_trigger":{"enabledWorkflows":[]},"_links":{"self":[{"href":"https:\/\/www.elderplan.org\/es\/wp-json\/wp\/v2\/pages\/37176","targetHints":{"allow":["GET"]}}],"collection":[{"href":"https:\/\/www.elderplan.org\/es\/wp-json\/wp\/v2\/pages"}],"about":[{"href":"https:\/\/www.elderplan.org\/es\/wp-json\/wp\/v2\/types\/page"}],"author":[{"embeddable":true,"href":"https:\/\/www.elderplan.org\/es\/wp-json\/wp\/v2\/users\/21"}],"replies":[{"embeddable":true,"href":"https:\/\/www.elderplan.org\/es\/wp-json\/wp\/v2\/comments?post=37176"}],"version-history":[{"count":0,"href":"https:\/\/www.elderplan.org\/es\/wp-json\/wp\/v2\/pages\/37176\/revisions"}],"up":[{"embeddable":true,"href":"https:\/\/www.elderplan.org\/es\/wp-json\/wp\/v2\/pages\/12136"}],"wp:attachment":[{"href":"https:\/\/www.elderplan.org\/es\/wp-json\/wp\/v2\/media?parent=37176"}],"curies":[{"name":"wp","href":"https:\/\/api.w.org\/{rel}","templated":true}]}}