{"id":37425,"date":"2026-01-01T10:42:02","date_gmt":"2026-01-01T15:42:02","guid":{"rendered":"https:\/\/www.elderplan.org\/?page_id=37425"},"modified":"2026-01-01T10:46:45","modified_gmt":"2026-01-01T15:46:45","slug":"dental-benefits","status":"publish","type":"page","link":"https:\/\/www.elderplan.org\/es\/member-benefits\/elderplan-benefits\/dental-benefits\/","title":{"rendered":"\u00a1Beneficios Dentales con Elderplan!"},"content":{"rendered":"<section class=\"wpb-content-wrapper\">\n<div class=\"wp-block-columns padding-interior is-layout-flex wp-container-core-columns-is-layout-9d6595d7 wp-block-columns-is-layout-flex\">\n<div class=\"wp-block-column is-layout-flow wp-block-column-is-layout-flow\" style=\"flex-basis:50%\">\n<p>\u00a1Es fundamental mantener la higiene bucal para una buena salud general! Es necesario revisar peri\u00f3dicamente sus dientes y enc\u00edas, ya que puede ayudar a prevenir muchas condiciones m\u00e9dicas comunes. Nuestros planes est\u00e1n dise\u00f1ados para proporcionarle la atenci\u00f3n dental que necesita. <\/p>\n\n\n\n<h2 class=\"wp-block-heading\">Encuentre un dentista en nuestra red <\/h2>\n\n\n\n<p>La clave para una buena higiene dental es asegurarse de ir al dentista con regularidad. Para garantizar un f\u00e1cil acceso a la atenci\u00f3n dental, Elderplan tiene contrato con Healthplex, uno de los proveedores de atenci\u00f3n dental m\u00e1s grandes de New York. Recuerde que su salud oral es importante para nosotros y estamos aqu\u00ed para apoyarlo en cada paso del camino. <\/p>\n\n\n\n<div class=\"wp-block-buttons is-layout-flex wp-block-buttons-is-layout-flex\">\n<div class=\"wp-block-button\"><a class=\"wp-block-button__link wp-element-button\" href=\"https:\/\/www.dentaquest.com\/es\/find-a-dentist\/search-results#state=New+York&amp;planType=medicare&amp;plan=NY-ELDCARE&amp;distance=25&amp;lat=40.7127753&amp;lon=-74.0059728&amp;locDesc=New%3Dyork%2C+New+York%2C+100410&amp;currentView=provider&amp;sort=distance&amp;page=1&amp;isSearchEnabled=true&amp;city=New+York\">Acceder a la red dental <\/a><\/div>\n<\/div>\n\n\n\n<h2 class=\"wp-block-heading\">Consulte a Cualquier Dentista que Prefiera <\/h2>\n\n\n\n<p>La mayor\u00eda de nuestros planes le permiten consultar con el dentista de su elecci\u00f3n, ya sea dentro o fuera de la red. Aunque nos enorgullece ofrecer servicios dentales fuera de la red, es importante que comprenda claramente su posible responsabilidad financiera, especialmente cuando se trata de servicios integrales como coronas y empastes. Le solicitamos amablemente que solicite a su dentista obtener un c\u00e1lculo de costos previo al tratamiento de Healthplex antes de comenzar su tratamiento. Recuerde siempre llevar su Tarjeta de Gastos Flexibles para cubrir cualquier gasto de su bolsillo que pueda incurrir al visitar a su dentista. <\/p>\n\n\n\n<hr class=\"wp-block-separator has-alpha-channel-opacity\">\n\n\n\n<h2 class=\"wp-block-heading\">Preguntas Frecuentes<\/h2>\n\n\n\n<h3 class=\"wp-block-heading\">\u00bfQu\u00e9 es la atenci\u00f3n dental preventiva? <\/h3>\n\n\n\n<p>El cuidado dental preventivo lo ayuda a evitar futuros problemas dentales. Incluye limpiezas, ex\u00e1menes, radiograf\u00edas y empastes, todo sin costo. <\/p>\n\n\n\n<h3 class=\"wp-block-heading\">\u00bfQu\u00e9 es la atenci\u00f3n integral?<\/h3>\n\n\n\n<p> La atenci\u00f3n dental integral incluye procedimientos como endodoncias, coronas y extracciones.<\/p>\n\n\n\n<h3 class=\"wp-block-heading\"><br>\u00bfC\u00f3mo puedo obtener ayuda para programar una cita?<\/h3>\n\n\n\n<p>Si necesita asistencia para programar una cita, no dude en comunicarse con Healthplex al <a href=\"tel:1-866-795-6493\">1-866-795-6493<\/a> TTY 711, de lunes a viernes, de 8:00 a.m. a 6:00 p.m. Su equipo especializado est\u00e1 dispuesto a ayudarlo a encontrar el proveedor adecuado para sus necesidades y a guiarlo a trav\u00e9s del proceso de programaci\u00f3n de citas.<\/p>\n\n\n\n<div style=\"height:15px\" aria-hidden=\"true\" class=\"wp-block-spacer\"><\/div>\n<\/div>\n\n\n\n<div class=\"wp-block-column is-layout-flow wp-block-column-is-layout-flow\" style=\"flex-basis:33.33%\">\n<h2 class=\"wp-block-heading\" id=\"h-\"><\/h2>\n<\/div>\n<\/div>\n\n\n\n<div class=\"wp-block-columns vc_row wpb_row vc_row-fluid lfi-full-row vc_custom_1660068779200 vc_row-has-fill is-layout-flex wp-container-core-columns-is-layout-9d6595d7 wp-block-columns-is-layout-flex\">\n<div class=\"wp-block-column is-layout-flow wp-block-column-is-layout-flow\">\n<div class=\"wp-block-columns vc_row wpb_row vc_row-fluid lfi-full-row vc_custom_1660068779200 vc_row-has-fill is-layout-flex wp-container-core-columns-is-layout-9d6595d7 wp-block-columns-is-layout-flex\">\n<div class=\"wp-block-column is-layout-flow wp-block-column-is-layout-flow\">\n<h2 class=\"wp-block-heading has-text-align-center\" id=\"h-buscando-information\">\u00bfBuscando informati\u00f3n\uff1f<\/h2>\n\n\n\n<div class=\"wp-block-buttons is-content-justification-center is-nowrap is-layout-flex wp-container-core-buttons-is-layout-1fb9aab6 wp-block-buttons-is-layout-flex\">\n<div class=\"wp-block-button has-custom-width wp-block-button__width-25 is-style-outline is-style-outline--2\"><a class=\"wp-block-button__link wp-element-button\" href=\"https:\/\/elderplan.providerlenz.com\/home\">Encuentre un proveedor<\/a><\/div>\n\n\n\n<div class=\"wp-block-button has-custom-width wp-block-button__width-25 is-style-outline is-style-outline--3\"><a class=\"wp-block-button__link wp-element-button\" href=\"https:\/\/www.medicareplanrx.com\/jccf\/elderplan_medd_es_pharmacy_26.html\">Encuentre una farmacia<\/a><\/div>\n\n\n\n<div class=\"wp-block-button has-custom-width wp-block-button__width-25 is-style-outline is-style-outline--4\"><a class=\"wp-block-button__link wp-element-button\" href=\"https:\/\/www.yourdentalplan.com\/dentistsearch39\" target=\"_blank\" rel=\"noreferrer noopener\">Encuentre un dentista<\/a><\/div>\n<\/div>\n\n\n\n<div class=\"wp-block-buttons is-content-justification-center is-nowrap is-layout-flex wp-container-core-buttons-is-layout-1fb9aab6 wp-block-buttons-is-layout-flex\">\n<div class=\"wp-block-button has-custom-width wp-block-button__width-25 is-style-outline is-style-outline--5\"><a class=\"wp-block-button__link wp-element-button\" href=\"\/es\/member-benefits\/elderplan-benefits\/prescription-drugs\/\">Encuentre un medicamento<\/a><\/div>\n\n\n\n<div class=\"wp-block-button has-custom-width wp-block-button__width-25 is-style-outline is-style-outline--6\"><a class=\"wp-block-button__link wp-element-button\" href=\"\/es\/medicare-advantage-plan-options\/plan-materials\/find-a-form\/\">Encuentre un formulario<\/a><\/div>\n\n\n\n<div class=\"wp-block-button has-custom-width wp-block-button__width-25 is-style-outline is-style-outline--7\"><a class=\"wp-block-button__link wp-element-button\" href=\"\/files\/elderplan-broad-vaccine-network-vaccine-pharmacy-directory_updated_06012022_spa_accessible\/\">Lista de farmacias con vacunas contra la gripe<\/a><\/div>\n<\/div>\n<\/div>\n<\/div>\n<\/div>\n<\/div>\n<\/section>","protected":false},"excerpt":{"rendered":"<p>\u00a1Es fundamental mantener la higiene bucal para una buena salud general! Es necesario revisar peri\u00f3dicamente sus dientes y enc\u00edas, ya que puede ayudar a prevenir muchas condiciones m\u00e9dicas comunes. Nuestros [&hellip;]<\/p>\n","protected":false},"author":21,"featured_media":0,"parent":44,"menu_order":1,"comment_status":"closed","ping_status":"closed","template":"","meta":{"_acf_changed":false,"footnotes":""},"categories":[],"class_list":["post-37425","page","type-page","status-publish","hentry"],"translation":{"provider":"WPGlobus","version":"3.0.2","language":"es","enabled_languages":["en","es","zh"],"languages":{"en":{"title":true,"content":true,"excerpt":false},"es":{"title":true,"content":true,"excerpt":false},"zh":{"title":true,"content":true,"excerpt":false}}},"acf":[],"jetpack_sharing_enabled":true,"publishpress_future_action":{"enabled":false,"date":"2026-05-08 23:09:47","action":"change-status","newStatus":"draft","terms":[],"taxonomy":"category","extraData":[]},"publishpress_future_workflow_manual_trigger":{"enabledWorkflows":[]},"_links":{"self":[{"href":"https:\/\/www.elderplan.org\/es\/wp-json\/wp\/v2\/pages\/37425","targetHints":{"allow":["GET"]}}],"collection":[{"href":"https:\/\/www.elderplan.org\/es\/wp-json\/wp\/v2\/pages"}],"about":[{"href":"https:\/\/www.elderplan.org\/es\/wp-json\/wp\/v2\/types\/page"}],"author":[{"embeddable":true,"href":"https:\/\/www.elderplan.org\/es\/wp-json\/wp\/v2\/users\/21"}],"replies":[{"embeddable":true,"href":"https:\/\/www.elderplan.org\/es\/wp-json\/wp\/v2\/comments?post=37425"}],"version-history":[{"count":0,"href":"https:\/\/www.elderplan.org\/es\/wp-json\/wp\/v2\/pages\/37425\/revisions"}],"up":[{"embeddable":true,"href":"https:\/\/www.elderplan.org\/es\/wp-json\/wp\/v2\/pages\/44"}],"wp:attachment":[{"href":"https:\/\/www.elderplan.org\/es\/wp-json\/wp\/v2\/media?parent=37425"}],"wp:term":[{"taxonomy":"category","embeddable":true,"href":"https:\/\/www.elderplan.org\/es\/wp-json\/wp\/v2\/categories?post=37425"}],"curies":[{"name":"wp","href":"https:\/\/api.w.org\/{rel}","templated":true}]}}