{"id":37426,"date":"2026-01-01T10:42:21","date_gmt":"2026-01-01T15:42:21","guid":{"rendered":"https:\/\/www.elderplan.org\/?page_id=37426"},"modified":"2026-03-12T14:25:51","modified_gmt":"2026-03-12T18:25:51","slug":"find-a-dentist","status":"publish","type":"page","link":"https:\/\/www.elderplan.org\/es\/member-benefits\/elderplan-benefits\/dental-benefits\/find-a-dentist\/","title":{"rendered":"Encuentre un dentista"},"content":{"rendered":"<section class=\"wpb-content-wrapper\">\n<div class=\"wp-block-columns padding-interior is-layout-flex wp-container-core-columns-is-layout-9d6595d7 wp-block-columns-is-layout-flex\">\n<div class=\"wp-block-column is-layout-flow wp-block-column-is-layout-flow\" style=\"flex-basis:66.66%\">\n<h2 class=\"wp-block-heading\">Encuentre un destista cerca de usted<\/h2>\n\n\n\n<p>La clave para mantener una buena higiene oral es visitar regularmente a su dentista. Es muy importante que revise sus dientes y enc\u00edas, ya que esto puede ayudarlo a prevenir enfermedades frecuentes.<\/p>\n\n\n\n<p>Use el enlace a continuaci\u00f3n para encontrar un dentista cerca de usted para estos planes:<\/p>\n\n\n\n<ul class=\"wp-block-list\">\n<li>Elderplan Flexible (HMO-POS)<\/li>\n\n\n\n<li>Elderplan Ayuda Extra (HMO-POS)<\/li>\n\n\n\n<li>Elderplan M\u00e1s Atenci\u00f3n a Largo Plazo (HMO-POS D-SNP)<\/li>\n\n\n\n<li>Elderplan para Beneficiarios de Medicaid (HMO-POS D-SNP)<\/li>\n<\/ul>\n\n\n\n<div class=\"wp-block-buttons is-layout-flex wp-block-buttons-is-layout-flex\">\n<div class=\"wp-block-button\"><a class=\"wp-block-button__link wp-element-button\" href=\"https:\/\/www.dentaquest.com\/es\/find-a-dentist\/search-results#state=New+York&amp;planType=medicare&amp;plan=NY-ELDCARE&amp;distance=25&amp;lat=40.7127753&amp;lon=-74.0059728&amp;locDesc=New%3Dyork%2C+New+York%2C+100410&amp;currentView=provider&amp;sort=distance&amp;page=1&amp;isSearchEnabled=true&amp;city=New+York\"><i class=\"fas fa-magnifying-glass\"><\/i>  Encontrar un dentista cerca de usted<\/a><\/div>\n<\/div>\n<\/div>\n\n\n\n<div class=\"wp-block-column is-layout-flow wp-block-column-is-layout-flow\" style=\"flex-basis:33.33%\">\n<h3 class=\"wp-block-heading\" id=\"h-comuniquese-con-servicios-para-los-miembros\"><strong>Comun\u00edquese con Servicios para los Miembros<\/strong><\/h3>\n\n\n\n<p>Si es <strong> miembro de Elderplan<\/strong> y tiene preguntas o inquietudes, no dude en ponerse en contacto con Servicios para los Miembros de Elderplan llamando al\u00a0<a href=\"http:\/\/1-800-353-3765\/\">1-800-353-3765<\/a>\u00a0[<a href=\"tel:711\" rel=\"noopener\" target=\"_blank\" style=\"white-space: nowrap;\">TTY:711<\/a>], de 8:00\u00a0a.m. a 8:00\u00a0p.m., los 7\u00a0d\u00edas de la semana.<\/p>\n\n\n\n<p>Para obtener m\u00e1s informaci\u00f3n sobre c\u00f3mo puede comunicarse con nosotros, visite nuestra\u00a0<a href=\"\/es\/about-us\/contact-elderplan\/member-services\/\">p\u00e1gina de Servicios para los Miembros.<\/a><\/p>\n\n\n\n<figure class=\"wp-block-image size-large\"><img loading=\"lazy\" decoding=\"async\" width=\"8256\" height=\"5504\" src=\"https:\/\/elderplan.imgix.net\/DSC_6666.jpg?fm=pjpg\" alt=\"\" class=\"wp-image-27726\" srcset=\"https:\/\/elderplan.imgix.net\/DSC_6666.jpg?fit=scale&amp;fm=pjpg&amp;h=640&amp;w=960 960w, https:\/\/elderplan.imgix.net\/DSC_6666.jpg?fit=scale&amp;fm=pjpg&amp;h=853&amp;w=1280 1280w, https:\/\/elderplan.imgix.net\/DSC_6666.jpg?fit=scale&amp;fm=pjpg&amp;h=427&amp;w=640 640w, https:\/\/elderplan.imgix.net\/DSC_6666.jpg?fit=scale&amp;fm=pjpg&amp;h=512&amp;w=768 768w, https:\/\/elderplan.imgix.net\/DSC_6666.jpg?fit=scale&amp;fm=pjpg&amp;h=1024&amp;w=1536 1536w, https:\/\/elderplan.imgix.net\/DSC_6666.jpg?fit=scale&amp;fm=pjpg&amp;h=1365&amp;w=2048 2048w\" sizes=\"auto, (max-width: 8256px) 100vw, 8256px\"><\/figure>\n<\/div>\n<\/div>\n\n\n\n<div class=\"wp-block-columns vc_row wpb_row vc_row-fluid lfi-full-row vc_custom_1660068779200 vc_row-has-fill is-layout-flex wp-container-core-columns-is-layout-9d6595d7 wp-block-columns-is-layout-flex\">\n<div class=\"wp-block-column is-layout-flow wp-block-column-is-layout-flow\">\n<h2 class=\"wp-block-heading has-text-align-center\" id=\"h-buscando-information\">\u00bfBuscando informati\u00f3n\uff1f<\/h2>\n\n\n\n<div class=\"wp-block-buttons is-content-justification-center is-nowrap is-layout-flex wp-container-core-buttons-is-layout-1fb9aab6 wp-block-buttons-is-layout-flex\">\n<div class=\"wp-block-button has-custom-width wp-block-button__width-25 is-style-outline is-style-outline--2\"><a class=\"wp-block-button__link wp-element-button\" href=\"https:\/\/elderplan.providerlenz.com\/home\">Encuentre un proveedor<\/a><\/div>\n\n\n\n<div class=\"wp-block-button has-custom-width wp-block-button__width-25 is-style-outline is-style-outline--3\"><a class=\"wp-block-button__link wp-element-button\" href=\"https:\/\/www.medicareplanrx.com\/jccf\/elderplan_medd_es_pharmacy_26.html\">Encuentre una farmacia<\/a><\/div>\n\n\n\n<div class=\"wp-block-button has-custom-width wp-block-button__width-25 is-style-outline is-style-outline--4\"><a class=\"wp-block-button__link wp-element-button\" href=\"https:\/\/www.yourdentalplan.com\/dentistsearch39\" target=\"_blank\" rel=\"noreferrer noopener\">Encuentre un dentista<\/a><\/div>\n<\/div>\n\n\n\n<div class=\"wp-block-buttons is-content-justification-center is-nowrap is-layout-flex wp-container-core-buttons-is-layout-1fb9aab6 wp-block-buttons-is-layout-flex\">\n<div class=\"wp-block-button has-custom-width wp-block-button__width-25 is-style-outline is-style-outline--5\"><a class=\"wp-block-button__link wp-element-button\" href=\"\/es\/member-benefits\/elderplan-benefits\/prescription-drugs\/\">Encuentre un medicamento<\/a><\/div>\n\n\n\n<div class=\"wp-block-button has-custom-width wp-block-button__width-25 is-style-outline is-style-outline--6\"><a class=\"wp-block-button__link wp-element-button\" href=\"\/es\/medicare-advantage-plan-options\/plan-materials\/find-a-form\/\">Encuentre un formulario<\/a><\/div>\n\n\n\n<div class=\"wp-block-button has-custom-width wp-block-button__width-25 is-style-outline is-style-outline--7\"><a class=\"wp-block-button__link wp-element-button\" href=\"\/files\/elderplan-broad-vaccine-network-vaccine-pharmacy-directory_updated_06012022_spa_accessible\/\">Lista de farmacias con vacunas contra la gripe<\/a><\/div>\n<\/div>\n<\/div>\n<\/div>\n<\/section>","protected":false},"excerpt":{"rendered":"<p>Encuentre un destista cerca de usted La clave para mantener una buena higiene oral es visitar regularmente a su dentista. Es muy importante que revise sus dientes y enc\u00edas, ya [&hellip;]<\/p>\n","protected":false},"author":21,"featured_media":0,"parent":37425,"menu_order":0,"comment_status":"closed","ping_status":"closed","template":"","meta":{"_acf_changed":false,"footnotes":""},"categories":[],"class_list":["post-37426","page","type-page","status-publish","hentry"],"translation":{"provider":"WPGlobus","version":"3.0.2","language":"es","enabled_languages":["en","es","zh"],"languages":{"en":{"title":true,"content":true,"excerpt":false},"es":{"title":true,"content":true,"excerpt":false},"zh":{"title":true,"content":true,"excerpt":false}}},"acf":[],"jetpack_sharing_enabled":true,"publishpress_future_action":{"enabled":false,"date":"2026-05-06 12:55:52","action":"change-status","newStatus":"draft","terms":[],"taxonomy":"category","extraData":[]},"publishpress_future_workflow_manual_trigger":{"enabledWorkflows":[]},"_links":{"self":[{"href":"https:\/\/www.elderplan.org\/es\/wp-json\/wp\/v2\/pages\/37426","targetHints":{"allow":["GET"]}}],"collection":[{"href":"https:\/\/www.elderplan.org\/es\/wp-json\/wp\/v2\/pages"}],"about":[{"href":"https:\/\/www.elderplan.org\/es\/wp-json\/wp\/v2\/types\/page"}],"author":[{"embeddable":true,"href":"https:\/\/www.elderplan.org\/es\/wp-json\/wp\/v2\/users\/21"}],"replies":[{"embeddable":true,"href":"https:\/\/www.elderplan.org\/es\/wp-json\/wp\/v2\/comments?post=37426"}],"version-history":[{"count":2,"href":"https:\/\/www.elderplan.org\/es\/wp-json\/wp\/v2\/pages\/37426\/revisions"}],"predecessor-version":[{"id":47032,"href":"https:\/\/www.elderplan.org\/es\/wp-json\/wp\/v2\/pages\/37426\/revisions\/47032"}],"up":[{"embeddable":true,"href":"https:\/\/www.elderplan.org\/es\/wp-json\/wp\/v2\/pages\/37425"}],"wp:attachment":[{"href":"https:\/\/www.elderplan.org\/es\/wp-json\/wp\/v2\/media?parent=37426"}],"wp:term":[{"taxonomy":"category","embeddable":true,"href":"https:\/\/www.elderplan.org\/es\/wp-json\/wp\/v2\/categories?post=37426"}],"curies":[{"name":"wp","href":"https:\/\/api.w.org\/{rel}","templated":true}]}}