{"id":37431,"date":"2025-09-05T17:26:06","date_gmt":"2025-09-05T21:26:06","guid":{"rendered":"https:\/\/www.elderplan.org\/?page_id=37431"},"modified":"2026-01-01T10:44:37","modified_gmt":"2026-01-01T15:44:37","slug":"changes-to-your-dental-benefit-2026","status":"publish","type":"page","link":"https:\/\/www.elderplan.org\/es\/member-benefits\/elderplan-benefits\/dental-benefits\/changes-to-your-dental-benefit-2026\/","title":{"rendered":"Cambios en su beneficio dental: Lo que debe saber para 2026."},"content":{"rendered":"<section class=\"wpb-content-wrapper\">\n<div class=\"wp-block-columns padding-interior is-layout-flex wp-container-core-columns-is-layout-9d6595d7 wp-block-columns-is-layout-flex\">\n<div class=\"wp-block-column is-layout-flow wp-block-column-is-layout-flow\" style=\"flex-basis:66.66%\">\n<p>En Elderplan\/HomeFirst, su salud y bienestar son siempre nuestras principales prioridades. Valoramos sus comentarios y los utilizamos para guiarnos en la mejora de la atenci\u00f3n que brindamos. Es por eso que estamos haciendo mejoras para ayudarlo a obtener la atenci\u00f3n dental que necesita.<\/p>\n\n\n\n<p><strong>A partir del 1\u00a0de enero de\u00a02026, nos asociaremos con DentaQuest para ayudarlo a administrar y proporcionar sus beneficios dentales.\u00a0<\/strong><\/p>\n\n\n\n<p>Esto significa que tendr\u00e1 acceso a una red de proveedores m\u00e1s grande, con m\u00e1s dentistas para elegir, m\u00e1s cerca de su hogar.<\/p>\n\n\n\n<hr class=\"wp-block-separator has-alpha-channel-opacity\">\n\n\n\n<div class=\"wp-block-columns is-layout-flex wp-container-core-columns-is-layout-9d6595d7 wp-block-columns-is-layout-flex\">\n<div class=\"wp-block-column is-layout-flow wp-block-column-is-layout-flow\">\n<p><strong>Explore la red dental para los siguientes planes:<\/strong><\/p>\n\n\n\n<ul class=\"wp-block-list\">\n<li>Elderplan Plus Long-Term Care (HMO-POS D-SNP)<\/li>\n\n\n\n<li>Elderplan for Medicaid Beneficiaries (HMO-POS D-SNP)<\/li>\n\n\n\n<li>Elderplan Flex (HMO-POS)<\/li>\n\n\n\n<li>Elderplan Extra Help (HMO-POS)<\/li>\n<\/ul>\n\n\n\n<div class=\"wp-block-buttons is-layout-flex wp-block-buttons-is-layout-flex\">\n<div class=\"wp-block-button\"><a class=\"wp-block-button__link wp-element-button\" href=\"https:\/\/www.dentaquest.com\/en\/find-a-dentist\/search-results#state=New+York&amp;planType=medicare&amp;plan=NY-ELDCARE&amp;distance=25&amp;lat=40.7127753&amp;lon=-74.0059728&amp;locDesc=New%3Dyork%2C+New+York%2C+100410&amp;currentView=provider&amp;sort=distance&amp;page=1&amp;isSearchEnabled=true&amp;city=New+York\">Explore esta red<\/a><\/div>\n<\/div>\n\n\n\n<p><strong>Explore esta red si tiene el siguiente plan:<\/strong><\/p>\n\n\n\n<ul class=\"wp-block-list\">\n<li>HomeFirst Plan de Atenci\u00f3n Administrada a Largo Plazo<\/li>\n<\/ul>\n\n\n\n<div class=\"wp-block-buttons is-layout-flex wp-block-buttons-is-layout-flex\">\n<div class=\"wp-block-button\"><a class=\"wp-block-button__link wp-element-button\" href=\"https:\/\/www.dentaquest.com\/en\/find-change-dentist\/search-results#state=New+York&amp;planType=long-term-care&amp;plan=NY-ELDMLTC&amp;distance=25&amp;lat=40.7033782&amp;lon=-74.009675&amp;locDesc=10041&amp;currentView=provider&amp;sort=distance&amp;page=1&amp;isSearchEnabled=true&amp;city=New+York\">Explore esta red<\/a><\/div>\n<\/div>\n<\/div>\n\n\n\n<div class=\"wp-block-column is-layout-flow wp-block-column-is-layout-flow\">\n<p><\/p>\n<\/div>\n<\/div>\n\n\n\n<p>DentaQuest tiene a\u00f1os de experiencia prestando servicios a los miembros de Medicare y Medicaid en New York y ofrece una red m\u00e1s del doble de grande que la anterior.<\/p>\n\n\n\n<p><strong>Buenas noticias:<\/strong>\u00a0Sus beneficios dentales no cambiar\u00e1n. Seguir\u00e1 teniendo la misma cobertura, pero ahora con a\u00fan m\u00e1s opciones de atenci\u00f3n.<\/p>\n<\/div>\n\n\n\n<div class=\"wp-block-column is-layout-flow wp-block-column-is-layout-flow\" style=\"flex-basis:33.33%\">\n<figure class=\"wp-block-image size-large\"><img loading=\"lazy\" decoding=\"async\" width=\"1400\" height=\"934\" src=\"https:\/\/elderplan.imgix.net\/Senior-woman-at-dentist-SPA.jpg?fm=pjpg\" alt='Woman in dentist chair with a speech bubble that reads: \"El doble de dentistas para elegir. Gracias, Elderplan.\"' class=\"wp-image-44441\" srcset=\"https:\/\/elderplan.imgix.net\/Senior-woman-at-dentist-SPA.jpg?fit=scale&amp;fm=pjpg&amp;h=640&amp;w=960 960w, https:\/\/elderplan.imgix.net\/Senior-woman-at-dentist-SPA.jpg?fit=scale&amp;fm=pjpg&amp;h=854&amp;w=1280 1280w, https:\/\/elderplan.imgix.net\/Senior-woman-at-dentist-SPA.jpg?fit=scale&amp;fm=pjpg&amp;h=427&amp;w=640 640w, https:\/\/elderplan.imgix.net\/Senior-woman-at-dentist-SPA.jpg?fit=scale&amp;fm=pjpg&amp;h=512&amp;w=768 768w, https:\/\/elderplan.imgix.net\/Senior-woman-at-dentist-SPA.jpg?fit=scale&amp;fm=pjpg&amp;h=1025&amp;w=1536 1536w, https:\/\/elderplan.imgix.net\/Senior-woman-at-dentist-SPA.jpg?fit=scale&amp;fm=pjpg&amp;h=1366&amp;w=2048 2048w, https:\/\/elderplan.imgix.net\/Senior-woman-at-dentist-SPA.jpg?fm=pjpg 1400w\" sizes=\"auto, (max-width: 1400px) 100vw, 1400px\"><\/figure>\n<\/div>\n<\/div>\n\n\n\n<div class=\"wp-block-columns padding-interior is-layout-flex wp-container-core-columns-is-layout-9d6595d7 wp-block-columns-is-layout-flex\">\n<div class=\"wp-block-column is-layout-flow wp-block-column-is-layout-flow\" style=\"flex-basis:50%\">\n<hr class=\"wp-block-separator has-alpha-channel-opacity\">\n\n\n\n<h2 class=\"wp-block-heading\" id=\"h-lo-que-debe-saber\">Lo que debe saber<\/h2>\n\n\n\n<h3 class=\"wp-block-heading\" id=\"h-sin-cambios-en-2025\">Sin cambios en 2025<\/h3>\n\n\n\n<p>Contin\u00fae usando los proveedores de Healthplex hasta el 31\u00a0de diciembre de\u00a02025.<\/p>\n\n\n\n<h3 class=\"wp-block-heading\" id=\"h-recibira-una-nueva-tarjeta-de-identificacion-de-miembro\">Recibir\u00e1 una nueva tarjeta de identificaci\u00f3n de miembro<\/h3>\n\n\n\n<p>Entre noviembre y diciembre de\u00a02025, recibir\u00e1 una nueva tarjeta con la informaci\u00f3n de contacto de DentaQuest y un indicador claro para el 2026.<\/p>\n\n\n\n<h3 class=\"wp-block-heading\" id=\"h-encontrar-un-dentista\">Encontrar un dentista<\/h3>\n\n\n\n<p>Use el directorio de proveedores en l\u00ednea de DentaQuest para buscar dentistas o confirmar si su dentista actual est\u00e1 dentro de la red para 2026. Debido a que la participaci\u00f3n del proveedor puede cambiar, siempre confirme con el proveedor antes de recibir los servicios.<\/p>\n\n\n\n<h3 class=\"wp-block-heading\" id=\"h-tratamiento-en-curso-o-nuevo\">Tratamiento en curso o nuevo<\/h3>\n\n\n\n<p>Puede comenzar o continuar la atenci\u00f3n con un proveedor de Healthplex hasta el 31\u00a0de diciembre de\u00a02025. A partir del 1\u00a0de enero de\u00a02026, DentaQuest administrar\u00e1 toda la atenci\u00f3n.<\/p>\n\n\n\n<hr class=\"wp-block-separator has-alpha-channel-opacity\">\n\n\n\n<h2 class=\"wp-block-heading\">Preguntas frecuentes<\/h2>\n\n\n\n<h3 class=\"wp-block-heading\" id=\"h-por-que-elderplan-realiza-este-cambio\">\u00bfPor qu\u00e9 Elderplan realiza este cambio?<\/h3>\n\n\n\n<p>Estamos ampliando el acceso a la atenci\u00f3n dental de calidad. La red m\u00e1s grande de DentaQuest le brinda m\u00e1s opciones y comodidad.<\/p>\n\n\n\n<h3 class=\"wp-block-heading\" id=\"h-debo-hacer-algo\">\u00bfDebo hacer algo?<\/h3>\n\n\n\n<p>No. La transici\u00f3n se produce autom\u00e1ticamente\u00a0<strong>el 1\u00a0de enero de\u00a02026<\/strong>.<\/p>\n\n\n\n<h3 class=\"wp-block-heading\" id=\"h-se-me-notificara-si-mi-dentista-no-esta-en-la-nueva-red\">\u00bfSe me notificar\u00e1 si mi dentista no est\u00e1 en la nueva red?<\/h3>\n\n\n\n<p>S\u00ed, le notificaremos por correo entre noviembre y diciembre de 2025, pero le recomendamos consultar el directorio de proveedores de DentaQuest o comunicarse con los Servicios para Miembros de Elderplan para obtener apoyo adicional. Tambi\u00e9n puede comunicarse directamente con DentaQuest <strong>a partir del 1 de enero de 2026.<\/strong><\/p>\n\n\n\n<h3 class=\"wp-block-heading\" id=\"h-obtendre-una-nueva-tarjeta-de-identificacion-de-miembro\">\u00bfObtendr\u00e9 una nueva tarjeta de identificaci\u00f3n de miembro?<\/h3>\n\n\n\n<p>S\u00ed. Todos los miembros recibir\u00e1n tarjetas de identificaci\u00f3n actualizadas a fines de 2025 con la informaci\u00f3n de contacto de DentaQuest.<\/p>\n\n\n\n<h3 class=\"wp-block-heading\" id=\"h-cambiaran-mis-beneficios\">\u00bfCambiar\u00e1n mis beneficios?<\/h3>\n\n\n\n<p>No. Sus beneficios dentales siguen siendo los mismos, solo que ahora DentaQuest los administra.<\/p>\n\n\n\n<h3 class=\"wp-block-heading\" id=\"h-que-pasa-si-sigo-en-tratamiento-despues-del-31-nbsp-de-diciembre-de-nbsp-2025\">\u00bfQu\u00e9 pasa si sigo en tratamiento despu\u00e9s del 31\u00a0de diciembre de\u00a02025?<\/h3>\n\n\n\n<p>Es posible que califique para la continuidad de la atenci\u00f3n. A partir del 1\u00a0de enero de\u00a02026, su dentista puede comunicarse con DentaQuest para obtener una gu\u00eda.<\/p>\n\n\n\n<h2 class=\"wp-block-heading\" id=\"h-necesita-ayuda\">\u00bfNecesita ayuda?<\/h2>\n\n\n\n<p>Estamos aqu\u00ed para apoyarlo durante esta transici\u00f3n.<\/p>\n\n\n\n<ol class=\"wp-block-list\">\n<li><strong>Miembros de Elderplan:<\/strong>\u00a0<a href=\"tel:18003533765\">1-800-353-3765<\/a>\u00a0(TTY: 711), de 8:00\u00a0a.m. a 8:00\u00a0p.m., los siete d\u00edas de la semana.<\/li>\n\n\n\n<li><strong>Miembros de HomeFirst:<\/strong>\u00a0<a href=\"tel:18777711119\">1-877-771-1119<\/a>\u00a0(TTY: 711), de lunes a viernes, de 8:30\u00a0a.m. a 5:00\u00a0p.m.<\/li>\n<\/ol>\n\n\n\n<div style=\"height:15px\" aria-hidden=\"true\" class=\"wp-block-spacer\"><\/div>\n<\/div>\n\n\n\n<div class=\"wp-block-column is-layout-flow wp-block-column-is-layout-flow\" style=\"flex-basis:33.33%\">\n<h2 class=\"wp-block-heading\" id=\"h-\"><\/h2>\n\n\n\n<p><\/p>\n<\/div>\n<\/div>\n\n\n\n<div class=\"wp-block-columns vc_row wpb_row vc_row-fluid lfi-full-row vc_custom_1660068779200 vc_row-has-fill is-layout-flex wp-container-core-columns-is-layout-9d6595d7 wp-block-columns-is-layout-flex\">\n<div class=\"wp-block-column is-layout-flow wp-block-column-is-layout-flow\">\n<h2 class=\"wp-block-heading has-text-align-center\" id=\"h-busca-informacion\">\u00bfBusca informaci\u00f3n?<\/h2>\n\n\n\n<div class=\"wp-block-buttons is-content-justification-center is-nowrap is-layout-flex wp-container-core-buttons-is-layout-94bc23d7 wp-block-buttons-is-layout-flex\">\n<div class=\"wp-block-button is-style-outline is-style-outline--2\"><a class=\"wp-block-button__link wp-element-button\" href=\"https:\/\/elderplan.providerlenz.com\/home?lang=es\">Encuentre un proveedor<\/a><\/div>\n\n\n\n<div class=\"wp-block-button is-style-outline is-style-outline--3\"><a class=\"wp-block-button__link wp-element-button\" href=\"https:\/\/www.medicareplanrx.com\/jccf\/elderplan_medd_es_pharmacy_26.html\">Encuentre una farmacia<\/a><\/div>\n\n\n\n<div class=\"wp-block-button is-style-outline is-style-outline--4\"><a class=\"wp-block-button__link wp-element-button\" href=\"https:\/\/www.dentaquest.com\/es\/find-a-dentist\/search-results#state=New+York&amp;planType=medicare&amp;plan=NY-ELDCARE&amp;distance=25&amp;lat=40.7127753&amp;lon=-74.0059728&amp;locDesc=New%3Dyork%2C+New+York%2C+100410&amp;currentView=provider&amp;sort=distance&amp;page=1&amp;isSearchEnabled=true&amp;city=New+York\">Encuentre un dentista<\/a><\/div>\n<\/div>\n\n\n\n<div class=\"wp-block-buttons is-content-justification-center is-nowrap is-layout-flex wp-container-core-buttons-is-layout-94bc23d7 wp-block-buttons-is-layout-flex\">\n<div class=\"wp-block-button is-style-outline is-style-outline--5\"><a class=\"wp-block-button__link wp-element-button\" href=\"\/member-benefits\/elderplan-benefits\/prescription-drugs\/\">Encuentre un medicamento<\/a><\/div>\n\n\n\n<div class=\"wp-block-button is-style-outline is-style-outline--6\"><a class=\"wp-block-button__link wp-element-button\" href=\"\/medicare-advantage-plan-options\/plan-materials\/find-a-form\/\">Encuentre un formulario<\/a><\/div>\n\n\n\n<div class=\"wp-block-button is-style-outline is-style-outline--7\"><a class=\"wp-block-button__link wp-element-button\" href=\"\/files\/elderplan-broad-vaccine-network-vaccine-pharmacy-directory_updated_06012022_eng_accessible\/\">Lista de farmacias con vacunas contra la gripe<\/a><\/div>\n<\/div>\n<\/div>\n<\/div>\n\n\n\n<p><\/p>\n<\/section>","protected":false},"excerpt":{"rendered":"<p>En Elderplan\/HomeFirst, su salud y bienestar son siempre nuestras principales prioridades. Valoramos sus comentarios y los utilizamos para guiarnos en la mejora de la atenci\u00f3n que brindamos. Es por eso [&hellip;]<\/p>\n","protected":false},"author":21,"featured_media":0,"parent":37425,"menu_order":0,"comment_status":"closed","ping_status":"closed","template":"","meta":{"_acf_changed":false,"footnotes":""},"categories":[],"class_list":["post-37431","page","type-page","status-publish","hentry"],"translation":{"provider":"WPGlobus","version":"3.0.2","language":"es","enabled_languages":["en","es","zh"],"languages":{"en":{"title":true,"content":true,"excerpt":false},"es":{"title":true,"content":true,"excerpt":false},"zh":{"title":true,"content":true,"excerpt":false}}},"acf":[],"jetpack_sharing_enabled":true,"publishpress_future_action":{"enabled":false,"date":"2026-04-10 20:59:27","action":"change-status","newStatus":"draft","terms":[],"taxonomy":"category","extraData":[]},"publishpress_future_workflow_manual_trigger":{"enabledWorkflows":[]},"_links":{"self":[{"href":"https:\/\/www.elderplan.org\/es\/wp-json\/wp\/v2\/pages\/37431","targetHints":{"allow":["GET"]}}],"collection":[{"href":"https:\/\/www.elderplan.org\/es\/wp-json\/wp\/v2\/pages"}],"about":[{"href":"https:\/\/www.elderplan.org\/es\/wp-json\/wp\/v2\/types\/page"}],"author":[{"embeddable":true,"href":"https:\/\/www.elderplan.org\/es\/wp-json\/wp\/v2\/users\/21"}],"replies":[{"embeddable":true,"href":"https:\/\/www.elderplan.org\/es\/wp-json\/wp\/v2\/comments?post=37431"}],"version-history":[{"count":0,"href":"https:\/\/www.elderplan.org\/es\/wp-json\/wp\/v2\/pages\/37431\/revisions"}],"up":[{"embeddable":true,"href":"https:\/\/www.elderplan.org\/es\/wp-json\/wp\/v2\/pages\/37425"}],"wp:attachment":[{"href":"https:\/\/www.elderplan.org\/es\/wp-json\/wp\/v2\/media?parent=37431"}],"wp:term":[{"taxonomy":"category","embeddable":true,"href":"https:\/\/www.elderplan.org\/es\/wp-json\/wp\/v2\/categories?post=37431"}],"curies":[{"name":"wp","href":"https:\/\/api.w.org\/{rel}","templated":true}]}}