{"id":3794,"date":"2017-01-10T22:08:07","date_gmt":"2017-01-10T22:08:07","guid":{"rendered":"http:\/\/english2017-c.elderplan.org\/?page_id=3794"},"modified":"2025-10-20T16:09:55","modified_gmt":"2025-10-20T20:09:55","slug":"getting-started","status":"publish","type":"page","link":"https:\/\/www.elderplan.org\/es\/about-us\/homefirst-managed-long-term-care\/getting-started\/","title":{"rendered":"Primeros pasos con HomeFirst Managed Long-Term Care Plan"},"content":{"rendered":"\n<div class=\"wp-block-columns padding-interior is-layout-flex wp-container-core-columns-is-layout-9d6595d7 wp-block-columns-is-layout-flex\">\n<div class=\"wp-block-column is-layout-flow wp-block-column-is-layout-flow\" style=\"flex-basis:66.66%\">\n<p>Para inscribirse en cualquier plan de atenci\u00f3n administrada a largo plazo (MLTCP), primero debe confirmar la elegibilidad.<\/p>\n\n\n\n<div style=\"height:25px\" aria-hidden=\"true\" class=\"wp-block-spacer\"><\/div>\n\n\n\n<h2 class=\"wp-block-heading\" id=\"h-paso-uno-revise-la-informacion-de-elegibilidad\">Paso uno: revise la informaci\u00f3n de elegibilidad.<\/h2>\n\n\n\n<p>Para inscribirse, una persona debe cumplir con los siguientes requisitos:<\/p>\n\n\n\n<ul class=\"wp-block-list\">\n<li>Tener 18 a\u00f1os o m\u00e1s<\/li>\n\n\n\n<li>Reunir los requisitos para Medicaid<\/li>\n\n\n\n<li>Residir en uno de los cinco distritos municipales de la ciudad de New York o los condados de Dutchess, Nassau, Orange, Putnam, Rockland, Sullivan, Ulster o Westchester<\/li>\n\n\n\n<li>Poder permanecer en su hogar sin poner en peligro su salud ni su seguridad<\/li>\n\n\n\n<li>Necesitar servicios de atenci\u00f3n a largo plazo basados en la comunidad durante m\u00e1s de 120\u00a0d\u00edas (p.\u00a0ej., atenci\u00f3n de enfermer\u00eda en el hogar, terapias, auxiliar de la atenci\u00f3n en el hogar, cuidado personal, servicios de asistencia personal dirigida por el consumidor, atenci\u00f3n de enfermer\u00eda privada o atenci\u00f3n m\u00e9dica diurna para adultos)<\/li>\n<\/ul>\n\n\n\n<p><strong>Nota:<\/strong>\u00a0A partir del 1 de septiembre de 2025, la elegibilidad tambi\u00e9n requiere cumplir con los Criterios M\u00ednimos de Necesidades seg\u00fan lo definido por el Departamento de Salud del Estado de Nueva York (NYS DOH).<br>Por favor, aseg\u00farese de que un m\u00e9dico complete el formulario DOH-5821 si hay presencia de Alzheimer o Demencia.\u00a0<\/p>\n\n\n\n<div style=\"height:25px\" aria-hidden=\"true\" class=\"wp-block-spacer\"><\/div>\n\n\n\n<h2 class=\"wp-block-heading\" id=\"h-paso-dos-comuniquese-con-homefirst\">Paso dos: comun\u00edquese con HomeFirst.<\/h2>\n\n\n\n<p>Si cumple con los criterios de elegibilidad, su pr\u00f3ximo paso es comunicarse con HomeFirst de lunes a viernes, de 8:30\u00a0a.m. a 5:00\u00a0p.m. al <a href=\"tel:1-866-386-4177\" style=\"white-space: nowrap;\">1-866-386-4177<\/a>. Un representante de inscripci\u00f3n le confirmar\u00e1 si usted re\u00fane los requisitos de elegibilidad de acuerdo con la edad, la ubicaci\u00f3n geogr\u00e1fica de su hogar y la elegibilidad para Medicaid. En estos momentos, tambi\u00e9n podemos responder cualquier pregunta adicional por tel\u00e9fono para ayudarlo a determinar si HomeFirst es una opci\u00f3n para usted. Una vez que se confirme la elegibilidad, nuestro representante de inscripci\u00f3n lo ayudar\u00e1 a programar su evaluaci\u00f3n cl\u00ednica en el hogar.<\/p>\n\n\n\n<div style=\"height:25px\" aria-hidden=\"true\" class=\"wp-block-spacer\"><\/div>\n\n\n\n<h2 class=\"wp-block-heading\" id=\"h-paso-tres-programe-en-examen-clinico\">Paso tres: programe en examen cl\u00ednico.<\/h2>\n\n\n\n<p>Programaremos un examen en el hogar en el que un enfermero certificado obtendr\u00e1 su historia m\u00e9dica, realizar\u00e1 un examen cl\u00ednico y le brindar\u00e1 informaci\u00f3n detallada sobre nuestro plan y la red de proveedores.<\/p>\n\n\n\n<p>Nuestro enfermero certificado se comunicar\u00e1 con su m\u00e9dico para crear un plan de atenci\u00f3n que se adapte a sus necesidades.<\/p>\n\n\n\n<div style=\"height:25px\" aria-hidden=\"true\" class=\"wp-block-spacer\"><\/div>\n\n\n\n<h2 class=\"wp-block-heading\" id=\"h-paso-cuatro-comience-a-usar-su-membresia\">Paso cuatro: comience a usar su membres\u00eda.<\/h2>\n\n\n\n<p>La fecha l\u00edmite para enviar la inscripci\u00f3n para el mes siguiente es el d\u00eda 20 de cada mes o el d\u00eda h\u00e1bil m\u00e1s cercano si el d\u00eda 20 cae durante el fin de semana.<sup><\/sup><sup><\/sup> La inscripci\u00f3n comenzar\u00e1 el primer d\u00eda del mes siguiente a que se procese su solicitud. La inscripci\u00f3n es voluntaria y usted puede elegir retirar su solicitud en cualquier momento.<\/p>\n\n\n\n<p>HomeFirst recibe un pago fijo por mes de parte de Medicaid por los servicios que se le brindan a los inscritos. Los servicios que no forman parte de los beneficios de HomeFirst siguen estando cubiertos por el pago por servicio de Medicaid o Medicare. Todos los servicios est\u00e1n coordinados, incluso aquellos que no est\u00e1n incluidos en el paquete de beneficios del plan de MLTCP.<\/p>\n\n\n\n<hr class=\"wp-block-separator has-alpha-channel-opacity hr vc_separator\">\n\n\n\n<p><em>HomeFirst es un producto de Elderplan, el cual ofrece una variedad de planes de salud accesibles para Medicare, Medicaid y para los beneficiarios de doble elegibilidad en cada nivel de salud. Elderplan es un plan de salud que tiene contratos con Medicare y Medicaid.<\/em><\/p>\n<\/div>\n\n\n\n<div class=\"wp-block-column is-layout-flow wp-block-column-is-layout-flow\" style=\"flex-basis:33.33%\">\n<h2 class=\"wp-block-heading has-text-align-center\" id=\"h-esta-listo-para-comenzar\">\u00bfEst\u00e1 listo para comenzar?<\/h2>\n\n\n\n<p class=\"has-text-align-center\">\u00bfTiene preguntas? Llame a HomeFirst hoy mismo.<\/p>\n\n\n\n<h4 class=\"wp-block-heading has-text-align-center\" id=\"h-1-866-386-4177\"><a href=\"tel:1-866-386-4177\">1-866-386-4177<\/a><\/h4>\n\n\n\n<hr class=\"wp-block-separator has-alpha-channel-opacity hr vc_separator\">\n\n\n\n<h4 class=\"wp-block-heading has-text-align-center\" id=\"h-tty-711\"><a href=\"tel:711\">[TTY: 711]<\/a><\/h4>\n\n\n\n<p class=\"has-text-align-center\"><strong>Horario de atenci\u00f3n:<\/strong><br>De lunes a viernes, de 8:30\u00a0a.m. a 5:00\u00a0p.m.<\/p>\n\n\n\n<div style=\"height:25px\" aria-hidden=\"true\" class=\"wp-block-spacer\"><\/div>\n\n\n\n<h5 class=\"wp-block-heading has-text-align-center\" id=\"h-homefirst-esta-disponibleen-los-5-distritos-municipales-de-la-ciudad-de-new-york-y-en-los-condados-dedutchess-nassau-orange-putnam-rockland-sullivan-ulster-y-westchester\">HomeFirst est\u00e1 disponible<br>en los 5\u00a0distritos municipales de la ciudad de New\u00a0York y en los condados de<br>Dutchess, Nassau, Orange,<br>Putnam, Rockland, Sullivan,<br>Ulster y Westchester.<\/h5>\n<\/div>\n<\/div>\n","protected":false},"excerpt":{"rendered":"<p>Para inscribirse en cualquier plan de atenci\u00f3n administrada a largo plazo (MLTCP), primero debe confirmar la elegibilidad. Paso uno: revise la informaci\u00f3n de elegibilidad. Para inscribirse, una persona debe cumplir [&hellip;]<\/p>\n","protected":false},"author":1,"featured_media":0,"parent":3760,"menu_order":0,"comment_status":"closed","ping_status":"closed","template":"","meta":{"_acf_changed":false,"footnotes":""},"categories":[],"class_list":["post-3794","page","type-page","status-publish","hentry"],"translation":{"provider":"WPGlobus","version":"3.0.2","language":"es","enabled_languages":["en","es","zh"],"languages":{"en":{"title":true,"content":true,"excerpt":false},"es":{"title":true,"content":true,"excerpt":false},"zh":{"title":true,"content":true,"excerpt":false}}},"acf":[],"jetpack_sharing_enabled":true,"publishpress_future_action":{"enabled":false,"date":"2026-04-11 01:10:09","action":"change-status","newStatus":"draft","terms":[],"taxonomy":"category","extraData":[]},"publishpress_future_workflow_manual_trigger":{"enabledWorkflows":[]},"_links":{"self":[{"href":"https:\/\/www.elderplan.org\/es\/wp-json\/wp\/v2\/pages\/3794","targetHints":{"allow":["GET"]}}],"collection":[{"href":"https:\/\/www.elderplan.org\/es\/wp-json\/wp\/v2\/pages"}],"about":[{"href":"https:\/\/www.elderplan.org\/es\/wp-json\/wp\/v2\/types\/page"}],"author":[{"embeddable":true,"href":"https:\/\/www.elderplan.org\/es\/wp-json\/wp\/v2\/users\/1"}],"replies":[{"embeddable":true,"href":"https:\/\/www.elderplan.org\/es\/wp-json\/wp\/v2\/comments?post=3794"}],"version-history":[{"count":0,"href":"https:\/\/www.elderplan.org\/es\/wp-json\/wp\/v2\/pages\/3794\/revisions"}],"up":[{"embeddable":true,"href":"https:\/\/www.elderplan.org\/es\/wp-json\/wp\/v2\/pages\/3760"}],"wp:attachment":[{"href":"https:\/\/www.elderplan.org\/es\/wp-json\/wp\/v2\/media?parent=3794"}],"wp:term":[{"taxonomy":"category","embeddable":true,"href":"https:\/\/www.elderplan.org\/es\/wp-json\/wp\/v2\/categories?post=3794"}],"curies":[{"name":"wp","href":"https:\/\/api.w.org\/{rel}","templated":true}]}}