{"id":3797,"date":"2017-01-10T22:10:50","date_gmt":"2017-01-10T22:10:50","guid":{"rendered":"http:\/\/english2017-c.elderplan.org\/?page_id=3797"},"modified":"2026-01-29T16:42:54","modified_gmt":"2026-01-29T21:42:54","slug":"homefirst-plan-materials","status":"publish","type":"page","link":"https:\/\/www.elderplan.org\/es\/medicare-advantage-plan-options\/plan-materials\/homefirst-plan-materials\/","title":{"rendered":"Materiales del plan de HomeFirst"},"content":{"rendered":"<section class=\"wpb-content-wrapper\">\n<div class=\"wp-block-columns padding-interior is-layout-flex wp-container-core-columns-is-layout-9d6595d7 wp-block-columns-is-layout-flex\">\n<div class=\"wp-block-column is-layout-flow wp-block-column-is-layout-flow\" style=\"flex-basis:66.66%\">\n<p>Puede recibir los materiales de su plan de dos maneras convenientes: entregados directamente en la puerta de su domicilio o enviados directamente a su correo electr\u00f3nico. Este proceso es seguro, lo que garantiza que su informaci\u00f3n permanezca segura. Para aprovechar esto, puede utilizar nuestro formulario seguro de solicitud de miembro.<\/p>\n\n\n\n<div style=\"height:36px\" aria-hidden=\"true\" class=\"wp-block-spacer\"><\/div>\n\n\n\n<h2 class=\"wp-block-heading\" id=\"h-busque-materiales-del-plan-de-homefirst-disponibles\">Busque materiales del plan de HomeFirst disponibles<\/h2>\n\n\n\n<p><a href=\"https:\/\/www.elderplan.org\/files\/member-handbook-hf-spa-2025\/\">HomeFirst &#8211; Manual para Miembros<\/a><\/p>\n\n\n\n<p><a href=\"\/files\/homefirst-member-handbook_scn-v4_spa_10-25-24_accessible\/\">Controles y servicios para las necesidades sociales relacionadas con la salud (HRSN) (Insert)<\/a><\/p>\n\n\n\n<p><a href=\"\/files\/homefirst-mltc-minimum-needs-eligibilty-requirement_partial-handbook-insert_doh-9-17-2025_spa_accessible\/\">HomeFirst MLTC \u2013 Requisito M\u00ednimo de Necesidades para la Elegibilidad \u2013 Inserto Parcial del Manual<\/a><\/p>\n\n\n\n<div style=\"height:45px\" aria-hidden=\"true\" class=\"wp-block-spacer\"><\/div>\n\n\n\n<h2 class=\"wp-block-heading\" id=\"h-recursos-adicionales-para-nuestros-miembros\">Recursos adicionales para nuestros miembros<\/h2>\n\n\n\n<ul class=\"wp-block-list\">\n<li><a href=\"https:\/\/www.elderplan.org\/files\/2025_urgent_care_list_downstate-indd_07-03-25_accessible\/\" target=\"_blank\" rel=\"noreferrer noopener\"><strong>Centros de atenci\u00f3n de urgencia<\/strong><\/a><strong>&nbsp;en zona metropolitana:<\/strong>&nbsp;descargue una lista de centros de atenci\u00f3n de urgencia en los cinco distritos de la ciudad de Nueva York. Puede buscar por c\u00f3digo postal o condado.<\/li>\n\n\n\n<li><a href=\"https:\/\/www.elderplan.org\/files\/2025_urgent_care_list_upstate-indd_07-03-25_accessible\/\" target=\"_blank\" rel=\"noreferrer noopener\"><strong>Centros de atenci\u00f3n de urgencia<\/strong><\/a><strong>&nbsp;en el norte del estado: <\/strong>descargue una lista de centros de atenci\u00f3n de urgencia en el norte del estado. Puede buscar por c\u00f3digo postal o condado.<\/li>\n\n\n\n<li><strong><a href=\"https:\/\/www.health.ny.gov\/professionals\/patients\/health_care_proxy\/\">Designaci\u00f3n de un representante de atenci\u00f3n m\u00e9dica en el estado de New&nbsp;York<\/a>:<\/strong> inf\u00f3rmese sobre c\u00f3mo designar a su agente de atenci\u00f3n m\u00e9dica.<\/li>\n\n\n\n<li><a href=\"\/es\/health-and-wellness\/\" target=\"_blank\" rel=\"noreferrer noopener\"><strong>Totalmente saludable<\/strong><\/a><strong>:<\/strong>&nbsp;&nbsp;Valoramos la salud y el bienestar de nuestros miembros y nos complace ofrecerle recursos para ayudarlo a educarse en su proceso. Nuestra p\u00e1gina Altogether&nbsp;Health&nbsp;Wellness incluye varias herramientas y temas para ayudarle a mantenerse saludable.&nbsp;<\/li>\n<\/ul>\n\n\n\n<p><\/p>\n<\/div>\n\n\n\n<div class=\"wp-block-column is-layout-flow wp-block-column-is-layout-flow\" style=\"flex-basis:33.33%\">\n<div class=\"wp-block-buttons is-layout-flex wp-block-buttons-is-layout-flex\">\n<div class=\"wp-block-button\"><a class=\"wp-block-button__link wp-element-button\" href=\"https:\/\/memberservices.commandprinting.com\/espanol\/login.aspx?c=ep\">Solicitud de materiales del plan <\/a><\/div>\n<\/div>\n<\/div>\n<\/div>\n\n\n\n<div class=\"wp-block-columns vc_row wpb_row vc_row-fluid lfi-full-row vc_custom_1660068779200 vc_row-has-fill is-layout-flex wp-container-core-columns-is-layout-9d6595d7 wp-block-columns-is-layout-flex\">\n<div class=\"wp-block-column is-layout-flow wp-block-column-is-layout-flow\">\n<h2 class=\"wp-block-heading has-text-align-center\" id=\"h-looking-for-information\">\u00bfBusca informaci\u00f3n?<\/h2>\n\n\n\n<div class=\"wp-block-buttons alignwide is-content-justification-center is-nowrap is-layout-flex wp-container-core-buttons-is-layout-94bc23d7 wp-block-buttons-is-layout-flex\">\n<div class=\"wp-block-button is-style-outline is-style-outline--2\"><a class=\"wp-block-button__link wp-element-button\" href=\"\/es\/medicare-advantage-plan-options\/plan-materials\/homefirst-plan-materials\/\">Materiales del plan de HomeFirst<\/a><\/div>\n\n\n\n<div class=\"wp-block-button is-style-outline is-style-outline--3\"><a class=\"wp-block-button__link wp-element-button\" href=\"\/es\/member-benefits\/homefirst-benefits\/\">Beneficios del plan HomeFirst<\/a><\/div>\n\n\n\n<div class=\"wp-block-button is-style-outline is-style-outline--4\"><a class=\"wp-block-button__link wp-element-button\" href=\"\/es\/about-us\/homefirst-managed-long-term-care\/faqs\/\">Preguntas frecuentes sobre HomeFirst<\/a><\/div>\n\n\n\n<div class=\"wp-block-button is-style-outline is-style-outline--5\"><a class=\"wp-block-button__link wp-element-button\" href=\"\/es\/about-us\/homefirst-managed-long-term-care\/getting-started\/\">Primeros pasos<\/a><\/div>\n<\/div>\n<\/div>\n<\/div>\n<\/section>","protected":false},"excerpt":{"rendered":"<p>Puede recibir los materiales de su plan de dos maneras convenientes: entregados directamente en la puerta de su domicilio o enviados directamente a su correo electr\u00f3nico. Este proceso es seguro, [&hellip;]<\/p>\n","protected":false},"author":1,"featured_media":0,"parent":17814,"menu_order":0,"comment_status":"closed","ping_status":"closed","template":"","meta":{"_acf_changed":false,"footnotes":""},"categories":[],"class_list":["post-3797","page","type-page","status-publish","hentry"],"translation":{"provider":"WPGlobus","version":"3.0.2","language":"es","enabled_languages":["en","es","zh"],"languages":{"en":{"title":true,"content":true,"excerpt":false},"es":{"title":true,"content":true,"excerpt":false},"zh":{"title":true,"content":true,"excerpt":false}}},"acf":[],"jetpack_sharing_enabled":true,"publishpress_future_action":{"enabled":false,"date":"2026-04-13 04:44:31","action":"change-status","newStatus":"draft","terms":[],"taxonomy":"category","extraData":[]},"publishpress_future_workflow_manual_trigger":{"enabledWorkflows":[]},"_links":{"self":[{"href":"https:\/\/www.elderplan.org\/es\/wp-json\/wp\/v2\/pages\/3797","targetHints":{"allow":["GET"]}}],"collection":[{"href":"https:\/\/www.elderplan.org\/es\/wp-json\/wp\/v2\/pages"}],"about":[{"href":"https:\/\/www.elderplan.org\/es\/wp-json\/wp\/v2\/types\/page"}],"author":[{"embeddable":true,"href":"https:\/\/www.elderplan.org\/es\/wp-json\/wp\/v2\/users\/1"}],"replies":[{"embeddable":true,"href":"https:\/\/www.elderplan.org\/es\/wp-json\/wp\/v2\/comments?post=3797"}],"version-history":[{"count":0,"href":"https:\/\/www.elderplan.org\/es\/wp-json\/wp\/v2\/pages\/3797\/revisions"}],"up":[{"embeddable":true,"href":"https:\/\/www.elderplan.org\/es\/wp-json\/wp\/v2\/pages\/17814"}],"wp:attachment":[{"href":"https:\/\/www.elderplan.org\/es\/wp-json\/wp\/v2\/media?parent=3797"}],"wp:term":[{"taxonomy":"category","embeddable":true,"href":"https:\/\/www.elderplan.org\/es\/wp-json\/wp\/v2\/categories?post=3797"}],"curies":[{"name":"wp","href":"https:\/\/api.w.org\/{rel}","templated":true}]}}