{"id":3940,"date":"2017-01-24T17:44:08","date_gmt":"2017-01-24T17:44:08","guid":{"rendered":"http:\/\/english2017-c.elderplan.org\/?page_id=3940"},"modified":"2026-04-20T17:59:57","modified_gmt":"2026-04-20T21:59:57","slug":"homefirst-provider-network","status":"publish","type":"page","link":"https:\/\/www.elderplan.org\/es\/member-benefits\/homefirst-benefits\/homefirst-provider-network\/","title":{"rendered":"Red de proveedores de HomeFirst"},"content":{"rendered":"<section class=\"wpb-content-wrapper\">\n<div class=\"wp-block-columns padding-interior is-layout-flex wp-container-core-columns-is-layout-9d6595d7 wp-block-columns-is-layout-flex\">\n<div class=\"wp-block-column is-layout-flow wp-block-column-is-layout-flow\" style=\"flex-basis:66.66%\">\n<h2 class=\"wp-block-heading\" id=\"h-con-homefirst-usted-continua-consultando-a-su-medico-de-atencion-primaria-y-sus-especialistas\">Con HomeFirst, usted contin\u00faa consultando a su m\u00e9dico de atenci\u00f3n primaria y sus especialistas.<\/h2>\n\n\n\n<p>Ofrecemos muchos servicios relacionados con la salud y la atenci\u00f3n a largo plazo en el hogar, la comunidad y los centros de atenci\u00f3n.<\/p>\n\n\n\n<p>Este directorio ofrece una lista de los proveedores de la red de HomeFirst. Para obtener informaci\u00f3n detallada sobre su cobertura de atenci\u00f3n m\u00e9dica, consulte su Manual para los miembros.<\/p>\n\n\n\n<div class=\"wp-block-buttons is-layout-flex wp-block-buttons-is-layout-flex\">\n<div class=\"wp-block-button\"><a class=\"wp-block-button__link wp-element-button\" href=\"https:\/\/elderplan.providerlenz.com\/home\"><i class=\"fas fa-magnifying-glass-location\"><\/i> Encuentre un proveedor cerca de usted<\/a><\/div>\n<\/div>\n\n\n<div>\n                    <div class=\" plethoraplugins-accordion plethoraplugins-theme__minimal plethoraplugins-theme__basic \">\n                        <div>\n                            \n<div id=\"introduccin\" class=\"pds-accordion__item pds-js-accordion-item pds-no-js\" data-pds-tabs--initially-open=\"false\" data-pds-tabs--click-to-close=\"true\" data-pds-tabs--auto-close=\"true\" data-pds-tabs--scroll=\"false\" data-pds-tabs--scroll-offset=\"0\" data-pds-tabs--icon-type=\"\" data-pds-tabs--icon=\"true\" data-pds-tabs--icon-size=\"\">\n                    <div id=\"at-introduccin\" class=\"pds-accordion__title pds-js-accordion-controller\"><span class=\"pds-accordion__heading\" role=\"heading\" aria-level=\"3\">Introducci\u00f3n<\/span><span class=\"pds-accordion__icon\" role=\"presentation\" aria-hidden=\"true\"><svg xmlns=\"http:\/\/www.w3.org\/2000\/svg\" viewbox=\"0 0 12 7.4099998\" width=\".75rem\" height=\".75rem\"><path d=\"M12 1.41 10.59 0 6 4.58 1.41 0 0 1.41l6 6z\" fill=\"currentColor\"><\/path><\/svg><\/span><\/div>\n                    <div id=\"ac-introduccin\" class=\"pds-accordion__content\">\n                        \n\n<p>Tenemos proveedores de la red para todos los servicios cubiertos por HomeFirst. Igualmente puede recibir servicios cubiertos de proveedores fuera de la red para servicios cubiertos por Medicare.<\/p>\n\n\n\n<p>Los \u201cproveedores de la red\u201d que figuran en este directorio aceptan brindarle servicios de atenci\u00f3n m\u00e9dica a largo plazo. Estos servicios generalmente requieren autorizaci\u00f3n previa. Para obtener informaci\u00f3n detallada sobre los requisitos de autorizaci\u00f3n, consulte su Manual para los miembros. Si ha estado consultando a un proveedor de la red, no es obligatorio que contin\u00fae acudiendo al mismo proveedor. Debe utilizar proveedores del plan, salvo en situaciones de emergencia o de atenci\u00f3n de urgencia. Consulte su Manual para los miembros para conocer las pautas.<\/p>\n\n\n\n<p>Si un proveedor fuera de la red le env\u00eda una factura directamente a usted, no debe pagarla, sino enviarla al plan a la direcci\u00f3n que se indica abajo para su procesamiento y la decisi\u00f3n de la responsabilidad del inscrito, si correspondiera.<\/p>\n\n\n                    <\/div>\n                <\/div>\n\n<div id=\"reclamaciones_mdicas\" class=\"pds-accordion__item pds-js-accordion-item pds-no-js\" data-pds-tabs--initially-open=\"false\" data-pds-tabs--click-to-close=\"true\" data-pds-tabs--auto-close=\"true\" data-pds-tabs--scroll=\"false\" data-pds-tabs--scroll-offset=\"0\" data-pds-tabs--icon-type=\"\" data-pds-tabs--icon=\"true\" data-pds-tabs--icon-size=\"\">\n                    <div id=\"at-reclamaciones_mdicas\" class=\"pds-accordion__title pds-js-accordion-controller\"><span class=\"pds-accordion__heading\" role=\"heading\" aria-level=\"3\">Reclamaciones M\u00e9dicas<\/span><span class=\"pds-accordion__icon\" role=\"presentation\" aria-hidden=\"true\"><svg xmlns=\"http:\/\/www.w3.org\/2000\/svg\" viewbox=\"0 0 12 7.4099998\" width=\".75rem\" height=\".75rem\"><path d=\"M12 1.41 10.59 0 6 4.58 1.41 0 0 1.41l6 6z\" fill=\"currentColor\"><\/path><\/svg><\/span><\/div>\n                    <div id=\"ac-reclamaciones_mdicas\" class=\"pds-accordion__content\">\n                        \n\n<p class=\"has-text-align-left\">HomeFirst<br>Attn: Member Services<br>55 Water Street, 46th Floor<br>New York, NY 10041<\/p>\n\n\n                    <\/div>\n                <\/div>\n\n<div id=\"lista_de_proveedores_de_la_red\" class=\"pds-accordion__item pds-js-accordion-item pds-no-js\" data-pds-tabs--initially-open=\"false\" data-pds-tabs--click-to-close=\"true\" data-pds-tabs--auto-close=\"true\" data-pds-tabs--scroll=\"false\" data-pds-tabs--scroll-offset=\"0\" data-pds-tabs--icon-type=\"\" data-pds-tabs--icon=\"true\" data-pds-tabs--icon-size=\"\">\n                    <div id=\"at-lista_de_proveedores_de_la_red\" class=\"pds-accordion__title pds-js-accordion-controller\"><span class=\"pds-accordion__heading\" role=\"heading\" aria-level=\"3\">Lista de proveedores de la red<\/span><span class=\"pds-accordion__icon\" role=\"presentation\" aria-hidden=\"true\"><svg xmlns=\"http:\/\/www.w3.org\/2000\/svg\" viewbox=\"0 0 12 7.4099998\" width=\".75rem\" height=\".75rem\"><path d=\"M12 1.41 10.59 0 6 4.58 1.41 0 0 1.41l6 6z\" fill=\"currentColor\"><\/path><\/svg><\/span><\/div>\n                    <div id=\"ac-lista_de_proveedores_de_la_red\" class=\"pds-accordion__content\">\n                        \n\n<p>El directorio de proveedores de HomeFirst contiene lo siguiente:<\/p>\n\n\n\n<ul class=\"wp-block-list\">\n<li>458 proveedores suplementarios<\/li>\n\n\n\n<li>624 servicios a largo plazo<\/li>\n\n\n\n<li>136 centros de atenci\u00f3n de enfermer\u00eda especializada<\/li>\n\n\n\n<li>3,262 especialistas<\/li>\n\n\n\n<li>1,735 dentista<\/li>\n<\/ul>\n\n\n                    <\/div>\n                <\/div>\n\n<div id=\"en_caso_de_emergencia_mdica\" class=\"pds-accordion__item pds-js-accordion-item pds-no-js\" data-pds-tabs--initially-open=\"false\" data-pds-tabs--click-to-close=\"true\" data-pds-tabs--auto-close=\"true\" data-pds-tabs--scroll=\"false\" data-pds-tabs--scroll-offset=\"0\" data-pds-tabs--icon-type=\"\" data-pds-tabs--icon=\"true\" data-pds-tabs--icon-size=\"\">\n                    <div id=\"at-en_caso_de_emergencia_mdica\" class=\"pds-accordion__title pds-js-accordion-controller\"><span class=\"pds-accordion__heading\" role=\"heading\" aria-level=\"3\">En caso de emergencia m\u00e9dica,<\/span><span class=\"pds-accordion__icon\" role=\"presentation\" aria-hidden=\"true\"><svg xmlns=\"http:\/\/www.w3.org\/2000\/svg\" viewbox=\"0 0 12 7.4099998\" width=\".75rem\" height=\".75rem\"><path d=\"M12 1.41 10.59 0 6 4.58 1.41 0 0 1.41l6 6z\" fill=\"currentColor\"><\/path><\/svg><\/span><\/div>\n                    <div id=\"ac-en_caso_de_emergencia_mdica\" class=\"pds-accordion__content\">\n                        \n\n<p>Busque asistencia m\u00e9dica lo m\u00e1s r\u00e1pido posible. Marque 911 para recibir ayuda o acuda directamente a la sala de emergencias m\u00e1s cercana. En caso de una emergencia de cualquier naturaleza, no es necesario que se ponga en contacto con un proveedor del plan, incluso su propio m\u00e9dico de atenci\u00f3n primaria (PCP), para obtener permiso (\u201cautorizaci\u00f3n\u201d) o una remisi\u00f3n. Sin embargo, en cuanto sea posible, usted o alguna otra persona deber\u00e1 ponerse en contacto con su PCP o con HomeFirst en relaci\u00f3n con la emergencia. Su PCP o HomeFirst deber\u00e1 intervenir en el seguimiento de su atenci\u00f3n de emergencia. Para comunicarse con HomeFirst, llame a Servicios para los Miembros al <a href=\"tel:8777711119\">1\u2010877\u2010771\u20101119<\/a>, de lunes a viernes, de 8:30\u00a0a.m. a 5:00\u00a0p.m. Los usuarios de TTY\/TDD deben llamar al 711.<\/p>\n\n\n                    <\/div>\n                <\/div>\n\n<div id=\"cul_es_el_rea_de_servicio_de_homefirst\" class=\"pds-accordion__item pds-js-accordion-item pds-no-js\" data-pds-tabs--initially-open=\"false\" data-pds-tabs--click-to-close=\"true\" data-pds-tabs--auto-close=\"true\" data-pds-tabs--scroll=\"false\" data-pds-tabs--scroll-offset=\"0\" data-pds-tabs--icon-type=\"\" data-pds-tabs--icon=\"true\" data-pds-tabs--icon-size=\"\">\n                    <div id=\"at-cul_es_el_rea_de_servicio_de_homefirst\" class=\"pds-accordion__title pds-js-accordion-controller\"><span class=\"pds-accordion__heading\" role=\"heading\" aria-level=\"3\">\u00bfCu\u00e1l es el \u00e1rea de servicio de HomeFirst?<\/span><span class=\"pds-accordion__icon\" role=\"presentation\" aria-hidden=\"true\"><svg xmlns=\"http:\/\/www.w3.org\/2000\/svg\" viewbox=\"0 0 12 7.4099998\" width=\".75rem\" height=\".75rem\"><path d=\"M12 1.41 10.59 0 6 4.58 1.41 0 0 1.41l6 6z\" fill=\"currentColor\"><\/path><\/svg><\/span><\/div>\n                    <div id=\"ac-cul_es_el_rea_de_servicio_de_homefirst\" class=\"pds-accordion__content\">\n                        \n\n<p>Abajo se enumeran los condados que cubre nuestra \u00e1rea de servicio.<\/p>\n\n\n\n<p>Bronx, Dutchess, Kings, Monroe, Nassau, New York, Orange, Putnam, Queens, Richmond, Rockland, Sullivan y Westchester.<\/p>\n\n\n                    <\/div>\n                <\/div>\n\n                        <\/div>\n                    <\/div>\n                    \n            <\/div>\n\n\n<hr class=\"wp-block-separator has-alpha-channel-opacity\">\n\n\n\n<p>Para solicitar una copia impresa del directorio de proveedores de HomeFirst, llame a nuestro Departamento de Servicios para los Miembros al <a href=\"tel:+18777711119\">1-877-771-1119<\/a> (los usuarios de TTY deben llamar al 711) entre las 8:30\u00a0a.m. y las 5:00\u00a0p.m., de lunes a viernes. HomeFirst le enviar\u00e1 por correo una copia impresa del directorio de proveedores en un plazo de tres (3) d\u00edas h\u00e1biles a partir de su solicitud.\u00a0 HomeFirst puede preguntarle si su solicitud de una copia impresa es una solicitud \u00fanica o si solicita recibir el directorio de proveedores en copia impresa de forma permanente.<\/p>\n\n\n\n<p>Si solicita copias impresas del directorio de proveedores, su solicitud permanecer\u00e1 hasta que abandone HomeFirst o solicite que se suspendan las copias impresas.<\/p>\n<\/div>\n\n\n\n<div class=\"wp-block-column is-layout-flow wp-block-column-is-layout-flow\" style=\"flex-basis:33.33%\">\n<p class=\"has-text-align-center\">\u00bfTiene preguntas? Llame a HomeFirst hoy mismo.<\/p>\n\n\n\n<h4 class=\"wp-block-heading has-text-align-center\" id=\"h-1-866-386-4177\"><a href=\"tel:1-866-386-4177\">1-866-386-4177<\/a><\/h4>\n\n\n\n<hr class=\"wp-block-separator has-alpha-channel-opacity hr vc_separator\">\n\n\n\n<h4 class=\"wp-block-heading has-text-align-center\" id=\"h-tty-711\"><a href=\"tel:711\">[TTY: 711]<\/a><\/h4>\n\n\n\n<p class=\"has-text-align-center\"><strong>Horario de atenci\u00f3n:<\/strong><br>De lunes a viernes, de 8:30\u00a0a.m. a 5:00\u00a0p.m.<\/p>\n\n\n\n<div style=\"height:25px\" aria-hidden=\"true\" class=\"wp-block-spacer\"><\/div>\n\n\n\n<h5 class=\"wp-block-heading has-text-align-center\" id=\"h-homefirst-esta-disponibleen-los-5-distritos-municipales-de-la-ciudad-de-new-york-y-en-los-condados-dedutchess-nassau-orange-putnam-rockland-sullivan-ulster-y-westchester\">HomeFirst est\u00e1 disponible<br>en los 5\u00a0distritos municipales de la ciudad de New\u00a0York y en los condados de<br>Dutchess, Nassau, Orange,<br>Putnam, Rockland, Sullivan,<br>Ulster y Westchester.<\/h5>\n<\/div>\n<\/div>\n\n\n\n<div class=\"wp-block-columns vc_row wpb_row vc_row-fluid lfi-full-row vc_custom_1660068779200 vc_row-has-fill is-layout-flex wp-container-core-columns-is-layout-9d6595d7 wp-block-columns-is-layout-flex\">\n<div class=\"wp-block-column is-layout-flow wp-block-column-is-layout-flow\">\n<h2 class=\"wp-block-heading has-text-align-center\" id=\"h-looking-for-information\">\u00bfBusca informaci\u00f3n?<\/h2>\n\n\n\n<div class=\"wp-block-buttons alignwide is-content-justification-center is-nowrap is-layout-flex wp-container-core-buttons-is-layout-94bc23d7 wp-block-buttons-is-layout-flex\">\n<div class=\"wp-block-button is-style-outline is-style-outline--2\"><a class=\"wp-block-button__link wp-element-button\" href=\"\/es\/medicare-advantage-plan-options\/plan-materials\/homefirst-plan-materials\/\">Materiales del plan de HomeFirst<\/a><\/div>\n\n\n\n<div class=\"wp-block-button is-style-outline is-style-outline--3\"><a class=\"wp-block-button__link wp-element-button\" href=\"\/es\/member-benefits\/homefirst-benefits\/\">Beneficios del plan HomeFirst<\/a><\/div>\n\n\n\n<div class=\"wp-block-button is-style-outline is-style-outline--4\"><a class=\"wp-block-button__link wp-element-button\" href=\"\/es\/about-us\/homefirst-managed-long-term-care\/faqs\/\">Preguntas frecuentes sobre HomeFirst<\/a><\/div>\n\n\n\n<div class=\"wp-block-button is-style-outline is-style-outline--5\"><a class=\"wp-block-button__link wp-element-button\" href=\"\/es\/about-us\/homefirst-managed-long-term-care\/getting-started\/\">Primeros pasos<\/a><\/div>\n<\/div>\n<\/div>\n<\/div>\n<\/section>","protected":false},"excerpt":{"rendered":"<p>Con HomeFirst, usted contin\u00faa consultando a su m\u00e9dico de atenci\u00f3n primaria y sus especialistas. Ofrecemos muchos servicios relacionados con la salud y la atenci\u00f3n a largo plazo en el hogar, [&hellip;]<\/p>\n","protected":false},"author":1,"featured_media":0,"parent":3774,"menu_order":0,"comment_status":"closed","ping_status":"closed","template":"","meta":{"_acf_changed":false,"footnotes":""},"categories":[],"class_list":["post-3940","page","type-page","status-publish","hentry"],"translation":{"provider":"WPGlobus","version":"3.0.2","language":"es","enabled_languages":["en","es","zh"],"languages":{"en":{"title":true,"content":true,"excerpt":false},"es":{"title":true,"content":true,"excerpt":false},"zh":{"title":true,"content":true,"excerpt":false}}},"acf":[],"jetpack_sharing_enabled":true,"publishpress_future_action":{"enabled":false,"date":"2026-05-05 21:55:29","action":"change-status","newStatus":"draft","terms":[],"taxonomy":"category","extraData":[]},"publishpress_future_workflow_manual_trigger":{"enabledWorkflows":[]},"_links":{"self":[{"href":"https:\/\/www.elderplan.org\/es\/wp-json\/wp\/v2\/pages\/3940","targetHints":{"allow":["GET"]}}],"collection":[{"href":"https:\/\/www.elderplan.org\/es\/wp-json\/wp\/v2\/pages"}],"about":[{"href":"https:\/\/www.elderplan.org\/es\/wp-json\/wp\/v2\/types\/page"}],"author":[{"embeddable":true,"href":"https:\/\/www.elderplan.org\/es\/wp-json\/wp\/v2\/users\/1"}],"replies":[{"embeddable":true,"href":"https:\/\/www.elderplan.org\/es\/wp-json\/wp\/v2\/comments?post=3940"}],"version-history":[{"count":3,"href":"https:\/\/www.elderplan.org\/es\/wp-json\/wp\/v2\/pages\/3940\/revisions"}],"predecessor-version":[{"id":48043,"href":"https:\/\/www.elderplan.org\/es\/wp-json\/wp\/v2\/pages\/3940\/revisions\/48043"}],"up":[{"embeddable":true,"href":"https:\/\/www.elderplan.org\/es\/wp-json\/wp\/v2\/pages\/3774"}],"wp:attachment":[{"href":"https:\/\/www.elderplan.org\/es\/wp-json\/wp\/v2\/media?parent=3940"}],"wp:term":[{"taxonomy":"category","embeddable":true,"href":"https:\/\/www.elderplan.org\/es\/wp-json\/wp\/v2\/categories?post=3940"}],"curies":[{"name":"wp","href":"https:\/\/api.w.org\/{rel}","templated":true}]}}