{"id":44,"date":"2015-11-05T17:10:37","date_gmt":"2015-11-05T17:10:37","guid":{"rendered":"http:\/\/english2016-m.elderplan.org\/?page_id=44"},"modified":"2025-10-09T14:37:57","modified_gmt":"2025-10-09T18:37:57","slug":"elderplan-benefits","status":"publish","type":"page","link":"https:\/\/www.elderplan.org\/es\/member-benefits\/elderplan-benefits\/","title":{"rendered":"Beneficios de Elderplan"},"content":{"rendered":"<section class=\"wpb-content-wrapper\">\n<div class=\"wp-block-columns is-layout-flex wp-container-core-columns-is-layout-9d6595d7 wp-block-columns-is-layout-flex\">\n<div class=\"wp-block-column padding-interior is-layout-flow wp-block-column-is-layout-flow\">\n<h2 class=\"wp-block-heading\" id=\"h-conozca-los-beneficios-de-los-planes-medicare-nbsp-advantage-y-de-atencion-a-largo-plazo-de-elderplan\">Conozca los beneficios de los planes Medicare\u00a0Advantage y de atenci\u00f3n a largo plazo de Elderplan<\/h2>\n\n\n\n<p>En Elderplan, entendemos que sus necesidades de salud son \u00fanicas y su bienestar es nuestra prioridad. Nuestros planes Medicare\u00a0Advantage se han creado para brindar cobertura integral y atenci\u00f3n excepcional a nuestros miembros. Centr\u00e1ndonos en sus necesidades individuales, ofrecemos una gama de beneficios dise\u00f1ados para mejorar su calidad de vida y brindarle tranquilidad.<\/p>\n\n\n\n<figure class=\"wp-block-image\"><img loading=\"lazy\" decoding=\"async\" width=\"800\" height=\"534\" src=\"https:\/\/elderplan.imgix.net\/2021\/09\/2022-extra-help.jpg?fm=pjpg\" alt=\"Hombre frente a un edificio de apartamentos\" class=\"wp-image-14323\" srcset=\"https:\/\/elderplan.imgix.net\/2021\/09\/2022-extra-help.jpg?fit=scale&amp;fm=pjpg&amp;h=513&amp;w=768 768w, https:\/\/elderplan.imgix.net\/2021\/09\/2022-extra-help.jpg?fm=pjpg 800w, https:\/\/elderplan.imgix.net\/2021\/09\/2022-extra-help.jpg?fit=scale&amp;fm=pjpg&amp;h=854&amp;w=1280 1280w, https:\/\/elderplan.imgix.net\/2021\/09\/2022-extra-help.jpg?fit=scale&amp;fm=pjpg&amp;h=1025&amp;w=1536 1536w, https:\/\/elderplan.imgix.net\/2021\/09\/2022-extra-help.jpg?fit=scale&amp;fm=pjpg&amp;h=1367&amp;w=2048 2048w\" sizes=\"auto, (max-width: 800px) 100vw, 800px\"><\/figure>\n\n\n\n<h3 class=\"wp-block-heading\" id=\"h-con-elderplan-puede-disfrutar-de-beneficios-como-los-siguientes\">Con Elderplan, puede disfrutar de beneficios como los siguientes<\/h3>\n\n\n\n<ol class=\"wp-block-list\">\n<li><strong>Atenci\u00f3n personalizada:<\/strong>\u00a0Su viaje hacia la salud es \u00fanico. Nuestros planes brindan atenci\u00f3n personalizada adaptada a sus necesidades, lo que garantiza que reciba la atenci\u00f3n y el apoyo que se merece.<\/li>\n\n\n\n<li><strong>Cobertura integral:<\/strong>\u00a0Nuestros planes cubren una amplia gama de servicios m\u00e9dicos, que incluyen atenci\u00f3n preventiva, transporte y m\u00e1s. Si\u00e9ntase seguro al saber que est\u00e1 protegido.<\/li>\n\n\n\n<li><strong>Red de profesionales:<\/strong>\u00a0Nuestra red incluye m\u00e1s de\u00a0<strong>40,000<\/strong>\u00a0especialistas, m\u00e9dicos de atenci\u00f3n primaria, farmacias y dentistas.\u00a0<a href=\"\/es\/member-benefits\/elderplan-benefits\/provider-network\/\">Explore nuestra red de proveedores.<\/a><\/li>\n\n\n\n<li><strong>Cobertura para medicamentos con receta:<\/strong>\u00a0Nuestros planes a menudo incluyen cobertura para medicamentos con receta, lo que hace que administrar sus recetas sea m\u00e1s f\u00e1cil y accesible.<\/li>\n\n\n\n<li><strong>Programas de bienestar:<\/strong>\u00a0Mant\u00e9ngase proactivo con su salud con nuestros programas de bienestar, dise\u00f1ados para ayudarlo a mantener un estilo de vida saludable y prevenir problemas de salud. Inf\u00f3rmese sobre nuestro\u00a0<a href=\"\/es\/health-and-wellness\/wellness-incentive-program\/\">Programa de incentivos para el bienestar.<\/a><\/li>\n\n\n\n<li><strong>Beneficios adicionales:<\/strong>\u00a0Disfrute de beneficios adicionales, que incluyen\u00a0<a href=\"\/es\/member-benefits\/elderplan-benefits\/otc-benefits\/\" target=\"_blank\" rel=\"noreferrer noopener\">cobertura de productos de venta libre (<\/a><a href=\"\/es\/member-benefits\/elderplan-benefits\/flex-benefit\/otc-benefits\/\" target=\"_blank\" rel=\"noreferrer noopener\">OTC)<\/a>,\u00a0<a href=\"\/es\/member-benefits\/elderplan-benefits\/flex-benefit\/\" target=\"_blank\" rel=\"noreferrer noopener\">beneficios Flex,<\/a>\u00a0cobertura para servicios dentales, oftalmol\u00f3gicos y de audici\u00f3n, entre otros.<\/li>\n<\/ol>\n\n\n\n<h3 class=\"wp-block-heading\" id=\"h-listo-para-obtener-mas-informacion\">\u00bfListo para obtener m\u00e1s informaci\u00f3n?<\/h3>\n\n\n\n<p>Estamos aqu\u00ed para responder a sus preguntas y ayudarlo a elegir el plan perfecto para usted. P\u00f3ngase en contacto con el nuestro equipo hoy mismo.<\/p>\n\n\n\n<p>Llame al Centro de inscripci\u00f3n de Elderplan al\u00a0<a href=\"http:\/\/1-866-360-1934\/\">1-866-360-1934<\/a>\u00a0[TTY:\u00a0<a href=\"tel:711\" target=\"_blank\" rel=\"noreferrer noopener\">711<\/a>] para obtener m\u00e1s informaci\u00f3n sobre sus\u00a0<a href=\"\/es\/medicare-advantage-plan-options\/2025-options\/\">opciones de planes.<\/a>\u00a0Nuestros asesores de beneficios est\u00e1n disponibles para ayudarle de 8:00\u00a0a.m. a 8:00\u00a0p.m., los siete\u00a0d\u00edas de la semana.<\/p>\n<\/div>\n<\/div>\n\n\n\n<div class=\"wp-block-columns vc_row wpb_row vc_row-fluid lfi-full-row vc_custom_1660068779200 vc_row-has-fill is-layout-flex wp-container-core-columns-is-layout-9d6595d7 wp-block-columns-is-layout-flex\">\n<div class=\"wp-block-column is-layout-flow wp-block-column-is-layout-flow\">\n<h2 class=\"wp-block-heading has-text-align-center\" id=\"h-buscando-information\">\u00bfBuscando informati\u00f3n\uff1f<\/h2>\n\n\n\n<div class=\"wp-block-buttons is-content-justification-center is-nowrap is-layout-flex wp-container-core-buttons-is-layout-1fb9aab6 wp-block-buttons-is-layout-flex\">\n<div class=\"wp-block-button has-custom-width wp-block-button__width-25 is-style-outline is-style-outline--2\"><a class=\"wp-block-button__link wp-element-button\" href=\"https:\/\/elderplan.providerlenz.com\/home\">Encuentre un proveedor<\/a><\/div>\n\n\n\n<div class=\"wp-block-button has-custom-width wp-block-button__width-25 is-style-outline is-style-outline--3\"><a class=\"wp-block-button__link wp-element-button\" href=\"https:\/\/www.medicareplanrx.com\/jccf\/elderplan_medd_es_pharmacy_26.html\">Encuentre una farmacia<\/a><\/div>\n\n\n\n<div class=\"wp-block-button has-custom-width wp-block-button__width-25 is-style-outline is-style-outline--4\"><a class=\"wp-block-button__link wp-element-button\" href=\"https:\/\/www.yourdentalplan.com\/dentistsearch39\" target=\"_blank\" rel=\"noreferrer noopener\">Encuentre un dentista<\/a><\/div>\n<\/div>\n\n\n\n<div class=\"wp-block-buttons is-content-justification-center is-nowrap is-layout-flex wp-container-core-buttons-is-layout-1fb9aab6 wp-block-buttons-is-layout-flex\">\n<div class=\"wp-block-button has-custom-width wp-block-button__width-25 is-style-outline is-style-outline--5\"><a class=\"wp-block-button__link wp-element-button\" href=\"\/es\/member-benefits\/elderplan-benefits\/prescription-drugs\/\">Encuentre un medicamento<\/a><\/div>\n\n\n\n<div class=\"wp-block-button has-custom-width wp-block-button__width-25 is-style-outline is-style-outline--6\"><a class=\"wp-block-button__link wp-element-button\" href=\"\/es\/medicare-advantage-plan-options\/plan-materials\/find-a-form\/\">Encuentre un formulario<\/a><\/div>\n\n\n\n<div class=\"wp-block-button has-custom-width wp-block-button__width-25 is-style-outline is-style-outline--7\"><a class=\"wp-block-button__link wp-element-button\" href=\"\/files\/elderplan-broad-vaccine-network-vaccine-pharmacy-directory_updated_06012022_spa_accessible\/\">Lista de farmacias con vacunas contra la gripe<\/a><\/div>\n<\/div>\n<\/div>\n<\/div>\n<\/section>","protected":false},"excerpt":{"rendered":"<p>Conozca los beneficios de los planes Medicare\u00a0Advantage y de atenci\u00f3n a largo plazo de Elderplan En Elderplan, entendemos que sus necesidades de salud son \u00fanicas y su bienestar es nuestra [&hellip;]<\/p>\n","protected":false},"author":1,"featured_media":0,"parent":17642,"menu_order":0,"comment_status":"closed","ping_status":"closed","template":"","meta":{"_acf_changed":false,"footnotes":""},"categories":[],"class_list":["post-44","page","type-page","status-publish","hentry"],"translation":{"provider":"WPGlobus","version":"3.0.2","language":"es","enabled_languages":["en","es","zh"],"languages":{"en":{"title":true,"content":true,"excerpt":false},"es":{"title":true,"content":true,"excerpt":false},"zh":{"title":true,"content":true,"excerpt":false}}},"acf":[],"jetpack_sharing_enabled":true,"publishpress_future_action":{"enabled":false,"date":"2026-04-21 09:30:20","action":"change-status","newStatus":"draft","terms":[],"taxonomy":"category","extraData":[]},"publishpress_future_workflow_manual_trigger":{"enabledWorkflows":[]},"_links":{"self":[{"href":"https:\/\/www.elderplan.org\/es\/wp-json\/wp\/v2\/pages\/44","targetHints":{"allow":["GET"]}}],"collection":[{"href":"https:\/\/www.elderplan.org\/es\/wp-json\/wp\/v2\/pages"}],"about":[{"href":"https:\/\/www.elderplan.org\/es\/wp-json\/wp\/v2\/types\/page"}],"author":[{"embeddable":true,"href":"https:\/\/www.elderplan.org\/es\/wp-json\/wp\/v2\/users\/1"}],"replies":[{"embeddable":true,"href":"https:\/\/www.elderplan.org\/es\/wp-json\/wp\/v2\/comments?post=44"}],"version-history":[{"count":0,"href":"https:\/\/www.elderplan.org\/es\/wp-json\/wp\/v2\/pages\/44\/revisions"}],"up":[{"embeddable":true,"href":"https:\/\/www.elderplan.org\/es\/wp-json\/wp\/v2\/pages\/17642"}],"wp:attachment":[{"href":"https:\/\/www.elderplan.org\/es\/wp-json\/wp\/v2\/media?parent=44"}],"wp:term":[{"taxonomy":"category","embeddable":true,"href":"https:\/\/www.elderplan.org\/es\/wp-json\/wp\/v2\/categories?post=44"}],"curies":[{"name":"wp","href":"https:\/\/api.w.org\/{rel}","templated":true}]}}