{"id":46,"date":"2015-11-05T17:10:44","date_gmt":"2015-11-05T17:10:44","guid":{"rendered":"http:\/\/english2016-m.elderplan.org\/?page_id=46"},"modified":"2025-10-27T13:43:09","modified_gmt":"2025-10-27T17:43:09","slug":"for-providers","status":"publish","type":"page","link":"https:\/\/www.elderplan.org\/es\/for-providers\/","title":{"rendered":"Para proveedores"},"content":{"rendered":"<section class=\"wpb-content-wrapper\">\n<div class=\"wp-block-cover is-light header-image mcloud-attachment-27730\"><img loading=\"lazy\" decoding=\"async\" width=\"1920\" height=\"1280\" class=\"wp-block-cover__image-background wp-image-27730 mcloud-attachment-27730\" alt=\"\" src=\"https:\/\/elderplan.imgix.net\/DSC_6042.jpg?fm=pjpg\" style=\"object-position:55% 31%\" data-object-fit=\"cover\" data-object-position=\"55% 31%\" srcset=\"https:\/\/elderplan.imgix.net\/DSC_6042.jpg?fit=scale&amp;fm=pjpg&amp;h=640&amp;w=960 960w, https:\/\/elderplan.imgix.net\/DSC_6042.jpg?fit=scale&amp;fm=pjpg&amp;h=853&amp;w=1280 1280w, https:\/\/elderplan.imgix.net\/DSC_6042.jpg?fit=scale&amp;fm=pjpg&amp;h=427&amp;w=640 640w, https:\/\/elderplan.imgix.net\/DSC_6042.jpg?fit=scale&amp;fm=pjpg&amp;h=512&amp;w=768 768w, https:\/\/elderplan.imgix.net\/DSC_6042.jpg?fit=scale&amp;fm=pjpg&amp;h=1024&amp;w=1536 1536w, https:\/\/elderplan.imgix.net\/DSC_6042.jpg?fit=scale&amp;fm=pjpg&amp;h=1365&amp;w=2048 2048w, https:\/\/elderplan.imgix.net\/DSC_6042.jpg?fm=pjpg 1920w\" sizes=\"auto, (max-width: 1920px) 100vw, 1920px\"><span aria-hidden=\"true\" class=\"wp-block-cover__background has-background-dim-0 has-background-dim mcloud-attachment-27730\" style=\"background-color:#9b9a8c\"><\/span><div class=\"wp-block-cover__inner-container is-layout-constrained wp-block-cover-is-layout-constrained mcloud-attachment-27730\">\n<p class=\"has-text-align-center\"><\/p>\n<\/div><\/div>\n\n\n\n<div class=\"wp-block-columns padding-interior is-layout-flex wp-container-core-columns-is-layout-9d6595d7 wp-block-columns-is-layout-flex\">\n<div class=\"wp-block-column is-layout-flow wp-block-column-is-layout-flow\" style=\"flex-basis:66.66%\">\n<h2 class=\"wp-block-heading\" id=\"h-nuestras-practicas-comerciales-relacionadas-con-el-ambito-de-la-salud-ayudan-a-que-su-consultorio-prospere\">Nuestras pr\u00e1cticas comerciales relacionadas con el \u00e1mbito de la salud ayudan a que su consultorio prospere.<\/h2>\n\n\n\n<p>Elderplan sabe que un gran plan de salud necesita m\u00e1s que buenos beneficios de salud. Tambi\u00e9n necesita un excelente Departamento de Servicios para los proveedores que comprenda el lado comercial de la atenci\u00f3n m\u00e9dica.<\/p>\n\n\n\n<p>Reducimos los problemas administrativos que con frecuencia enfrentan los m\u00e9dicos de la siguiente manera:<\/p>\n\n\n\n<ul class=\"wp-block-list\">\n<li>Adjudicaci\u00f3n de las reclamaciones de manera precisa y oportuna.<\/li>\n\n\n\n<li>Asignaci\u00f3n de un representante de relaciones con los proveedores a cada m\u00e9dico de atenci\u00f3n primaria<\/li>\n\n\n\n<li>Eliminaci\u00f3n de la necesidad de hacer remisiones para recibir servicios de rutina m\u00e9dicamente necesarios por parte de los especialistas participantes<\/li>\n<\/ul>\n\n\n\n<p>Los servicios para proveedores de Elderplan han facilitado que los pacientes sigan la atenci\u00f3n prescrita. Nuestros administradores de atenci\u00f3n trabajan con los miembros que padecen condiciones cr\u00f3nicas avanzadas y con sus m\u00e9dicos y personal de enfermer\u00eda. En conjunto, el equipo garantiza la elaboraci\u00f3n de un plan de salud personalizado para ayudar al miembro a vivir una vida los m\u00e1s saludable y c\u00f3moda posible.<\/p>\n\n\n\n<p>Hemos desarrollado un Portal web para proveedores para brindarles un mejor servicio a los proveedores de atenci\u00f3n m\u00e9dica. Algunas de las consultas m\u00e1s comunes que tienen los proveedores participantes, como la elegibilidad del miembro y los detalles de las reclamaciones, ahora pueden hacerse en l\u00ednea durante las 24\u00a0horas del d\u00eda, los 7\u00a0d\u00edas de la semana. El portal ofrece otros recursos importantes, como formularios, informaci\u00f3n sobre la elegibilidad de los miembros y mucho m\u00e1s.<\/p>\n\n\n\n<p><strong><a href=\"https:\/\/secure.healthx.com\/elderplanproviderapproval.aspx\">HAGA CLIC AQU\u00cd para registrarse hoy mismo en el Portal web para proveedores<\/a>.<\/strong><\/p>\n\n\n\n<p><a href=\"\/es\/for-providers\/provider-materials\/\">Obtenga m\u00e1s informaci\u00f3n sobre los materiales para proveedores aqu\u00ed<\/a>.<\/p>\n\n\n\n<p>Para obtener ayuda t\u00e9cnica sobre farmacias, llame al\u00a0<a href=\"tel:18664902102\">1-866-490-2102<\/a>, durante las 24\u00a0horas del d\u00eda, los 7\u00a0d\u00edas de la semana.<\/p>\n<\/div>\n\n\n\n<div class=\"wp-block-column is-layout-flow wp-block-column-is-layout-flow\" style=\"flex-basis:33.33%\">\n<p class=\"has-text-align-center\">\u00bfTiene preguntas? Llame a Elderplan hoy mismo.<\/p>\n\n\n\n<h4 class=\"wp-block-heading has-text-align-center\" id=\"h-1-800-353-3765\"><a href=\"tel:1-800-353-3765\"><\/a><a href=\"tel:1-866-353-3765\">1-800-353-3765<\/a><\/h4>\n\n\n\n<hr class=\"wp-block-separator has-alpha-channel-opacity hr\">\n\n\n\n<h4 class=\"wp-block-heading has-text-align-center\" id=\"h-tty-711\"><a href=\"tel:711\">[TTY: 711]<\/a><\/h4>\n\n\n\n<p class=\"has-text-align-center\"><strong>Horario de atenci\u00f3n:<\/strong><br>\u00a0de 9 a.m. a 5 p.m., de lunes a viernes.<\/p>\n\n\n\n<div style=\"height:10px\" aria-hidden=\"true\" class=\"wp-block-spacer\"><\/div>\n\n\n\n<h5 class=\"wp-block-heading has-text-align-center\" id=\"h-elderplan-esta-disponible-en-los-condados-de-bronx-dutchess-kings-monroe-nassau-new-york-orange-putnam-queens-richmond-rockland-suffolk-westchester-ontario-orleans-seneca-yates-y-livingston\">Elderplan est\u00e1 disponible en los condados de Bronx, Dutchess, Kings, Monroe, Nassau, New York, Orange, Putnam, Queens, Richmond, Rockland, Suffolk, Westchester, Ontario, Orleans, Seneca, Yates y Livingston.<\/h5>\n<\/div>\n<\/div>\n\n\n\n<div class=\"wp-block-columns vc_row wpb_row vc_row-fluid lfi-full-row vc_custom_1660068779200 vc_row-has-fill is-layout-flex wp-container-core-columns-is-layout-9d6595d7 wp-block-columns-is-layout-flex\">\n<div class=\"wp-block-column is-layout-flow wp-block-column-is-layout-flow\">\n<h2 class=\"wp-block-heading has-text-align-center\" id=\"h-busca-informacion\">\u00bfBusca informaci\u00f3n?<\/h2>\n\n\n\n<div class=\"wp-block-buttons is-content-justification-center is-nowrap is-layout-flex wp-container-core-buttons-is-layout-94bc23d7 wp-block-buttons-is-layout-flex\">\n<div class=\"wp-block-button is-style-outline is-style-outline--2\"><a class=\"wp-block-button__link wp-element-button\" href=\"https:\/\/secure.healthx.com\/elderplanproviderapproval.aspx\">Inicie sesi\u00f3n en el portal web<\/a><\/div>\n\n\n\n<div class=\"wp-block-button is-style-outline is-style-outline--3\"><a class=\"wp-block-button__link wp-element-button\" href=\"\/es\/for-providers\/become-a-provider\/\">Sea un proveedor<\/a><\/div>\n\n\n\n<div class=\"wp-block-button is-style-outline is-style-outline--4\"><a class=\"wp-block-button__link wp-element-button\" href=\"\/es\/about-us\/contact-elderplan\/\">Comun\u00edquese con Elderplan<\/a><\/div>\n<\/div>\n<\/div>\n<\/div>\n<\/section>","protected":false},"excerpt":{"rendered":"<p>Nuestras pr\u00e1cticas comerciales relacionadas con el \u00e1mbito de la salud ayudan a que su consultorio prospere. Elderplan sabe que un gran plan de salud necesita m\u00e1s que buenos beneficios de [&hellip;]<\/p>\n","protected":false},"author":1,"featured_media":0,"parent":0,"menu_order":17,"comment_status":"closed","ping_status":"closed","template":"","meta":{"_acf_changed":false,"footnotes":""},"categories":[],"class_list":["post-46","page","type-page","status-publish","hentry"],"translation":{"provider":"WPGlobus","version":"3.0.2","language":"es","enabled_languages":["en","es","zh"],"languages":{"en":{"title":true,"content":true,"excerpt":false},"es":{"title":true,"content":true,"excerpt":false},"zh":{"title":true,"content":true,"excerpt":false}}},"acf":[],"jetpack_sharing_enabled":true,"publishpress_future_action":{"enabled":false,"date":"2026-04-20 03:29:28","action":"change-status","newStatus":"draft","terms":[],"taxonomy":"category","extraData":[]},"publishpress_future_workflow_manual_trigger":{"enabledWorkflows":[]},"_links":{"self":[{"href":"https:\/\/www.elderplan.org\/es\/wp-json\/wp\/v2\/pages\/46","targetHints":{"allow":["GET"]}}],"collection":[{"href":"https:\/\/www.elderplan.org\/es\/wp-json\/wp\/v2\/pages"}],"about":[{"href":"https:\/\/www.elderplan.org\/es\/wp-json\/wp\/v2\/types\/page"}],"author":[{"embeddable":true,"href":"https:\/\/www.elderplan.org\/es\/wp-json\/wp\/v2\/users\/1"}],"replies":[{"embeddable":true,"href":"https:\/\/www.elderplan.org\/es\/wp-json\/wp\/v2\/comments?post=46"}],"version-history":[{"count":0,"href":"https:\/\/www.elderplan.org\/es\/wp-json\/wp\/v2\/pages\/46\/revisions"}],"wp:attachment":[{"href":"https:\/\/www.elderplan.org\/es\/wp-json\/wp\/v2\/media?parent=46"}],"wp:term":[{"taxonomy":"category","embeddable":true,"href":"https:\/\/www.elderplan.org\/es\/wp-json\/wp\/v2\/categories?post=46"}],"curies":[{"name":"wp","href":"https:\/\/api.w.org\/{rel}","templated":true}]}}