{"id":46231,"date":"2026-01-14T15:42:55","date_gmt":"2026-01-14T20:42:55","guid":{"rendered":"https:\/\/www.elderplan.org\/?page_id=46231"},"modified":"2026-02-19T12:05:03","modified_gmt":"2026-02-19T17:05:03","slug":"understanding-out-of-pocket-costs","status":"publish","type":"page","link":"https:\/\/www.elderplan.org\/es\/understanding-out-of-pocket-costs\/","title":{"rendered":"Comprenda sus gastos no cubiertos"},"content":{"rendered":"\n<div class=\"wp-block-columns padding-interior is-layout-flex wp-container-core-columns-is-layout-9d6595d7 wp-block-columns-is-layout-flex\">\n<div class=\"wp-block-column is-layout-flow wp-block-column-is-layout-flow\" style=\"flex-basis:66.66%\">\n<p>Cuando se trata de planes de salud, el lenguaje de la cobertura a veces puede ser dif\u00edcil de entender. Es importante saber c\u00f3mo funciona para comprender mejor los beneficios de su plan de salud. Estos son algunos t\u00e9rminos comunes que debe conocer:<\/p>\n\n\n\n<ol class=\"wp-block-list\">\n<li><strong>Prima<\/strong><\/li>\n\n\n\n<li><strong>Deducible<\/strong>\u00a0<\/li>\n\n\n\n<li><strong>Copago<\/strong><\/li>\n\n\n\n<li><strong>Coseguro<\/strong><\/li>\n\n\n\n<li><strong>Monto m\u00e1ximo de gastos no cubiertos (MOOP)<\/strong><\/li>\n<\/ol>\n\n\n\n<div style=\"height:36px\" aria-hidden=\"true\" class=\"wp-block-spacer\"><\/div>\n\n\n\n<h2 class=\"wp-block-heading\" id=\"h-que-es-una-prima\">\u00bfQu\u00e9 es una prima?<\/h2>\n\n\n\n<p>Una prima es el monto mensual fijo que usted paga por la cobertura del seguro m\u00e9dico y\/o de medicamentos con receta. Usted debe pagar la prima a su plan de salud todos los meses (a menos que Medicaid u otro programa la pague por usted).<\/p>\n\n\n\n<div style=\"height:36px\" aria-hidden=\"true\" class=\"wp-block-spacer\"><\/div>\n\n\n\n<h2 class=\"wp-block-heading\" id=\"h-que-es-un-deducible\">\u00bfQu\u00e9 es un deducible?<\/h2>\n\n\n\n<p>El deducible es el monto que debe pagar por servicios m\u00e9dicos o medicamentos con receta antes de que su plan comience a pagar su parte. Usted debe pagar el costo total de sus servicios cubiertos o medicamentos con receta hasta que haya pagado el monto del deducible.<\/p>\n\n\n\n<p><strong>Por ejemplo:<\/strong> si su deducible de la Parte\u00a0B es de $283, usted paga $283 por sus servicios cubiertos antes de que su plan comience a pagar.<\/p>\n\n\n\n<p><strong>Despu\u00e9s de alcanzar el deducible, usted y su plan comparten los costos de los servicios cubiertos. Por lo general, el plan indicar\u00e1 el costo de su parte como monto de copago o coseguro (nunca ambos).<\/strong><\/p>\n\n\n\n<div style=\"height:36px\" aria-hidden=\"true\" class=\"wp-block-spacer\"><\/div>\n\n\n\n<h2 class=\"wp-block-heading\" id=\"h-que-es-el-costo-compartido\">\u00bfQu\u00e9 es el costo compartido?<\/h2>\n\n\n\n<p><strong>Costo compartido<\/strong> significa la parte de los costos que usted paga cuando recibe atenci\u00f3n m\u00e9dica u obtiene un medicamento con receta. Los tipos de costos compartidos incluyen copagos y coseguro. Usted comparte el costo de su atenci\u00f3n m\u00e9dica con su plan de salud.<\/p>\n\n\n\n<div style=\"height:36px\" aria-hidden=\"true\" class=\"wp-block-spacer\"><\/div>\n\n\n\n<h2 class=\"wp-block-heading\" id=\"h-que-es-un-copago\">\u00bfQu\u00e9 es un copago?<\/h2>\n\n\n\n<p>Un <strong>copago<\/strong> es un monto fijo en d\u00f3lares que usted debe pagar por un servicio o medicamento.<\/p>\n\n\n\n<p><strong>Por ejemplo: <\/strong>una consulta con un especialista cuesta $100. Su copago es de $20 para consultas con especialistas. Por lo tanto, usted paga $20 y su plan paga el resto de los $80.<\/p>\n\n\n\n<div style=\"height:36px\" aria-hidden=\"true\" class=\"wp-block-spacer\"><\/div>\n\n\n\n<h2 class=\"wp-block-heading\" id=\"h-que-es-un-coseguro\">\u00bfQu\u00e9 es un coseguro?<\/h2>\n\n\n\n<p>El <strong>coseguro<\/strong> es un porcentaje del costo total que usted debe pagar por un servicio o medicamento.<\/p>\n\n\n\n<p><strong>Por ejemplo:<\/strong> una consulta con un especialista cuesta $100. Su coseguro es del 20% para consultas con especialistas. Por lo tanto, usted paga el 20% de $100 = $20 y su plan paga el 80% restante de $100 = $80.<\/p>\n\n\n\n<div style=\"height:36px\" aria-hidden=\"true\" class=\"wp-block-spacer\"><\/div>\n\n\n\n<h2 class=\"wp-block-heading\" id=\"h-cual-es-el-monto-maximo-no-cubierto\"><strong>\u00bfCu\u00e1l es el monto m\u00e1ximo no cubierto?<\/strong><\/h2>\n\n\n\n<p>Cada a\u00f1o, hay un l\u00edmite en el monto que pagar\u00e1 por los servicios m\u00e9dicos cubiertos. A esto se lo denomina monto m\u00e1ximo no cubierto (MOOP): una vez que alcance su MOOP, su plan pagar\u00e1 el costo total de sus servicios m\u00e9dicos cubiertos durante el resto del a\u00f1o. Su MOOP figura en los materiales para los miembros, como la Evidencia de cobertura o el Aviso anual de cambios. El MOOP se aplica \u00fanicamente a los servicios m\u00e9dicos; no se aplica a la cobertura de medicamentos con receta.<\/p>\n\n\n\n<p><strong>Por ejemplo:<\/strong> si su MOOP es de <strong>$5,000<\/strong> y usted pag\u00f3 ese monto antes de fin de a\u00f1o, pagar\u00e1 <strong>$0<\/strong> por los servicios cubiertos hasta el 31\u00a0de\u00a0diciembre.<\/p>\n\n\n\n<div style=\"height:36px\" aria-hidden=\"true\" class=\"wp-block-spacer\"><\/div>\n\n\n\n<h2 class=\"wp-block-heading\" id=\"h-obtenga-mas-informacion-sobre-la-cobertura-para-medicamentos\">Obtenga m\u00e1s informaci\u00f3n sobre la cobertura para medicamentos<\/h2>\n\n\n\n<p>Para obtener una explicaci\u00f3n detallada sobre la <strong>cobertura para medicamentos con receta de la Parte\u00a0D<\/strong> y el costo compartido de Elderplan, visite:<br><a href=\"https:\/\/www.elderplan.org\/es\/member-benefits\/elderplan-benefits\/prescription-drugs\">elderplan.org\/es\/member-benefits\/elderplan-benefits\/prescription-drugs<\/a><\/p>\n\n\n\n<div style=\"height:36px\" aria-hidden=\"true\" class=\"wp-block-spacer\"><\/div>\n\n\n\n<h2 class=\"wp-block-heading\" id=\"h-otros-factores-que-afectan-lo-que-usted-paga\">Otros factores que afectan lo que usted paga:<\/h2>\n\n\n\n<ul class=\"wp-block-list\">\n<li><strong>Beneficios: <\/strong>cada beneficio tiene un costo definido, pero dependiendo de c\u00f3mo se utilice el beneficio, el costo compartido variar\u00e1. Preste atenci\u00f3n a frases como copago de $20 para una visita presencial o copago de $10 para una consulta de telesalud.\u00a0<\/li>\n\n\n\n<li><strong>Tipo de servicio:<\/strong> cada servicio tiene un costo definido, pero dependiendo de c\u00f3mo se preste el servicio, el costo compartido variar\u00e1. Es posible que deba tener en cuenta el tiempo (como el n\u00famero de d\u00edas). Preste atenci\u00f3n a frases como copago de $250 para los d\u00edas\u00a01 a 5 y $0 para los d\u00edas\u00a06 en adelante.<\/li>\n\n\n\n<li><strong>Dentro de la red:<\/strong> puede consultar a proveedores o centros de la red para obtener servicios cubiertos.<\/li>\n\n\n\n<li><strong>Fuera de la red:<\/strong> es posible que los servicios no est\u00e9n cubiertos si consulta a proveedores que no pertenecen a la red de su plan.<\/li>\n\n\n\n<li><strong>Plan de punto de servicio (POS): <\/strong>si tiene un plan POS, su plan le permitir\u00e1 consultar a un proveedor dentro o fuera de la red para ciertos servicios cubiertos.<\/li>\n<\/ul>\n\n\n\n<p>Es importante que revise detenidamente la <strong>Evidencia de cobertura<\/strong> de su plan para explicar su cobertura de atenci\u00f3n m\u00e9dica y sus costos. Si tiene preguntas sobre su cobertura, llame a Servicios para los Miembros de Elderplan al <a href=\"tel:+18003533765\">1-800-353-3765<\/a>.<\/p>\n<\/div>\n\n\n\n<div class=\"wp-block-column is-layout-flow wp-block-column-is-layout-flow\" style=\"flex-basis:33.33%\"><\/div>\n<\/div>\n","protected":false},"excerpt":{"rendered":"<p>Cuando se trata de planes de salud, el lenguaje de la cobertura a veces puede ser dif\u00edcil de entender. Es importante saber c\u00f3mo funciona para comprender mejor los beneficios de [&hellip;]<\/p>\n","protected":false},"author":20,"featured_media":0,"parent":0,"menu_order":7,"comment_status":"closed","ping_status":"closed","template":"","meta":{"_acf_changed":false,"footnotes":""},"categories":[],"class_list":["post-46231","page","type-page","status-publish","hentry"],"translation":{"provider":"WPGlobus","version":"3.0.2","language":"es","enabled_languages":["en","es","zh"],"languages":{"en":{"title":true,"content":true,"excerpt":false},"es":{"title":true,"content":true,"excerpt":false},"zh":{"title":true,"content":true,"excerpt":false}}},"acf":[],"jetpack_sharing_enabled":true,"publishpress_future_action":{"enabled":false,"date":"2026-05-16 09:32:49","action":"change-status","newStatus":"draft","terms":[],"taxonomy":"category","extraData":[]},"publishpress_future_workflow_manual_trigger":{"enabledWorkflows":[]},"_links":{"self":[{"href":"https:\/\/www.elderplan.org\/es\/wp-json\/wp\/v2\/pages\/46231","targetHints":{"allow":["GET"]}}],"collection":[{"href":"https:\/\/www.elderplan.org\/es\/wp-json\/wp\/v2\/pages"}],"about":[{"href":"https:\/\/www.elderplan.org\/es\/wp-json\/wp\/v2\/types\/page"}],"author":[{"embeddable":true,"href":"https:\/\/www.elderplan.org\/es\/wp-json\/wp\/v2\/users\/20"}],"replies":[{"embeddable":true,"href":"https:\/\/www.elderplan.org\/es\/wp-json\/wp\/v2\/comments?post=46231"}],"version-history":[{"count":0,"href":"https:\/\/www.elderplan.org\/es\/wp-json\/wp\/v2\/pages\/46231\/revisions"}],"wp:attachment":[{"href":"https:\/\/www.elderplan.org\/es\/wp-json\/wp\/v2\/media?parent=46231"}],"wp:term":[{"taxonomy":"category","embeddable":true,"href":"https:\/\/www.elderplan.org\/es\/wp-json\/wp\/v2\/categories?post=46231"}],"curies":[{"name":"wp","href":"https:\/\/api.w.org\/{rel}","templated":true}]}}