{"id":46861,"date":"2026-02-27T15:26:27","date_gmt":"2026-02-27T20:26:27","guid":{"rendered":"https:\/\/www.elderplan.org\/?page_id=46861"},"modified":"2026-03-12T14:14:27","modified_gmt":"2026-03-12T18:14:27","slug":"100-day-prescription-refills","status":"publish","type":"page","link":"https:\/\/www.elderplan.org\/es\/member-benefits\/elderplan-benefits\/prescription-drugs\/100-day-prescription-refills\/","title":{"rendered":"Suministros de recetas para 100 d\u00edas"},"content":{"rendered":"<section class=\"wpb-content-wrapper\">\n<div class=\"wp-block-columns padding-interior is-layout-flex wp-container-core-columns-is-layout-9d6595d7 wp-block-columns-is-layout-flex\">\n<div class=\"wp-block-column is-layout-flow wp-block-column-is-layout-flow\" style=\"flex-basis:66.66%\">\n<h2 class=\"wp-block-heading\" id=\"h-preocupese-menos-por-los-resurtidos-con-un-suministro-para-100-dias\">Preoc\u00fapese menos por los resurtidos con un suministro para 100 d\u00edas<\/h2>\n\n\n\n<p>Ya sea que use una farmacia de su comunidad o por correo, una receta para 100 d\u00edas puede\u00a0 ayudarle a manejar sus medicamentos con m\u00e1s tranquilidad.<\/p>\n\n\n\n<ul class=\"wp-block-list\">\n<li>Menos resurtidos que pedir<\/li>\n\n\n\n<li>Menos viajes a la farmacia o pedidos por correo<\/li>\n\n\n\n<li>Menos preocupaci\u00f3n por quedarse sin sus medicamentos<\/li>\n\n\n\n<li>Muchas veces est\u00e1 disponible para los medicamentos que toma todos los d\u00edas<\/li>\n<\/ul>\n\n\n\n<p>P\u00eddale a su m\u00e9dico que escriba su receta para un suministro de 100 d\u00edas, o hable con su farmac\u00e9utico para que le oriente y le ayude.<\/p>\n<\/div>\n\n\n\n<div class=\"wp-block-column is-layout-flow wp-block-column-is-layout-flow\" style=\"flex-basis:33.33%\">\n<figure class=\"wp-block-image size-large\"><img loading=\"lazy\" decoding=\"async\" width=\"1920\" height=\"1308\" src=\"https:\/\/elderplan.imgix.net\/iStock-1480000045_pharmacy.jpg?fm=pjpg\" alt=\"Pharmacy, black man and woman with healthcare medicine and conversation for instructions. Pharmacist, female patient and medical professional talking, to a costumer\" class=\"wp-image-27741\" srcset=\"https:\/\/elderplan.imgix.net\/iStock-1480000045_pharmacy.jpg?fit=scale&amp;fm=pjpg&amp;h=654&amp;w=960 960w, https:\/\/elderplan.imgix.net\/iStock-1480000045_pharmacy.jpg?fit=scale&amp;fm=pjpg&amp;h=872&amp;w=1280 1280w, https:\/\/elderplan.imgix.net\/iStock-1480000045_pharmacy.jpg?fit=scale&amp;fm=pjpg&amp;h=436&amp;w=640 640w, https:\/\/elderplan.imgix.net\/iStock-1480000045_pharmacy.jpg?fit=scale&amp;fm=pjpg&amp;h=523&amp;w=768 768w, https:\/\/elderplan.imgix.net\/iStock-1480000045_pharmacy.jpg?fit=scale&amp;fm=pjpg&amp;h=1046&amp;w=1536 1536w, https:\/\/elderplan.imgix.net\/iStock-1480000045_pharmacy.jpg?fit=scale&amp;fm=pjpg&amp;h=1395&amp;w=2048 2048w, https:\/\/elderplan.imgix.net\/iStock-1480000045_pharmacy.jpg?fm=pjpg 1920w\" sizes=\"auto, (max-width: 1920px) 100vw, 1920px\"><\/figure>\n<\/div>\n<\/div>\n\n\n\n<div style=\"height:48px\" aria-hidden=\"true\" class=\"wp-block-spacer\"><\/div>\n\n\n\n<div class=\"wp-block-columns vc_row wpb_row vc_row-fluid lfi-full-row vc_custom_1660068779200 vc_row-has-fill is-layout-flex wp-container-core-columns-is-layout-9d6595d7 wp-block-columns-is-layout-flex\">\n<div class=\"wp-block-column is-layout-flow wp-block-column-is-layout-flow\">\n<h2 class=\"wp-block-heading has-text-align-center\" id=\"h-busca-informacion\">\u00bfBusca informaci\u00f3n?<\/h2>\n\n\n\n<div class=\"wp-block-buttons is-content-justification-center is-nowrap is-layout-flex wp-container-core-buttons-is-layout-94bc23d7 wp-block-buttons-is-layout-flex\">\n<div class=\"wp-block-button is-style-outline is-style-outline--2\"><a class=\"wp-block-button__link wp-element-button\" href=\"https:\/\/elderplan.providerlenz.com\/home?lang=es\">Encuentre un proveedor<\/a><\/div>\n\n\n\n<div class=\"wp-block-button is-style-outline is-style-outline--3\"><a class=\"wp-block-button__link wp-element-button\" href=\"https:\/\/www.medicareplanrx.com\/jccf\/elderplan_medd_es_pharmacy_26.html\">Encuentre una farmacia<\/a><\/div>\n\n\n\n<div class=\"wp-block-button is-style-outline is-style-outline--4\"><a class=\"wp-block-button__link wp-element-button\" href=\"https:\/\/www.dentaquest.com\/es\/find-a-dentist\/search-results#state=New+York&amp;planType=medicare&amp;plan=NY-ELDCARE&amp;distance=25&amp;lat=40.7127753&amp;lon=-74.0059728&amp;locDesc=New%3Dyork%2C+New+York%2C+100410&amp;currentView=provider&amp;sort=distance&amp;page=1&amp;isSearchEnabled=true&amp;city=New+York\">Encuentre un dentista<\/a><\/div>\n<\/div>\n\n\n\n<div class=\"wp-block-buttons is-content-justification-center is-nowrap is-layout-flex wp-container-core-buttons-is-layout-94bc23d7 wp-block-buttons-is-layout-flex\">\n<div class=\"wp-block-button is-style-outline is-style-outline--5\"><a class=\"wp-block-button__link wp-element-button\" href=\"\/member-benefits\/elderplan-benefits\/prescription-drugs\/\">Encuentre un medicamento<\/a><\/div>\n\n\n\n<div class=\"wp-block-button is-style-outline is-style-outline--6\"><a class=\"wp-block-button__link wp-element-button\" href=\"\/medicare-advantage-plan-options\/plan-materials\/find-a-form\/\">Encuentre un formulario<\/a><\/div>\n\n\n\n<div class=\"wp-block-button is-style-outline is-style-outline--7\"><a class=\"wp-block-button__link wp-element-button\" href=\"\/files\/elderplan-broad-vaccine-network-vaccine-pharmacy-directory_updated_06012022_eng_accessible\/\">Lista de farmacias con vacunas contra la gripe<\/a><\/div>\n<\/div>\n<\/div>\n<\/div>\n<\/section>","protected":false},"excerpt":{"rendered":"<p>Preoc\u00fapese menos por los resurtidos con un suministro para 100 d\u00edas Ya sea que use una farmacia de su comunidad o por correo, una receta para 100 d\u00edas puede&nbsp; ayudarle [&hellip;]<\/p>\n","protected":false},"author":20,"featured_media":0,"parent":48,"menu_order":0,"comment_status":"closed","ping_status":"closed","template":"","meta":{"_acf_changed":false,"footnotes":""},"categories":[],"class_list":["post-46861","page","type-page","status-publish","hentry"],"translation":{"provider":"WPGlobus","version":"3.0.2","language":"es","enabled_languages":["en","es","zh"],"languages":{"en":{"title":true,"content":true,"excerpt":false},"es":{"title":true,"content":true,"excerpt":false},"zh":{"title":true,"content":true,"excerpt":false}}},"acf":[],"jetpack_sharing_enabled":true,"publishpress_future_action":{"enabled":false,"date":"2026-05-02 21:25:49","action":"change-status","newStatus":"draft","terms":[],"taxonomy":"category","extraData":[]},"publishpress_future_workflow_manual_trigger":{"enabledWorkflows":[]},"_links":{"self":[{"href":"https:\/\/www.elderplan.org\/es\/wp-json\/wp\/v2\/pages\/46861","targetHints":{"allow":["GET"]}}],"collection":[{"href":"https:\/\/www.elderplan.org\/es\/wp-json\/wp\/v2\/pages"}],"about":[{"href":"https:\/\/www.elderplan.org\/es\/wp-json\/wp\/v2\/types\/page"}],"author":[{"embeddable":true,"href":"https:\/\/www.elderplan.org\/es\/wp-json\/wp\/v2\/users\/20"}],"replies":[{"embeddable":true,"href":"https:\/\/www.elderplan.org\/es\/wp-json\/wp\/v2\/comments?post=46861"}],"version-history":[{"count":3,"href":"https:\/\/www.elderplan.org\/es\/wp-json\/wp\/v2\/pages\/46861\/revisions"}],"predecessor-version":[{"id":47028,"href":"https:\/\/www.elderplan.org\/es\/wp-json\/wp\/v2\/pages\/46861\/revisions\/47028"}],"up":[{"embeddable":true,"href":"https:\/\/www.elderplan.org\/es\/wp-json\/wp\/v2\/pages\/48"}],"wp:attachment":[{"href":"https:\/\/www.elderplan.org\/es\/wp-json\/wp\/v2\/media?parent=46861"}],"wp:term":[{"taxonomy":"category","embeddable":true,"href":"https:\/\/www.elderplan.org\/es\/wp-json\/wp\/v2\/categories?post=46861"}],"curies":[{"name":"wp","href":"https:\/\/api.w.org\/{rel}","templated":true}]}}