{"id":47038,"date":"2026-03-16T12:36:48","date_gmt":"2026-03-16T16:36:48","guid":{"rendered":"https:\/\/www.elderplan.org\/?page_id=47038"},"modified":"2026-04-01T15:17:54","modified_gmt":"2026-04-01T19:17:54","slug":"extra-support","status":"publish","type":"page","link":"https:\/\/www.elderplan.org\/es\/member-benefits\/elderplan-benefits\/extra-support\/","title":{"rendered":"Apoyo adicional m\u00e1s all\u00e1 de los beneficios de Elderplan|HomeFirst"},"content":{"rendered":"\n<div class=\"wp-block-columns padding-interior is-layout-flex wp-container-core-columns-is-layout-9d6595d7 wp-block-columns-is-layout-flex\">\n<div class=\"wp-block-column is-layout-flow wp-block-column-is-layout-flow\" style=\"flex-basis:66.66%\">\n<p>En Elderplan|HomeFirst, ponemos a su alcance el apoyo que necesita, incluso m\u00e1s all\u00e1 de los beneficios proporcionados por su plan de salud. Es posible que re\u00fana los requisitos para participar en programas p\u00fablicos que le permiten acceder a servicios adicionales y ahorrar dinero en atenci\u00f3n m\u00e9dica, medicamentos con receta, alimentos o facturas del hogar. Trabajamos con nuestro socio, <strong>SPS Community Solutions,<\/strong> para guiarlo hacia los servicios que necesita.<br><\/p>\n\n\n\n<hr class=\"wp-block-separator has-alpha-channel-opacity\">\n\n\n\n<h2 class=\"wp-block-heading\">\u00bfQu\u00e9 es SPS Community Solutions?<\/h2>\n\n\n\n<p>SPS Community Solutions es nuestro socio de confianza que ofrece asistencia personalizada y gratuita para que pueda aplicar a programas p\u00fablicos. El equipo de SPS lo apoya con las solicitudes, las renovaciones, la documentaci\u00f3n requerida y el seguimiento, para que no tenga que navegar solo por estos procesos. El personal de SPS habla varios idiomas y puede ofrecer apoyo en el hogar si es necesario.<\/p>\n\n\n\n<p><strong>SPS Community Solutions puede ayudarlo con lo siguiente:<\/strong><\/p>\n\n\n\n<ul class=\"wp-block-list\">\n<li>Consultar a qu\u00e9 programas puede calificar.<\/li>\n\n\n\n<li>Solicitar beneficios de programas p\u00fablicos en su nombre.\u00a0<\/li>\n\n\n\n<li>Renovar los beneficios del programa p\u00fablico en su nombre.<\/li>\n\n\n\n<li>Ayudarle a reunir los documentos requeridos.<\/li>\n\n\n\n<li>Hacer seguimiento del estado de sus solicitudes.<\/li>\n<\/ul>\n\n\n\n<h3 class=\"wp-block-heading\" id=\"h-programas-con-los-que-sps-puede-ayudar\">Programas con los que SPS puede ayudar<\/h3>\n\n\n\n<p>Dependiendo de su plan y si es elegible, SPS puede ayudarle con los siguientes programas:<\/p>\n\n\n\n<ul class=\"wp-block-list\">\n<li><strong>Medicaid<\/strong>: solicitud o renovaci\u00f3n de la cobertura de atenci\u00f3n m\u00e9dica para personas con ingresos y recursos limitados.<\/li>\n\n\n\n<li><strong>Programas de ahorros de Medicare (MSP):<\/strong> asistencia para pagar las primas de la Parte\u00a0B de Medicare y, en algunos casos, otros costos de Medicare.<\/li>\n\n\n\n<li><strong>Ayuda adicional\/Subsidio por bajos ingresos (LIS):<\/strong> apoyo para reducir los costos de los medicamentos con receta de Medicare.<\/li>\n\n\n\n<li><strong>Cobertura de seguro farmac\u00e9utico para adultos mayores (EPIC):<\/strong> programa del estado de New York que ayuda a los adultos mayores a pagar sus medicamentos con\u00a0receta.<\/li>\n\n\n\n<li><strong>Programa suplementario de asistencia nutricional (SNAP):<\/strong> ayuda a cubrir los costos de alimentos y otros comestibles.<\/li>\n\n\n\n<li><strong>Programa Lifeline<\/strong>: un programa federal que reduce el costo mensual del servicio telef\u00f3nico o de Internet.<\/li>\n\n\n\n<li><strong>Programa de asistencia para la energ\u00eda de los hogares de bajos ingresos (LIHEAP):<\/strong> asistencia con las facturas de calefacci\u00f3n o de refrigeraci\u00f3n.<\/li>\n\n\n\n<li><strong>Fideicomiso de ingresos combinados<\/strong>: un fideicomiso combinado es un tipo de fideicomiso para necesidades suplementarias que permite a los neoyorquinos calificar para Medicaid sin perder el beneficio de ingresos por encima del l\u00edmite de Medicaid. Esto le permite conservar Medicaid y seguir pagando las facturas con su dinero.\u00a0<\/li>\n<\/ul>\n\n\n\n<hr class=\"wp-block-separator has-alpha-channel-opacity\">\n\n\n\n<h2 class=\"wp-block-heading\" id=\"h-quienes-son-elegibles\">\u00bfQui\u00e9nes son elegibles?<\/h2>\n\n\n\n<p>Puede recibir apoyo de SPS Community Solutions si est\u00e1 inscrito en un plan de Elderplan|HomeFirst.<\/p>\n\n\n\n<h3 class=\"wp-block-heading\" id=\"h-cuales-son-los-primeros-pasos\"><strong>Cu\u00e1les son los primeros pasos<\/strong><\/h3>\n\n\n\n<p>Comience de la manera que le resulte m\u00e1s sencilla:<\/p>\n\n\n\n<p>Llame a SPS directamente:<br>\ud83d\udcde <a href=\"tel:8887291730\">1-888-729-1730<\/a><br>\ud83d\udd58 De lunes a viernes, de 9:00\u00a0a.m. a 5:00\u00a0p.m.<\/p>\n\n\n\n<p>O bien, llame a Servicios para los Miembros de Elderplan|HomeFirst:<br>\ud83d\udcde <a href=\"tel:8003533765\">1-800-353-3765<\/a> (TTY <a href=\"tel:711\">711<\/a>)<br>\ud83d\udd57 De lunes a viernes, de 8:00\u00a0a.m. a 8:00\u00a0p.m.<\/p>\n\n\n\n<p>Si tiene alguna pregunta, llame a Servicios para los Miembros de Elderplan.<\/p>\n\n\n\n<p>Puede optar por no usar SPS Community Solutions en cualquier momento llamando a Servicios para los Miembros de Elderplan. Si opta por no usar SPS Community Solutions, este no se comunicar\u00e1 con usted.<\/p>\n\n\n\n<div style=\"height:25px\" aria-hidden=\"true\" class=\"wp-block-spacer\"><\/div>\n<\/div>\n\n\n\n<div class=\"wp-block-column is-layout-flow wp-block-column-is-layout-flow\" style=\"flex-basis:33.33%\"><\/div>\n<\/div>\n","protected":false},"excerpt":{"rendered":"<p>En Elderplan|HomeFirst, ponemos a su alcance el apoyo que necesita, incluso m\u00e1s all\u00e1 de los beneficios proporcionados por su plan de salud. Es posible que re\u00fana los requisitos para participar [&hellip;]<\/p>\n","protected":false},"author":20,"featured_media":0,"parent":44,"menu_order":15,"comment_status":"closed","ping_status":"closed","template":"","meta":{"_acf_changed":false,"footnotes":""},"categories":[],"class_list":["post-47038","page","type-page","status-publish","hentry"],"translation":{"provider":"WPGlobus","version":"3.0.2","language":"es","enabled_languages":["en","es","zh"],"languages":{"en":{"title":true,"content":true,"excerpt":false},"es":{"title":true,"content":true,"excerpt":false},"zh":{"title":true,"content":true,"excerpt":false}}},"acf":[],"jetpack_sharing_enabled":true,"publishpress_future_action":{"enabled":false,"date":"2026-05-07 20:06:06","action":"change-status","newStatus":"draft","terms":[],"taxonomy":"category","extraData":[]},"publishpress_future_workflow_manual_trigger":{"enabledWorkflows":[]},"_links":{"self":[{"href":"https:\/\/www.elderplan.org\/es\/wp-json\/wp\/v2\/pages\/47038","targetHints":{"allow":["GET"]}}],"collection":[{"href":"https:\/\/www.elderplan.org\/es\/wp-json\/wp\/v2\/pages"}],"about":[{"href":"https:\/\/www.elderplan.org\/es\/wp-json\/wp\/v2\/types\/page"}],"author":[{"embeddable":true,"href":"https:\/\/www.elderplan.org\/es\/wp-json\/wp\/v2\/users\/20"}],"replies":[{"embeddable":true,"href":"https:\/\/www.elderplan.org\/es\/wp-json\/wp\/v2\/comments?post=47038"}],"version-history":[{"count":3,"href":"https:\/\/www.elderplan.org\/es\/wp-json\/wp\/v2\/pages\/47038\/revisions"}],"predecessor-version":[{"id":47784,"href":"https:\/\/www.elderplan.org\/es\/wp-json\/wp\/v2\/pages\/47038\/revisions\/47784"}],"up":[{"embeddable":true,"href":"https:\/\/www.elderplan.org\/es\/wp-json\/wp\/v2\/pages\/44"}],"wp:attachment":[{"href":"https:\/\/www.elderplan.org\/es\/wp-json\/wp\/v2\/media?parent=47038"}],"wp:term":[{"taxonomy":"category","embeddable":true,"href":"https:\/\/www.elderplan.org\/es\/wp-json\/wp\/v2\/categories?post=47038"}],"curies":[{"name":"wp","href":"https:\/\/api.w.org\/{rel}","templated":true}]}}