{"id":47769,"date":"2026-04-01T11:47:28","date_gmt":"2026-04-01T15:47:28","guid":{"rendered":"https:\/\/www.elderplan.org\/?page_id=47769"},"modified":"2026-04-01T15:42:57","modified_gmt":"2026-04-01T19:42:57","slug":"join-our-homefirst-member-advisory-council-mac-meeting","status":"publish","type":"page","link":"https:\/\/www.elderplan.org\/es\/member-benefits\/homefirst-benefits\/join-our-homefirst-member-advisory-council-mac-meeting\/","title":{"rendered":"\u00danase a nuestra reuni\u00f3n del Consejo Asesor de Miembros (MAC) de HomeFirst"},"content":{"rendered":"<section class=\"wpb-content-wrapper\">\n<div class=\"wp-block-columns padding-interior is-layout-flex wp-container-core-columns-is-layout-9d6595d7 wp-block-columns-is-layout-flex\">\n<div class=\"wp-block-column is-layout-flow wp-block-column-is-layout-flow\" style=\"flex-basis:66.66%\">\n<h2 class=\"wp-block-heading\" id=\"h-su-voz-es-importante\">Su voz es importante<\/h2>\n\n\n\n<div style=\"height:25px\" aria-hidden=\"true\" class=\"wp-block-spacer\"><\/div>\n\n\n\n<p>El equipo de HomeFirst desea conocer su opini\u00f3n. Las reuniones del MAC son una oportunidad para compartir sus comentarios e ideas sobre lo que funciona bien y en qu\u00e9 podemos mejorar.<\/p>\n\n\n\n<p>Sus aportaciones nos ayudan a comprender:<\/p>\n\n\n\n<ul class=\"wp-block-list\">\n<li>Qu\u00e9 beneficios son m\u00e1s importantes para usted<\/li>\n\n\n\n<li>C\u00f3mo podemos mejorar la manera en que explicamos los beneficios de su plan<\/li>\n\n\n\n<li>Formas de brindarle un mejor apoyo como miembro de HomeFirst<\/li>\n\n\n\n<li>Sus preferencias de comunicaci\u00f3n<\/li>\n<\/ul>\n\n\n\n<div style=\"height:40px\" aria-hidden=\"true\" class=\"wp-block-spacer\"><\/div>\n\n\n\n<h2 class=\"wp-block-heading\" id=\"h-lugar-de-la-reunion\"><strong>Lugar de la reuni\u00f3n<\/strong><\/h2>\n\n\n\n<p>Todas las reuniones se llevar\u00e1n a cabo de manera presencial en:<\/p>\n\n\n\n<p>55 Water Street\u00a0<br>New York, NY 10041\u00a0<\/p>\n\n\n\n<div style=\"height:40px\" aria-hidden=\"true\" class=\"wp-block-spacer\"><\/div>\n\n\n\n<h2 class=\"wp-block-heading\" id=\"h-calendario-de-reuniones-de-2026\"><strong>Calendario de reuniones de 2026<\/strong><\/h2>\n\n\n\n<p id=\"h-2026-meeting-schedule\">8 de abril de 2026 (ingl\u00e9s)<br>De 2:00 p. m. a 3:30 p. m.<\/p>\n\n\n\n<p>9 de junio de 2026 (espa\u00f1ol)<br>De 1:00 p. m. a 2:30 p. m.<\/p>\n\n\n\n<p id=\"h-2026-meeting-schedule\">7 de octubre de 2026 (chino, mandar\u00edn)<br>De 1:00 p. m. a 2:30 p. m.<\/p>\n\n\n\n<div style=\"height:40px\" aria-hidden=\"true\" class=\"wp-block-spacer\"><\/div>\n\n\n\n<h2 class=\"wp-block-heading\" id=\"h-como-participar\"><strong>C\u00f3mo participar<\/strong><\/h2>\n\n\n\n<p>Para obtener m\u00e1s informaci\u00f3n o inscribirse en una reuni\u00f3n, comun\u00edquese con nosotros:<\/p>\n\n\n\n<p>Correo electr\u00f3nico:\u00a0<a href=\"mailto:memberadvisorycouncil@mjhs.org\" target=\"_blank\" rel=\"noreferrer noopener\">memberadvisorycouncil@mjhs.org<\/a><br>Tel\u00e9fono: <a href=\"tel:+13472547700\">347-254-7700<\/a><br>Horario: lunes a viernes, de 9:00 a. m. a 5:00 p. m.<\/p>\n<\/div>\n\n\n\n<div class=\"wp-block-column is-layout-flow wp-block-column-is-layout-flow\" style=\"flex-basis:33.33%\">\n<p class=\"has-text-align-center\">\u00bfTiene preguntas? Llame a HomeFirst hoy mismo.<\/p>\n\n\n\n<h4 class=\"wp-block-heading has-text-align-center\" id=\"h-1-866-386-4177\"><a href=\"tel:1-866-386-4177\">1-866-386-4177<\/a><\/h4>\n\n\n\n<hr class=\"wp-block-separator has-alpha-channel-opacity hr vc_separator\">\n\n\n\n<h4 class=\"wp-block-heading has-text-align-center\" id=\"h-tty-711\"><a href=\"tel:711\">[TTY: 711]<\/a><\/h4>\n\n\n\n<p class=\"has-text-align-center\"><strong>Horario de atenci\u00f3n:<\/strong><br>De lunes a viernes, de 8:30\u00a0a.m. a 5:00\u00a0p.m.<\/p>\n\n\n\n<div style=\"height:25px\" aria-hidden=\"true\" class=\"wp-block-spacer\"><\/div>\n\n\n\n<h5 class=\"wp-block-heading has-text-align-center\" id=\"h-homefirst-esta-disponibleen-los-5-distritos-municipales-de-la-ciudad-de-new-york-y-en-los-condados-dedutchess-nassau-orange-putnam-rockland-sullivan-ulster-y-westchester\">HomeFirst est\u00e1 disponible<br>en los 5\u00a0distritos municipales de la ciudad de New\u00a0York y en los condados de<br>Dutchess, Nassau, Orange,<br>Putnam, Rockland, Sullivan,<br>Ulster y Westchester.<\/h5>\n<\/div>\n<\/div>\n\n\n\n<div class=\"wp-block-columns vc_row wpb_row vc_row-fluid lfi-full-row vc_custom_1660068779200 vc_row-has-fill is-layout-flex wp-container-core-columns-is-layout-9d6595d7 wp-block-columns-is-layout-flex\">\n<div class=\"wp-block-column is-layout-flow wp-block-column-is-layout-flow\">\n<h2 class=\"wp-block-heading has-text-align-center\" id=\"h-looking-for-information\">\u00bfBusca informaci\u00f3n?<\/h2>\n\n\n\n<div class=\"wp-block-buttons alignwide is-content-justification-center is-nowrap is-layout-flex wp-container-core-buttons-is-layout-94bc23d7 wp-block-buttons-is-layout-flex\">\n<div class=\"wp-block-button is-style-outline is-style-outline--2\"><a class=\"wp-block-button__link wp-element-button\" href=\"\/es\/medicare-advantage-plan-options\/plan-materials\/homefirst-plan-materials\/\">Materiales del plan de HomeFirst<\/a><\/div>\n\n\n\n<div class=\"wp-block-button is-style-outline is-style-outline--3\"><a class=\"wp-block-button__link wp-element-button\" href=\"\/es\/member-benefits\/homefirst-benefits\/\">Beneficios del plan HomeFirst<\/a><\/div>\n\n\n\n<div class=\"wp-block-button is-style-outline is-style-outline--4\"><a class=\"wp-block-button__link wp-element-button\" href=\"\/es\/about-us\/homefirst-managed-long-term-care\/faqs\/\">Preguntas frecuentes sobre HomeFirst<\/a><\/div>\n\n\n\n<div class=\"wp-block-button is-style-outline is-style-outline--5\"><a class=\"wp-block-button__link wp-element-button\" href=\"\/es\/about-us\/homefirst-managed-long-term-care\/getting-started\/\">Primeros pasos<\/a><\/div>\n<\/div>\n<\/div>\n<\/div>\n<\/section>","protected":false},"excerpt":{"rendered":"<p>Su voz es importante El equipo de HomeFirst desea conocer su opini\u00f3n. Las reuniones del MAC son una oportunidad para compartir sus comentarios e ideas sobre lo que funciona bien [&hellip;]<\/p>\n","protected":false},"author":21,"featured_media":0,"parent":3774,"menu_order":1,"comment_status":"closed","ping_status":"closed","template":"","meta":{"_acf_changed":false,"footnotes":""},"categories":[],"class_list":["post-47769","page","type-page","status-publish","hentry"],"translation":{"provider":"WPGlobus","version":"3.0.2","language":"es","enabled_languages":["en","es","zh"],"languages":{"en":{"title":true,"content":true,"excerpt":false},"es":{"title":true,"content":true,"excerpt":false},"zh":{"title":true,"content":true,"excerpt":false}}},"acf":[],"jetpack_sharing_enabled":true,"publishpress_future_action":{"enabled":false,"date":"2026-04-30 10:58:01","action":"change-status","newStatus":"draft","terms":[],"taxonomy":"category","extraData":[]},"publishpress_future_workflow_manual_trigger":{"enabledWorkflows":[]},"_links":{"self":[{"href":"https:\/\/www.elderplan.org\/es\/wp-json\/wp\/v2\/pages\/47769","targetHints":{"allow":["GET"]}}],"collection":[{"href":"https:\/\/www.elderplan.org\/es\/wp-json\/wp\/v2\/pages"}],"about":[{"href":"https:\/\/www.elderplan.org\/es\/wp-json\/wp\/v2\/types\/page"}],"author":[{"embeddable":true,"href":"https:\/\/www.elderplan.org\/es\/wp-json\/wp\/v2\/users\/21"}],"replies":[{"embeddable":true,"href":"https:\/\/www.elderplan.org\/es\/wp-json\/wp\/v2\/comments?post=47769"}],"version-history":[{"count":2,"href":"https:\/\/www.elderplan.org\/es\/wp-json\/wp\/v2\/pages\/47769\/revisions"}],"predecessor-version":[{"id":47791,"href":"https:\/\/www.elderplan.org\/es\/wp-json\/wp\/v2\/pages\/47769\/revisions\/47791"}],"up":[{"embeddable":true,"href":"https:\/\/www.elderplan.org\/es\/wp-json\/wp\/v2\/pages\/3774"}],"wp:attachment":[{"href":"https:\/\/www.elderplan.org\/es\/wp-json\/wp\/v2\/media?parent=47769"}],"wp:term":[{"taxonomy":"category","embeddable":true,"href":"https:\/\/www.elderplan.org\/es\/wp-json\/wp\/v2\/categories?post=47769"}],"curies":[{"name":"wp","href":"https:\/\/api.w.org\/{rel}","templated":true}]}}