{"id":48,"date":"2015-11-05T17:23:29","date_gmt":"2015-11-05T17:23:29","guid":{"rendered":"http:\/\/english2016-m.elderplan.org\/?page_id=48"},"modified":"2026-01-07T12:00:26","modified_gmt":"2026-01-07T17:00:26","slug":"prescription-drugs","status":"publish","type":"page","link":"https:\/\/www.elderplan.org\/es\/member-benefits\/elderplan-benefits\/prescription-drugs\/","title":{"rendered":"Medicamentos con receta"},"content":{"rendered":"<section class=\"wpb-content-wrapper\">\n<div class=\"wp-block-columns is-not-stacked-on-mobile padding-interior is-layout-flex wp-container-core-columns-is-layout-9d6595d7 wp-block-columns-is-layout-flex\">\n<div class=\"wp-block-column is-layout-flow wp-block-column-is-layout-flow\" style=\"flex-basis:66.66%\">\n<p><strong>Elderplan ofrece una variedad de planes de medicamentos con receta de Medicare&nbsp;Advantage, incluida una lista completa de <br>medicamentos cubiertos conocidos como formularios. Este formulario describe qu\u00e9 medicamentos est\u00e1n cubiertos por cada plan y los requisitos, <a href=\"\/es\/member-benefits\/elderplan-benefits\/prescription-drugs\/prior-authorization\">como autorizaci\u00f3n previa (PA)<\/a>, tratamiento escalonado (ST) y l\u00edmites de cantidad (QL).<\/strong><\/p>\n\n\n\n<p>Comprender el formulario espec\u00edfico de su plan es esencial. Tenga en cuenta que estos formularios pueden variar seg\u00fan el plan en el que est\u00e9 inscrito. Obtenga m\u00e1s informaci\u00f3n sobre<a href=\"\/es\/member-benefits\/elderplan-benefits\/prescription-drugs\/prescription-and-formulary-faqs\/\"> los medicamentos con receta y c\u00f3mo utilizar el Formulario<\/a>.<\/p>\n\n\n\n<div style=\"height:25px\" aria-hidden=\"true\" class=\"wp-block-spacer\"><\/div>\n\n\n\n<h2 class=\"wp-block-heading\" id=\"h-formularios\">Formularios<\/h2>\n\n\n<div >\n        <div class=\" plethoraplugins-tabs-container plethoraplugins-tabs-container--horizontal plethoraplugins-theme__minimal plethoraplugins-theme__basic \" \n\t\t\tdata-pds-tabs--layout=\"horizontal\"  \n\t\t\tdata-pds-tabs--theme=\"basic\"  \n\t\t\tdata-pds-tabs--mobile-breakpoint-forced=\"\"\n\t\t\t data-pds-tabs--responsive=\"accordion\" \n\t\t\t\t\t data-pds-tabs--responsive-accordion-collapsed-initially=\"false\" data-pds-tabs--accordion-icon-type=\"\" data-pds-tabs--accordion-icon=\"true\"  data-pds-tabs--accordion-icon-size=\"\"  data-pds-tabs--accordion-heading-level=\"h3\" data-pds-tabs--accordion-auto-close=\"true\" >\n            <div class=\"plethoraplugins-tabs\"  >\n              <ul><li>\n                        <a \n                                href=\"#2026\"\n                                class=\" active\" \n                            >\n                            <span>2026<\/span>\n                        <\/a>\n                    <\/li><\/ul>\n            <\/div>\n            <div class=\"plethoraplugins-tabs--content\" >\n                \n<div class=\"\"  data-pds-tabs--accordion-initially-open=\"false\" >\n\n<p><\/p>\n\n\n\n<div class=\"wp-block-columns is-layout-flex wp-container-core-columns-is-layout-9d6595d7 wp-block-columns-is-layout-flex\">\n<div class=\"wp-block-column is-layout-flow wp-block-column-is-layout-flow\">\n<p><strong>Si est\u00e1 inscrito en:<\/strong><\/p>\n\n\n\n<ul class=\"wp-block-list wp-container-content-fad590e5\">\n<li>Elderplan for Medicaid Beneficiaries (HMO-POS D-SNP)<\/li>\n\n\n\n<li>Elderplan Advantage for Nursing Home Residents (HMO-POS I-SNP)<\/li>\n\n\n\n<li>Elderplan Plus Long-Term Care (HMO-POS D-SNP)<\/li>\n<\/ul>\n<\/div>\n\n\n\n<div class=\"wp-block-column is-layout-flow wp-block-column-is-layout-flow\">\n<p><strong><strong>Descargar el formulario<\/strong><\/strong><\/p>\n\n\n\n<figure class=\"wp-block-image size-thumbnail\"><a href=\"\/files\/comprehensive-formulary-1t-spa-2026\/\" target=\"_blank\" rel=\"noreferrer noopener\"><img loading=\"lazy\" decoding=\"async\" width=\"612\" height=\"792\" src=\"https:\/\/elderplan.imgix.net\/2026_Formulary_Tier1_cvr_SP.jpg?fm=pjpg\" alt=\"Mujer trabajando en una farmacia\" class=\"wp-image-44311\" style=\"aspect-ratio:16\/9;object-fit:contain\"\/><\/a><\/figure>\n<\/div>\n<\/div>\n\n\n\n<p><strong><strong>O utilice el siguiente formulario:<\/strong><\/strong><\/p>\n\n\n\n<div class=\"wp-block-buttons is-layout-flex wp-block-buttons-is-layout-flex\">\n<div class=\"wp-block-button\"><a class=\"wp-block-button__link wp-element-button\" href=\"https:\/\/www.medicareplanrx.com\/jccf\/elderplan_onetier_formulary_26.html\">Formulario<\/a><\/div>\n<\/div>\n\n\n\n<hr class=\"wp-block-separator has-alpha-channel-opacity\"\/>\n\n\n\n<div class=\"wp-block-columns is-layout-flex wp-container-core-columns-is-layout-9d6595d7 wp-block-columns-is-layout-flex\">\n<div class=\"wp-block-column is-layout-flow wp-block-column-is-layout-flow\">\n<p><strong>Si est\u00e1 inscrito en:<\/strong><\/p>\n\n\n\n<ul class=\"wp-block-list wp-container-content-fad590e5\">\n<li>Elderplan Flex (HMO-POS)<\/li>\n\n\n\n<li>Elderplan Extra Help (HMO-POS)<\/li>\n\n\n\n<li>Elderplan Select (HMO-POS I-SNP\/IE-SNP)<\/li>\n<\/ul>\n<\/div>\n\n\n\n<div class=\"wp-block-column is-layout-flow wp-block-column-is-layout-flow\">\n<p><strong><strong><strong>Descargar el formulario<\/strong><\/strong><\/strong><\/p>\n\n\n\n<figure class=\"wp-block-image size-thumbnail\"><a href=\"\/files\/comprehensive-formulary-5t-spa-2026\/\"><img loading=\"lazy\" decoding=\"async\" width=\"612\" height=\"792\" src=\"https:\/\/elderplan.imgix.net\/2026_Formulary_Tier5_cvr_SP.jpg?fm=pjpg\" alt=\"Mujer trabajando en una farmacia\" class=\"wp-image-44313\" style=\"aspect-ratio:16\/9;object-fit:contain\"\/><\/a><\/figure>\n<\/div>\n<\/div>\n\n\n\n<div class=\"wp-block-columns is-layout-flex wp-container-core-columns-is-layout-9d6595d7 wp-block-columns-is-layout-flex\">\n<div class=\"wp-block-column is-layout-flow wp-block-column-is-layout-flow\"><\/div>\n<\/div>\n\n\n\n<p><strong><strong><strong>O utilice el siguiente formulario:<\/strong><\/strong><\/strong><\/p>\n\n\n\n<div class=\"wp-block-buttons is-layout-flex wp-block-buttons-is-layout-flex\">\n<div class=\"wp-block-button\"><a class=\"wp-block-button__link wp-element-button\" href=\"https:\/\/www.medicareplanrx.com\/jccf\/elderplan_fivetier_formulary_26.html\">Formulario<\/a><\/div>\n<\/div>\n\n<\/div>\n\n            <\/div>\n        <\/div>\n        \n    <\/div>\n\n\n<div style=\"height:65px\" aria-hidden=\"true\" class=\"wp-block-spacer\"><\/div>\n\n\n\n<p>Para obtener m\u00e1s informaci\u00f3n sobre el formulario, incluidos detalles sobre el nuevo <a href=\"\/es\/member-benefits\/elderplan-benefits\/prescription-drugs\/prescription-payment-plan\/\">plan de pago de medicamentos con receta de Medicare<\/a>, consulte nuestra <a href=\"\/es\/member-benefits\/elderplan-benefits\/prescription-drugs\/prescription-and-formulary-faqs\/\">p\u00e1gina de<\/a> C\u00f3mo utilizar los medicamentos con receta y el formulario.<\/p>\n<\/div>\n<\/div>\n\n\n\n<div class=\"wp-block-columns vc_row wpb_row vc_row-fluid lfi-full-row vc_custom_1660068779200 vc_row-has-fill is-layout-flex wp-container-core-columns-is-layout-9d6595d7 wp-block-columns-is-layout-flex\">\n<div class=\"wp-block-column is-layout-flow wp-block-column-is-layout-flow\">\n<h2 class=\"wp-block-heading has-text-align-center\" id=\"h-buscando-information\">\u00bfBuscando informati\u00f3n\uff1f<\/h2>\n\n\n\n<div class=\"wp-block-buttons is-content-justification-center is-nowrap is-layout-flex wp-container-core-buttons-is-layout-1fb9aab6 wp-block-buttons-is-layout-flex\">\n<div class=\"wp-block-button has-custom-width wp-block-button__width-25 is-style-outline is-style-outline--2\"><a class=\"wp-block-button__link wp-element-button\" href=\"https:\/\/elderplan.providerlenz.com\/home\">Encuentre un proveedor<\/a><\/div>\n\n\n\n<div class=\"wp-block-button has-custom-width wp-block-button__width-25 is-style-outline is-style-outline--3\"><a class=\"wp-block-button__link wp-element-button\" href=\"https:\/\/www.medicareplanrx.com\/jccf\/elderplan_medd_es_pharmacy_26.html\">Encuentre una farmacia<\/a><\/div>\n\n\n\n<div class=\"wp-block-button has-custom-width wp-block-button__width-25 is-style-outline is-style-outline--4\"><a class=\"wp-block-button__link wp-element-button\" href=\"https:\/\/www.yourdentalplan.com\/dentistsearch39\" target=\"_blank\" rel=\"noreferrer noopener\">Encuentre un dentista<\/a><\/div>\n<\/div>\n\n\n\n<div class=\"wp-block-buttons is-content-justification-center is-nowrap is-layout-flex wp-container-core-buttons-is-layout-1fb9aab6 wp-block-buttons-is-layout-flex\">\n<div class=\"wp-block-button has-custom-width wp-block-button__width-25 is-style-outline is-style-outline--5\"><a class=\"wp-block-button__link wp-element-button\" href=\"\/es\/member-benefits\/elderplan-benefits\/prescription-drugs\/\">Encuentre un medicamento<\/a><\/div>\n\n\n\n<div class=\"wp-block-button has-custom-width wp-block-button__width-25 is-style-outline is-style-outline--6\"><a class=\"wp-block-button__link wp-element-button\" href=\"\/es\/medicare-advantage-plan-options\/plan-materials\/find-a-form\/\">Encuentre un formulario<\/a><\/div>\n\n\n\n<div class=\"wp-block-button has-custom-width wp-block-button__width-25 is-style-outline is-style-outline--7\"><a class=\"wp-block-button__link wp-element-button\" href=\"\/files\/elderplan-broad-vaccine-network-vaccine-pharmacy-directory_updated_06012022_spa_accessible\/\">Lista de farmacias con vacunas contra la gripe<\/a><\/div>\n<\/div>\n<\/div>\n<\/div>\n\n\n\n<p><\/p>\n<\/section>","protected":false},"excerpt":{"rendered":"<p>Elderplan ofrece una variedad de planes de medicamentos con receta de Medicare&nbsp;Advantage, incluida una lista completa de medicamentos cubiertos conocidos como formularios. Este formulario describe qu\u00e9 medicamentos est\u00e1n cubiertos por [&hellip;]<\/p>\n","protected":false},"author":1,"featured_media":0,"parent":44,"menu_order":6,"comment_status":"closed","ping_status":"closed","template":"","meta":{"_acf_changed":false,"footnotes":""},"categories":[],"class_list":["post-48","page","type-page","status-publish","hentry"],"translation":{"provider":"WPGlobus","version":"3.0.2","language":"es","enabled_languages":["en","es","zh"],"languages":{"en":{"title":true,"content":true,"excerpt":false},"es":{"title":true,"content":true,"excerpt":false},"zh":{"title":true,"content":true,"excerpt":false}}},"acf":[],"jetpack_sharing_enabled":true,"publishpress_future_action":{"enabled":false,"date":"2026-05-02 19:57:36","action":"change-status","newStatus":"draft","terms":[],"taxonomy":"category","extraData":[]},"publishpress_future_workflow_manual_trigger":{"enabledWorkflows":[]},"_links":{"self":[{"href":"https:\/\/www.elderplan.org\/es\/wp-json\/wp\/v2\/pages\/48","targetHints":{"allow":["GET"]}}],"collection":[{"href":"https:\/\/www.elderplan.org\/es\/wp-json\/wp\/v2\/pages"}],"about":[{"href":"https:\/\/www.elderplan.org\/es\/wp-json\/wp\/v2\/types\/page"}],"author":[{"embeddable":true,"href":"https:\/\/www.elderplan.org\/es\/wp-json\/wp\/v2\/users\/1"}],"replies":[{"embeddable":true,"href":"https:\/\/www.elderplan.org\/es\/wp-json\/wp\/v2\/comments?post=48"}],"version-history":[{"count":0,"href":"https:\/\/www.elderplan.org\/es\/wp-json\/wp\/v2\/pages\/48\/revisions"}],"up":[{"embeddable":true,"href":"https:\/\/www.elderplan.org\/es\/wp-json\/wp\/v2\/pages\/44"}],"wp:attachment":[{"href":"https:\/\/www.elderplan.org\/es\/wp-json\/wp\/v2\/media?parent=48"}],"wp:term":[{"taxonomy":"category","embeddable":true,"href":"https:\/\/www.elderplan.org\/es\/wp-json\/wp\/v2\/categories?post=48"}],"curies":[{"name":"wp","href":"https:\/\/api.w.org\/{rel}","templated":true}]}}