{"id":95,"date":"2015-11-05T17:53:56","date_gmt":"2015-11-05T22:53:56","guid":{"rendered":"http:\/\/english2016-m.elderplan.org\/?page_id=95"},"modified":"2024-11-06T12:38:23","modified_gmt":"2024-11-06T17:38:23","slug":"member-services","status":"publish","type":"page","link":"https:\/\/www.elderplan.org\/es\/about-us\/contact-elderplan\/member-services\/","title":{"rendered":"Servicios para los miembros est\u00e1 para ayudarlo"},"content":{"rendered":"<section class=\"wpb-content-wrapper\">\n<div class=\"wp-block-columns padding-interior is-layout-flex wp-container-core-columns-is-layout-9d6595d7 wp-block-columns-is-layout-flex\">\n<div class=\"wp-block-column is-layout-flow wp-block-column-is-layout-flow\" style=\"flex-basis:66.66%\">\n<h2 class=\"wp-block-heading\" id=\"h-elderplan-cuenta-con-un-departamento-de-servicios-para-los-miembros-de-confianza-que-se-dedica-a-responder-sus-preguntas-y-a-ayudarlo-con-cualquier-problema\">Elderplan cuenta con un Departamento de Servicios para los miembros de confianza que se dedica a responder sus preguntas y a ayudarlo con cualquier problema.<\/h2>\n\n\n\n<p>Desde los beneficios hasta la facturaci\u00f3n, estamos aqu\u00ed para ayudar a que su membres\u00eda en Elderplan sea sencilla y eficaz.<\/p>\n\n\n\n<p>Si alguna vez tiene una pregunta, comentario o problema sobre su cobertura, no dude en ponerse en contacto con  Servicios para los miembros.<\/p>\n\n\n\n<p><a href=\"\/es\/member-benefits\/elderplan-benefits\/member-faqs\/\">Haga clic aqu\u00ed para consultar las preguntas frecuentes<\/a>.<\/p>\n\n\n\n<hr class=\"wp-block-separator has-alpha-channel-opacity\">\n\n\n\n<p><strong>Tel\u00e9fono de Servicios para los miembros:<\/strong> <a class=\"tel\" href=\"tel:718-921-7979\" style=\"white-space: nowrap;\">718-921-7979<\/a><\/p>\n\n\n\n<p><strong>N\u00famero gratuito:<\/strong> <a class=\"tel\" href=\"tel:1-800-353-3765\" style=\"white-space: nowrap;\">1-800-353-3765<\/a><\/p>\n\n\n\n<p>Elderplan Plus Long-Term Care (HMO SNP) members should call <a class=\"tel\" href=\"tel:1-877-891-6447\" style=\"white-space: nowrap;\">1-877-891-6447<\/a><br>\n(<a class=\"tel\" href=\"tel:711\" style=\"white-space: nowrap;\">TTY: 711<\/a>).<\/p>\n\n\n\n<p>Los representantes est\u00e1n disponibles de 8:00\u00a0a.m. a 8:00\u00a0p.m., los 7\u00a0d\u00edas de la semana.<\/p>\n\n\n\n<p><strong>Direcci\u00f3n postal:<\/strong><br>\nElderplan Member Services<br>\n55 Water Street 46th Floor, Suite 202<br>\nNew York, NY 10041<\/p>\n\n\n\n<p><strong>Fax:<\/strong> <a href=\"tel:+17187593643\">1-718-759-3643<\/a><\/p>\n\n\n\n<p><strong>Correo electr\u00f3nico:<\/strong> <a href=\"mailto:memberservices@elderplan.org\">memberservices@elderplan.org<\/a><\/p>\n\n\n\n<hr class=\"wp-block-separator has-alpha-channel-opacity\">\n\n\n\n<p><strong>Servicio al cliente para medicamentos con receta:<\/strong> <a class=\"tel\" href=\"tel:1-866-490-2102\" style=\"white-space: nowrap;\">1-866-490-2102<\/a>, durante las 24\u00a0horas del d\u00eda, los 7\u00a0d\u00edas de la semana.<\/p>\n\n\n\n<p><strong>Servicio de bienestar:<\/strong> <a class=\"tel\" href=\"tel:718-759-4413\" style=\"white-space: nowrap;\">718-759-4413<\/a>, de lunes a viernes, de 9:00\u00a0a.m. a 5:00\u00a0p.m.<\/p>\n\n\n\n<p><strong>Programa Member-to-Member:<\/strong> <a href=\"tel:3472547700\" style=\"white-space: nowrap;\">1-347-254-7700<\/a> (TTY: <a href=\"tel:711\" style=\"white-space: nowrap;\">711<\/a>), de lunes a viernes, de 9:00\u00a0a.m. a 5:00\u00a0p.m.<\/p>\n\n\n\n<p><strong>Administraci\u00f3n de la atenci\u00f3n:<\/strong> si tiene preguntas sobre su atenci\u00f3n o sobre c\u00f3mo comunicarse con un administrador de atenci\u00f3n, llame al <a class=\"tel\" href=\"tel:718-921-7979\" style=\"white-space: nowrap;\">718-921-7979<\/a>, de 8:00\u00a0a.m. a 8:00\u00a0p.m., los 7\u00a0d\u00edas de la semana.<\/p>\n\n\n\n<hr class=\"wp-block-separator has-alpha-channel-opacity\">\n\n\n<div>\n                    <div class=\" plethoraplugins-accordion plethoraplugins-theme__minimal plethoraplugins-theme__basic \">\n                        <div>\n                            \n<div id=\"medicamentos_con_receta_de_pedido_por_correo\" class=\"pds-accordion__item pds-js-accordion-item pds-no-js\" data-pds-tabs--initially-open=\"false\" data-pds-tabs--click-to-close=\"true\" data-pds-tabs--auto-close=\"true\" data-pds-tabs--scroll=\"false\" data-pds-tabs--scroll-offset=\"0\" data-pds-tabs--icon-type=\"\" data-pds-tabs--icon=\"true\" data-pds-tabs--icon-size=\"\">\n                    <div id=\"at-medicamentos_con_receta_de_pedido_por_correo\" class=\"pds-accordion__title pds-js-accordion-controller\"><span class=\"pds-accordion__heading\" role=\"heading\" aria-level=\"3\">Medicamentos con receta de pedido por correo<\/span><span class=\"pds-accordion__icon\" role=\"presentation\" aria-hidden=\"true\"><svg xmlns=\"http:\/\/www.w3.org\/2000\/svg\" viewbox=\"0 0 12 7.4099998\" width=\".75rem\" height=\".75rem\"><path d=\"M12 1.41 10.59 0 6 4.58 1.41 0 0 1.41l6 6z\" fill=\"currentColor\"><\/path><\/svg><\/span><\/div>\n                    <div id=\"ac-medicamentos_con_receta_de_pedido_por_correo\" class=\"pds-accordion__content\">\n                        \n\n<p>Los representantes est\u00e1n disponibles de 8:00\u00a0a.m. a 8:00\u00a0p.m., los 7\u00a0d\u00edas de la semana.<br>Servicio de entrega a domicilio de CVS\/caremark: obtener informaci\u00f3n sobre las farmacias para pedidos por correo de Elderplan e incluso hacer un pedido es tan f\u00e1cil como llamar al n\u00famero de tel\u00e9fono gratuito que aparece a continuaci\u00f3n.<br>Tel\u00e9fono:\u00a0<a href=\"tel:1-866-490-2102\">1-866-490-2102<\/a>, durante las 24\u00a0horas del d\u00eda, los 7\u00a0d\u00edas de la semana.<br>Sitio web:\u00a0<a href=\"https:\/\/www.caremark.com\/wps\/portal\">Ingl\u00e9s<\/a>\u00a0|\u00a0<a href=\"https:\/\/espanol.caremark.com\/wps\/portal\" target=\"_blank\" rel=\"noreferrer noopener\">Espa\u00f1ol<\/a><\/p>\n\n\n                    <\/div>\n                <\/div>\n\n<div id=\"determinaciones_de_cobertura_sobre_los_medicamentos_con_receta_de_la_parted\" class=\"pds-accordion__item pds-js-accordion-item pds-no-js\" data-pds-tabs--initially-open=\"false\" data-pds-tabs--click-to-close=\"true\" data-pds-tabs--auto-close=\"true\" data-pds-tabs--scroll=\"false\" data-pds-tabs--scroll-offset=\"0\" data-pds-tabs--icon-type=\"\" data-pds-tabs--icon=\"true\" data-pds-tabs--icon-size=\"\">\n                    <div id=\"at-determinaciones_de_cobertura_sobre_los_medicamentos_con_receta_de_la_parted\" class=\"pds-accordion__title pds-js-accordion-controller\"><span class=\"pds-accordion__heading\" role=\"heading\" aria-level=\"3\">Determinaciones de cobertura sobre los medicamentos con receta de la Parte\u00a0D<\/span><span class=\"pds-accordion__icon\" role=\"presentation\" aria-hidden=\"true\"><svg xmlns=\"http:\/\/www.w3.org\/2000\/svg\" viewbox=\"0 0 12 7.4099998\" width=\".75rem\" height=\".75rem\"><path d=\"M12 1.41 10.59 0 6 4.58 1.41 0 0 1.41l6 6z\" fill=\"currentColor\"><\/path><\/svg><\/span><\/div>\n                    <div id=\"ac-determinaciones_de_cobertura_sobre_los_medicamentos_con_receta_de_la_parted\" class=\"pds-accordion__content\">\n                        \n\n<p>Tel\u00e9fono:\u00a0<a href=\"tel:1-866-490-2102\">1-866-490-2102<\/a><br>TTY:\u00a0<a href=\"tel:711\">711<\/a><br>Fax: <a href=\"tel:+18556337673\">1-855-633-7673<\/a><br>Escriba a:<br>CVS\/caremark<br>P.O. Box 52000<br>MC109<br>Phoenix, AZ 85072-2000<br>Sitio web:\u00a0<a href=\"https:\/\/www.caremark.com\/wps\/portal\">Ingl\u00e9s<\/a>\u00a0|\u00a0<a href=\"https:\/\/espanol.caremark.com\/wps\/portal\" target=\"_blank\" rel=\"noreferrer noopener\">Espa\u00f1ol<\/a><\/p>\n\n\n                    <\/div>\n                <\/div>\n\n<div id=\"apelaciones_sobre_los_medicamentos_con_receta_de_la_parte_d\" class=\"pds-accordion__item pds-js-accordion-item pds-no-js\" data-pds-tabs--initially-open=\"false\" data-pds-tabs--click-to-close=\"true\" data-pds-tabs--auto-close=\"true\" data-pds-tabs--scroll=\"false\" data-pds-tabs--scroll-offset=\"0\" data-pds-tabs--icon-type=\"\" data-pds-tabs--icon=\"true\" data-pds-tabs--icon-size=\"\">\n                    <div id=\"at-apelaciones_sobre_los_medicamentos_con_receta_de_la_parte_d\" class=\"pds-accordion__title pds-js-accordion-controller\"><span class=\"pds-accordion__heading\" role=\"heading\" aria-level=\"3\">Apelaciones sobre los medicamentos con receta de la Parte D<\/span><span class=\"pds-accordion__icon\" role=\"presentation\" aria-hidden=\"true\"><svg xmlns=\"http:\/\/www.w3.org\/2000\/svg\" viewbox=\"0 0 12 7.4099998\" width=\".75rem\" height=\".75rem\"><path d=\"M12 1.41 10.59 0 6 4.58 1.41 0 0 1.41l6 6z\" fill=\"currentColor\"><\/path><\/svg><\/span><\/div>\n                    <div id=\"ac-apelaciones_sobre_los_medicamentos_con_receta_de_la_parte_d\" class=\"pds-accordion__content\">\n                        \n\n<p>Tel\u00e9fono:\u00a0<a href=\"tel:1-866-490-2102\">1-866-490-2102<\/a><br>TTY:\u00a0<a href=\"tel:711\">711<\/a><br>Fax: <a href=\"tel:+18556337673\">1-855-633-7673<\/a><br>Escriba a:<br>CVS\/caremark<br>P.O. Box 52000<br>MC109<br>Phoenix, AZ 85072-2000<br>Sitio web:\u00a0<a href=\"https:\/\/www.caremark.com\/wps\/portal\">Ingl\u00e9s<\/a>\u00a0|\u00a0<a href=\"https:\/\/espanol.caremark.com\/wps\/portal\" target=\"_blank\" rel=\"noreferrer noopener\">Espa\u00f1ol<\/a><\/p>\n\n\n                    <\/div>\n                <\/div>\n\n<div id=\"quejas_sobre_los_medicamentos_con_receta_de_la_parte_d\" class=\"pds-accordion__item pds-js-accordion-item pds-no-js\" data-pds-tabs--initially-open=\"false\" data-pds-tabs--click-to-close=\"true\" data-pds-tabs--auto-close=\"true\" data-pds-tabs--scroll=\"false\" data-pds-tabs--scroll-offset=\"0\" data-pds-tabs--icon-type=\"\" data-pds-tabs--icon=\"true\" data-pds-tabs--icon-size=\"\">\n                    <div id=\"at-quejas_sobre_los_medicamentos_con_receta_de_la_parte_d\" class=\"pds-accordion__title pds-js-accordion-controller\"><span class=\"pds-accordion__heading\" role=\"heading\" aria-level=\"3\">Quejas sobre los medicamentos con receta de la Parte D<\/span><span class=\"pds-accordion__icon\" role=\"presentation\" aria-hidden=\"true\"><svg xmlns=\"http:\/\/www.w3.org\/2000\/svg\" viewbox=\"0 0 12 7.4099998\" width=\".75rem\" height=\".75rem\"><path d=\"M12 1.41 10.59 0 6 4.58 1.41 0 0 1.41l6 6z\" fill=\"currentColor\"><\/path><\/svg><\/span><\/div>\n                    <div id=\"ac-quejas_sobre_los_medicamentos_con_receta_de_la_parte_d\" class=\"pds-accordion__content\">\n                        \n\n<p>Tel\u00e9fono:\u00a0<a href=\"tel:1-800-353-3765\">1-800-353-3765<\/a><br>TTY:\u00a0<a href=\"tel:711\">711<\/a><br>Fax: <a href=\"tel:+17186302624\">718-630-2624<\/a><br>Direcci\u00f3n postal:<br>Elderplan, Inc.<br>55 Water Street 46th Floor, Suite 202<br>New York, NY 10041<br>Website \u2013\u00a0<a href=\"https:\/\/spanish.elderplan.org\/\">English<\/a>\u00a0|\u00a0<a href=\"https:\/\/spanish.elderplan.org\/\" target=\"_blank\" rel=\"noreferrer noopener\">Espa\u00f1ol<\/a><\/p>\n\n\n                    <\/div>\n                <\/div>\n\n<div id=\"determinaciones_de_cobertura_sobre_atencin_mdica\" class=\"pds-accordion__item pds-js-accordion-item pds-no-js\" data-pds-tabs--initially-open=\"false\" data-pds-tabs--click-to-close=\"true\" data-pds-tabs--auto-close=\"true\" data-pds-tabs--scroll=\"false\" data-pds-tabs--scroll-offset=\"0\" data-pds-tabs--icon-type=\"\" data-pds-tabs--icon=\"true\" data-pds-tabs--icon-size=\"\">\n                    <div id=\"at-determinaciones_de_cobertura_sobre_atencin_mdica\" class=\"pds-accordion__title pds-js-accordion-controller\"><span class=\"pds-accordion__heading\" role=\"heading\" aria-level=\"3\">Determinaciones de cobertura sobre atenci\u00f3n m\u00e9dica<\/span><span class=\"pds-accordion__icon\" role=\"presentation\" aria-hidden=\"true\"><svg xmlns=\"http:\/\/www.w3.org\/2000\/svg\" viewbox=\"0 0 12 7.4099998\" width=\".75rem\" height=\".75rem\"><path d=\"M12 1.41 10.59 0 6 4.58 1.41 0 0 1.41l6 6z\" fill=\"currentColor\"><\/path><\/svg><\/span><\/div>\n                    <div id=\"ac-determinaciones_de_cobertura_sobre_atencin_mdica\" class=\"pds-accordion__content\">\n                        \n\n<p>Tel\u00e9fono:\u00a0<a href=\"tel:1-800-353-3765\">1-800-353-3765<\/a><br>TTY:\u00a0<a href=\"tel:711\">711<\/a><br>Fax: <a href=\"tel:+17187652027\">718-765-2027<\/a><br>Direcci\u00f3n postal:<br>Elderplan, Inc.<br>55 Water Street 46th Floor, Suite 202<br>New York, NY 10041<br>Website \u2013\u00a0<a href=\"https:\/\/spanish.elderplan.org\/\">English<\/a>\u00a0|\u00a0<a href=\"https:\/\/spanish.elderplan.org\/\" target=\"_blank\" rel=\"noreferrer noopener\">Espa\u00f1ol<\/a><\/p>\n\n\n                    <\/div>\n                <\/div>\n\n<div id=\"apelaciones_sobre_atencin_mdica\" class=\"pds-accordion__item pds-js-accordion-item pds-no-js\" data-pds-tabs--initially-open=\"false\" data-pds-tabs--click-to-close=\"true\" data-pds-tabs--auto-close=\"true\" data-pds-tabs--scroll=\"false\" data-pds-tabs--scroll-offset=\"0\" data-pds-tabs--icon-type=\"\" data-pds-tabs--icon=\"true\" data-pds-tabs--icon-size=\"\">\n                    <div id=\"at-apelaciones_sobre_atencin_mdica\" class=\"pds-accordion__title pds-js-accordion-controller\"><span class=\"pds-accordion__heading\" role=\"heading\" aria-level=\"3\">Apelaciones sobre atenci\u00f3n m\u00e9dica<\/span><span class=\"pds-accordion__icon\" role=\"presentation\" aria-hidden=\"true\"><svg xmlns=\"http:\/\/www.w3.org\/2000\/svg\" viewbox=\"0 0 12 7.4099998\" width=\".75rem\" height=\".75rem\"><path d=\"M12 1.41 10.59 0 6 4.58 1.41 0 0 1.41l6 6z\" fill=\"currentColor\"><\/path><\/svg><\/span><\/div>\n                    <div id=\"ac-apelaciones_sobre_atencin_mdica\" class=\"pds-accordion__content\">\n                        \n\n<p>Tel\u00e9fono:\u00a0<a href=\"tel:1-800-353-3765\">1-800-353-3765<\/a><br>TTY:\u00a0<a href=\"tel:711\">711<\/a><br>Fax: <a href=\"tel:+17184917226\">718-491-7226<\/a><br>Direcci\u00f3n postal:<br>Elderplan, Inc.<br>55 Water Street 46th Floor, Suite 202<br>New York, NY 10041<br>Website \u2013\u00a0<a href=\"https:\/\/spanish.elderplan.org\/\">English<\/a>\u00a0|\u00a0<a href=\"https:\/\/spanish.elderplan.org\/\" target=\"_blank\" rel=\"noreferrer noopener\">Espa\u00f1ol<\/a><\/p>\n\n\n                    <\/div>\n                <\/div>\n\n<div id=\"quejas_sobre_atencin_mdica\" class=\"pds-accordion__item pds-js-accordion-item pds-no-js\" data-pds-tabs--initially-open=\"false\" data-pds-tabs--click-to-close=\"true\" data-pds-tabs--auto-close=\"true\" data-pds-tabs--scroll=\"false\" data-pds-tabs--scroll-offset=\"0\" data-pds-tabs--icon-type=\"\" data-pds-tabs--icon=\"true\" data-pds-tabs--icon-size=\"\">\n                    <div id=\"at-quejas_sobre_atencin_mdica\" class=\"pds-accordion__title pds-js-accordion-controller\"><span class=\"pds-accordion__heading\" role=\"heading\" aria-level=\"3\">Quejas sobre atenci\u00f3n m\u00e9dica<\/span><span class=\"pds-accordion__icon\" role=\"presentation\" aria-hidden=\"true\"><svg xmlns=\"http:\/\/www.w3.org\/2000\/svg\" viewbox=\"0 0 12 7.4099998\" width=\".75rem\" height=\".75rem\"><path d=\"M12 1.41 10.59 0 6 4.58 1.41 0 0 1.41l6 6z\" fill=\"currentColor\"><\/path><\/svg><\/span><\/div>\n                    <div id=\"ac-quejas_sobre_atencin_mdica\" class=\"pds-accordion__content\">\n                        \n\n<p>Tel\u00e9fono:\u00a0<a href=\"tel:1-800-353-3765\">1-800-353-3765<\/a><br>TTY:\u00a0<a href=\"tel:711\">711<\/a><br>Fax: <a href=\"tel:+17184917226\">718-491-7226<\/a><br>Direcci\u00f3n postal:<br>Elderplan, Inc.<br>55 Water Street 46th Floor, Suite 202<br>New York, NY 10041<br>Website \u2013\u00a0<a href=\"https:\/\/spanish.elderplan.org\/\">English<\/a>\u00a0|\u00a0<a href=\"https:\/\/spanish.elderplan.org\/\" target=\"_blank\" rel=\"noreferrer noopener\">Espa\u00f1ol<\/a><\/p>\n\n\n                    <\/div>\n                <\/div>\n\n                        <\/div>\n                    <\/div>\n                    \n            <\/div><\/div>\n\n\n\n<div class=\"wp-block-column is-layout-flow wp-block-column-is-layout-flow\" style=\"flex-basis:33.33%\">\n<h3 class=\"wp-block-heading\"><strong>Comun\u00edquese con Servicios para los Miembros<\/strong><\/h3>\n\n\n\n<p>Si es un miembro de Elderplan y tiene preguntas o inquietudes, no dude en ponerse en contacto con Servicios para los Miembros de Elderplan al\u00a0<a href=\"http:\/\/1-800-353-3765\/\">1-800-353-3765<\/a>\u00a0[<a href=\"tel:711\" rel=\"noreferrer noopener\" target=\"_blank\">TTY: 711<\/a>], de 8\u00a0a.m. a 8\u00a0p.m., los siete d\u00edas de la semana.<\/p>\n\n\n\n<p>Para obtener m\u00e1s informaci\u00f3n sobre c\u00f3mo puede comunicarse con nosotros, visite nuestra\u00a0<a href=\"\/es\/about-us\/contact-elderplan\/member-services\/\">p\u00e1gina de Servicios para los Miembros.<\/a><\/p>\n\n\n\n<h3 class=\"wp-block-heading\">\u00bfQuiere ser miembro de Elderplan?<\/h3>\n\n\n\n<p>Llame a nuestro Centro de atenci\u00f3n telef\u00f3nica para inscripciones al<br><strong><a href=\"tel:7663601934\">1-866-360-1934<\/a>\u00a0[<a href=\"tel:711\">TTY: 711]<\/a><\/strong><br>de 8:00\u00a0a.m. a 8:00\u00a0p.m., los 7\u00a0d\u00edas de la semana, o\u00a0<a href=\"\/es\/enroll\/\">inscr\u00edbase en l\u00ednea.<\/a><\/p>\n\n\n\n<figure class=\"wp-block-image size-large\"><img loading=\"lazy\" decoding=\"async\" width=\"640\" height=\"483\" src=\"https:\/\/elderplan.imgix.net\/2021\/10\/member_services_640x483.jpg?fit=scale&fm=pjpg&h=580&w=768\" alt=\"Member Services\" class=\"wp-image-14499\" srcset=\"https:\/\/elderplan.imgix.net\/2021\/10\/member_services_640x483.jpg?fm=pjpg 640w, https:\/\/elderplan.imgix.net\/2021\/10\/member_services_640x483.jpg?fit=scale&amp;fm=pjpg&amp;h=966&amp;w=1280 1280w, https:\/\/elderplan.imgix.net\/2021\/10\/member_services_640x483.jpg?fit=scale&amp;fm=pjpg&amp;h=1159&amp;w=1536 1536w, https:\/\/elderplan.imgix.net\/2021\/10\/member_services_640x483.jpg?fit=scale&amp;fm=pjpg&amp;h=1546&amp;w=2048 2048w\" sizes=\"auto, (max-width: 640px) 100vw, 640px\"><\/figure>\n<\/div>\n<\/div>\n\n\n\n<div class=\"wp-block-columns vc_row wpb_row vc_row-fluid lfi-full-row vc_custom_1660068779200 vc_row-has-fill is-layout-flex wp-container-core-columns-is-layout-9d6595d7 wp-block-columns-is-layout-flex\">\n<div class=\"wp-block-column is-layout-flow wp-block-column-is-layout-flow\">\n<h2 class=\"wp-block-heading has-text-align-center\" id=\"h-buscando-information\">\u00bfBuscando informati\u00f3n\uff1f<\/h2>\n\n\n\n<div class=\"wp-block-buttons is-content-justification-center is-nowrap is-layout-flex wp-container-core-buttons-is-layout-1fb9aab6 wp-block-buttons-is-layout-flex\">\n<div class=\"wp-block-button has-custom-width wp-block-button__width-25 is-style-outline is-style-outline--2\"><a class=\"wp-block-button__link wp-element-button\" href=\"https:\/\/elderplan.providerlenz.com\/home\">Encuentre un proveedor<\/a><\/div>\n\n\n\n<div class=\"wp-block-button has-custom-width wp-block-button__width-25 is-style-outline is-style-outline--3\"><a class=\"wp-block-button__link wp-element-button\" href=\"https:\/\/www.medicareplanrx.com\/jccf\/elderplan_medd_es_pharmacy_26.html\">Encuentre una farmacia<\/a><\/div>\n\n\n\n<div class=\"wp-block-button has-custom-width wp-block-button__width-25 is-style-outline is-style-outline--4\"><a class=\"wp-block-button__link wp-element-button\" href=\"https:\/\/www.yourdentalplan.com\/dentistsearch39\" target=\"_blank\" rel=\"noreferrer noopener\">Encuentre un dentista<\/a><\/div>\n<\/div>\n\n\n\n<div class=\"wp-block-buttons is-content-justification-center is-nowrap is-layout-flex wp-container-core-buttons-is-layout-1fb9aab6 wp-block-buttons-is-layout-flex\">\n<div class=\"wp-block-button has-custom-width wp-block-button__width-25 is-style-outline is-style-outline--5\"><a class=\"wp-block-button__link wp-element-button\" href=\"\/es\/member-benefits\/elderplan-benefits\/prescription-drugs\/\">Encuentre un medicamento<\/a><\/div>\n\n\n\n<div class=\"wp-block-button has-custom-width wp-block-button__width-25 is-style-outline is-style-outline--6\"><a class=\"wp-block-button__link wp-element-button\" href=\"\/es\/medicare-advantage-plan-options\/plan-materials\/find-a-form\/\">Encuentre un formulario<\/a><\/div>\n\n\n\n<div class=\"wp-block-button has-custom-width wp-block-button__width-25 is-style-outline is-style-outline--7\"><a class=\"wp-block-button__link wp-element-button\" href=\"\/files\/elderplan-broad-vaccine-network-vaccine-pharmacy-directory_updated_06012022_spa_accessible\/\">Lista de farmacias con vacunas contra la gripe<\/a><\/div>\n<\/div>\n<\/div>\n<\/div>\n<\/section>","protected":false},"excerpt":{"rendered":"<p>Elderplan cuenta con un Departamento de Servicios para los miembros de confianza que se dedica a responder sus preguntas y a ayudarlo con cualquier problema. Desde los beneficios hasta la [&hellip;]<\/p>\n","protected":false},"author":1,"featured_media":0,"parent":26,"menu_order":0,"comment_status":"closed","ping_status":"closed","template":"","meta":{"_acf_changed":false,"footnotes":""},"categories":[],"class_list":["post-95","page","type-page","status-publish","hentry"],"translation":{"provider":"WPGlobus","version":"3.0.2","language":"es","enabled_languages":["en","es","zh"],"languages":{"en":{"title":true,"content":true,"excerpt":false},"es":{"title":true,"content":true,"excerpt":false},"zh":{"title":false,"content":true,"excerpt":false}}},"acf":[],"jetpack_sharing_enabled":true,"publishpress_future_action":{"enabled":false,"date":"2026-05-03 22:05:57","action":"change-status","newStatus":"draft","terms":[],"taxonomy":"category","extraData":[]},"publishpress_future_workflow_manual_trigger":{"enabledWorkflows":[]},"_links":{"self":[{"href":"https:\/\/www.elderplan.org\/es\/wp-json\/wp\/v2\/pages\/95","targetHints":{"allow":["GET"]}}],"collection":[{"href":"https:\/\/www.elderplan.org\/es\/wp-json\/wp\/v2\/pages"}],"about":[{"href":"https:\/\/www.elderplan.org\/es\/wp-json\/wp\/v2\/types\/page"}],"author":[{"embeddable":true,"href":"https:\/\/www.elderplan.org\/es\/wp-json\/wp\/v2\/users\/1"}],"replies":[{"embeddable":true,"href":"https:\/\/www.elderplan.org\/es\/wp-json\/wp\/v2\/comments?post=95"}],"version-history":[{"count":0,"href":"https:\/\/www.elderplan.org\/es\/wp-json\/wp\/v2\/pages\/95\/revisions"}],"up":[{"embeddable":true,"href":"https:\/\/www.elderplan.org\/es\/wp-json\/wp\/v2\/pages\/26"}],"wp:attachment":[{"href":"https:\/\/www.elderplan.org\/es\/wp-json\/wp\/v2\/media?parent=95"}],"wp:term":[{"taxonomy":"category","embeddable":true,"href":"https:\/\/www.elderplan.org\/es\/wp-json\/wp\/v2\/categories?post=95"}],"curies":[{"name":"wp","href":"https:\/\/api.w.org\/{rel}","templated":true}]}}